{"id":12078,"date":"2024-06-04T14:04:57","date_gmt":"2024-06-04T12:04:57","guid":{"rendered":"https:\/\/www.elha.de\/?page_id=12078"},"modified":"2025-03-20T14:04:44","modified_gmt":"2025-03-20T13:04:44","slug":"usinage-de-composites","status":"publish","type":"page","link":"https:\/\/www.elha.de\/fr\/maschinen\/parallelkinematik-module\/composite-machining\/","title":{"rendered":"Usinage de composites"},"content":{"rendered":"<figure class=\"wp-block-image size-full\"><img loading=\"lazy\" decoding=\"async\" width=\"766\" height=\"371\" src=\"https:\/\/www.elha.de\/wp-content\/uploads\/CFRP.png\" alt=\"\" class=\"wp-image-12062\" srcset=\"https:\/\/www.elha.de\/wp-content\/uploads\/CFRP.png 766w, https:\/\/www.elha.de\/wp-content\/uploads\/CFRP-460x223.png 460w\" sizes=\"auto, (max-width: 766px) 100vw, 766px\" \/><\/figure>\n\n\n\n<p><strong>Rapide<\/strong><br>Vitesse de broche jusqu'\u00e0 80.000tr\/min, vitesse d'avance jusqu'\u00e0 50m\/min.<br>D\u00e9viation rapide de l'outil gr\u00e2ce \u00e0 la cin\u00e9matique saccad\u00e9e et parall\u00e8le.<\/p>\n\n\n\n<p><strong>Pr\u00e9cis<\/strong><br>Haute pr\u00e9cision des contours et grande r\u00e9p\u00e9tabilit\u00e9.<\/p>\n\n\n\n<figure class=\"wp-block-image size-large\"><img loading=\"lazy\" decoding=\"async\" width=\"940\" height=\"529\" src=\"https:\/\/www.elha.de\/wp-content\/uploads\/CFRP2-940x529.png\" alt=\"\" class=\"wp-image-12063\" srcset=\"https:\/\/www.elha.de\/wp-content\/uploads\/CFRP2-940x529.png 940w, https:\/\/www.elha.de\/wp-content\/uploads\/CFRP2-460x259.png 460w, https:\/\/www.elha.de\/wp-content\/uploads\/CFRP2.png 980w\" sizes=\"auto, (max-width: 940px) 100vw, 940px\" \/><\/figure>","protected":false},"excerpt":{"rendered":"<p>Rapide<br \/>Vitesse de broche jusqu'\u00e0 80.000tr\/min, vitesse d'avance jusqu'\u00e0 50m\/min.<br \/>D\u00e9viation rapide de l'outil gr\u00e2ce \u00e0 la cin\u00e9matique saccad\u00e9e et parall\u00e8le.<\/p>\n<p>Pr\u00e9cis<br \/>Haute pr\u00e9cision des contours et grande r\u00e9p\u00e9tabilit\u00e9.<\/p>","protected":false},"author":26,"featured_media":0,"parent":11617,"menu_order":3,"comment_status":"closed","ping_status":"closed","template":"","meta":{"footnotes":""},"class_list":["post-12078","page","type-page","status-publish","hentry"],"blocksy_meta":[],"_links":{"self":[{"href":"https:\/\/www.elha.de\/fr\/wp-json\/wp\/v2\/pages\/12078","targetHints":{"allow":["GET"]}}],"collection":[{"href":"https:\/\/www.elha.de\/fr\/wp-json\/wp\/v2\/pages"}],"about":[{"href":"https:\/\/www.elha.de\/fr\/wp-json\/wp\/v2\/types\/page"}],"author":[{"embeddable":true,"href":"https:\/\/www.elha.de\/fr\/wp-json\/wp\/v2\/users\/26"}],"replies":[{"embeddable":true,"href":"https:\/\/www.elha.de\/fr\/wp-json\/wp\/v2\/comments?post=12078"}],"version-history":[{"count":0,"href":"https:\/\/www.elha.de\/fr\/wp-json\/wp\/v2\/pages\/12078\/revisions"}],"up":[{"embeddable":true,"href":"https:\/\/www.elha.de\/fr\/wp-json\/wp\/v2\/pages\/11617"}],"wp:attachment":[{"href":"https:\/\/www.elha.de\/fr\/wp-json\/wp\/v2\/media?parent=12078"}],"curies":[{"name":"wp","href":"https:\/\/api.w.org\/{rel}","templated":true}]}}