{"id":12079,"date":"2024-06-04T14:09:42","date_gmt":"2024-06-04T12:09:42","guid":{"rendered":"https:\/\/www.elha.de\/?page_id=12079"},"modified":"2025-10-10T11:03:52","modified_gmt":"2025-10-10T09:03:52","slug":"vibration-drilling","status":"publish","type":"page","link":"https:\/\/www.elha.de\/fr\/maschinen\/parallelkinematik-module\/vibration-drilling\/","title":{"rendered":"Per\u00e7age par vibration dans la production en grande s\u00e9rie"},"content":{"rendered":"<p>Dans la production en grande s\u00e9rie, o\u00f9 le per\u00e7age \u00e0 travers diff\u00e9rentes piles de mat\u00e9riaux est une routine, le PKM offre la pr\u00e9cision et la rigidit\u00e9 n\u00e9cessaires pour un processus s\u00fbr et efficace. La possibilit\u00e9 d'utiliser la m\u00eame broche \u00e0 la fois pour le per\u00e7age et le rognage au sein du m\u00eame \u00e9quipement augmente l'efficacit\u00e9 op\u00e9rationnelle et r\u00e9duit les temps d'arr\u00eat.&nbsp;<\/p>\n\n\n\n<div class=\"elha-youtube-lightbox\"><a href=\"https:\/\/www.youtube-nocookie.com\/embed\/XexKRja5yss\" class=\"lightbox\" rel=\"nofollow noopener\" target=\"_blank\"><img decoding=\"async\" src=\"https:\/\/www.elha.de\/wp-content\/uploads\/thumbnail-vibration-drilling-play.jpg\" alt=\"\"><\/a><span>Accepter la transmission des donn\u00e9es \u00e0 YouTube et lire la vid\u00e9o - <a href=\"https:\/\/www.elha.de\/fr\/declaration-de-protection-des-donnees\/\">D\u00e9claration de confidentialit\u00e9<\/a><\/span><\/div>\n\n\n\n<h2 class=\"wp-block-heading\">Module de cin\u00e9matique parall\u00e8le pour le per\u00e7age vibratoire&nbsp;<\/h2>\n\n\n\n<p>Le PKM offre des solutions transformatives aux d\u00e9fis du per\u00e7age vibratoire dans les grands projets de fabrication, comme par exemple dans la construction a\u00e9ronautique et spatiale. Le PKM se distingue dans cet environnement exigeant par les caract\u00e9ristiques suivantes :&nbsp;<\/p>\n\n\n\n<p>\u25cf <strong>Conception modulaire<\/strong>La conception modulaire du PKM permet une configuration facile dans diff\u00e9rentes orientations, ce qui le rend extr\u00eamement adaptable aux diff\u00e9rentes exigences de fabrication et aux diff\u00e9rents espaces de travail.&nbsp;<\/p>\n\n\n\n<p><strong>\u25cf Commande et logiciel :<\/strong> L'int\u00e9gration compl\u00e8te de la commande de la broche avec la commande de la machine assure une utilisation et une fonctionnalit\u00e9 pr\u00e9cises, ce qui augmente l'efficacit\u00e9 et la qualit\u00e9 des op\u00e9rations de per\u00e7age.&nbsp;<\/p>\n\n\n\n<p><strong>\u25cf Une int\u00e9gration sans faille :<\/strong> Le PKM dispose d'un dispositif simplifi\u00e9 d'effecteur final de broche, rendu possible par sa technologie robotique enti\u00e8rement parall\u00e8le. Cette int\u00e9gration transparente permet de s'adapter facilement \u00e0 diff\u00e9rentes applications de per\u00e7age, sans n\u00e9cessiter de reconfiguration majeure.&nbsp;<\/p>\n\n\n\n<p>\u25cf <strong>Technologie des vibrations :<\/strong> Le PKM est dot\u00e9 d'une technologie de vibration avanc\u00e9e qui soutient le processus de forage. Cette approche innovante garantit la fragmentation des copeaux en petits fragments, r\u00e9duisant ainsi le risque d'enchev\u00eatrement qui peut nuire \u00e0 la qualit\u00e9 du forage et \u00e0 l'efficacit\u00e9 du processus de forage.&nbsp;<\/p>\n\n\n\n<p><\/p>\n\n\n\n<div style=\"height:17px\" aria-hidden=\"true\" class=\"wp-block-spacer\"><\/div>\n\n\n\n<div class=\"wp-block-media-text is-stacked-on-mobile\"><figure class=\"wp-block-media-text__media\"><img loading=\"lazy\" decoding=\"async\" width=\"940\" height=\"529\" src=\"https:\/\/www.elha.de\/wp-content\/uploads\/Vibi-core-pkm-940x529.png\" alt=\"\" class=\"wp-image-12333 size-full\" srcset=\"https:\/\/www.elha.de\/wp-content\/uploads\/Vibi-core-pkm-940x529.png 940w, https:\/\/www.elha.de\/wp-content\/uploads\/Vibi-core-pkm-460x259.png 460w, https:\/\/www.elha.de\/wp-content\/uploads\/Vibi-core-pkm.png 1200w\" sizes=\"auto, (max-width: 940px) 100vw, 940px\" \/><\/figure><div class=\"wp-block-media-text__content\">\n<h3 class=\"wp-block-heading text-size4\">PKM avec broche Vibicore et outils de coupe Seco&nbsp;<\/h3>\n\n\n\n<p>Le PKM, \u00e9quip\u00e9 de la broche vibrante VibiCore et des outils de coupe Seco, offre \u00e0 l'op\u00e9rateur un contr\u00f4le avanc\u00e9 du processus de per\u00e7age. Lors des tests, cette broche a montr\u00e9 des mod\u00e8les de per\u00e7age optimis\u00e9s \u00e0 commande num\u00e9rique, adapt\u00e9s \u00e0 chaque couche de mat\u00e9riau et produisant des trous pr\u00e9cis et propres.&nbsp;<\/p>\n<\/div><\/div>\n\n\n\n<h2 class=\"wp-block-heading\">Simulation du processus de per\u00e7age PKM pour les trous de rivets des ailes d'avion&nbsp;<\/h2>\n\n\n\n<div class=\"elha-youtube-lightbox\"><a href=\"https:\/\/www.youtube-nocookie.com\/embed\/pAFHwYID5uY\" class=\"lightbox\" rel=\"nofollow noopener\" target=\"_blank\"><img decoding=\"async\" src=\"https:\/\/www.elha.de\/wp-content\/uploads\/YouTube_Thumbnail_small.png\" alt=\"\"><\/a><span>Accepter la transmission des donn\u00e9es \u00e0 YouTube et lire la vid\u00e9o - <a href=\"https:\/\/www.elha.de\/fr\/declaration-de-protection-des-donnees\/\">D\u00e9claration de confidentialit\u00e9<\/a><\/span><\/div>\n\n\n\n<p>Un pied presseur contr\u00f4l\u00e9 aide \u00e0 stabiliser les couches de mat\u00e9riau pendant les essais de per\u00e7age, ce qui r\u00e9duit le risque de d\u00e9tachement et permet d'\u00e9liminer efficacement les copeaux tranchants, contribuant ainsi \u00e0 pr\u00e9server la propret\u00e9 et l'int\u00e9grit\u00e9 de la pi\u00e8ce. Le pied presseur dispose \u00e9galement d'un encodeur lin\u00e9aire int\u00e9gr\u00e9 qui permet un contr\u00f4le pr\u00e9cis de la profondeur axiale et du lamage - des r\u00e9sultats qui promettent des per\u00e7ages de qualit\u00e9 constante.&nbsp;<\/p>\n\n\n\n<div style=\"height:17px\" aria-hidden=\"true\" class=\"wp-block-spacer\"><\/div>\n\n\n\n<div class=\"wp-block-media-text is-stacked-on-mobile\"><figure class=\"wp-block-media-text__media\"><img loading=\"lazy\" decoding=\"async\" width=\"1422\" height=\"794\" src=\"https:\/\/www.elha.de\/wp-content\/uploads\/vibicores-oscillation-movement.avif\" alt=\"\" class=\"wp-image-12334 size-full\"\/><\/figure><div class=\"wp-block-media-text__content\">\n<h3 class=\"wp-block-heading\">Le mouvement d'oscillation de Vibicore&nbsp;<\/h3>\n\n\n\n<p>La courbe d'oscillation d'un per\u00e7age vibratoire typique avec la broche Vibicore montre comment le mouvement de vibration se superpose au mouvement d'avance du foret. Ce sch\u00e9ma de mouvement est reconnaissable dans l'illustration ci-dessus. Il se distingue des approches actuelles du march\u00e9 et optimise le temps de coupe gr\u00e2ce \u00e0 une force de coupe r\u00e9guli\u00e8re et contr\u00f4l\u00e9e.&nbsp;<\/p>\n<\/div><\/div>\n\n\n\n<div class=\"wp-block-columns is-layout-flex wp-container-core-columns-is-layout-28f84493 wp-block-columns-is-layout-flex\">\n<div class=\"wp-block-column is-layout-flow wp-block-column-is-layout-flow\">\n<h3 class=\"wp-block-heading\">Le r\u00e9sultat : des copeaux courts et des r\u00e9sultats de per\u00e7age exceptionnels&nbsp;<\/h3>\n\n\n\n<p>Cette m\u00e9thode facilite le per\u00e7age \u00e0 sec et permet de r\u00e9aliser des trous impeccables en un seul serrage, ce qui \u00e9vite les retouches ou le nettoyage. Cette m\u00e9thode favorise un assemblage efficace \u00e0 usage unique.&nbsp;<\/p>\n<\/div>\n\n\n\n<div class=\"wp-block-column is-layout-flow wp-block-column-is-layout-flow\">\n<figure class=\"wp-block-image size-large\"><img loading=\"lazy\" decoding=\"async\" width=\"940\" height=\"411\" src=\"https:\/\/www.elha.de\/wp-content\/uploads\/vibidrill-spanor-940x411.png\" alt=\"\" class=\"wp-image-12335\" srcset=\"https:\/\/www.elha.de\/wp-content\/uploads\/vibidrill-spanor-940x411.png 940w, https:\/\/www.elha.de\/wp-content\/uploads\/vibidrill-spanor-460x201.png 460w, https:\/\/www.elha.de\/wp-content\/uploads\/vibidrill-spanor.png 1276w\" sizes=\"auto, (max-width: 940px) 100vw, 940px\" \/><\/figure>\n<\/div>\n<\/div>\n\n\n\n<div style=\"height:50px\" aria-hidden=\"true\" class=\"wp-block-spacer\"><\/div>\n\n\n\n<p><strong><em>Projet financ\u00e9 par Vinnova : <\/em><\/strong><em>Le projet VIBIDRILL financ\u00e9 par Vinnova, une collaboration entre Cognibotics, VibiCore et RISE, se concentre sur l'am\u00e9lioration de la pr\u00e9cision et de l'efficacit\u00e9 du forage gr\u00e2ce \u00e0 une int\u00e9gration technologique avanc\u00e9e. Cette initiative utilise la technologie de forage vibratoire de VibiCore, qui fonctionne avec les syst\u00e8mes robotis\u00e9s de SigmaTau. L'objectif du projet est d'accro\u00eetre l'efficacit\u00e9 de la technologie de per\u00e7age vibratoire robotis\u00e9e afin d'am\u00e9liorer la qualit\u00e9 des trous et d'acc\u00e9l\u00e9rer les processus de production dans les grands environnements de fabrication. Le projet VIBIDRILL vise \u00e0 d\u00e9velopper et \u00e0 valider cette technologie afin de r\u00e9pondre aux exigences de pr\u00e9cision et d'efficacit\u00e9 de l'industrie.<\/em>&nbsp;<\/p>","protected":false},"excerpt":{"rendered":"<p>Dans la production en grande s\u00e9rie, o\u00f9 le per\u00e7age \u00e0 travers diff\u00e9rentes piles de mat\u00e9riaux est une routine, le PKM offre la pr\u00e9cision et la rigidit\u00e9 n\u00e9cessaires pour un processus s\u00fbr et efficace.<\/p>","protected":false},"author":26,"featured_media":12332,"parent":11617,"menu_order":5,"comment_status":"closed","ping_status":"closed","template":"","meta":{"footnotes":""},"class_list":["post-12079","page","type-page","status-publish","has-post-thumbnail","hentry"],"blocksy_meta":{"disable_featured_image":"yes","styles_descriptor":{"styles":{"desktop":"","tablet":"","mobile":""},"google_fonts":[],"version":6}},"_links":{"self":[{"href":"https:\/\/www.elha.de\/fr\/wp-json\/wp\/v2\/pages\/12079","targetHints":{"allow":["GET"]}}],"collection":[{"href":"https:\/\/www.elha.de\/fr\/wp-json\/wp\/v2\/pages"}],"about":[{"href":"https:\/\/www.elha.de\/fr\/wp-json\/wp\/v2\/types\/page"}],"author":[{"embeddable":true,"href":"https:\/\/www.elha.de\/fr\/wp-json\/wp\/v2\/users\/26"}],"replies":[{"embeddable":true,"href":"https:\/\/www.elha.de\/fr\/wp-json\/wp\/v2\/comments?post=12079"}],"version-history":[{"count":0,"href":"https:\/\/www.elha.de\/fr\/wp-json\/wp\/v2\/pages\/12079\/revisions"}],"up":[{"embeddable":true,"href":"https:\/\/www.elha.de\/fr\/wp-json\/wp\/v2\/pages\/11617"}],"wp:featuredmedia":[{"embeddable":true,"href":"https:\/\/www.elha.de\/fr\/wp-json\/wp\/v2\/media\/12332"}],"wp:attachment":[{"href":"https:\/\/www.elha.de\/fr\/wp-json\/wp\/v2\/media?parent=12079"}],"curies":[{"name":"wp","href":"https:\/\/api.w.org\/{rel}","templated":true}]}}