{"id":1416,"date":"2016-05-10T15:36:00","date_gmt":"2016-05-10T13:36:00","guid":{"rendered":"https:\/\/www.elha.de\/?page_id=1416"},"modified":"2025-04-07T12:16:16","modified_gmt":"2025-04-07T10:16:16","slug":"machines","status":"publish","type":"page","link":"https:\/\/www.elha.de\/fr\/maschinen\/","title":{"rendered":"Machines"},"content":{"rendered":"<div class=\"columns\"><div class=\"column mb-3 col-4 col-md-6\"><a href=\"https:\/\/www.elha.de\/fr\/maschinen\/fertigungsmodule\/\" class=\"elha-image-link border\"><img loading=\"lazy\" decoding=\"async\" width=\"460\" height=\"307\" src=\"https:\/\/www.elha.de\/wp-content\/uploads\/produktbild-fm.jpg\" class=\"attachment-cropimage size-cropimage wp-post-image\" alt=\"\" \/><\/a><div class=\"text-bold mt-1 mb-1\" style=\"font-size:20px;\"><a href=\"https:\/\/www.elha.de\/fr\/maschinen\/fertigungsmodule\/\">Modules de fabrication<\/a><\/div><div>\n\r\n\tDans le domaine des modules de production ELHA, nous \u00e9laborons avec nos clients des solutions hautement productives et sur mesure pour l'usinage par enl\u00e8vement de copeaux de pi\u00e8ces principalement automobiles. En tant que leader du march\u00e9 dans le domaine de ce que l'on appelle les<\/div><\/div><div class=\"column mb-3 col-4 col-md-6\"><a href=\"https:\/\/www.elha.de\/fr\/maschinen\/transferzentren\/\" class=\"elha-image-link border\"><img loading=\"lazy\" decoding=\"async\" width=\"460\" height=\"307\" src=\"https:\/\/www.elha.de\/wp-content\/uploads\/produktbild-fm-smart.jpg\" class=\"attachment-cropimage size-cropimage wp-post-image\" alt=\"\" \/><\/a><div class=\"text-bold mt-1 mb-1\" style=\"font-size:20px;\"><a href=\"https:\/\/www.elha.de\/fr\/maschinen\/transferzentren\/\">Centres de transfert<\/a><\/div><div>\nELHA-MASCHINENBAU est connu depuis de nombreuses ann\u00e9es comme le leader du march\u00e9 des centres de transfert \u00e0 haute productivit\u00e9, principalement dans le domaine de la production automobile en grande s\u00e9rie. Plus de 350 unit\u00e9s install\u00e9es et rod\u00e9es.<\/div><\/div><div class=\"column mb-3 col-4 col-md-6\"><a href=\"https:\/\/www.elha.de\/fr\/maschinen\/vertikale-dreh-fraeszentren\/\" class=\"elha-image-link border\"><img loading=\"lazy\" decoding=\"async\" width=\"460\" height=\"307\" src=\"https:\/\/www.elha.de\/wp-content\/uploads\/produktbild-vtm.jpg\" class=\"attachment-cropimage size-cropimage wp-post-image\" alt=\"\" \/><\/a><div class=\"text-bold mt-1 mb-1\" style=\"font-size:20px;\"><a href=\"https:\/\/www.elha.de\/fr\/maschinen\/vertikale-dreh-fraeszentren\/\">Centres de tournage et de fraisage verticaux<\/a><\/div><div>\n\r\nAvec les centres de tournage-fraisage verticaux de la s\u00e9rie VTM, ELHA pose de nouveaux jalons dans l'usinage vertical multit\u00e2che de grandes pi\u00e8ces rotatives et cubiques gr\u00e2ce \u00e0 l'utilisation de technologies innovantes.<\/div><\/div><div class=\"column mb-3 col-4 col-md-6\"><a href=\"https:\/\/www.elha.de\/fr\/maschinen\/rundtisch-bearbeitungszentren\/\" class=\"elha-image-link border\"><img loading=\"lazy\" decoding=\"async\" width=\"460\" height=\"307\" src=\"https:\/\/www.elha.de\/wp-content\/uploads\/produktbild-rtx.jpg\" class=\"attachment-cropimage size-cropimage wp-post-image\" alt=\"\" \/><\/a><div class=\"text-bold mt-1 mb-1\" style=\"font-size:20px;\"><a href=\"https:\/\/www.elha.de\/fr\/maschinen\/rundtisch-bearbeitungszentren\/\">Centres d'usinage \u00e0 plateau circulaire<\/a><\/div><div>\n\r\nELHA RTX - Ce terme est synonyme d'une longue exp\u00e9rience dans la construction de centres d'usinage \u00e0 plateau circulaire sous diff\u00e9rentes formes. Les machines de ce type sont utilis\u00e9es de pr\u00e9f\u00e9rence pour le per\u00e7age et l'al\u00e9sage.<\/div><\/div><div class=\"column mb-3 col-4 col-md-6\"><a href=\"https:\/\/www.elha.de\/fr\/maschinen\/spezial-bearbeitungszentren\/\" class=\"elha-image-link border\"><img loading=\"lazy\" decoding=\"async\" width=\"460\" height=\"307\" src=\"https:\/\/www.elha.de\/wp-content\/uploads\/produktbild-smx.jpg\" class=\"attachment-cropimage size-cropimage wp-post-image\" alt=\"\" \/><\/a><div class=\"text-bold mt-1 mb-1\" style=\"font-size:20px;\"><a href=\"https:\/\/www.elha.de\/fr\/maschinen\/spezial-bearbeitungszentren\/\">Centres d'usinage sp\u00e9ciaux<\/a><\/div><div>\n\r\nLes machines ELHA SMX repr\u00e9sentent le domaine des centres d'usinage sp\u00e9ciaux. Les machines SMX disposent de configurations d'axes, de broches et de tables telles qu'on les conna\u00eet souvent sur les centres d'usinage standard. En ce qui concerne le dimensionnement, la conception\/sp\u00e9cification<\/div><\/div><div class=\"column mb-3 col-4 col-md-6\"><a href=\"https:\/\/www.elha.de\/fr\/maschinen\/sondermaschinen\/\" class=\"elha-image-link border\"><img loading=\"lazy\" decoding=\"async\" width=\"460\" height=\"307\" src=\"https:\/\/www.elha.de\/wp-content\/uploads\/produktbild-spx.jpg\" class=\"attachment-cropimage size-cropimage wp-post-image\" alt=\"\" \/><\/a><div class=\"text-bold mt-1 mb-1\" style=\"font-size:20px;\"><a href=\"https:\/\/www.elha.de\/fr\/maschinen\/sondermaschinen\/\">Machines sp\u00e9ciales<\/a><\/div><div>\n\r\nSPX - La machine sp\u00e9ciale ELHA classique. L\u00e0 o\u00f9 les concepts ou les syst\u00e8mes standard atteignent leurs limites en termes de productivit\u00e9, de flexibilit\u00e9 ou de stabilit\u00e9 et de disponibilit\u00e9 des processus \u00e0 long terme, une machine ELHA SPX est la solution id\u00e9ale.<\/div><\/div><div class=\"column mb-3 col-4 col-md-6\"><a href=\"https:\/\/www.elha.de\/fr\/maschinen\/parallelkinematik-module\/\" class=\"elha-image-link border\"><img loading=\"lazy\" decoding=\"async\" width=\"460\" height=\"307\" src=\"https:\/\/www.elha.de\/wp-content\/uploads\/PKM-460x307.png\" class=\"attachment-cropimage size-cropimage wp-post-image\" alt=\"\" \/><\/a><div class=\"text-bold mt-1 mb-1\" style=\"font-size:20px;\"><a href=\"https:\/\/www.elha.de\/fr\/maschinen\/parallelkinematik-module\/\">Modules de cin\u00e9matique parall\u00e8le<\/a><\/div><div>\n\n\n\n\n\n\nLe ELHA PKM est une machine modulaire qui peut \u00eatre \u00e9quip\u00e9e d'une large gamme d'effecteurs terminaux. Par rapport aux robots s\u00e9riels, il offre<\/div><\/div><\/div>","protected":false},"excerpt":{"rendered":"<p>Le ELHA PKM est une machine modulaire qui peut \u00eatre \u00e9quip\u00e9e d'une large gamme d'effecteurs terminaux. Par rapport aux robots s\u00e9riels, il offre<\/p>","protected":false},"author":1,"featured_media":0,"parent":0,"menu_order":5,"comment_status":"closed","ping_status":"closed","template":"","meta":{"footnotes":""},"class_list":["post-1416","page","type-page","status-publish","hentry"],"blocksy_meta":{"styles_descriptor":{"styles":{"desktop":"","tablet":"","mobile":""},"google_fonts":[],"version":6}},"_links":{"self":[{"href":"https:\/\/www.elha.de\/fr\/wp-json\/wp\/v2\/pages\/1416","targetHints":{"allow":["GET"]}}],"collection":[{"href":"https:\/\/www.elha.de\/fr\/wp-json\/wp\/v2\/pages"}],"about":[{"href":"https:\/\/www.elha.de\/fr\/wp-json\/wp\/v2\/types\/page"}],"author":[{"embeddable":true,"href":"https:\/\/www.elha.de\/fr\/wp-json\/wp\/v2\/users\/1"}],"replies":[{"embeddable":true,"href":"https:\/\/www.elha.de\/fr\/wp-json\/wp\/v2\/comments?post=1416"}],"version-history":[{"count":0,"href":"https:\/\/www.elha.de\/fr\/wp-json\/wp\/v2\/pages\/1416\/revisions"}],"wp:attachment":[{"href":"https:\/\/www.elha.de\/fr\/wp-json\/wp\/v2\/media?parent=1416"}],"curies":[{"name":"wp","href":"https:\/\/api.w.org\/{rel}","templated":true}]}}