{"id":1653,"date":"2016-05-13T14:48:43","date_gmt":"2016-05-13T12:48:43","guid":{"rendered":"https:\/\/www.elha.de\/?page_id=1653"},"modified":"2026-01-22T08:58:12","modified_gmt":"2026-01-22T07:58:12","slug":"machines-speciales","status":"publish","type":"page","link":"https:\/\/www.elha.de\/fr\/maschinen\/sondermaschinen\/","title":{"rendered":"Machines sp\u00e9ciales"},"content":{"rendered":"<p>\r\nSPX - La machine sp\u00e9ciale ELHA classique. L\u00e0 o\u00f9 les concepts ou les syst\u00e8mes standard atteignent leurs limites en termes de productivit\u00e9, de flexibilit\u00e9 ou de stabilit\u00e9 et de disponibilit\u00e9 des processus \u00e0 long terme, une machine ELHA SPX est la bonne solution ! Profitez du savoir-faire de plusieurs d\u00e9cennies de ELHA en mati\u00e8re de machines sp\u00e9ciales d'usinage, en particulier pour les applications de per\u00e7age, de filetage et de fraisage.\r\n<\/p>\r\n\r\n<h2>Exemples de r\u00e9f\u00e9rence<\/h2>\r\n\r\n<div class=\"columns\"><div class=\"column mb-3 col-4 col-md-6\"><a href=\"https:\/\/www.elha.de\/fr\/maschinen\/sondermaschinen\/spx-5207-6-spindel-tiefloch-bohr-bearbeitungszentrum\/\" class=\"elha-image-link border\"><img loading=\"lazy\" decoding=\"async\" width=\"460\" height=\"171\" src=\"https:\/\/www.elha.de\/wp-content\/uploads\/spx-5207-banner.jpg\" class=\"attachment-cropimage size-cropimage wp-post-image\" alt=\"SPX 5207 Centre d&#039;usinage de trous profonds \u00e0 6 broches\" \/><\/a><div class=\"text-bold mt-1 mb-1\" style=\"font-size:20px;\"><a href=\"https:\/\/www.elha.de\/fr\/maschinen\/sondermaschinen\/spx-5207-6-spindel-tiefloch-bohr-bearbeitungszentrum\/\">SPX 5207 - Centre d'usinage de trous profonds \u00e0 6 broches<\/a><\/div><div>\n\r\n\t\r\n\t\tLa machine est con\u00e7ue pour le per\u00e7age profond horizontal \u00e0 6 broches de trous situ\u00e9s sur des cercles de trous. Les unit\u00e9s de travail motobroches sont dispos\u00e9es \u00e0 6x 60\u00b0 sur une plaque de base et sont \u00e9quip\u00e9es d'un syst\u00e8me d'entra\u00eenement par courroie.<\/div><\/div><div class=\"column mb-3 col-4 col-md-6\"><a href=\"https:\/\/www.elha.de\/fr\/maschinen\/sondermaschinen\/spx-5111-horizontales-2-spindel-drehfraes-bearbeitungszentrum\/\" class=\"elha-image-link border\"><img loading=\"lazy\" decoding=\"async\" width=\"460\" height=\"171\" src=\"https:\/\/www.elha.de\/wp-content\/uploads\/spx-5111-banner.jpg\" class=\"attachment-cropimage size-cropimage wp-post-image\" alt=\"\" \/><\/a><div class=\"text-bold mt-1 mb-1\" style=\"font-size:20px;\"><a href=\"https:\/\/www.elha.de\/fr\/maschinen\/sondermaschinen\/spx-5111-horizontales-2-spindel-drehfraes-bearbeitungszentrum\/\">SPX 5111 - Centre d'usinage horizontal \u00e0 2 broches pour le tournage et le fraisage<\/a><\/div><div>\n\r\n\t\r\n\t\tCette machine est sp\u00e9cialement con\u00e7ue pour l'usinage de cylindres d'impression (\u00d8 max. 800 mm ; longueur max. 2.000 mm). Le fraisage rotatif de la surface de l'enveloppe fait partie de l'\u00e9tendue de l'usinage,<\/div><\/div><div class=\"column mb-3 col-4 col-md-6\"><a href=\"https:\/\/www.elha.de\/fr\/maschinen\/sondermaschinen\/spx-5176-2-spindel-horizontal-bearbeitungszentrum\/\" class=\"elha-image-link border\"><img loading=\"lazy\" decoding=\"async\" width=\"460\" height=\"171\" src=\"https:\/\/www.elha.de\/wp-content\/uploads\/spx-5176-banner.jpg\" class=\"attachment-cropimage size-cropimage wp-post-image\" alt=\"\" \/><\/a><div class=\"text-bold mt-1 mb-1\" style=\"font-size:20px;\"><a href=\"https:\/\/www.elha.de\/fr\/maschinen\/sondermaschinen\/spx-5176-2-spindel-horizontal-bearbeitungszentrum\/\">SPX 5176 - Centre d'usinage horizontal \u00e0 2 broches<\/a><\/div><div>\n\r\n\t\r\n\t\tCette machine a \u00e9t\u00e9 principalement con\u00e7ue pour un usinage multibroche horizontal de per\u00e7age et de fraisage de cylindres lourds. Afin de pouvoir usiner \u00e9galement d'autres pi\u00e8ces, la premi\u00e8re<\/div><\/div><div class=\"column mb-3 col-4 col-md-6\"><a href=\"https:\/\/www.elha.de\/fr\/maschinen\/sondermaschinen\/spx-5134-schienenbohranlage\/\" class=\"elha-image-link border\"><img loading=\"lazy\" decoding=\"async\" width=\"460\" height=\"171\" src=\"https:\/\/www.elha.de\/wp-content\/uploads\/spx-5134-banner.jpg\" class=\"attachment-cropimage size-cropimage wp-post-image\" alt=\"Banni\u00e8re SPX 5134\" \/><\/a><div class=\"text-bold mt-1 mb-1\" style=\"font-size:20px;\"><a href=\"https:\/\/www.elha.de\/fr\/maschinen\/sondermaschinen\/spx-5134-schienenbohranlage\/\">SPX 5134 - Machine de per\u00e7age de rails<\/a><\/div><div>\n\r\n\t\r\n\t\tCette machine est con\u00e7ue pour le per\u00e7age et le chanfreinage bilat\u00e9ral de profil\u00e9s de rails de diff\u00e9rentes formes et dimensions. Le per\u00e7age s'effectue \u00e0 l'aide d'une unit\u00e9 \u00e0 2 axes pivotant de \u00b115\u00b0.<\/div><\/div><div class=\"column mb-3 col-4 col-md-6\"><a href=\"https:\/\/www.elha.de\/fr\/maschinen\/sondermaschinen\/spx-4979-planetentisch-bearbeitungszentrum\/\" class=\"elha-image-link border\"><img loading=\"lazy\" decoding=\"async\" width=\"460\" height=\"171\" src=\"https:\/\/www.elha.de\/wp-content\/uploads\/spx-4979-banner.jpg\" class=\"attachment-cropimage size-cropimage wp-post-image\" alt=\"\" \/><\/a><div class=\"text-bold mt-1 mb-1\" style=\"font-size:20px;\"><a href=\"https:\/\/www.elha.de\/fr\/maschinen\/sondermaschinen\/spx-4979-planetentisch-bearbeitungszentrum\/\">SPX 4979 - Centre d'usinage \u00e0 table plan\u00e9taire<\/a><\/div><div>\n\r\n\t\r\n\t\tLa machine est adapt\u00e9e \u00e0 l'usinage de consoles de train d'atterrissage gauche ou droite en fonte d'aluminium \u00e0 froid en un seul serrage. Usinage sur 5 c\u00f4t\u00e9s gr\u00e2ce \u00e0 la prise des pi\u00e8ces sur des tables plan\u00e9taires CNC. Chargement automatique<\/div><\/div><\/div>\r\n\r\n<p class=\"text-center\">\r\n\t\r\n\t\r\n\t\t<a href=\"https:\/\/www.elha.de\/wp-content\/uploads\/FS-EN-012026.pdf\" target=\"_blank\" class=\"btn btn-primary btn-lg mr-4\" rel=\"noopener\">T\u00e9l\u00e9charger le prospectus<\/a>\r\n\t\r\n\t<a href=\"https:\/\/www.elha.de\/fr\/contact\/\"  class=\"btn btn-primary btn-lg mr-4\">Prendre contact<\/a>\r\n<\/p>","protected":false},"excerpt":{"rendered":"<p>\t\tLa machine est adapt\u00e9e \u00e0 l'usinage de consoles de train d'atterrissage gauche ou droite en fonte d'aluminium \u00e0 froid en un seul serrage. Usinage sur 5 c\u00f4t\u00e9s gr\u00e2ce \u00e0 la prise des pi\u00e8ces sur des tables plan\u00e9taires CNC. Chargement automatique<\/p>","protected":false},"author":1,"featured_media":4078,"parent":1416,"menu_order":6,"comment_status":"closed","ping_status":"closed","template":"","meta":{"footnotes":""},"class_list":["post-1653","page","type-page","status-publish","has-post-thumbnail","hentry"],"blocksy_meta":{"styles_descriptor":{"styles":{"desktop":"","tablet":"","mobile":""},"google_fonts":[],"version":6},"page_title_panel":"","has_hero_section":"default","c15ce041b8ea8c79736482f38761ecfa":"","hero_section":"type-1","hero_elements":[{"id":"custom_title","enabled":true,"heading_tag":"h1","title":"Page d'accueil"},{"id":"custom_description","enabled":true,"description_visibility":{"desktop":true,"tablet":true,"mobile":false}},{"id":"custom_meta","enabled":false,"meta_elements":[{"id":"author","enabled":true,"label":"Von","has_author_avatar":"yes","avatar_size":25},{"id":"post_date","enabled":true,"label":"Am","date_format_source":"default","date_format":"M j, Y"},{"id":"comments","enabled":true}],"page_meta_elements":{"joined":true,"articles_count":true,"comments":true}},{"id":"breadcrumbs","enabled":false}],"b62addcac89a9ffed509f8f479dafe67":"","hero_alignment1":"CT_CSS_SKIP_RULE","hero_margin":40,"hero_alignment2":"center","hero_vertical_alignment":"center","15476ddcfc2db09e9f906e6efed33d53":"","hero_structure":"narrow","db62cb0e95f5dfe82707268b6f4f6f5c":"","page_title_bg_type":"featured_image","custom_hero_background":{"attachment_id":null},"parallax":{"desktop":false,"tablet":false,"mobile":false},"aaa76436a2f7d916e3b1679dcefe5f22":"","hero_height":"250px","pageTitleFont":{"family":"Default","variation":"Default","size":{"desktop":"32px","tablet":"30px","mobile":"25px"},"line-height":"CT_CSS_SKIP_RULE","letter-spacing":"CT_CSS_SKIP_RULE","text-transform":"CT_CSS_SKIP_RULE","text-decoration":"CT_CSS_SKIP_RULE"},"pageTitleFontColor":{"default":{"color":"CT_CSS_SKIP_RULEDEFAULT"}},"pageMetaFont":{"family":"Default","variation":"n6","size":"12px","line-height":"1.3","letter-spacing":"CT_CSS_SKIP_RULE","text-transform":"uppercase","text-decoration":"CT_CSS_SKIP_RULE"},"pageMetaFontColor":{"default":{"color":"CT_CSS_SKIP_RULEDEFAULT"},"hover":{"color":"CT_CSS_SKIP_RULEDEFAULT"}},"page_meta_button_type_font_colors":{"default":{"color":"CT_CSS_SKIP_RULEDEFAULT"},"hover":{"color":"CT_CSS_SKIP_RULEDEFAULT"}},"page_meta_button_type_background_colors":{"default":{"color":"CT_CSS_SKIP_RULEDEFAULT"},"hover":{"color":"CT_CSS_SKIP_RULEDEFAULT"}},"pageExcerptFont":{"family":"Default","variation":"Default","size":"CT_CSS_SKIP_RULE","line-height":"CT_CSS_SKIP_RULE","letter-spacing":"CT_CSS_SKIP_RULE","text-transform":"CT_CSS_SKIP_RULE","text-decoration":"CT_CSS_SKIP_RULE"},"pageExcerptColor":{"default":{"color":"CT_CSS_SKIP_RULEDEFAULT"}},"breadcrumbsFont":{"family":"Default","variation":"Default","size":"CT_CSS_SKIP_RULE","line-height":"CT_CSS_SKIP_RULE","letter-spacing":"CT_CSS_SKIP_RULE","text-transform":"CT_CSS_SKIP_RULE","text-decoration":"CT_CSS_SKIP_RULE"},"breadcrumbsFontColor":{"default":{"color":"CT_CSS_SKIP_RULEDEFAULT"},"initial":{"color":"CT_CSS_SKIP_RULEDEFAULT"},"hover":{"color":"CT_CSS_SKIP_RULEDEFAULT"}},"pageTitleOverlay":{"default":{"color":"CT_CSS_SKIP_RULE"}},"pageTitleBackground":{"background_type":"color","background_pattern":"type-1","background_image":{"attachment_id":null,"x":0,"y":0},"gradient":"linear-gradient(135deg,rgba(6,147,227,1) 0%,rgb(155,81,224) 100%)","background_repeat":"no-repeat","background_size":"auto","background_attachment":"scroll","patternColor":{"default":{"color":"#e5e7ea"}},"overlayColor":{"default":{"color":"CT_CSS_SKIP_RULE"}},"backgroundColor":{"default":{"color":"var(--theme-palette-color-6)"}}},"pageTitlePadding":{"top":"50px","bottom":"50px","left":"auto","right":"auto","linked":true},"7e7cdfebba93188b487b3b06ed73245f":"","page_structure_type":"default","3aa8c666cfcf40d1c155409033ad86fb":"","content_style_source":"inherit","content_style":"wide","vertical_spacing_source":"inherit","content_area_spacing":"both","background":{"background_type":"color","background_pattern":"type-1","background_image":{"attachment_id":null,"x":0,"y":0},"gradient":"linear-gradient(135deg,rgba(6,147,227,1) 0%,rgb(155,81,224) 100%)","background_repeat":"no-repeat","background_size":"auto","background_attachment":"scroll","patternColor":{"default":{"color":"#e5e7ea"}},"overlayColor":{"default":{"color":"CT_CSS_SKIP_RULE"}},"backgroundColor":{"default":{"color":"CT_CSS_SKIP_RULE"}}},"content_background":{"background_type":"color","background_pattern":"type-1","background_image":{"attachment_id":null,"x":0,"y":0},"gradient":"linear-gradient(135deg,rgba(6,147,227,1) 0%,rgb(155,81,224) 100%)","background_repeat":"no-repeat","background_size":"auto","background_attachment":"scroll","patternColor":{"default":{"color":"#e5e7ea"}},"overlayColor":{"default":{"color":"CT_CSS_SKIP_RULE"}},"backgroundColor":{"default":{"color":"var(--theme-palette-color-8)"}}},"content_boxed_shadow":{"inherit":false,"blur":18,"spread":-6,"v_offset":12,"h_offset":0,"inset":false,"enable":true,"color":{"color":"rgba(34, 56, 101, 0.04)"}},"boxed_content_spacing":{"desktop":{"top":"40px","bottom":"40px","left":"40px","right":"40px","linked":true},"tablet":{"top":"35px","bottom":"35px","left":"35px","right":"35px","linked":true},"mobile":{"top":"20px","bottom":"20px","left":"20px","right":"20px","linked":true}},"content_boxed_radius":{"top":"3px","bottom":"3px","left":"3px","right":"3px","linked":true},"c42a64023d49bfbb47c75dad353dde25":"","disable_featured_image":"yes","disable_header":"no","disable_footer":"no"},"_links":{"self":[{"href":"https:\/\/www.elha.de\/fr\/wp-json\/wp\/v2\/pages\/1653","targetHints":{"allow":["GET"]}}],"collection":[{"href":"https:\/\/www.elha.de\/fr\/wp-json\/wp\/v2\/pages"}],"about":[{"href":"https:\/\/www.elha.de\/fr\/wp-json\/wp\/v2\/types\/page"}],"author":[{"embeddable":true,"href":"https:\/\/www.elha.de\/fr\/wp-json\/wp\/v2\/users\/1"}],"replies":[{"embeddable":true,"href":"https:\/\/www.elha.de\/fr\/wp-json\/wp\/v2\/comments?post=1653"}],"version-history":[{"count":0,"href":"https:\/\/www.elha.de\/fr\/wp-json\/wp\/v2\/pages\/1653\/revisions"}],"up":[{"embeddable":true,"href":"https:\/\/www.elha.de\/fr\/wp-json\/wp\/v2\/pages\/1416"}],"wp:featuredmedia":[{"embeddable":true,"href":"https:\/\/www.elha.de\/fr\/wp-json\/wp\/v2\/media\/4078"}],"wp:attachment":[{"href":"https:\/\/www.elha.de\/fr\/wp-json\/wp\/v2\/media?parent=1653"}],"curies":[{"name":"wp","href":"https:\/\/api.w.org\/{rel}","templated":true}]}}