{"id":24,"date":"2015-11-08T00:29:08","date_gmt":"2015-11-07T23:29:08","guid":{"rendered":"https:\/\/www.elha.de\/?page_id=24"},"modified":"2025-04-07T12:10:08","modified_gmt":"2025-04-07T10:10:08","slug":"entreprise","status":"publish","type":"page","link":"https:\/\/www.elha.de\/fr\/unternehmen\/","title":{"rendered":"Entreprise"},"content":{"rendered":"<p>\nELHA-MASCHINENBAU Liemke GmbH &amp; Co. KG est une entreprise familiale riche en traditions qui s'affirme depuis plus de 90 ans par sa comp\u00e9tence et son vaste savoir-faire dans le domaine des machines-outils \u00e0 enl\u00e8vement de copeaux. Productivit\u00e9 maximale, concepts innovants et rentabilit\u00e9 sont les caract\u00e9ristiques de nos produits.\n<\/p>\n\n\n\n<div style=\"height:40px\" aria-hidden=\"true\" class=\"wp-block-spacer\"><\/div>\n\n\n<div class=\"columns\"><div class=\"column mb-3 col-4 col-md-6\"><a href=\"https:\/\/www.elha.de\/fr\/unternehmen\/ueber-uns\/\" class=\"elha-image-link border\"><img loading=\"lazy\" decoding=\"async\" width=\"460\" height=\"171\" src=\"https:\/\/www.elha.de\/wp-content\/uploads\/werk2-montagehalle.jpg\" class=\"attachment-cropimage size-cropimage wp-post-image\" alt=\"\" \/><\/a><div class=\"text-bold mt-1 mb-1\" style=\"font-size:20px;\"><a href=\"https:\/\/www.elha.de\/fr\/unternehmen\/ueber-uns\/\">\u00c0 propos de nous<\/a><\/div><div>\n\n\tAvec le nom LH (plus tard ELHA), qui se compose de l'abr\u00e9viation de \"Liemke H\u00f6velhof\", une entreprise est n\u00e9e vers 1930 \u00e0 partir d'un commerce de mat\u00e9riel \u00e9lectrique.<\/div><\/div><div class=\"column mb-3 col-4 col-md-6\"><a href=\"https:\/\/www.elha.de\/fr\/unternehmen\/das-elha-team\/\" class=\"elha-image-link border\"><img loading=\"lazy\" decoding=\"async\" width=\"460\" height=\"307\" src=\"https:\/\/www.elha.de\/wp-content\/uploads\/GF-Shooting-Gruppe-EDIT-460x307.webp\" class=\"attachment-cropimage size-cropimage wp-post-image\" alt=\"Photo de groupe de la direction de ELHA\" srcset=\"https:\/\/www.elha.de\/wp-content\/uploads\/GF-Shooting-Gruppe-EDIT-460x307.webp 460w, https:\/\/www.elha.de\/wp-content\/uploads\/GF-Shooting-Gruppe-EDIT-940x626.webp 940w, https:\/\/www.elha.de\/wp-content\/uploads\/GF-Shooting-Gruppe-EDIT-18x12.webp 18w, https:\/\/www.elha.de\/wp-content\/uploads\/GF-Shooting-Gruppe-EDIT-200x133.webp 200w, https:\/\/www.elha.de\/wp-content\/uploads\/GF-Shooting-Gruppe-EDIT.webp 1280w\" sizes=\"auto, (max-width: 460px) 100vw, 460px\" \/><\/a><div class=\"text-bold mt-1 mb-1\" style=\"font-size:20px;\"><a href=\"https:\/\/www.elha.de\/fr\/unternehmen\/das-elha-team\/\">L'\u00e9quipe ELHA<\/a><\/div><div>\nDerri\u00e8re ELHA-MASCHINENBAU se trouve une \u00e9quipe de collaborateurs\/trices hautement qualifi\u00e9s et motiv\u00e9s, qui contribuent de mani\u00e8re d\u00e9cisive au succ\u00e8s \u00e0 long terme de l'entreprise. L'esprit d'\u00e9quipe prononc\u00e9, les approches pragmatiques ainsi que les<\/div><\/div><div class=\"column mb-3 col-4 col-md-6\"><a href=\"https:\/\/www.elha.de\/fr\/unternehmen\/historie\/\" class=\"elha-image-link border\"><img loading=\"lazy\" decoding=\"async\" width=\"460\" height=\"171\" src=\"https:\/\/www.elha.de\/wp-content\/uploads\/staenderbohrmaschine-banner.jpg\" class=\"attachment-cropimage size-cropimage wp-post-image\" alt=\"\" \/><\/a><div class=\"text-bold mt-1 mb-1\" style=\"font-size:20px;\"><a href=\"https:\/\/www.elha.de\/fr\/unternehmen\/historie\/\">Historique<\/a><\/div><div>\n\r\n\tELHA-MASCHINENBAU est une entreprise familiale riche en traditions qui s'affirme depuis plus de 90 ans par sa comp\u00e9tence et son vaste savoir-faire dans les techniques d'usinage et la construction de machines.\r\n\tELHA est synonyme de<\/div><\/div><div class=\"column mb-3 col-4 col-md-6\"><a href=\"https:\/\/www.elha.de\/fr\/unternehmen\/qualitaet-und-umwelt\/\" class=\"elha-image-link border\"><img loading=\"lazy\" decoding=\"async\" width=\"460\" height=\"171\" src=\"https:\/\/www.elha.de\/wp-content\/uploads\/qualitaet-und-umwelt-banner.jpg\" class=\"attachment-cropimage size-cropimage wp-post-image\" alt=\"\" \/><\/a><div class=\"text-bold mt-1 mb-1\" style=\"font-size:20px;\"><a href=\"https:\/\/www.elha.de\/fr\/unternehmen\/qualitaet-und-umwelt\/\">Qualit\u00e9 et environnement<\/a><\/div><div>\nL'un des principaux objectifs de notre entreprise est d'atteindre le plus haut niveau de qualit\u00e9 pour nos produits et services. Notre responsabilit\u00e9 \u00e9cologique vis-\u00e0-vis de nos clients actuels et futurs est \u00e9galement importante.<\/div><\/div><div class=\"column mb-3 col-4 col-md-6\"><a href=\"https:\/\/www.elha.de\/fr\/unternehmen\/einkauf\/\" class=\"elha-image-link border\"><img loading=\"lazy\" decoding=\"async\" width=\"460\" height=\"171\" src=\"https:\/\/www.elha.de\/wp-content\/uploads\/einkauf-banner.jpg\" class=\"attachment-cropimage size-cropimage wp-post-image\" alt=\"Achat de banni\u00e8res\" \/><\/a><div class=\"text-bold mt-1 mb-1\" style=\"font-size:20px;\"><a href=\"https:\/\/www.elha.de\/fr\/unternehmen\/einkauf\/\">Achat<\/a><\/div><div>\n\n  Dans la vie priv\u00e9e aussi, vous exigez des marchandises que vous achetez qu'elles soient de bonne qualit\u00e9 \u00e0 un prix comp\u00e9titif. Nous avons les m\u00eames attentes<\/div><\/div><div class=\"column mb-3 col-4 col-md-6\"><a href=\"https:\/\/www.elha.de\/fr\/unternehmen\/informationsmaterial\/\" class=\"elha-image-link border\"><img loading=\"lazy\" decoding=\"async\" width=\"460\" height=\"171\" src=\"https:\/\/www.elha.de\/wp-content\/uploads\/elha-prospekte-banner.jpg\" class=\"attachment-cropimage size-cropimage wp-post-image\" alt=\"\" \/><\/a><div class=\"text-bold mt-1 mb-1\" style=\"font-size:20px;\"><a href=\"https:\/\/www.elha.de\/fr\/unternehmen\/informationsmaterial\/\">Mat\u00e9riel d'information<\/a><\/div><div>\nNous tenons ici \u00e0 votre disposition nos prospectus actuels \u00e0 t\u00e9l\u00e9charger. Pour afficher les prospectus, vous avez \u00e9ventuellement besoin d'Adobe-Reader. Si vous n'avez pas le lecteur<\/div><\/div><div class=\"column mb-3 col-4 col-md-6\"><a href=\"https:\/\/www.elha.de\/fr\/unternehmen\/videos\/\" class=\"elha-image-link border\"><img decoding=\"async\" src=\"https:\/\/www.elha.de\/wp-content\/uploads\/elha-standard.jpg\"><\/a><div class=\"text-bold mt-1 mb-1\" style=\"font-size:20px;\"><a href=\"https:\/\/www.elha.de\/fr\/unternehmen\/videos\/\">Vid\u00e9os<\/a><\/div><div>\n\n\n\r\n\r\n\t\r\n\t\t\r\n\t\tFilm d'entreprise\r\n\t\r\n\r\n\t\r\n\t\t\r\n\t\tModules de fabrication\r\n\t\r\n\r\n\t\r\n\t\t\r\n\t\tFM SMART\r\n\t\r\n\r\n\t\r\n\t\t\r\n\t\tVTM Centres de tournage-fraisage verticaux\r\n\t\r\n\r\n\t\r\n\t\t\r\n\t\tHistoire de l'utilisateur VTM\r\n\t\r\n\r\n\t\r\n\t\t\r\n\t\tVTM en acc\u00e9l\u00e9r\u00e9\r\n\t\r\n\r\n\t\r\n\t\t\r\n\t\tTimelapse VTM ht\r\n\t\r\n\r\n\t\r\n\t\t\r\n\t\tCentre d'usinage \u00e0 grande \u00e9chelle\r\n\t\r\n\n<\/div><\/div><div class=\"column mb-3 col-4 col-md-6\"><a href=\"https:\/\/www.elha.de\/fr\/unternehmen\/vertriebspartner\/\" class=\"elha-image-link border\"><img loading=\"lazy\" decoding=\"async\" width=\"460\" height=\"307\" src=\"https:\/\/www.elha.de\/wp-content\/uploads\/vertriebspartner.jpg\" class=\"attachment-cropimage size-cropimage wp-post-image\" alt=\"\" \/><\/a><div class=\"text-bold mt-1 mb-1\" style=\"font-size:20px;\"><a href=\"https:\/\/www.elha.de\/fr\/unternehmen\/vertriebspartner\/\">Distributeur<\/a><\/div><div>\n<\/div><\/div><\/div>\n\n\n\n<p><\/p>","protected":false},"excerpt":{"rendered":"","protected":false},"author":1,"featured_media":0,"parent":0,"menu_order":3,"comment_status":"closed","ping_status":"closed","template":"","meta":{"footnotes":""},"class_list":["post-24","page","type-page","status-publish","hentry"],"blocksy_meta":{"styles_descriptor":{"styles":{"desktop":"","tablet":"","mobile":""},"google_fonts":[],"version":6}},"_links":{"self":[{"href":"https:\/\/www.elha.de\/fr\/wp-json\/wp\/v2\/pages\/24","targetHints":{"allow":["GET"]}}],"collection":[{"href":"https:\/\/www.elha.de\/fr\/wp-json\/wp\/v2\/pages"}],"about":[{"href":"https:\/\/www.elha.de\/fr\/wp-json\/wp\/v2\/types\/page"}],"author":[{"embeddable":true,"href":"https:\/\/www.elha.de\/fr\/wp-json\/wp\/v2\/users\/1"}],"replies":[{"embeddable":true,"href":"https:\/\/www.elha.de\/fr\/wp-json\/wp\/v2\/comments?post=24"}],"version-history":[{"count":0,"href":"https:\/\/www.elha.de\/fr\/wp-json\/wp\/v2\/pages\/24\/revisions"}],"wp:attachment":[{"href":"https:\/\/www.elha.de\/fr\/wp-json\/wp\/v2\/media?parent=24"}],"curies":[{"name":"wp","href":"https:\/\/api.w.org\/{rel}","templated":true}]}}