{"id":2466,"date":"2016-05-20T18:38:56","date_gmt":"2016-05-20T16:38:56","guid":{"rendered":"https:\/\/www.elha.de\/?page_id=2466"},"modified":"2025-05-23T09:24:08","modified_gmt":"2025-05-23T07:24:08","slug":"publications","status":"publish","type":"page","link":"https:\/\/www.elha.de\/fr\/aktuelles\/publikationen\/","title":{"rendered":"Publications"},"content":{"rendered":"<!--more-->\n\n\n\n\n\n<!-- ENGLISCH (NUR LINKS) -->\r\n<div class=\"columns\">\r\n\r\n\r\n\r\n<div class=\"column col-4 col-md-6 mb-4\">\r\n\t<h2 class=\"text-size4\">ELHA mise \u00e0 jour<\/h2>\r\n\t<p>\r\n\t\t<span>02\/2021<\/span><br>\r\n\t\t<a href=\"https:\/\/www.elha.de\/wp-content\/uploads\/vtg-02-2021.pdf\" target=\"_blank\" rel=\"noopener noreferrer nofollow\" class=\"elha-image-link\"><img decoding=\"async\" src=\"https:\/\/www.elha.de\/wp-content\/uploads\/pressemitteilung.jpg\" alt=\"\" class=\"border\"><\/a>\r\n\t\t<strong><a href=\"https:\/\/www.elha.de\/wp-content\/uploads\/vtg-02-2021.pdf\" target=\"_blank\" rel=\"noopener noreferrer nofollow\">Contournement \u00e0 grande \u00e9chelle<\/a><\/strong>\r\n\t<\/p>\r\n\t<p>\r\n\t\tM\u00eame pour les grandes pi\u00e8ces, la rectification est souvent le proc\u00e9d\u00e9 de choix. Mais comme d'autres proc\u00e9d\u00e9s sont \u00e9galement n\u00e9cessaires, ELHA a con\u00e7u le VTG, un centre d'usinage vertical adaptable pour les t\u00e2ches d'usinage complet. ...\r\n\t<\/p>\r\n<\/div>\r\n\r\n\r\n\r\n<div class=\"column col-4 col-md-6 mb-4\">\r\n\t<h2 class=\"text-size4\">ELHA mise \u00e0 jour<\/h2>\r\n\t<p>\r\n\t\t<span>06\/2017<\/span><br>\r\n\t\t<a href=\"https:\/\/www.elha.de\/wp-content\/uploads\/pressrelease-06-2017.pdf\" target=\"_blank\" rel=\"noopener noreferrer nofollow\" class=\"elha-image-link\"><img decoding=\"async\" src=\"https:\/\/www.elha.de\/wp-content\/uploads\/pressemitteilung.jpg\" alt=\"\" class=\"border\"><\/a>\r\n\t\t<strong><a href=\"https:\/\/www.elha.de\/wp-content\/uploads\/pressrelease-06-2017.pdf\" target=\"_blank\" rel=\"noopener noreferrer nofollow\">Communiqu\u00e9 de presse<\/a><\/strong>\r\n\t<\/p>\r\n\t<p>\r\n\t\tELHA pr\u00e9sente \u00e0 l'EMO 2017 le module FM3+X SRR avec la technique de tourelle \u00e0 tambour, une \u00e9volution du concept de module de production qui a fait ses preuves depuis 20 ans.\r\n\t\tGr\u00e2ce \u00e0 l'utilisation de la tourelle \u00e0 tambour (SRR), ELHA r\u00e9ussit \u00e0 concilier ...\r\n\t<\/p>\r\n<\/div>\r\n\r\n\r\n\r\n<\/div>","protected":false},"excerpt":{"rendered":"","protected":false},"author":1,"featured_media":7108,"parent":113,"menu_order":3,"comment_status":"closed","ping_status":"closed","template":"","meta":{"footnotes":""},"class_list":["post-2466","page","type-page","status-publish","has-post-thumbnail","hentry"],"blocksy_meta":{"styles_descriptor":{"styles":{"desktop":"","tablet":"","mobile":""},"google_fonts":[],"version":6},"page_title_panel":"","has_hero_section":"default","8c4ea2181794a2b13380987118bfd0ee":"","hero_section":"type-1","hero_elements":[{"id":"custom_title","enabled":true,"heading_tag":"h1","title":"Page d'accueil"},{"id":"custom_description","enabled":true,"description_visibility":{"desktop":true,"tablet":true,"mobile":false}},{"id":"custom_meta","enabled":false,"meta_elements":[{"id":"author","enabled":true,"label":"Von","has_author_avatar":"yes","avatar_size":25},{"id":"post_date","enabled":true,"label":"Am","date_format_source":"default","date_format":"M j, Y"},{"id":"comments","enabled":true}],"page_meta_elements":{"joined":true,"articles_count":true,"comments":true}},{"id":"breadcrumbs","enabled":false}],"fe320dbd1f8cd0cbf447a9b12cc22243":"","hero_alignment1":"CT_CSS_SKIP_RULE","hero_margin":40,"hero_alignment2":"center","hero_vertical_alignment":"center","9b2d9233d3afb8ae842cee2a95ec1dbc":"","hero_structure":"narrow","8002c92d7e05d40d14a5a9613af73897":"","page_title_bg_type":"featured_image","custom_hero_background":{"attachment_id":null},"parallax":{"desktop":false,"tablet":false,"mobile":false},"4eb9aa0b9062924bbbc452197b3ef495":"","hero_height":"250px","pageTitleFont":{"family":"Default","variation":"Default","size":{"desktop":"32px","tablet":"30px","mobile":"25px"},"line-height":"CT_CSS_SKIP_RULE","letter-spacing":"CT_CSS_SKIP_RULE","text-transform":"CT_CSS_SKIP_RULE","text-decoration":"CT_CSS_SKIP_RULE"},"pageTitleFontColor":{"default":{"color":"CT_CSS_SKIP_RULEDEFAULT"}},"312f74c8d100e26c2bbc3cab9a70bb99":"","pageMetaFont":{"family":"Default","variation":"n6","size":"12px","line-height":"1.3","letter-spacing":"CT_CSS_SKIP_RULE","text-transform":"uppercase","text-decoration":"CT_CSS_SKIP_RULE"},"pageMetaFontColor":{"default":{"color":"CT_CSS_SKIP_RULEDEFAULT"},"hover":{"color":"CT_CSS_SKIP_RULEDEFAULT"}},"page_meta_button_type_font_colors":{"default":{"color":"CT_CSS_SKIP_RULEDEFAULT"},"hover":{"color":"CT_CSS_SKIP_RULEDEFAULT"}},"page_meta_button_type_background_colors":{"default":{"color":"CT_CSS_SKIP_RULEDEFAULT"},"hover":{"color":"CT_CSS_SKIP_RULEDEFAULT"}},"d53a4d9d9555103d2de15bde227b42b3":"","pageExcerptFont":{"family":"Default","variation":"Default","size":"CT_CSS_SKIP_RULE","line-height":"CT_CSS_SKIP_RULE","letter-spacing":"CT_CSS_SKIP_RULE","text-transform":"CT_CSS_SKIP_RULE","text-decoration":"CT_CSS_SKIP_RULE"},"pageExcerptColor":{"default":{"color":"CT_CSS_SKIP_RULEDEFAULT"}},"ebf84db95e222151525047b2f4617d0a":"","breadcrumbsFont":{"family":"Default","variation":"n6","size":"12px","line-height":"CT_CSS_SKIP_RULE","letter-spacing":"CT_CSS_SKIP_RULE","text-transform":"uppercase","text-decoration":"CT_CSS_SKIP_RULE"},"breadcrumbsFontColor":{"default":{"color":"CT_CSS_SKIP_RULEDEFAULT"},"initial":{"color":"CT_CSS_SKIP_RULEDEFAULT"},"hover":{"color":"CT_CSS_SKIP_RULEDEFAULT"}},"08b04eba540141c729063a066c87e195":"","pageTitleOverlay":{"default":{"color":"CT_CSS_SKIP_RULE"}},"1b363a14b79bceb6c9fe2e3312896cb5":"","pageTitleBackground":{"background_type":"color","background_pattern":"type-1","background_image":{"attachment_id":null,"x":0,"y":0},"gradient":"linear-gradient(135deg,rgba(6,147,227,1) 0%,rgb(155,81,224) 100%)","background_repeat":"no-repeat","background_size":"auto","background_attachment":"scroll","patternColor":{"default":{"color":"#e5e7ea"}},"overlayColor":{"default":{"color":"CT_CSS_SKIP_RULE"}},"backgroundColor":{"default":{"color":"var(--theme-palette-color-6)"}}},"4e9c1a7ea87371ffc33f625d78f91793":"","pageTitlePadding":{"top":"50px","bottom":"50px","left":"auto","right":"auto","linked":true},"6a888568fb07386e1a09a1d5ac0ed272":"","page_structure_type":"default","a5c0732e01efa0c67e4a4e9ff3360f83":"","content_style_source":"inherit","content_style":"wide","vertical_spacing_source":"inherit","content_area_spacing":"both","background":{"background_type":"color","background_pattern":"type-1","background_image":{"attachment_id":null,"x":0,"y":0},"gradient":"linear-gradient(135deg,rgba(6,147,227,1) 0%,rgb(155,81,224) 100%)","background_repeat":"no-repeat","background_size":"auto","background_attachment":"scroll","patternColor":{"default":{"color":"#e5e7ea"}},"overlayColor":{"default":{"color":"CT_CSS_SKIP_RULE"}},"backgroundColor":{"default":{"color":"CT_CSS_SKIP_RULE"}}},"content_background":{"background_type":"color","background_pattern":"type-1","background_image":{"attachment_id":null,"x":0,"y":0},"gradient":"linear-gradient(135deg,rgba(6,147,227,1) 0%,rgb(155,81,224) 100%)","background_repeat":"no-repeat","background_size":"auto","background_attachment":"scroll","patternColor":{"default":{"color":"#e5e7ea"}},"overlayColor":{"default":{"color":"CT_CSS_SKIP_RULE"}},"backgroundColor":{"default":{"color":"var(--theme-palette-color-8)"}}},"content_boxed_shadow":{"inherit":false,"blur":18,"spread":-6,"v_offset":12,"h_offset":0,"inset":false,"enable":true,"color":{"color":"rgba(34, 56, 101, 0.04)"}},"boxed_content_spacing":{"desktop":{"top":"40px","bottom":"40px","left":"40px","right":"40px","linked":true},"tablet":{"top":"35px","bottom":"35px","left":"35px","right":"35px","linked":true},"mobile":{"top":"20px","bottom":"20px","left":"20px","right":"20px","linked":true}},"content_boxed_radius":{"top":"3px","bottom":"3px","left":"3px","right":"3px","linked":true},"9ad93af3717c8cdd36f432977f8e436a":"","disable_featured_image":"yes","disable_header":"no","disable_footer":"no"},"_links":{"self":[{"href":"https:\/\/www.elha.de\/fr\/wp-json\/wp\/v2\/pages\/2466","targetHints":{"allow":["GET"]}}],"collection":[{"href":"https:\/\/www.elha.de\/fr\/wp-json\/wp\/v2\/pages"}],"about":[{"href":"https:\/\/www.elha.de\/fr\/wp-json\/wp\/v2\/types\/page"}],"author":[{"embeddable":true,"href":"https:\/\/www.elha.de\/fr\/wp-json\/wp\/v2\/users\/1"}],"replies":[{"embeddable":true,"href":"https:\/\/www.elha.de\/fr\/wp-json\/wp\/v2\/comments?post=2466"}],"version-history":[{"count":0,"href":"https:\/\/www.elha.de\/fr\/wp-json\/wp\/v2\/pages\/2466\/revisions"}],"up":[{"embeddable":true,"href":"https:\/\/www.elha.de\/fr\/wp-json\/wp\/v2\/pages\/113"}],"wp:featuredmedia":[{"embeddable":true,"href":"https:\/\/www.elha.de\/fr\/wp-json\/wp\/v2\/media\/7108"}],"wp:attachment":[{"href":"https:\/\/www.elha.de\/fr\/wp-json\/wp\/v2\/media?parent=2466"}],"curies":[{"name":"wp","href":"https:\/\/api.w.org\/{rel}","templated":true}]}}