{"id":2662,"date":"2016-05-31T10:13:05","date_gmt":"2016-05-31T08:13:05","guid":{"rendered":"https:\/\/www.elha.de\/?page_id=2662"},"modified":"2026-01-22T09:03:40","modified_gmt":"2026-01-22T08:03:40","slug":"after-sales","status":"publish","type":"page","link":"https:\/\/www.elha.de\/fr\/after-sales\/","title":{"rendered":"Apr\u00e8s-vente"},"content":{"rendered":"<h1 class=\"wp-block-heading\">Retrofit, pi\u00e8ces de rechange, entretien &amp; plus<\/h1>\n\n\n\n<p>Chez nous, le service machines ne s'arr\u00eate pas \u00e0 la livraison. Avec une offre apr\u00e8s-vente compl\u00e8te, nous veillons \u00e0 ce que votre production fonctionne de mani\u00e8re fiable et ce, pendant des ann\u00e9es. Qu'il s'agisse de retrofit, de pi\u00e8ces de rechange, de maintenance pr\u00e9ventive ou de service apr\u00e8s-vente \u00e0 court terme : notre \u00e9quipe de service est \u00e0 vos c\u00f4t\u00e9s - m\u00eame pour les machines d'autres fabricants.<\/p>\n\n\n\n\n\n\n\n<div class=\"wp-block-group is-nowrap is-layout-flex wp-container-core-group-is-layout-6c531013 wp-block-group-is-layout-flex\">\n<h2 class=\"wp-block-heading\">Retrofit &amp; modernisation de machines-outils<\/h2>\n<\/div>\n\n\n\n<div class=\"wp-block-columns is-layout-flex wp-container-core-columns-is-layout-d2da2050 wp-block-columns-is-layout-flex\" style=\"margin-bottom:0\">\n<div class=\"wp-block-column has-background is-layout-flow wp-container-core-column-is-layout-92d440f1 wp-block-column-is-layout-flow\" style=\"background-color:#0085ba12;padding-top:0;padding-bottom:0\">\n<h3 class=\"wp-block-heading has-text-align-center has-medium-font-size\" style=\"margin-top:var(--wp--preset--spacing--50);margin-bottom:var(--wp--preset--spacing--50)\">Transformations<\/h3>\n<\/div>\n\n\n\n<div class=\"wp-block-column has-background is-layout-flow wp-container-core-column-is-layout-0fe4df0b wp-block-column-is-layout-flow\" style=\"background-color:#0085ba12;padding-top:var(--wp--preset--spacing--50);padding-bottom:var(--wp--preset--spacing--50)\">\n<h3 class=\"wp-block-heading has-text-align-center has-medium-font-size\" style=\"padding-right:0;padding-left:0\">Modernisation<\/h3>\n<\/div>\n\n\n\n<div class=\"wp-block-column is-layout-flow wp-block-column-is-layout-flow\">\n<h2 class=\"wp-block-heading has-text-align-center has-background has-medium-font-size\" style=\"border-style:none;border-width:0px;background-color:#0085ba12;padding-right:var(--wp--preset--spacing--50);padding-left:var(--wp--preset--spacing--50)\">R\u00e9vision g\u00e9n\u00e9rale<\/h2>\n<\/div>\n<\/div>\n\n\n\n<div style=\"height:8px\" aria-hidden=\"true\" class=\"wp-block-spacer\"><\/div>\n\n\n\n<p>Les pi\u00e8ces \u00e0 usiner changent, mais les machines restent. Lorsque des produits sont retravaill\u00e9s ou que des composants sont remplac\u00e9s, il n'est souvent pas rentable d'investir dans une installation enti\u00e8rement nouvelle. Au lieu de cela, un retrofit offre la possibilit\u00e9 d'adapter de mani\u00e8re cibl\u00e9e les installations de production existantes aux nouvelles exigences.<\/p>\n\n\n\n<p>Forts d'une exp\u00e9rience de plus de 100 transformations de machines et r\u00e9visions g\u00e9n\u00e9rales r\u00e9ussies, nous sommes chez ELHA-MASCHINENBAU votre partenaire de confiance pour la mise \u00e0 niveau technique et la modernisation. Notre gamme de prestations s'\u00e9tend des extensions cibl\u00e9es \u00e0 la transformation compl\u00e8te de lignes de production compl\u00e8tes, en passant par des r\u00e9visions m\u00e9caniques et \u00e9lectriques partielles.<\/p>\n\n\n\n<div class=\"wp-block-columns is-layout-flex wp-container-core-columns-is-layout-28f84493 wp-block-columns-is-layout-flex\">\n<div class=\"wp-block-column is-layout-flow wp-block-column-is-layout-flow\">\n<figure class=\"wp-block-image size-large\"><img loading=\"lazy\" decoding=\"async\" width=\"627\" height=\"940\" src=\"https:\/\/www.elha.de\/wp-content\/uploads\/fm4x-vor-ueberholung-627x940.jpg\" alt=\"\" class=\"wp-image-6439\" srcset=\"https:\/\/www.elha.de\/wp-content\/uploads\/fm4x-vor-ueberholung-627x940.jpg 627w, https:\/\/www.elha.de\/wp-content\/uploads\/fm4x-vor-ueberholung.jpg 800w\" sizes=\"auto, (max-width: 627px) 100vw, 627px\" \/><figcaption class=\"wp-element-caption\"><strong>Avant<\/strong><\/figcaption><\/figure>\n\n\n\n<p><\/p>\n<\/div>\n\n\n\n<div class=\"wp-block-column is-layout-flow wp-block-column-is-layout-flow\">\n<figure class=\"wp-block-image size-large\"><img loading=\"lazy\" decoding=\"async\" width=\"627\" height=\"940\" src=\"https:\/\/www.elha.de\/wp-content\/uploads\/fm4x-nach-ueberholung-627x940.jpg\" alt=\"\" class=\"wp-image-6445\" srcset=\"https:\/\/www.elha.de\/wp-content\/uploads\/fm4x-nach-ueberholung-627x940.jpg 627w, https:\/\/www.elha.de\/wp-content\/uploads\/fm4x-nach-ueberholung.jpg 800w\" sizes=\"auto, (max-width: 627px) 100vw, 627px\" \/><figcaption class=\"wp-element-caption\"><strong>Apr\u00e8s<\/strong><\/figcaption><\/figure>\n<\/div>\n\n\n\n<div class=\"wp-block-column is-layout-flow wp-block-column-is-layout-flow\">\n<div class=\"wp-block-group is-nowrap is-layout-flex wp-container-core-group-is-layout-6c531013 wp-block-group-is-layout-flex\">\n<figure class=\"wp-block-image size-full is-resized wp-container-content-9cfa9a5a\"><img loading=\"lazy\" decoding=\"async\" width=\"260\" height=\"120\" src=\"https:\/\/www.elha.de\/wp-content\/uploads\/2025-Logo-ELHA-Retrofit-ELHA-Retrofit-Black-Blue.webp\" alt=\"\" class=\"wp-image-12765\" style=\"width:184px;height:auto\" srcset=\"https:\/\/www.elha.de\/wp-content\/uploads\/2025-Logo-ELHA-Retrofit-ELHA-Retrofit-Black-Blue.webp 260w, https:\/\/www.elha.de\/wp-content\/uploads\/2025-Logo-ELHA-Retrofit-ELHA-Retrofit-Black-Blue-18x8.webp 18w, https:\/\/www.elha.de\/wp-content\/uploads\/2025-Logo-ELHA-Retrofit-ELHA-Retrofit-Black-Blue-200x92.webp 200w\" sizes=\"auto, (max-width: 260px) 100vw, 260px\" \/><\/figure>\n<\/div>\n\n\n\n<p><strong>Aper\u00e7u des performances :<\/strong><\/p>\n\n\n\n<ul class=\"wp-block-list\">\n<li>Conseil et ing\u00e9nierie des processus<\/li>\n\n\n\n<li>R\u00e9visions m\u00e9caniques et\/ou \u00e9lectriques compl\u00e8tes ou partielles<\/li>\n\n\n\n<li>Remise en service d'installations transform\u00e9es, processus inclus<\/li>\n\n\n\n<li>Transformation\/r\u00e9tablissement pour des pi\u00e8ces nouvelles\/diff\u00e9rentes<\/li>\n\n\n\n<li>Assistance technique pendant toute la phase du projet<\/li>\n<\/ul>\n<\/div>\n<\/div>\n\n\n\n<div class=\"wp-block-columns is-layout-flex wp-container-core-columns-is-layout-28f84493 wp-block-columns-is-layout-flex\">\n<div class=\"wp-block-column is-layout-flow wp-block-column-is-layout-flow\">\n<h2 class=\"wp-block-heading\">Service<\/h2>\n\n\n\n<figure class=\"wp-block-image size-large\"><img loading=\"lazy\" decoding=\"async\" width=\"627\" height=\"940\" src=\"https:\/\/www.elha.de\/wp-content\/uploads\/after-sales-service-627x940.jpg\" alt=\"\" class=\"wp-image-6435\" style=\"aspect-ratio:3\/2;object-fit:cover\" srcset=\"https:\/\/www.elha.de\/wp-content\/uploads\/after-sales-service-627x940.jpg 627w, https:\/\/www.elha.de\/wp-content\/uploads\/after-sales-service.jpg 800w\" sizes=\"auto, (max-width: 627px) 100vw, 627px\" \/><\/figure>\n\n\n\n<h3 class=\"wp-block-heading has-text-align-left has-background has-medium-font-size\" style=\"background-color:#0085ba12\">hautement qualifi\u00e9s &amp; engag\u00e9s<\/h3>\n\n\n\n<p>L'\u00e9quipe de service apr\u00e8s-vente ELHA en interne et sur le terrain vous offre des temps de r\u00e9action tr\u00e8s courts afin d'\u00e9viter ou de r\u00e9duire au maximum les arr\u00eats de production dus aux machines.<\/p>\n\n\n\n<details class=\"wp-block-details has-palette-color-1-color has-text-color has-link-color has-medium-font-size wp-elements-e3babf3674d1f5c768bc72c05069d7ca is-layout-flow wp-block-details-is-layout-flow\"><summary><strong>Nos prestations de service comprennent<\/strong><\/summary>\n<ul class=\"wp-block-list\">\n<li style=\"font-size:clamp(14px, 0.875rem + ((1vw - 3.2px) * 0.078), 15px);\">un support t\u00e9l\u00e9phonique international gr\u00e2ce \u00e0 une hotline tenue par du personnel sp\u00e9cialis\u00e9<\/li>\n\n\n\n<li style=\"font-size:clamp(14px, 0.875rem + ((1vw - 3.2px) * 0.078), 15px);\">Inspection, entretien et r\u00e9paration<\/li>\n\n\n\n<li style=\"font-size:clamp(14px, 0.875rem + ((1vw - 3.2px) * 0.078), 15px);\">R\u00e9parations par des techniciens de service comp\u00e9tents<\/li>\n\n\n\n<li style=\"font-size:clamp(14px, 0.875rem + ((1vw - 3.2px) * 0.078), 15px);\">Service \u00e0 distance<\/li>\n\n\n\n<li style=\"font-size:clamp(14px, 0.875rem + ((1vw - 3.2px) * 0.078), 15px);\">contrats de maintenance \/ de service individuels<\/li>\n\n\n\n<li style=\"font-size:clamp(14px, 0.875rem + ((1vw - 3.2px) * 0.078), 15px);\">Lots de maintenance<\/li>\n\n\n\n<li style=\"font-size:clamp(14px, 0.875rem + ((1vw - 3.2px) * 0.078), 15px);\">des temps de r\u00e9action rapides et fiables<\/li>\n\n\n\n<li style=\"font-size:clamp(14px, 0.875rem + ((1vw - 3.2px) * 0.078), 15px);\">des partenaires de coop\u00e9ration solides aux \u00c9tats-Unis et en Asie<\/li>\n<\/ul>\n<\/details>\n<\/div>\n\n\n\n<div class=\"wp-block-column is-layout-flow wp-block-column-is-layout-flow\">\n<h2 class=\"wp-block-heading\">Pi\u00e8ces de rechange originales<\/h2>\n\n\n\n<figure class=\"wp-block-image size-large\"><img loading=\"lazy\" decoding=\"async\" width=\"940\" height=\"595\" src=\"https:\/\/www.elha.de\/wp-content\/uploads\/elha-original-ersatzteile-940x595.jpg\" alt=\"\" class=\"wp-image-6437\" style=\"aspect-ratio:3\/2;object-fit:cover\" srcset=\"https:\/\/www.elha.de\/wp-content\/uploads\/elha-original-ersatzteile-940x595.jpg 940w, https:\/\/www.elha.de\/wp-content\/uploads\/elha-original-ersatzteile.jpg 1200w\" sizes=\"auto, (max-width: 940px) 100vw, 940px\" \/><\/figure>\n\n\n\n<h3 class=\"wp-block-heading has-background has-medium-font-size\" style=\"background-color:#0085ba12\">rapide &amp; pr\u00e9cis<\/h3>\n\n\n\n<p>Nous livrons des pi\u00e8ces de rechange d'origine rapidement et exactement adapt\u00e9es, qu'il s'agisse de pi\u00e8ces individuelles, de paquets de pi\u00e8ces de rechange ou d'une strat\u00e9gie de stockage pr\u00e9voyante : nous veillons \u00e0 ce que votre production fonctionne.<\/p>\n\n\n\n<details class=\"wp-block-details has-palette-color-1-color has-text-color has-link-color has-medium-font-size wp-elements-537bb9af085ea1b28c036d5b494cf33f is-layout-flow wp-block-details-is-layout-flow\"><summary><strong>Les avantages en un coup d'\u0153il :<\/strong><\/summary>\n<ul class=\"wp-block-list\">\n<li style=\"font-size:clamp(14px, 0.875rem + ((1vw - 3.2px) * 0.078), 15px);\">Temps de r\u00e9action rapide<\/li>\n\n\n\n<li style=\"font-size:clamp(14px, 0.875rem + ((1vw - 3.2px) * 0.078), 15px);\">Grande disponibilit\u00e9 des pi\u00e8ces de rechange<\/li>\n\n\n\n<li style=\"font-size:clamp(14px, 0.875rem + ((1vw - 3.2px) * 0.078), 15px);\">Envoi dans le monde entier<\/li>\n\n\n\n<li style=\"font-size:clamp(14px, 0.875rem + ((1vw - 3.2px) * 0.078), 15px);\">Gestion des stocks de consignation<\/li>\n\n\n\n<li style=\"font-size:clamp(14px, 0.875rem + ((1vw - 3.2px) * 0.078), 15px);\">Recommandations individuelles de pi\u00e8ces de rechange<\/li>\n\n\n\n<li style=\"font-size:clamp(14px, 0.875rem + ((1vw - 3.2px) * 0.078), 15px);\">Paquets de pi\u00e8ces de rechange<\/li>\n<\/ul>\n<\/details>\n<\/div>\n<\/div>\n\n\n\n<div class=\"wp-block-columns is-layout-flex wp-container-core-columns-is-layout-28f84493 wp-block-columns-is-layout-flex\">\n<div class=\"wp-block-column is-layout-flow wp-block-column-is-layout-flow\">\n<h2 class=\"wp-block-heading\">Formation<\/h2>\n\n\n\n<figure class=\"wp-block-image size-large\"><img loading=\"lazy\" decoding=\"async\" width=\"940\" height=\"627\" src=\"https:\/\/www.elha.de\/wp-content\/uploads\/after-sales-training-940x627.jpg\" alt=\"\" class=\"wp-image-6436\" style=\"aspect-ratio:3\/2;object-fit:cover\" srcset=\"https:\/\/www.elha.de\/wp-content\/uploads\/after-sales-training-940x627.jpg 940w, https:\/\/www.elha.de\/wp-content\/uploads\/after-sales-training-460x307.jpg 460w, https:\/\/www.elha.de\/wp-content\/uploads\/after-sales-training.jpg 1200w\" sizes=\"auto, (max-width: 940px) 100vw, 940px\" \/><\/figure>\n\n\n\n<h3 class=\"wp-block-heading has-text-align-left has-background has-medium-font-size\" style=\"background-color:#0085ba12\">complet &amp; clairement structur\u00e9<\/h3>\n\n\n\n<p>Gr\u00e2ce \u00e0 des formations qualifi\u00e9es, ELHA-Maschinenbau vous permet de programmer, de mettre en route, d'exploiter et de surveiller vos machines ELHA de mani\u00e8re s\u00fbre et efficace. Nous disposons \u00e9galement de services de formation adapt\u00e9s \u00e0 la maintenance pr\u00e9ventive des composants m\u00e9caniques et \u00e9lectriques.<\/p>\n<\/div>\n\n\n\n<div class=\"wp-block-column is-layout-flow wp-block-column-is-layout-flow\">\n<h2 class=\"wp-block-heading\">Machines d'occasion<\/h2>\n\n\n\n<figure class=\"wp-block-image size-large\"><img loading=\"lazy\" decoding=\"async\" width=\"940\" height=\"627\" src=\"https:\/\/www.elha.de\/wp-content\/uploads\/after-sales-gebrauchtmaschinen-940x627.jpg\" alt=\"\" class=\"wp-image-6434\" style=\"aspect-ratio:3\/2;object-fit:cover\" srcset=\"https:\/\/www.elha.de\/wp-content\/uploads\/after-sales-gebrauchtmaschinen-940x627.jpg 940w, https:\/\/www.elha.de\/wp-content\/uploads\/after-sales-gebrauchtmaschinen-460x307.jpg 460w, https:\/\/www.elha.de\/wp-content\/uploads\/after-sales-gebrauchtmaschinen.jpg 1200w\" sizes=\"auto, (max-width: 940px) 100vw, 940px\" \/><\/figure>\n\n\n\n<h3 class=\"wp-block-heading has-background has-medium-font-size\" style=\"background-color:#0085ba12\">pr\u00e9par\u00e9 &amp; adapt\u00e9<\/h3>\n\n\n\n<p>Optez pour une machine d'occasion r\u00e9vis\u00e9e par nos soins. Gr\u00e2ce \u00e0 la reprise ou au rachat cibl\u00e9 de projets de clients, nous sommes en mesure de vous proposer diff\u00e9rentes machines d'occasion. Nous effectuons les r\u00e9visions et les transformations de ces machines selon vos souhaits.<\/p>\n<\/div>\n<\/div>\n\n\n\n<div style=\"height:39px\" aria-hidden=\"true\" class=\"wp-block-spacer\"><\/div>\n\n\n\n<hr class=\"wp-block-separator has-alpha-channel-opacity is-style-wide\"\/>\n\n\n\n<div class=\"wp-block-columns is-layout-flex wp-container-core-columns-is-layout-28f84493 wp-block-columns-is-layout-flex\">\n<div class=\"wp-block-column is-layout-flow wp-block-column-is-layout-flow\" style=\"flex-basis:50%\">\n<p>Pour plus d'informations, t\u00e9l\u00e9chargez notre d\u00e9pliant.<\/p>\n\n\n\n<div class=\"wp-block-buttons is-layout-flex wp-block-buttons-is-layout-flex\"><\/div>\n\n\n\n<div class=\"wp-block-buttons is-layout-flex wp-block-buttons-is-layout-flex\">\n<div class=\"wp-block-button\"><a class=\"wp-block-button__link wp-element-button\" href=\"https:\/\/www.elha.de\/wp-content\/uploads\/after-sales-en-2026.pdf\" target=\"_blank\" rel=\"noreferrer noopener\"><strong>T\u00e9l\u00e9chargement<\/strong><\/a><\/div>\n<\/div>\n<\/div>\n\n\n\n<div class=\"wp-block-column is-layout-flow wp-block-column-is-layout-flow\" style=\"flex-basis:50%\"><\/div>\n<\/div>\n\n\n\n<hr class=\"wp-block-separator has-alpha-channel-opacity is-style-wide\"\/>\n\n\n\n<div class=\"wp-block-contact-form-7-contact-form-selector\">\n<div class=\"wpcf7 no-js\" id=\"wpcf7-f12124-o1\" lang=\"de-DE\" dir=\"ltr\" data-wpcf7-id=\"12124\">\n<div class=\"screen-reader-response\"><p role=\"status\" aria-live=\"polite\" aria-atomic=\"true\"><\/p> <ul><\/ul><\/div>\n<form action=\"\/fr\/wp-json\/wp\/v2\/pages\/2662#wpcf7-f12124-o1\" method=\"post\" class=\"wpcf7-form init\" aria-label=\"Formulaire de contact\" enctype=\"multipart\/form-data\" novalidate=\"novalidate\" data-status=\"init\" data-trp-original-action=\"\/fr\/wp-json\/wp\/v2\/pages\/2662#wpcf7-f12124-o1\">\n<fieldset class=\"hidden-fields-container\"><input type=\"hidden\" name=\"_wpcf7\" value=\"12124\" \/><input type=\"hidden\" name=\"_wpcf7_version\" value=\"6.1.5\" \/><input type=\"hidden\" name=\"_wpcf7_locale\" value=\"de_DE\" \/><input type=\"hidden\" name=\"_wpcf7_unit_tag\" value=\"wpcf7-f12124-o1\" \/><input type=\"hidden\" name=\"_wpcf7_container_post\" value=\"0\" \/><input type=\"hidden\" name=\"_wpcf7_posted_data_hash\" value=\"\" \/>\n<\/fieldset>\n<div class=\"columns\">\n\t<div class=\"column col-6\">\n\t\t<p>\n\t\t\tS\u00e9lection*\n\t\t\t<span class=\"wpcf7-form-control-wrap\" data-name=\"auswahl\"><select class=\"wpcf7-form-control wpcf7-select wpcf7-validates-as-required\" aria-required=\"true\" aria-invalid=\"false\" name=\"auswahl\"><option value=\"Technisches Problem\">Probl\u00e8me technique<\/option><option value=\"Servicekontaktliste anfordern\">Demander la liste des contacts de service<\/option><option value=\"sonstiges\">autre<\/option><\/select><\/span>\n\t\t<\/p>\n\n\t\t<p>\n\t\t\tNom*\n\t\t\t<span class=\"wpcf7-form-control-wrap\" data-name=\"name1\"><input size=\"40\" maxlength=\"400\" class=\"wpcf7-form-control wpcf7-text wpcf7-validates-as-required\" aria-required=\"true\" aria-invalid=\"false\" value=\"\" type=\"text\" name=\"name1\" \/><\/span>\n\t\t<\/p>\n\n\t\t<p>\n\t\t\tE-mail*\n\t\t\t<span class=\"wpcf7-form-control-wrap\" data-name=\"mail\"><input size=\"40\" maxlength=\"400\" class=\"wpcf7-form-control wpcf7-email wpcf7-validates-as-required wpcf7-text wpcf7-validates-as-email\" aria-required=\"true\" aria-invalid=\"false\" value=\"\" type=\"email\" name=\"mail\" \/><\/span>\n\t\t<\/p>\n\n\t\t<p>\n\t\t\tT\u00e9l\u00e9phone*\n\t\t\t<span class=\"wpcf7-form-control-wrap\" data-name=\"telefon\"><input size=\"40\" maxlength=\"400\" class=\"wpcf7-form-control wpcf7-text wpcf7-validates-as-required\" aria-required=\"true\" aria-invalid=\"false\" value=\"\" type=\"text\" name=\"telefon\" \/><\/span>\n\t\t<\/p>\n\n\t\t<p>\n\t\t\tEntreprise*\n\t\t\t<span class=\"wpcf7-form-control-wrap\" data-name=\"unternehmen\"><input size=\"40\" maxlength=\"400\" class=\"wpcf7-form-control wpcf7-text wpcf7-validates-as-required\" aria-required=\"true\" aria-invalid=\"false\" value=\"\" type=\"text\" name=\"unternehmen\" \/><\/span>\n\t\t<\/p>\n\n\t\t<p>\n\t\t\tNum\u00e9ro de machine\n\t\t\t<span class=\"wpcf7-form-control-wrap\" data-name=\"maschinennummer\"><input size=\"40\" maxlength=\"400\" class=\"wpcf7-form-control wpcf7-text\" aria-invalid=\"false\" value=\"\" type=\"text\" name=\"maschinennummer\" \/><\/span>\n\t\t<\/p>\n\t<\/div>\n\n\t<div class=\"column col-6\">\n\t\t<p>\n\t\t\tdescription*\n\t\t\t<span class=\"wpcf7-form-control-wrap\" data-name=\"beschreibung\"><textarea cols=\"40\" rows=\"10\" maxlength=\"2000\" class=\"wpcf7-form-control wpcf7-textarea wpcf7-validates-as-required\" aria-required=\"true\" aria-invalid=\"false\" name=\"beschreibung\"><\/textarea><\/span>\n\t\t<\/p>\n\n\t\t<p>\n\t\t\tFichier max. 10 MB ; Format : PDF, JPG<br>\n\t\t\t<span class=\"wpcf7-form-control-wrap\" data-name=\"anhang\"><input size=\"40\" class=\"wpcf7-form-control wpcf7-file\" accept=\".pdf,.jpg,.jpeg\" aria-invalid=\"false\" type=\"file\" name=\"anhang\" \/><\/span>\n\t\t<\/p>\n\n\t\t<p>\n\t\t\tConfirmer l'image captcha*<br>\n\t\t\t<input type=\"hidden\" name=\"_wpcf7_captcha_challenge_captcha-1\" value=\"270110549\" \/><img loading=\"lazy\" decoding=\"async\" class=\"wpcf7-form-control wpcf7-captchac wpcf7-captcha-captcha-1\" width=\"72\" height=\"24\" alt=\"captcha\" src=\"https:\/\/www.elha.de\/wp-content\/uploads\/wpcf7_captcha\/270110549.png\" \/>\n\t\t\t<span class=\"wpcf7-form-control-wrap\" data-name=\"captcha-1\"><input size=\"40\" class=\"wpcf7-form-control wpcf7-captchar\" autocomplete=\"off\" aria-invalid=\"false\" value=\"\" type=\"text\" name=\"captcha-1\" \/><\/span>\n\t\t<\/p>\n\n\n\t\t<p>\n\t\t\t<span class=\"wpcf7-form-control-wrap\" data-name=\"accept\"><span class=\"wpcf7-form-control wpcf7-acceptance\"><span class=\"wpcf7-list-item\"><input type=\"checkbox\" name=\"accept\" value=\"1\" aria-invalid=\"false\" \/><\/span><\/span><\/span> J'accepte le traitement\/l'enregistrement des donn\u00e9es par ELHA et j'ai lu la d\u00e9claration de confidentialit\u00e9. <a href=\"https:\/\/www.elha.de\/fr\/declaration-de-protection-des-donnees\/\" target=\"_blank\">LINK<\/a>\n\t\t<\/p>\n\n\t\t<input class=\"wpcf7-form-control wpcf7-submit has-spinner btn btn-primary mt-4\" type=\"submit\" value=\"Envoyer\" \/>\n\t<\/div>\n<\/div><div class=\"wpcf7-response-output\" aria-hidden=\"true\"><\/div>\n<input type=\"hidden\" name=\"trp-form-language\" value=\"fr\"\/><\/form>\n<\/div>\n<\/div>\n\n\n\n<p><\/p>","protected":false},"excerpt":{"rendered":"<p>Retrofit, pi\u00e8ces de rechange, entretien &amp; plus<\/p>\n<p>Chez nous, le service machines ne s'arr\u00eate pas \u00e0 la livraison. Avec une offre apr\u00e8s-vente compl\u00e8te, nous veillons \u00e0 ce que votre production soit fiable et<\/p>","protected":false},"author":1,"featured_media":6404,"parent":0,"menu_order":7,"comment_status":"closed","ping_status":"closed","template":"","meta":{"footnotes":""},"class_list":["post-2662","page","type-page","status-publish","has-post-thumbnail","hentry"],"blocksy_meta":{"styles_descriptor":{"styles":{"desktop":"","tablet":"","mobile":""},"google_fonts":[],"version":6},"page_title_panel":"","has_hero_section":"default","f054e8cc3e5d37d141a1d0e2e0575dbf":"","hero_section":"type-1","hero_elements":[{"id":"custom_title","enabled":true,"heading_tag":"h1","title":"Page d'accueil"},{"id":"custom_description","enabled":true,"description_visibility":{"desktop":true,"tablet":true,"mobile":false}},{"id":"custom_meta","enabled":false,"meta_elements":[{"id":"author","enabled":true,"label":"Von","has_author_avatar":"yes","avatar_size":25},{"id":"post_date","enabled":true,"label":"Am","date_format_source":"default","date_format":"M j, Y"},{"id":"updated_date","enabled":false,"label":"Am","date_format_source":"default","date_format":"M j, Y"},{"id":"categories","enabled":false,"label":"In","style":"simple"},{"id":"comments","enabled":true}],"page_meta_elements":{"joined":true,"articles_count":true,"comments":true}},{"id":"breadcrumbs","enabled":false}],"9a9143fc6951f3b644d5a788639a2330":"","hero_alignment1":"CT_CSS_SKIP_RULE","hero_margin":40,"hero_alignment2":"center","hero_vertical_alignment":"center","c229aa3e86a19c578fd55875a52fc3da":"","hero_structure":"narrow","5c53784f9efe0e46ef6b994bc62694a7":"","page_title_bg_type":"featured_image","custom_hero_background":{"attachment_id":null},"parallax":{"desktop":false,"tablet":false,"mobile":false},"6efd0cb035611539b524cb54e143d66d":"","hero_height":"250px","pageTitleFont":{"family":"Default","variation":"Default","size":{"desktop":"32px","tablet":"30px","mobile":"25px"},"line-height":"CT_CSS_SKIP_RULE","letter-spacing":"CT_CSS_SKIP_RULE","text-transform":"CT_CSS_SKIP_RULE","text-decoration":"CT_CSS_SKIP_RULE"},"pageTitleFontColor":{"default":{"color":"CT_CSS_SKIP_RULEDEFAULT"}},"pageMetaFont":{"family":"Default","variation":"n6","size":"12px","line-height":"1.3","letter-spacing":"CT_CSS_SKIP_RULE","text-transform":"uppercase","text-decoration":"CT_CSS_SKIP_RULE"},"pageMetaFontColor":{"default":{"color":"CT_CSS_SKIP_RULEDEFAULT"},"hover":{"color":"CT_CSS_SKIP_RULEDEFAULT"}},"page_meta_button_type_font_colors":{"default":{"color":"CT_CSS_SKIP_RULEDEFAULT"},"hover":{"color":"CT_CSS_SKIP_RULEDEFAULT"}},"page_meta_button_type_background_colors":{"default":{"color":"CT_CSS_SKIP_RULEDEFAULT"},"hover":{"color":"CT_CSS_SKIP_RULEDEFAULT"}},"pageExcerptFont":{"family":"Default","variation":"Default","size":"CT_CSS_SKIP_RULE","line-height":"CT_CSS_SKIP_RULE","letter-spacing":"CT_CSS_SKIP_RULE","text-transform":"CT_CSS_SKIP_RULE","text-decoration":"CT_CSS_SKIP_RULE"},"pageExcerptColor":{"default":{"color":"CT_CSS_SKIP_RULEDEFAULT"}},"breadcrumbsFont":{"family":"Default","variation":"Default","size":"CT_CSS_SKIP_RULE","line-height":"CT_CSS_SKIP_RULE","letter-spacing":"CT_CSS_SKIP_RULE","text-transform":"CT_CSS_SKIP_RULE","text-decoration":"CT_CSS_SKIP_RULE"},"breadcrumbsFontColor":{"default":{"color":"CT_CSS_SKIP_RULEDEFAULT"},"initial":{"color":"CT_CSS_SKIP_RULEDEFAULT"},"hover":{"color":"CT_CSS_SKIP_RULEDEFAULT"}},"pageTitleOverlay":{"default":{"color":"CT_CSS_SKIP_RULE"}},"pageTitleBackground":{"background_type":"color","background_pattern":"type-1","background_image":{"attachment_id":null,"x":0,"y":0},"gradient":"linear-gradient(135deg,rgba(6,147,227,1) 0%,rgb(155,81,224) 100%)","background_repeat":"no-repeat","background_size":"auto","background_attachment":"scroll","patternColor":{"default":{"color":"#e5e7ea"}},"overlayColor":{"default":{"color":"CT_CSS_SKIP_RULE"}},"backgroundColor":{"default":{"color":"var(--theme-palette-color-6)"}}},"pageTitlePadding":{"top":"50px","bottom":"50px","left":"auto","right":"auto","linked":true},"973959ae7180c8614d82f4dbcf45e234":"","page_structure_type":"default","9b3d94d5ff24107669d7fb57a17b474c":"","content_style_source":"inherit","content_style":"wide","vertical_spacing_source":"inherit","content_area_spacing":"both","background":{"background_type":"color","background_pattern":"type-1","background_image":{"attachment_id":null,"x":0,"y":0},"gradient":"linear-gradient(135deg,rgba(6,147,227,1) 0%,rgb(155,81,224) 100%)","background_repeat":"no-repeat","background_size":"auto","background_attachment":"scroll","patternColor":{"default":{"color":"#e5e7ea"}},"overlayColor":{"default":{"color":"CT_CSS_SKIP_RULE"}},"backgroundColor":{"default":{"color":"CT_CSS_SKIP_RULE"}}},"content_background":{"background_type":"color","background_pattern":"type-1","background_image":{"attachment_id":null,"x":0,"y":0},"gradient":"linear-gradient(135deg,rgba(6,147,227,1) 0%,rgb(155,81,224) 100%)","background_repeat":"no-repeat","background_size":"auto","background_attachment":"scroll","patternColor":{"default":{"color":"#e5e7ea"}},"overlayColor":{"default":{"color":"CT_CSS_SKIP_RULE"}},"backgroundColor":{"default":{"color":"var(--theme-palette-color-8)"}}},"content_boxed_shadow":{"inherit":false,"blur":18,"spread":-6,"v_offset":12,"h_offset":0,"inset":false,"enable":true,"color":{"color":"rgba(34, 56, 101, 0.04)"}},"boxed_content_spacing":{"desktop":{"top":"40px","bottom":"40px","left":"40px","right":"40px","linked":true},"tablet":{"top":"35px","bottom":"35px","left":"35px","right":"35px","linked":true},"mobile":{"top":"20px","bottom":"20px","left":"20px","right":"20px","linked":true}},"content_boxed_radius":{"top":"3px","bottom":"3px","left":"3px","right":"3px","linked":true},"16aaa6d7fcbfcb110d45cbb6004753d7":"","disable_featured_image":"yes","disable_header":"no","disable_footer":"no"},"_links":{"self":[{"href":"https:\/\/www.elha.de\/fr\/wp-json\/wp\/v2\/pages\/2662","targetHints":{"allow":["GET"]}}],"collection":[{"href":"https:\/\/www.elha.de\/fr\/wp-json\/wp\/v2\/pages"}],"about":[{"href":"https:\/\/www.elha.de\/fr\/wp-json\/wp\/v2\/types\/page"}],"author":[{"embeddable":true,"href":"https:\/\/www.elha.de\/fr\/wp-json\/wp\/v2\/users\/1"}],"replies":[{"embeddable":true,"href":"https:\/\/www.elha.de\/fr\/wp-json\/wp\/v2\/comments?post=2662"}],"version-history":[{"count":0,"href":"https:\/\/www.elha.de\/fr\/wp-json\/wp\/v2\/pages\/2662\/revisions"}],"wp:featuredmedia":[{"embeddable":true,"href":"https:\/\/www.elha.de\/fr\/wp-json\/wp\/v2\/media\/6404"}],"wp:attachment":[{"href":"https:\/\/www.elha.de\/fr\/wp-json\/wp\/v2\/media?parent=2662"}],"curies":[{"name":"wp","href":"https:\/\/api.w.org\/{rel}","templated":true}]}}