{"id":322,"date":"2016-01-16T17:28:07","date_gmt":"2016-01-16T16:28:07","guid":{"rendered":"https:\/\/www.elha.de\/?page_id=322"},"modified":"2025-09-19T10:59:03","modified_gmt":"2025-09-19T08:59:03","slug":"lequipe-elha","status":"publish","type":"page","link":"https:\/\/www.elha.de\/fr\/unternehmen\/das-elha-team\/","title":{"rendered":"L'\u00e9quipe ELHA"},"content":{"rendered":"<p>Derri\u00e8re ELHA-MASCHINENBAU se trouve une \u00e9quipe de collaborateurs\/trices hautement qualifi\u00e9s et motiv\u00e9s, qui contribuent de mani\u00e8re d\u00e9cisive au succ\u00e8s \u00e0 long terme de l'entreprise. Un esprit d'\u00e9quipe prononc\u00e9, des m\u00e9thodes pragmatiques et des structures l\u00e9g\u00e8res avec des lignes de communication courtes nous permettent d'atteindre l'excellence que nous pratiquons tous les jours et dont vous pouvez \u00e9galement profiter en choisissant ELHA ! Au nom de toute l'\u00e9quipe, nous vous pr\u00e9sentons ci-dessous nos principaux interlocuteurs pour nos d\u00e9partements de direction et de vente.<\/p>\n\n\n\n<div class=\"wp-block-columns is-layout-flex wp-container-core-columns-is-layout-28f84493 wp-block-columns-is-layout-flex\">\n<div class=\"wp-block-column is-layout-flow wp-block-column-is-layout-flow\" style=\"flex-basis:25%\">\n<figure class=\"wp-block-image size-large\"><img loading=\"lazy\" decoding=\"async\" width=\"627\" height=\"940\" src=\"https:\/\/www.elha.de\/wp-content\/uploads\/GF-Shooting-HGL-627x940.webp\" alt=\"Hans-Georg Liemke\" class=\"wp-image-12863\" srcset=\"https:\/\/www.elha.de\/wp-content\/uploads\/GF-Shooting-HGL-627x940.webp 627w, https:\/\/www.elha.de\/wp-content\/uploads\/GF-Shooting-HGL-307x460.webp 307w, https:\/\/www.elha.de\/wp-content\/uploads\/GF-Shooting-HGL-8x12.webp 8w, https:\/\/www.elha.de\/wp-content\/uploads\/GF-Shooting-HGL-200x300.webp 200w, https:\/\/www.elha.de\/wp-content\/uploads\/GF-Shooting-HGL.webp 854w\" sizes=\"auto, (max-width: 627px) 100vw, 627px\" \/><\/figure>\n<\/div>\n\n\n\n<div class=\"wp-block-column is-layout-flow wp-block-column-is-layout-flow\" style=\"flex-basis:75%\">\n<h2 class=\"wp-block-heading\">Hans-Georg Liemke<\/h2>\n\n\n\n<p><strong>Direction<\/strong><\/p>\n\n\n\n<p>Apr\u00e8s des \u00e9tudes d'ing\u00e9nierie m\u00e9canique au Massachusetts Institute of Technology et \u00e0 l'universit\u00e9 de Stanford, Hans-Georg Liemke a travaill\u00e9 comme concepteur chez Plynetics, pionnier du prototypage rapide, et dans la soci\u00e9t\u00e9 de conseil Continuum. Il a rejoint l'entreprise ELHA en 2001 en tant qu'ing\u00e9nieur commercial, avant de passer \u00e0 la direction en 2005. Ses responsabilit\u00e9s se concentrent sur la production, les achats et les services centraux.<\/p>\n<\/div>\n<\/div>\n\n\n\n<div class=\"wp-block-columns is-layout-flex wp-container-core-columns-is-layout-28f84493 wp-block-columns-is-layout-flex\">\n<div class=\"wp-block-column is-layout-flow wp-block-column-is-layout-flow\" style=\"flex-basis:25%\">\n<figure class=\"wp-block-image size-large\"><img loading=\"lazy\" decoding=\"async\" width=\"627\" height=\"940\" src=\"https:\/\/www.elha.de\/wp-content\/uploads\/GF-Shooting-CL-627x940.webp\" alt=\"\" class=\"wp-image-12861\" srcset=\"https:\/\/www.elha.de\/wp-content\/uploads\/GF-Shooting-CL-627x940.webp 627w, https:\/\/www.elha.de\/wp-content\/uploads\/GF-Shooting-CL-307x460.webp 307w, https:\/\/www.elha.de\/wp-content\/uploads\/GF-Shooting-CL-8x12.webp 8w, https:\/\/www.elha.de\/wp-content\/uploads\/GF-Shooting-CL-200x300.webp 200w, https:\/\/www.elha.de\/wp-content\/uploads\/GF-Shooting-CL.webp 854w\" sizes=\"auto, (max-width: 627px) 100vw, 627px\" \/><\/figure>\n<\/div>\n\n\n\n<div class=\"wp-block-column is-layout-flow wp-block-column-is-layout-flow\" style=\"flex-basis:75%\">\n<h2 class=\"wp-block-heading\">Christof Liemke<\/h2>\n\n\n\n<p><strong>Direction<\/strong><\/p>\n\n\n\n<p>Christof Liemke a \u00e9tudi\u00e9 l'\u00e9lectrotechnique et les technologies de l'information \u00e0 l'universit\u00e9 technique de Karlsruhe. Il a ensuite travaill\u00e9 dans la simulation et la programmation de machines-outils. Jusqu'en 2008, il a travaill\u00e9 dans le d\u00e9partement des logiciels d'application CNC chez le fabricant de commandes Beckhoff Automation GmbH. Il est ensuite pass\u00e9 \u00e0 la construction \u00e9lectrique et, un peu plus tard, \u00e0 la direction de ELHA. Au sein de la direction, il est responsable de la vente, du service apr\u00e8s-vente ainsi que du d\u00e9veloppement et de l'\u00e9tude de projets.<\/p>\n<\/div>\n<\/div>\n\n\n\n<div style=\"height:50px\" aria-hidden=\"true\" class=\"wp-block-spacer\"><\/div>\n\n\n\n<div class=\"wp-block-columns is-layout-flex wp-container-core-columns-is-layout-28f84493 wp-block-columns-is-layout-flex\">\n<div class=\"wp-block-column is-layout-flow wp-block-column-is-layout-flow\">\n<figure class=\"wp-block-image size-large is-resized wp-duotone-unset-2\"><img loading=\"lazy\" decoding=\"async\" width=\"627\" height=\"940\" src=\"https:\/\/www.elha.de\/wp-content\/uploads\/GF-Shooting-MG-627x940.webp\" alt=\"\" class=\"wp-image-12862\" style=\"width:250px\" srcset=\"https:\/\/www.elha.de\/wp-content\/uploads\/GF-Shooting-MG-627x940.webp 627w, https:\/\/www.elha.de\/wp-content\/uploads\/GF-Shooting-MG-307x460.webp 307w, https:\/\/www.elha.de\/wp-content\/uploads\/GF-Shooting-MG-8x12.webp 8w, https:\/\/www.elha.de\/wp-content\/uploads\/GF-Shooting-MG-200x300.webp 200w, https:\/\/www.elha.de\/wp-content\/uploads\/GF-Shooting-MG.webp 854w\" sizes=\"auto, (max-width: 627px) 100vw, 627px\" \/><\/figure>\n\n\n\n<p style=\"margin-top:-10px;margin-bottom:-10px\"><strong>Matthias Gie\u00dfler<br><\/strong>Direction technique<\/p>\n<\/div>\n\n\n\n<div class=\"wp-block-column is-layout-flow wp-block-column-is-layout-flow\">\n<figure class=\"wp-block-image size-large is-resized\"><img loading=\"lazy\" decoding=\"async\" width=\"627\" height=\"940\" src=\"https:\/\/www.elha.de\/wp-content\/uploads\/GF-Shooting-PK-627x940.webp\" alt=\"\" class=\"wp-image-12860\" style=\"width:250px\" srcset=\"https:\/\/www.elha.de\/wp-content\/uploads\/GF-Shooting-PK-627x940.webp 627w, https:\/\/www.elha.de\/wp-content\/uploads\/GF-Shooting-PK-307x460.webp 307w, https:\/\/www.elha.de\/wp-content\/uploads\/GF-Shooting-PK-8x12.webp 8w, https:\/\/www.elha.de\/wp-content\/uploads\/GF-Shooting-PK-200x300.webp 200w, https:\/\/www.elha.de\/wp-content\/uploads\/GF-Shooting-PK.webp 854w\" sizes=\"auto, (max-width: 627px) 100vw, 627px\" \/><\/figure>\n\n\n\n<p style=\"margin-top:-10px;margin-bottom:-10px\"><strong>Patrick Klein<br><\/strong>Chef d'\u00e9quipe des ventes<\/p>\n<\/div>\n\n\n\n<div class=\"wp-block-column is-layout-flow wp-block-column-is-layout-flow\">\n<figure class=\"wp-block-image size-large is-resized\"><img loading=\"lazy\" decoding=\"async\" width=\"627\" height=\"940\" src=\"https:\/\/www.elha.de\/wp-content\/uploads\/GF-Shooting-SK-627x940.webp\" alt=\"\" class=\"wp-image-12859\" style=\"width:250px\" srcset=\"https:\/\/www.elha.de\/wp-content\/uploads\/GF-Shooting-SK-627x940.webp 627w, https:\/\/www.elha.de\/wp-content\/uploads\/GF-Shooting-SK-307x460.webp 307w, https:\/\/www.elha.de\/wp-content\/uploads\/GF-Shooting-SK-8x12.webp 8w, https:\/\/www.elha.de\/wp-content\/uploads\/GF-Shooting-SK-200x300.webp 200w, https:\/\/www.elha.de\/wp-content\/uploads\/GF-Shooting-SK.webp 854w\" sizes=\"auto, (max-width: 627px) 100vw, 627px\" \/><\/figure>\n\n\n\n<p style=\"margin-top:-10px;margin-bottom:-10px\"><strong>Stefan Klein<br><\/strong>Responsable d'\u00e9quipe apr\u00e8s-vente<\/p>\n<\/div>\n<\/div>\n\n\n\n<p><\/p>","protected":false},"excerpt":{"rendered":"<p>Derri\u00e8re ELHA-MASCHINENBAU se trouve une \u00e9quipe de collaborateurs\/trices hautement qualifi\u00e9s et motiv\u00e9s, qui contribuent de mani\u00e8re d\u00e9cisive au succ\u00e8s \u00e0 long terme de l'entreprise. L'esprit d'\u00e9quipe prononc\u00e9, les approches pragmatiques ainsi que les<\/p>","protected":false},"author":1,"featured_media":12870,"parent":24,"menu_order":2,"comment_status":"closed","ping_status":"closed","template":"","meta":{"footnotes":""},"class_list":["post-322","page","type-page","status-publish","has-post-thumbnail","hentry"],"blocksy_meta":{"styles_descriptor":{"styles":{"desktop":"","tablet":"","mobile":""},"google_fonts":[],"version":6}},"_links":{"self":[{"href":"https:\/\/www.elha.de\/fr\/wp-json\/wp\/v2\/pages\/322","targetHints":{"allow":["GET"]}}],"collection":[{"href":"https:\/\/www.elha.de\/fr\/wp-json\/wp\/v2\/pages"}],"about":[{"href":"https:\/\/www.elha.de\/fr\/wp-json\/wp\/v2\/types\/page"}],"author":[{"embeddable":true,"href":"https:\/\/www.elha.de\/fr\/wp-json\/wp\/v2\/users\/1"}],"replies":[{"embeddable":true,"href":"https:\/\/www.elha.de\/fr\/wp-json\/wp\/v2\/comments?post=322"}],"version-history":[{"count":0,"href":"https:\/\/www.elha.de\/fr\/wp-json\/wp\/v2\/pages\/322\/revisions"}],"up":[{"embeddable":true,"href":"https:\/\/www.elha.de\/fr\/wp-json\/wp\/v2\/pages\/24"}],"wp:featuredmedia":[{"embeddable":true,"href":"https:\/\/www.elha.de\/fr\/wp-json\/wp\/v2\/media\/12870"}],"wp:attachment":[{"href":"https:\/\/www.elha.de\/fr\/wp-json\/wp\/v2\/media?parent=322"}],"curies":[{"name":"wp","href":"https:\/\/api.w.org\/{rel}","templated":true}]}}