{"id":327,"date":"2016-01-16T17:39:38","date_gmt":"2016-01-16T16:39:38","guid":{"rendered":"https:\/\/www.elha.de\/?page_id=327"},"modified":"2025-09-17T15:51:11","modified_gmt":"2025-09-17T13:51:11","slug":"a-propos-de-nous","status":"publish","type":"page","link":"https:\/\/www.elha.de\/fr\/unternehmen\/ueber-uns\/","title":{"rendered":"\u00c0 propos de nous"},"content":{"rendered":"<p>\n\tAvec le nom LH (plus tard ELHA), qui se compose de l'abr\u00e9viation de \"Liemke H\u00f6velhof\", une entreprise de fabrication de machines-outils pour l'industrie de transformation du bois et des m\u00e9taux a vu le jour vers 1930 \u00e0 partir d'un commerce de mat\u00e9riel \u00e9lectrique.\n<\/p>\n\n\n\n<p>\n\tAujourd'hui, nous sommes connus pour nos centres d'usinage, nos machines sp\u00e9ciales et nos modules de production sur mesure. De nombreux secteurs, dont les fabricants de roulements de grande taille, les constructeurs automobiles et leurs sous-traitants, font confiance \u00e0 notre exp\u00e9rience et \u00e0 notre comp\u00e9tence dans le d\u00e9veloppement et la r\u00e9alisation de processus d'usinage hautement productifs ainsi que dans la conception et la fabrication de machines-outils, le plus souvent \u00e0 enl\u00e8vement de copeaux, et de solutions cl\u00e9s en main.\n<\/p>\n\n\n\n<p>\n    Nos 240 collaborateurs travaillent de mani\u00e8re responsable \u00e0 l'am\u00e9lioration constante de la qualit\u00e9 des produits et des services, afin de garantir la fiabilit\u00e9 et la maintenabilit\u00e9. La satisfaction de nos clients, mais aussi de nos collaborateurs, est au c\u0153ur de notre politique d'entreprise.\n<\/p>\n\n\n\n<p>\n\tLes machines et solutions de fabrication ELHA sont hautement productives, s\u00fbres, de haute qualit\u00e9 et durables. Nos collaborateurs sont des professionnels enthousiastes qui accompagnent chaque \u00e9tape de l'investissement pr\u00e9vu, bien au-del\u00e0 de la mise en service. Nous vous fournissons la solution en m\u00eame temps que l'enthousiasme.\n<\/p>","protected":false},"excerpt":{"rendered":"<p>\tAvec le nom LH (plus tard ELHA), qui se compose de l'abr\u00e9viation de \"Liemke H\u00f6velhof\", une entreprise est n\u00e9e vers 1930 \u00e0 partir d'un commerce de mat\u00e9riel \u00e9lectrique.<\/p>","protected":false},"author":1,"featured_media":598,"parent":24,"menu_order":1,"comment_status":"closed","ping_status":"closed","template":"","meta":{"footnotes":""},"class_list":["post-327","page","type-page","status-publish","has-post-thumbnail","hentry"],"blocksy_meta":{"styles_descriptor":{"styles":{"desktop":"","tablet":"","mobile":""},"google_fonts":[],"version":6}},"_links":{"self":[{"href":"https:\/\/www.elha.de\/fr\/wp-json\/wp\/v2\/pages\/327","targetHints":{"allow":["GET"]}}],"collection":[{"href":"https:\/\/www.elha.de\/fr\/wp-json\/wp\/v2\/pages"}],"about":[{"href":"https:\/\/www.elha.de\/fr\/wp-json\/wp\/v2\/types\/page"}],"author":[{"embeddable":true,"href":"https:\/\/www.elha.de\/fr\/wp-json\/wp\/v2\/users\/1"}],"replies":[{"embeddable":true,"href":"https:\/\/www.elha.de\/fr\/wp-json\/wp\/v2\/comments?post=327"}],"version-history":[{"count":0,"href":"https:\/\/www.elha.de\/fr\/wp-json\/wp\/v2\/pages\/327\/revisions"}],"up":[{"embeddable":true,"href":"https:\/\/www.elha.de\/fr\/wp-json\/wp\/v2\/pages\/24"}],"wp:featuredmedia":[{"embeddable":true,"href":"https:\/\/www.elha.de\/fr\/wp-json\/wp\/v2\/media\/598"}],"wp:attachment":[{"href":"https:\/\/www.elha.de\/fr\/wp-json\/wp\/v2\/media?parent=327"}],"curies":[{"name":"wp","href":"https:\/\/api.w.org\/{rel}","templated":true}]}}