{"id":41,"date":"2015-11-08T00:31:09","date_gmt":"2015-11-07T23:31:09","guid":{"rendered":"https:\/\/www.elha.de\/?page_id=41"},"modified":"2025-05-22T16:03:36","modified_gmt":"2025-05-22T14:03:36","slug":"qualite-et-environnement","status":"publish","type":"page","link":"https:\/\/www.elha.de\/fr\/unternehmen\/qualitaet-und-umwelt\/","title":{"rendered":"Qualit\u00e9 et environnement"},"content":{"rendered":"<p>L'un des principaux objectifs de notre entreprise est d'atteindre le plus haut niveau de qualit\u00e9 pour nos produits et services. Notre responsabilit\u00e9 \u00e9cologique \u00e0 l'\u00e9gard des g\u00e9n\u00e9rations actuelles et futures est \u00e9galement importante, notamment en ce qui concerne l'utilisation des ressources naturelles.<\/p>\n\n\n\n<p>Afin de pouvoir continuer \u00e0 fournir \u00e0 nos clients des machines de haute qualit\u00e9, nos produits et processus sont soumis \u00e0 des \u00e9tapes de processus et de contr\u00f4le bien d\u00e9finies, avec pour objectif un processus d'am\u00e9lioration continue (PAC). Chez ELHA, le processus d'am\u00e9lioration est soutenu par diff\u00e9rentes m\u00e9thodes telles que l'optimisation des processus, la planification pr\u00e9alable de la qualit\u00e9, la gestion de la qualit\u00e9 et de l'environnement ainsi que les audits internes, pour n'en citer que quelques-unes.<\/p>\n\n\n\n<p>Nous avons fait de la r\u00e9alisation des contenus de cette politique d'entreprise ainsi que du processus d'am\u00e9lioration continue notre devise. C'est pourquoi nous nous engageons \u00e0 respecter toutes les exigences du syst\u00e8me interne de gestion de la qualit\u00e9 et de l'environnement afin d'augmenter la satisfaction des clients et d'optimiser nos prestations.<\/p>\n\n\n\n<h2 class=\"wp-block-heading\">Certificats<\/h2>\n\n\n\n\n\n<!-- ENGLISCH (NUR LINKS!) -->\r\n<div class=\"columns\">\r\n\t<div class=\"column col-4\">\r\n\t\t<h5>DIN EN ISO 9001:2015<\/h5>\r\n\t\t<a href=\"https:\/\/www.elha.de\/wp-content\/uploads\/certificate-9001.pdf\" target=\"_blank\" rel=\"noopener noreferrer\" class=\"elha-document-link\">\r\n\t\t\t<img decoding=\"async\" src=\"https:\/\/www.elha.de\/wp-content\/uploads\/certificate-9001-preview.png\" alt=\"Certificat - DIN EN ISO 9001:2015\">\r\n\t\t<\/a>\r\n\t<\/div>\r\n\r\n\t<div class=\"column col-4\">\r\n\t\t<h5>DIN EN ISO 14001:2015<\/h5>\r\n\t\t<a href=\"https:\/\/www.elha.de\/wp-content\/uploads\/certificate-14001.pdf\" target=\"_blank\" rel=\"noopener noreferrer\" class=\"elha-document-link\">\r\n\t\t\t<img decoding=\"async\" src=\"https:\/\/www.elha.de\/wp-content\/uploads\/certificate-14001-preview.png\" alt=\"Certificat - DIN EN ISO 14001:2015\">\r\n\t\t<\/a>\r\n\t<\/div>\r\n<\/div>\n\n\n\n<h2 class=\"wp-block-heading\">Initiative pour le climat<\/h2>\n\n\n\n<p id=\"block-e3def1bf-2383-40f1-a895-5d53f95d83a5\">L'efficacit\u00e9 \u00e9nerg\u00e9tique dans la production et l'utilisation \u00e9conomique des mati\u00e8res premi\u00e8res ne sont pas seulement des objectifs strat\u00e9giques de ELHA-MASCHINENBAU, il s'agit plut\u00f4t pour nous d'une obligation sociale. C'est pourquoi nous sommes heureux d'annoncer que ELHA-MASCHINENBAU participera \u00e0 l'avenir \u00e0 l'initiative climatique de l'\u00e9conomie de l'OWL et s'engagera ainsi bien au-del\u00e0 des r\u00e9glementations l\u00e9gales pour une utilisation durable des mati\u00e8res premi\u00e8res et une efficacit\u00e9 \u00e9nerg\u00e9tique.<\/p>\n\n\n\n<p>En tant que participant \u00e0 l'initiative climatique, nous avons l'intention d'\u00eatre totalement neutres en termes de CO2 d'ici 2030. Les projets comprennent par exemple des possibilit\u00e9s alternatives au chauffage au gaz gr\u00e2ce \u00e0 des installations de chauffage \u00e0 distance, g\u00e9othermiques ou photovolta\u00efques, mais aussi la conversion \u00e0 long terme du parc de v\u00e9hicules, qui a d\u00e9j\u00e0 commenc\u00e9. Et aussi nos propres produits, car le nouveau module de cin\u00e9matique parall\u00e8le est un exemple parfait en termes d'efficacit\u00e9 \u00e9nerg\u00e9tique : faible masse en mouvement, composants l\u00e9gers et une fraction seulement de l'\u00e9nergie n\u00e9cessaire par rapport aux machines-outils classiques.<\/p>\n\n\n\n<figure class=\"wp-block-image aligncenter size-medium is-resized\"><a href=\"https:\/\/www.ostwestfalen.ihk.de\/unternehmen-entwickeln\/umwelt\/klimainitiative-owl\/\" target=\"_blank\" rel=\" noreferrer noopener nofollow\"><img loading=\"lazy\" decoding=\"async\" width=\"460\" height=\"388\" src=\"https:\/\/www.elha.de\/wp-content\/uploads\/05-BP-Klima-Initiative-Teilnehmer-blau-pos-460x388.jpg\" alt=\"\" class=\"wp-image-11510\" style=\"aspect-ratio:16\/9;object-fit:cover;width:460px\" srcset=\"https:\/\/www.elha.de\/wp-content\/uploads\/05-BP-Klima-Initiative-Teilnehmer-blau-pos-460x388.jpg 460w, https:\/\/www.elha.de\/wp-content\/uploads\/05-BP-Klima-Initiative-Teilnehmer-blau-pos-940x793.jpg 940w, https:\/\/www.elha.de\/wp-content\/uploads\/05-BP-Klima-Initiative-Teilnehmer-blau-pos.jpg 980w\" sizes=\"auto, (max-width: 460px) 100vw, 460px\" \/><\/a><\/figure>","protected":false},"excerpt":{"rendered":"<p>L'un des principaux objectifs de notre entreprise est d'atteindre le plus haut niveau de qualit\u00e9 pour nos produits et services. Notre responsabilit\u00e9 \u00e9cologique vis-\u00e0-vis de nos clients actuels et futurs est \u00e9galement importante.<\/p>","protected":false},"author":1,"featured_media":7372,"parent":24,"menu_order":4,"comment_status":"closed","ping_status":"closed","template":"","meta":{"footnotes":""},"class_list":["post-41","page","type-page","status-publish","has-post-thumbnail","hentry"],"blocksy_meta":{"styles_descriptor":{"styles":{"desktop":"","tablet":"","mobile":""},"google_fonts":[],"version":6}},"_links":{"self":[{"href":"https:\/\/www.elha.de\/fr\/wp-json\/wp\/v2\/pages\/41","targetHints":{"allow":["GET"]}}],"collection":[{"href":"https:\/\/www.elha.de\/fr\/wp-json\/wp\/v2\/pages"}],"about":[{"href":"https:\/\/www.elha.de\/fr\/wp-json\/wp\/v2\/types\/page"}],"author":[{"embeddable":true,"href":"https:\/\/www.elha.de\/fr\/wp-json\/wp\/v2\/users\/1"}],"replies":[{"embeddable":true,"href":"https:\/\/www.elha.de\/fr\/wp-json\/wp\/v2\/comments?post=41"}],"version-history":[{"count":0,"href":"https:\/\/www.elha.de\/fr\/wp-json\/wp\/v2\/pages\/41\/revisions"}],"up":[{"embeddable":true,"href":"https:\/\/www.elha.de\/fr\/wp-json\/wp\/v2\/pages\/24"}],"wp:featuredmedia":[{"embeddable":true,"href":"https:\/\/www.elha.de\/fr\/wp-json\/wp\/v2\/media\/7372"}],"wp:attachment":[{"href":"https:\/\/www.elha.de\/fr\/wp-json\/wp\/v2\/media?parent=41"}],"curies":[{"name":"wp","href":"https:\/\/api.w.org\/{rel}","templated":true}]}}