{"id":4669,"date":"2016-06-18T19:12:53","date_gmt":"2016-06-18T17:12:53","guid":{"rendered":"https:\/\/www.elha.de\/?page_id=4669"},"modified":"2025-02-28T10:03:58","modified_gmt":"2025-02-28T09:03:58","slug":"points-forts","status":"publish","type":"page","link":"https:\/\/www.elha.de\/fr\/maschinen\/vertikale-dreh-fraeszentren\/highlights\/","title":{"rendered":"Points forts"},"content":{"rendered":"<div class=\"columns\">\r\n\t<div class=\"column col-6 col-md-12\">\r\n\t\t<p>La s\u00e9rie VTM vous offre toute une s\u00e9rie de points forts qui se distinguent \u00e9galement avantageusement dans votre production par une productivit\u00e9, une flexibilit\u00e9 et une fiabilit\u00e9 correspondantes :<\/p>\r\n\t\t<ul>\r\n\t\t\t<li>ELHA SDD - le moteur \u00e0 segments brevet\u00e9 Entra\u00eenement direct de la table tournante avec une pr\u00e9cision de positionnement et une dynamique maximales<\/li>\r\n\t\t\t<li>Base de machine solide, calcul\u00e9e par \u00e9l\u00e9ments finis et peu encombrante, compos\u00e9e de composants en mat\u00e9riaux composites<\/li>\r\n\t\t\t<li>Guidage hydrostatique et palier de tous les axes lin\u00e9aires et rotatifs<\/li>\r\n\t\t\t<li>Syst\u00e8me modulaire sophistiqu\u00e9 avec des possibilit\u00e9s d'\u00e9quipement flexibles et individuelles<\/li>\r\n\t\t\t<li>Concept de RAM stable et performant avec une technologie d'entra\u00eenement et d'agr\u00e9gat frontal innovante<\/li>\r\n\t\t\t<li>Nombreuses variantes pour les magasins d'outils et d'accessoires<\/li>\r\n\t\t\t<li>Usinage simultan\u00e9 5 faces\/5 axes de haute pr\u00e9cision gr\u00e2ce \u00e0 la fonction double axe C<\/li>\r\n\t\t\t<li>Grande stabilit\u00e9 thermique et efficacit\u00e9 \u00e9nerg\u00e9tique gr\u00e2ce \u00e0 un concept de refroidissement efficace avec \u00e9vacuation contr\u00f4l\u00e9e de la chaleur et possibilit\u00e9s de r\u00e9cup\u00e9ration de l'\u00e9nergie<\/li>\r\n\t\t<\/ul>\r\n\t<\/div>\r\n\r\n\t<div class=\"column col-6 col-md-12\">\r\n\t\t<a href=\"https:\/\/www.elha.de\/wp-content\/uploads\/vtm-werkstuecke-beispiele.jpg\"  class=\"lightbox elha-image-lightbox border\">\r\n\t\t\t<img decoding=\"async\" src=\"https:\/\/www.elha.de\/wp-content\/uploads\/vtm-werkstuecke-beispiele-460x307.jpg\" alt=\"VTM Pi\u00e8ces \u00e0 usiner\">\r\n\t\t<\/a>\r\n\t\t<p>Applications possibles<\/p>\r\n\t<\/div>\r\n<\/div>\r\n\r\n\r\n\r\n<div class=\"columns\">\r\n\t<div class=\"column col-6 col-md-12\">\r\n\t\t\r\n\t\t\r\n\t\t\t<div class=\"elha-youtube-lightbox\"><a href=\"https:\/\/www.youtube-nocookie.com\/embed\/aAjBPTVPuVY\" class=\"lightbox\" rel=\"nofollow noopener\" target=\"_blank\"><img decoding=\"async\" src=\"https:\/\/www.elha.de\/wp-content\/uploads\/vtm-anwenderstory-video.jpg\" alt=\"\"><\/a><span>Accepter la transmission des donn\u00e9es \u00e0 YouTube et lire la vid\u00e9o - <a href=\"https:\/\/www.elha.de\/fr\/declaration-de-protection-des-donnees\/\">D\u00e9claration de confidentialit\u00e9<\/a><\/span><\/div>\r\n\t\t\r\n\t\t<p>L'histoire de l'utilisateur VTM<\/p>\r\n\t<\/div>\r\n\r\n\t<div class=\"column col-6 col-md-12\">\r\n\t\t\r\n\t\t\r\n\t\t\t<div class=\"elha-youtube-lightbox\"><a href=\"https:\/\/www.youtube-nocookie.com\/embed\/reehd_bjUx8\" class=\"lightbox\" rel=\"nofollow noopener\" target=\"_blank\"><img decoding=\"async\" src=\"https:\/\/www.elha.de\/wp-content\/uploads\/vtm-vertikale-dreh-fraeszentren-video.jpg\" alt=\"\"><\/a><span>Accepter la transmission des donn\u00e9es \u00e0 YouTube et lire la vid\u00e9o - <a href=\"https:\/\/www.elha.de\/fr\/declaration-de-protection-des-donnees\/\">D\u00e9claration de confidentialit\u00e9<\/a><\/span><\/div>\r\n\t\t\r\n\t\t<p>VTM Centres de tournage-fraisage verticaux<\/p>\r\n\t<\/div>\r\n<\/div>\r\n\r\n\r\n\r\n<div class=\"clearfix\">\r\n\t<a href=\"https:\/\/www.elha.de\/fr\/machines\/centres-de-fraisage-rotatifs-verticaux\/systeme-modulaire\/\" class=\"btn float-right\">page suivante&gt;<\/a>\r\n<\/div>","protected":false},"excerpt":{"rendered":"<p>\t\tLa s\u00e9rie VTM vous offre toute une s\u00e9rie de points forts qui se distinguent \u00e9galement avantageusement dans votre production par une productivit\u00e9, une flexibilit\u00e9 et une fiabilit\u00e9 correspondantes :<\/p>\n<p>\t\t\tELHA<\/p>","protected":false},"author":1,"featured_media":4781,"parent":1647,"menu_order":1,"comment_status":"closed","ping_status":"closed","template":"","meta":{"footnotes":""},"class_list":["post-4669","page","type-page","status-publish","has-post-thumbnail","hentry"],"blocksy_meta":{"styles_descriptor":{"styles":{"desktop":"","tablet":"","mobile":""},"google_fonts":[],"version":6}},"_links":{"self":[{"href":"https:\/\/www.elha.de\/fr\/wp-json\/wp\/v2\/pages\/4669","targetHints":{"allow":["GET"]}}],"collection":[{"href":"https:\/\/www.elha.de\/fr\/wp-json\/wp\/v2\/pages"}],"about":[{"href":"https:\/\/www.elha.de\/fr\/wp-json\/wp\/v2\/types\/page"}],"author":[{"embeddable":true,"href":"https:\/\/www.elha.de\/fr\/wp-json\/wp\/v2\/users\/1"}],"replies":[{"embeddable":true,"href":"https:\/\/www.elha.de\/fr\/wp-json\/wp\/v2\/comments?post=4669"}],"version-history":[{"count":0,"href":"https:\/\/www.elha.de\/fr\/wp-json\/wp\/v2\/pages\/4669\/revisions"}],"up":[{"embeddable":true,"href":"https:\/\/www.elha.de\/fr\/wp-json\/wp\/v2\/pages\/1647"}],"wp:featuredmedia":[{"embeddable":true,"href":"https:\/\/www.elha.de\/fr\/wp-json\/wp\/v2\/media\/4781"}],"wp:attachment":[{"href":"https:\/\/www.elha.de\/fr\/wp-json\/wp\/v2\/media?parent=4669"}],"curies":[{"name":"wp","href":"https:\/\/api.w.org\/{rel}","templated":true}]}}