{"id":4688,"date":"2016-06-18T20:13:03","date_gmt":"2016-06-18T18:13:03","guid":{"rendered":"https:\/\/www.elha.de\/?page_id=4688"},"modified":"2025-05-22T16:50:47","modified_gmt":"2025-05-22T14:50:47","slug":"systeme-modulaire","status":"publish","type":"page","link":"https:\/\/www.elha.de\/fr\/maschinen\/vertikale-dreh-fraeszentren\/baukastensystem\/","title":{"rendered":"Le syst\u00e8me modulaire VTM"},"content":{"rendered":"<p>\r\n\tLe syst\u00e8me modulaire VTM permet de configurer les machines en centres de tournage et de fraisage multifonctionnels pour un usinage complet et \u00e9conomique dans une plage de diam\u00e8tres de table de 2 500 \u00e0 8 000 mm et des hauteurs de pi\u00e8ces pouvant atteindre 5 150 mm. Toutes les machines sont \u00e9quip\u00e9es de deux montants ainsi que d'une ou deux unit\u00e9s de travail RAM. En option, toutes les variantes sont \u00e9galement disponibles avec une traverse r\u00e9glable (axe W). Les autres avantages de ce concept sont une fiabilit\u00e9 et une disponibilit\u00e9 \u00e9lev\u00e9es ainsi que des avantages en termes de co\u00fbts gr\u00e2ce \u00e0 des composants de machine \u00e9prouv\u00e9s et standardis\u00e9s.\r\n<\/p>\r\n<div>\r\n\t\r\n\t\r\n\t\t<img decoding=\"async\" src=\"https:\/\/www.elha.de\/wp-content\/uploads\/vtm-turning-milling-variants.jpg\" alt=\"Variantes du VTM\">\r\n\t\r\n<\/div>\r\n\r\n\r\n\r\n<table>\r\n\t<thead>\r\n\t\t<tr>\r\n\t\t\t<th><\/th>\r\n\t\t\t<th><\/th>\r\n\t\t\t<th>25<\/th>\r\n\t\t\t<th>30<\/th>\r\n\t\t\t<th>35<\/th>\r\n\t\t\t<th>40<\/th>\r\n\t\t\t<th>45<\/th>\r\n\t\t\t<th>50<\/th>\r\n\t\t\t<th>55<\/th>\r\n\t\t\t<th>60<\/th>\r\n\t\t\t<th>70<\/th>\r\n\t\t\t<th>80<\/th>\r\n\t\t<\/tr>\r\n\t<\/thead>\r\n\r\n\t<tbody>\r\n\t\t<tr>\r\n\t\t\t<td>Diam\u00e8tre de la table<\/td>\r\n\t\t\t<td>mm<\/td>\r\n\t\t\t<td>2.500<\/td>\r\n\t\t\t<td>3.000<\/td>\r\n\t\t\t<td>3.500<\/td>\r\n\t\t\t<td>4.000<\/td>\r\n\t\t\t<td>4.500<\/td>\r\n\t\t\t<td>5.000<\/td>\r\n\t\t\t<td>5.500<\/td>\r\n\t\t\t<td>6.000<\/td>\r\n\t\t\t<td>7.000<\/td>\r\n\t\t\t<td>8.000<\/td>\r\n\t\t<\/tr>\r\n\t\t<tr>\r\n\t\t\t<td>Diam\u00e8tre de rotation<\/td>\r\n\t\t\t<td>mm<\/td>\r\n\t\t\t<td>2.800<\/td>\r\n\t\t\t<td>3.300<\/td>\r\n\t\t\t<td>3.800<\/td>\r\n\t\t\t<td>4.300<\/td>\r\n\t\t\t<td>4.800<\/td>\r\n\t\t\t<td>5.500<\/td>\r\n\t\t\t<td>6.000<\/td>\r\n\t\t\t<td>6.500<\/td>\r\n\t\t\t<td>7.500<\/td>\r\n\t\t\t<td>8.500<\/td>\r\n\t\t<\/tr>\r\n\t\t<tr>\r\n\t\t\t<td>Nombre de pi\u00e8ces max. Poids de la pi\u00e8ce<\/td>\r\n\t\t\t<td>t<\/td>\r\n\t\t\t<td>15<\/td>\r\n\t\t\t<td>20<\/td>\r\n\t\t\t<td>30<\/td>\r\n\t\t\t<td>40<\/td>\r\n\t\t\t<td>50<\/td>\r\n\t\t\t<td>60<\/td>\r\n\t\t\t<td>70<\/td>\r\n\t\t\t<td>85<\/td>\r\n\t\t\t<td>110<\/td>\r\n\t\t\t<td>140<\/td>\r\n\t\t<\/tr>\r\n\t\t<tr>\r\n\t\t\t<td>Hauteur max. Hauteur de rotation<\/td>\r\n\t\t\t<td>mm<\/td>\r\n\t\t\t<td colspan=\"10\" class=\"text-center\">5000<\/td>\r\n\t\t<\/tr>\r\n\t\t<tr>\r\n\t\t\t<td>Broche d'entra\u00eenement<\/td>\r\n\t\t\t<td>kW<\/td>\r\n\t\t\t<td colspan=\"10\" class=\"text-center\">37 \/ 60 \/ 70<\/td>\r\n\t\t<\/tr>\r\n\t\t<tr>\r\n\t\t\t<td>Section transversale de la RAM<\/td>\r\n\t\t\t<td>mm<\/td>\r\n\t\t\t<td colspan=\"10\" class=\"text-center\">360\u00d7400 \/ 500\u00d7500 \/ 600\u00d7600 <\/td>\r\n\t\t<\/tr>\r\n\t\t<tr>\r\n\t\t\t<td>Puissance de l'entra\u00eenement de la table (S1)<\/td>\r\n\t\t\t<td>kW<\/td>\r\n\t\t\t<td colspan=\"10\" class=\"text-center\">\u00e9volutif<\/td>\r\n\t\t<\/tr>\r\n\t\t<tr>\r\n\t\t\t<td>Couple de table (S1)<\/td>\r\n\t\t\t<td>kNm<\/td>\r\n\t\t\t<td colspan=\"10\" class=\"text-center\">\u00e9volutif<\/td>\r\n\t\t<\/tr>\r\n\t\t<tr>\r\n\t\t\t<td>Vitesse de rotation max. Vitesse de rotation de la table<\/td>\r\n\t\t\t<td>min<sup>-1<\/sup><\/td>\r\n\t\t\t<td colspan=\"10\" class=\"text-center\">\u00e9volutif<\/td>\r\n\t\t<\/tr>\r\n\t<\/tbody>\r\n<\/table>\r\n\r\n\r\n\r\n<h2>Concept de RAM performant<\/h2>\r\n\r\n<div class=\"columns\">\r\n\t<div class=\"column col-8\">\r\n\t\t<p>\r\n\t\t\tLes unit\u00e9s de travail RAM de la s\u00e9rie VTM offrent une s\u00e9rie de technologies innovantes pour un usinage de haute pr\u00e9cision stable et pr\u00e9cis ainsi que des possibilit\u00e9s extr\u00eamement flexibles pour les exigences les plus diverses en mati\u00e8re de tournage, de per\u00e7age et de fraisage.\r\n\t\t<\/p>\r\n\r\n\t\t<ul>\r\n\t\t\t<li>Choix vari\u00e9 de configurations pour la puissance, la section et les longueurs de coulisseau<\/li>\r\n\t\t\t<li>Entra\u00eenement de la broche d'outil int\u00e9gr\u00e9 dans le RAM avec bo\u00eete de vitesses \u00e0 2 niveaux<\/li>\r\n\t\t\t<li>Arbre d'entra\u00eenement en CFK pour m\u00e9nager l'entra\u00eenement et assurer une dynamique \u00e9lev\u00e9e<\/li>\r\n\t\t\t<li>Entra\u00eenement \u00e0 pignon et cr\u00e9maill\u00e8re \u00e0 serrage \u00e9lectrique ma\u00eetre-esclave pour une dynamique et une pr\u00e9cision de positionnement maximales dans l'axe X lors de processus de per\u00e7age et de filetage rapides<\/li>\r\n\t\t\t<li>Logement stable avec accouplement Hirth et alimentation en \u00e9nergie pour le raccordement de diff\u00e9rents groupes auxiliaires, y compris l'auto-d\u00e9tection<\/li>\r\n\t\t<\/ul>\r\n\r\n\t\t<table>\r\n\t\t\t<thead>\r\n\t\t\t\t<tr>\r\n\t\t\t\t\t<th><\/th>\r\n\t\t\t\t\t<th colspan=\"3\" scope=\"col\">Puissance \/ kW (S1)<\/th>\r\n\t\t\t\t\t<th colspan=\"5\" scope=\"col\">Course du coulisseau \/ mm<\/th>\r\n\t\t\t\t<\/tr>\r\n\r\n\t\t\t\t<tr>\r\n\t\t\t\t\t<th>Poussoir mm<\/th>\r\n\t\t\t\t\t<th>37<\/th>\r\n\t\t\t\t\t<th>60<\/th>\r\n\t\t\t\t\t<th>70<\/th>\r\n\t\t\t\t\t<th>1250<\/th>\r\n\t\t\t\t\t<th>1600<\/th>\r\n\t\t\t\t\t<th>2000<\/th>\r\n\t\t\t\t\t<th>2500<\/th>\r\n\t\t\t\t\t<th>3000<\/th>\r\n\t\t\t\t<\/tr>\r\n\t\t\t<\/thead>\r\n\r\n\t\t\t<tbody>\r\n\t\t\t\t<tr>\r\n\t\t\t\t\t<td>360 x 400<\/td>\r\n\t\t\t\t\t<td>\u25a0<\/td>\r\n\t\t\t\t\t<td>\u25a1<\/td>\r\n\t\t\t\t\t<td><\/td>\r\n\t\t\t\t\t<td>\u25a0<\/td>\r\n\t\t\t\t\t<td>\u25a1<\/td>\r\n\t\t\t\t\t<td>\u25a1<\/td>\r\n\t\t\t\t\t<td><\/td>\r\n\t\t\t\t\t<td><\/td>\r\n\t\t\t\t<\/tr>\r\n\r\n\t\t\t\t<tr>\r\n\t\t\t\t\t<td>500 x 500<\/td>\r\n\t\t\t\t\t<td>\u25a0<\/td>\r\n\t\t\t\t\t<td>\u25a1<\/td>\r\n\t\t\t\t\t<td><\/td>\r\n\t\t\t\t\t<td>\u25a0<\/td>\r\n\t\t\t\t\t<td>\u25a1<\/td>\r\n\t\t\t\t\t<td>\u25a1<\/td>\r\n\t\t\t\t\t<td>\u25a1<\/td>\r\n\t\t\t\t\t<td><\/td>\r\n\t\t\t\t<\/tr>\r\n\r\n\t\t\t\t<tr>\r\n\t\t\t\t\t<td>600 x 600<\/td>\r\n\t\t\t\t\t<td>\u25a0<\/td>\r\n\t\t\t\t\t<td>\u25a1<\/td>\r\n\t\t\t\t\t<td>\u25a1<\/td>\r\n\t\t\t\t\t<td><\/td>\r\n\t\t\t\t\t<td>\u25a0<\/td>\r\n\t\t\t\t\t<td>\u25a1<\/td>\r\n\t\t\t\t\t<td>\u25a1<\/td>\r\n\t\t\t\t\t<td>\u25a1<\/td>\r\n\t\t\t\t<\/tr>\r\n\t\t\t<\/tbody>\r\n\t\t<\/table>\r\n\t<\/div>\r\n\r\n\t<div class=\"column col-4\">\r\n\t\t<a href=\"https:\/\/www.elha.de\/wp-content\/uploads\/vtm-arbeitseinheit.jpg\" class=\"lightbox elha-image-lightbox\">\r\n\t\t\t\r\n\t\t\t\r\n\t\t\t\t<img decoding=\"async\" src=\"https:\/\/www.elha.de\/wp-content\/uploads\/vtm-working-unit.gif\">\r\n\t\t\t\r\n\t\t<\/a>\r\n\t<\/div>\r\n<\/div>\r\n\r\n\r\n\r\n<h2>Processus et agr\u00e9gats de t\u00eate<\/h2>\r\n\r\n<div class=\"columns\">\r\n\t<div class=\"column col-3 col-sm-6\">\r\n\t\t<p class=\"mb-1 text-size5\">Tourner<\/p>\r\n\t\t<a href=\"https:\/\/www.elha.de\/wp-content\/uploads\/vtm-drehrevolver.jpg\" class=\"lightbox elha-image-lightbox\"><img decoding=\"async\" src=\"https:\/\/www.elha.de\/wp-content\/uploads\/vtm-drehrevolver.jpg\" alt=\"T\u00eate - rotation\"><\/a>\r\n\t<\/div>\r\n\r\n\t<div class=\"column col-3 col-sm-6\">\r\n\t\t<p class=\"mb-1 text-size5\">Percer | Fileter<\/p>\r\n\t\t<a href=\"https:\/\/www.elha.de\/wp-content\/uploads\/vtm-vertikalkopf.jpg\" class=\"lightbox elha-image-lightbox\"><img decoding=\"async\" src=\"https:\/\/www.elha.de\/wp-content\/uploads\/vtm-vertikalkopf.jpg\" alt=\"T\u00eate - Percer | Fileter\"><\/a>\r\n\t<\/div>\r\n\r\n\t<div class=\"column col-3 col-sm-6\">\r\n\t\t<p class=\"mb-1 text-size5\">Fraisage | Taillage<\/p>\r\n\t\t<a href=\"https:\/\/www.elha.de\/wp-content\/uploads\/vtm-schraegachsenkopf.jpg\" class=\"lightbox elha-image-lightbox\"><img decoding=\"async\" src=\"https:\/\/www.elha.de\/wp-content\/uploads\/vtm-schraegachsenkopf.jpg\" alt=\"T\u00eate - Fraisage | Taillage\"><\/a>\r\n\t<\/div>\r\n\r\n\t<div class=\"column col-3 col-sm-6\">\r\n\t\t<p class=\"mb-1 text-size5\">Pon\u00e7age<\/p>\r\n\t\t<a href=\"https:\/\/www.elha.de\/wp-content\/uploads\/vtm-schleifkopf.jpg\" class=\"lightbox elha-image-lightbox\"><img decoding=\"async\" src=\"https:\/\/www.elha.de\/wp-content\/uploads\/vtm-schleifkopf.jpg\" alt=\"T\u00eate - Pon\u00e7age\"><\/a>\r\n\t<\/div>\r\n<\/div>\r\n\r\n\r\n\r\n<h2>Magasins d'outils et d'accessoires<\/h2>\r\n\r\n<p>ELHA propose non seulement des magasins standard pour outils et accessoires, mais aussi des solutions individuelles pour vos besoins de fabrication dans les dimensions les plus diverses. Une large gamme d'accessoires compatibles est \u00e9galement disponible pour les applications les plus diverses.<\/p>\r\n\r\n<div class=\"columns\">\r\n\t<div class=\"column col-6 col-md-12\">\r\n\t\t<a href=\"https:\/\/www.elha.de\/wp-content\/uploads\/tool-arena-roboter.jpg\" class=\"lightbox elha-image-lightbox\"><img decoding=\"async\" src=\"https:\/\/www.elha.de\/wp-content\/uploads\/tool-arena-roboter-460x307.jpg\" alt=\"Tool Arena avec robot de changement d&#039;outils\"><\/a>\r\n\t\t<p>Tool Arena avec robot de changement d'outils<\/p>\r\n\t<\/div>\r\n\r\n\t<div class=\"column col-6 col-md-12\">\r\n\t\t<a href=\"https:\/\/www.elha.de\/wp-content\/uploads\/vtm-standardmagazin.jpg\" class=\"lightbox elha-image-lightbox border\"><img decoding=\"async\" src=\"https:\/\/www.elha.de\/wp-content\/uploads\/vtm-standardmagazin-460x307.jpg\" alt=\"ELHA Magasin standard\"><\/a>\r\n\t\t<p>ELHA Magasin standard<\/p>\r\n\t<\/div>\r\n<\/div>\r\n\r\n\r\n\r\n<div class=\"clearfix\">\r\n\t<a href=\"https:\/\/www.elha.de\/fr\/machines\/centres-de-fraisage-rotatifs-verticaux\/points-forts\/\" class=\"btn\">&lt; page pr\u00e9c\u00e9dente<\/a>\r\n\t<a href=\"https:\/\/www.elha.de\/fr\/machines\/centres-de-fraisage-rotatifs-verticaux\/elha-sdd-segment-direct-drive\/\" class=\"btn float-right\">page suivante &gt;<\/a>\r\n<\/div>","protected":false},"excerpt":{"rendered":"<p>\tLe syst\u00e8me modulaire VTM permet de configurer les machines en centres de tournage et de fraisage multifonctionnels pour un usinage complet \u00e9conomique dans une plage de diam\u00e8tres de table de 2 500 \u00e0 8 000 mm et des hauteurs de pi\u00e8ces jusqu'\u00e0<\/p>","protected":false},"author":1,"featured_media":4714,"parent":1647,"menu_order":2,"comment_status":"closed","ping_status":"closed","template":"","meta":{"footnotes":""},"class_list":["post-4688","page","type-page","status-publish","has-post-thumbnail","hentry"],"blocksy_meta":{"styles_descriptor":{"styles":{"desktop":"","tablet":"","mobile":""},"google_fonts":[],"version":6}},"_links":{"self":[{"href":"https:\/\/www.elha.de\/fr\/wp-json\/wp\/v2\/pages\/4688","targetHints":{"allow":["GET"]}}],"collection":[{"href":"https:\/\/www.elha.de\/fr\/wp-json\/wp\/v2\/pages"}],"about":[{"href":"https:\/\/www.elha.de\/fr\/wp-json\/wp\/v2\/types\/page"}],"author":[{"embeddable":true,"href":"https:\/\/www.elha.de\/fr\/wp-json\/wp\/v2\/users\/1"}],"replies":[{"embeddable":true,"href":"https:\/\/www.elha.de\/fr\/wp-json\/wp\/v2\/comments?post=4688"}],"version-history":[{"count":0,"href":"https:\/\/www.elha.de\/fr\/wp-json\/wp\/v2\/pages\/4688\/revisions"}],"up":[{"embeddable":true,"href":"https:\/\/www.elha.de\/fr\/wp-json\/wp\/v2\/pages\/1647"}],"wp:featuredmedia":[{"embeddable":true,"href":"https:\/\/www.elha.de\/fr\/wp-json\/wp\/v2\/media\/4714"}],"wp:attachment":[{"href":"https:\/\/www.elha.de\/fr\/wp-json\/wp\/v2\/media?parent=4688"}],"curies":[{"name":"wp","href":"https:\/\/api.w.org\/{rel}","templated":true}]}}