{"id":4691,"date":"2016-06-18T20:16:48","date_gmt":"2016-06-18T18:16:48","guid":{"rendered":"https:\/\/www.elha.de\/?page_id=4691"},"modified":"2025-03-27T13:33:53","modified_gmt":"2025-03-27T12:33:53","slug":"elha-sdd-segment-direct-drive","status":"publish","type":"page","link":"https:\/\/www.elha.de\/fr\/maschinen\/vertikale-dreh-fraeszentren\/elha-sdd-segment-direct-drive\/","title":{"rendered":"ELHA SDD - Segment Direct Drive"},"content":{"rendered":"<div class=\"elha-youtube-lightbox\"><a href=\"https:\/\/www.youtube-nocookie.com\/embed\/_WZ7gorxb6A\" class=\"lightbox\" rel=\"nofollow noopener\" target=\"_blank\"><img decoding=\"async\" src=\"https:\/\/www.elha.de\/wp-content\/uploads\/sdd-video-vorschau.jpg\" alt=\"\"><\/a><span>Accepter la transmission des donn\u00e9es \u00e0 YouTube et lire la vid\u00e9o - <a href=\"https:\/\/www.elha.de\/fr\/declaration-de-protection-des-donnees\/\">D\u00e9claration de confidentialit\u00e9<\/a><\/span><\/div>\r\n\r\n\r\n\r\n\r\n<p class=\"mt-4\">L'entra\u00eenement de la table constitue le c\u0153ur d'une machine verticale multit\u00e2che et, gr\u00e2ce \u00e0 ses performances en termes de pr\u00e9cision d'usinage et de dynamique, il est d\u00e9terminant pour la qualit\u00e9 des pi\u00e8ces obtenues et la rentabilit\u00e9 de la machine. Avec son entra\u00eenement direct brevet\u00e9 SDD (Segment Direct Drive), le ELHA pose de nouveaux jalons en la mati\u00e8re gr\u00e2ce aux caract\u00e9ristiques suivantes :<\/p>\r\n\r\n<div class=\"columns\">\r\n\t<div class=\"column col-4 col-md-12\">\r\n\t\t<ul>\r\n\t\t\t<li>Dynamique exceptionnelle : facteur d'\u00e0-coups (&gt;100) nettement sup\u00e9rieur \u00e0 celui des entra\u00eenements conventionnels<\/li>\r\n\t\t\t<li>Pr\u00e9cision de positionnement extr\u00eamement \u00e9lev\u00e9e de &lt;1\u2033<\/li>\r\n\t\t\t<li>Excellentes propri\u00e9t\u00e9s d'interpolation (transmit, double transmit)<\/li>\r\n\t\t\t<li>Qualit\u00e9 d'usinage optimale, car pas d'influence des fr\u00e9quences d'engr\u00e8nement des dents<\/li>\r\n\t\t\t<li>Tr\u00e8s faible niveau de bruit<\/li>\r\n\t\t<\/ul>\r\n\t<\/div>\r\n\r\n\t<div class=\"column col-4 col-md-12\">\r\n\t\t<ul>\r\n\t\t\t<li>La puissance, le couple et la vitesse de rotation sont librement modulables gr\u00e2ce \u00e0 des composants standards<\/li>\r\n\t\t\t<li>Meilleure concentricit\u00e9 gr\u00e2ce \u00e0 l'\u00e9limination des forces radiales d'entra\u00eenement et au palier radial hydrostatique<\/li>\r\n\t\t\t<li>Pas de composants m\u00e9caniques sujets \u00e0 l'usure : propri\u00e9t\u00e9s de positionnement et d'interpolation stables \u00e0 long terme<\/li>\r\n\t\t<\/ul>\r\n\t<\/div>\r\n\r\n\t<div class=\"column col-4 col-md-12\">\r\n\t\t<ul>\r\n\t\t\t<li>Possibilit\u00e9 de continuer \u00e0 fonctionner en cas de d\u00e9faillance de certains segments du moteur<\/li>\r\n\t\t\t<li>Excellente r\u00e9gulation thermique sym\u00e9trique de toute la base de la table pour une d\u00e9formation minimale<\/li>\r\n\t\t\t<li> Les pertes thermiques peuvent \u00eatre exploit\u00e9es selon le principe de la pompe \u00e0 chaleur<\/li>\r\n\t\t<\/ul>\r\n\t<\/div>\r\n<\/div>\r\n\r\n\r\n\r\n<div class=\"columns\">\r\n\t<div class=\"column col-8 col-md-12\">\r\n\t\t<a href=\"https:\/\/www.elha.de\/wp-content\/uploads\/segment-direct-drive-rundtisch.jpg\" class=\"lightbox elha-image-lightbox\"><img decoding=\"async\" src=\"https:\/\/www.elha.de\/wp-content\/uploads\/segment-direct-drive-rundtisch.jpg\" alt=\"Table VTM\"><\/a>\r\n\t<\/div>\r\n\r\n\t<div class=\"column col-4 col-md-6\">\r\n\t\t\r\n\t\t\r\n\t\t\t<a href=\"https:\/\/www.elha.de\/wp-content\/uploads\/sdd-segmented-direct-drive-graph.png\" class=\"lightbox elha-image-lightbox\"><img decoding=\"async\" src=\"https:\/\/www.elha.de\/wp-content\/uploads\/sdd-segmented-direct-drive-graph.png\" alt=\"Sch\u00e9ma - ELHA SDD\"><\/a>\r\n\t\t\r\n\t<\/div>\r\n<\/div>\r\n\r\n\r\n\r\n<h2>ELHA SDD Table tournante en kit r\u00e9trofit<\/h2>\r\n<p>\r\n\tGr\u00e2ce aux caract\u00e9ristiques modulaires de la VTM, la table rotative ELHA SDD peut \u00e9galement \u00eatre utilis\u00e9e comme unit\u00e9 autonome, par exemple dans le cadre d'une mise \u00e0 niveau ou d'une r\u00e9vision de machines existantes. Vous avez ainsi la possibilit\u00e9 d'utiliser les excellentes caract\u00e9ristiques de pr\u00e9cision, de dynamique et de technologie de cette table rotative dans votre parc de machines existant afin d'obtenir de nets avantages en termes de qualit\u00e9 et de productivit\u00e9.\r\n<\/p>\r\n\r\n\r\n\r\n<h2>Paliers et guides hydrostatiques<\/h2>\r\n<div class=\"columns\">\r\n\t<div class=\"column col-6 col-md-12\">\r\n\t\t<img decoding=\"async\" src=\"https:\/\/www.elha.de\/wp-content\/uploads\/rundtisch-radiallager-460x307.jpg\" alt=\"Roulements radiaux de table ronde\">\r\n\t\t<p>Roulements radiaux de table ronde<\/p>\r\n\t<\/div>\r\n\r\n\t<div class=\"column col-6 col-md-12\">\r\n\t\t<img decoding=\"async\" src=\"https:\/\/www.elha.de\/wp-content\/uploads\/rundtisch-axiallager-460x307.jpg\" alt=\"Palier de but\u00e9e \u00e0 table ronde\">\r\n\t\t<p>Palier de but\u00e9e \u00e0 table ronde<\/p>\r\n\t<\/div>\r\n<\/div>\r\n\r\n\r\n\r\n<div class=\"clearfix\">\r\n\t<a href=\"https:\/\/www.elha.de\/fr\/machines\/centres-de-fraisage-rotatifs-verticaux\/systeme-modulaire\/\" class=\"btn\">&lt; page pr\u00e9c\u00e9dente<\/a>\r\n\t<a href=\"https:\/\/www.elha.de\/fr\/machines\/centres-de-fraisage-rotatifs-verticaux\/usinage-simultane-5-faces-5-axes\/\" class=\"btn float-right\">page suivante &gt;<\/a>\r\n<\/div>","protected":false},"excerpt":{"rendered":"<p>L'entra\u00eenement de la table constitue le c\u0153ur d'une machine multit\u00e2che verticale et, gr\u00e2ce \u00e0 ses performances en termes de pr\u00e9cision d'usinage et de dynamique, il est d\u00e9terminant pour la qualit\u00e9 des pi\u00e8ces obtenues et la rentabilit\u00e9 de la machine.<\/p>","protected":false},"author":1,"featured_media":4723,"parent":1647,"menu_order":3,"comment_status":"closed","ping_status":"closed","template":"","meta":{"footnotes":""},"class_list":["post-4691","page","type-page","status-publish","has-post-thumbnail","hentry"],"blocksy_meta":{"styles_descriptor":{"styles":{"desktop":"","tablet":"","mobile":""},"google_fonts":[],"version":6},"page_title_panel":"","has_hero_section":"default","c5766ddfacde69e730970977ca61f8c4":"","hero_section":"type-1","hero_elements":[{"id":"custom_title","enabled":true,"heading_tag":"h1","title":"Page d'accueil"},{"id":"custom_description","enabled":true,"description_visibility":{"desktop":true,"tablet":true,"mobile":false}},{"id":"custom_meta","enabled":false,"meta_elements":[{"id":"author","enabled":true,"label":"Von","has_author_avatar":"yes","avatar_size":25},{"id":"post_date","enabled":true,"label":"Am","date_format_source":"default","date_format":"M j, Y"},{"id":"updated_date","enabled":false,"label":"Am","date_format_source":"default","date_format":"M j, Y"},{"id":"categories","enabled":false,"label":"In","style":"simple"},{"id":"comments","enabled":true}],"page_meta_elements":{"joined":true,"articles_count":true,"comments":true}},{"id":"breadcrumbs","enabled":false}],"d9071d5d3e61a4dc4b0f03a848658b08":"","hero_alignment1":"CT_CSS_SKIP_RULE","hero_margin":40,"hero_alignment2":"center","hero_vertical_alignment":"center","d0514da81e790f6de8e53c7e3673b5c6":"","hero_structure":"narrow","8a948fea95dda184c33964bce6a5c543":"","page_title_bg_type":"featured_image","custom_hero_background":{"attachment_id":null},"parallax":{"desktop":false,"tablet":false,"mobile":false},"e69753d9942f36b766cd3f108e087e93":"","hero_height":"250px","pageTitleFont":{"family":"Default","variation":"Default","size":{"desktop":"32px","tablet":"30px","mobile":"25px"},"line-height":"CT_CSS_SKIP_RULE","letter-spacing":"CT_CSS_SKIP_RULE","text-transform":"CT_CSS_SKIP_RULE","text-decoration":"CT_CSS_SKIP_RULE"},"pageTitleFontColor":{"default":{"color":"CT_CSS_SKIP_RULEDEFAULT"}},"pageMetaFont":{"family":"Default","variation":"n6","size":"12px","line-height":"1.3","letter-spacing":"CT_CSS_SKIP_RULE","text-transform":"uppercase","text-decoration":"CT_CSS_SKIP_RULE"},"pageMetaFontColor":{"default":{"color":"CT_CSS_SKIP_RULEDEFAULT"},"hover":{"color":"CT_CSS_SKIP_RULEDEFAULT"}},"page_meta_button_type_font_colors":{"default":{"color":"CT_CSS_SKIP_RULEDEFAULT"},"hover":{"color":"CT_CSS_SKIP_RULEDEFAULT"}},"page_meta_button_type_background_colors":{"default":{"color":"CT_CSS_SKIP_RULEDEFAULT"},"hover":{"color":"CT_CSS_SKIP_RULEDEFAULT"}},"pageExcerptFont":{"family":"Default","variation":"Default","size":"CT_CSS_SKIP_RULE","line-height":"CT_CSS_SKIP_RULE","letter-spacing":"CT_CSS_SKIP_RULE","text-transform":"CT_CSS_SKIP_RULE","text-decoration":"CT_CSS_SKIP_RULE"},"pageExcerptColor":{"default":{"color":"CT_CSS_SKIP_RULEDEFAULT"}},"breadcrumbsFont":{"family":"Default","variation":"Default","size":"CT_CSS_SKIP_RULE","line-height":"CT_CSS_SKIP_RULE","letter-spacing":"CT_CSS_SKIP_RULE","text-transform":"CT_CSS_SKIP_RULE","text-decoration":"CT_CSS_SKIP_RULE"},"breadcrumbsFontColor":{"default":{"color":"CT_CSS_SKIP_RULEDEFAULT"},"initial":{"color":"CT_CSS_SKIP_RULEDEFAULT"},"hover":{"color":"CT_CSS_SKIP_RULEDEFAULT"}},"pageTitleOverlay":{"default":{"color":"CT_CSS_SKIP_RULE"}},"pageTitleBackground":{"background_type":"color","background_pattern":"type-1","background_image":{"attachment_id":null,"x":0,"y":0},"gradient":"linear-gradient(135deg,rgba(6,147,227,1) 0%,rgb(155,81,224) 100%)","background_repeat":"no-repeat","background_size":"auto","background_attachment":"scroll","patternColor":{"default":{"color":"#e5e7ea"}},"overlayColor":{"default":{"color":"CT_CSS_SKIP_RULE"}},"backgroundColor":{"default":{"color":"var(--theme-palette-color-6)"}}},"pageTitlePadding":{"top":"50px","bottom":"50px","left":"auto","right":"auto","linked":true},"c9c34be8adb5e1a5e8e697639d7c80aa":"","page_structure_type":"default","cbeb301a0540a2228ec2de4984e70e1c":"","content_style_source":"inherit","content_style":"wide","vertical_spacing_source":"inherit","content_area_spacing":"both","background":{"background_type":"color","background_pattern":"type-1","background_image":{"attachment_id":null,"x":0,"y":0},"gradient":"linear-gradient(135deg,rgba(6,147,227,1) 0%,rgb(155,81,224) 100%)","background_repeat":"no-repeat","background_size":"auto","background_attachment":"scroll","patternColor":{"default":{"color":"#e5e7ea"}},"overlayColor":{"default":{"color":"CT_CSS_SKIP_RULE"}},"backgroundColor":{"default":{"color":"CT_CSS_SKIP_RULE"}}},"content_background":{"background_type":"color","background_pattern":"type-1","background_image":{"attachment_id":null,"x":0,"y":0},"gradient":"linear-gradient(135deg,rgba(6,147,227,1) 0%,rgb(155,81,224) 100%)","background_repeat":"no-repeat","background_size":"auto","background_attachment":"scroll","patternColor":{"default":{"color":"#e5e7ea"}},"overlayColor":{"default":{"color":"CT_CSS_SKIP_RULE"}},"backgroundColor":{"default":{"color":"var(--theme-palette-color-8)"}}},"content_boxed_shadow":{"inherit":false,"blur":18,"spread":-6,"v_offset":12,"h_offset":0,"inset":false,"enable":true,"color":{"color":"rgba(34, 56, 101, 0.04)"}},"boxed_content_spacing":{"desktop":{"top":"40px","bottom":"40px","left":"40px","right":"40px","linked":true},"tablet":{"top":"35px","bottom":"35px","left":"35px","right":"35px","linked":true},"mobile":{"top":"20px","bottom":"20px","left":"20px","right":"20px","linked":true}},"content_boxed_radius":{"top":"3px","bottom":"3px","left":"3px","right":"3px","linked":true},"0cf2274f296c041e454f91da5b11e22f":"","disable_featured_image":"yes","disable_header":"no","disable_footer":"no"},"_links":{"self":[{"href":"https:\/\/www.elha.de\/fr\/wp-json\/wp\/v2\/pages\/4691","targetHints":{"allow":["GET"]}}],"collection":[{"href":"https:\/\/www.elha.de\/fr\/wp-json\/wp\/v2\/pages"}],"about":[{"href":"https:\/\/www.elha.de\/fr\/wp-json\/wp\/v2\/types\/page"}],"author":[{"embeddable":true,"href":"https:\/\/www.elha.de\/fr\/wp-json\/wp\/v2\/users\/1"}],"replies":[{"embeddable":true,"href":"https:\/\/www.elha.de\/fr\/wp-json\/wp\/v2\/comments?post=4691"}],"version-history":[{"count":0,"href":"https:\/\/www.elha.de\/fr\/wp-json\/wp\/v2\/pages\/4691\/revisions"}],"up":[{"embeddable":true,"href":"https:\/\/www.elha.de\/fr\/wp-json\/wp\/v2\/pages\/1647"}],"wp:featuredmedia":[{"embeddable":true,"href":"https:\/\/www.elha.de\/fr\/wp-json\/wp\/v2\/media\/4723"}],"wp:attachment":[{"href":"https:\/\/www.elha.de\/fr\/wp-json\/wp\/v2\/media?parent=4691"}],"curies":[{"name":"wp","href":"https:\/\/api.w.org\/{rel}","templated":true}]}}