{"id":4696,"date":"2016-06-18T20:19:38","date_gmt":"2016-06-18T18:19:38","guid":{"rendered":"https:\/\/www.elha.de\/?page_id=4696"},"modified":"2025-03-03T11:41:54","modified_gmt":"2025-03-03T10:41:54","slug":"vtm-ht-guidage-de-la-maison-dure","status":"publish","type":"page","link":"https:\/\/www.elha.de\/fr\/maschinen\/vertikale-dreh-fraeszentren\/vtm-ht-hartdrehausfuehrung\/","title":{"rendered":"VTM ht - Visite guid\u00e9e de Hartdrehaus"},"content":{"rendered":"<div class=\"columns mb-4\">\r\n\t<div class=\"column col-6 col-md-12 mb-3\">\r\n\t\t<p>\r\n\t\t\tAvec la VTM ht, ELHA propose une variante de la VTM optimis\u00e9e en termes de co\u00fbts et de technique. La VTM ht a \u00e9t\u00e9 sp\u00e9cialement con\u00e7ue pour l'usinage de finition par tournage dur, rectification, per\u00e7age, filetage et fraisage et convient particuli\u00e8rement aux applications telles que l'usinage final de grandes bagues de roulements, de brides et de composants de transmission. Outre les caract\u00e9ristiques connues de la VTM, telles que la construction en mat\u00e9riau composite et le moteur \u00e0 segment ELHA SDD avec puissance adapt\u00e9e, la VTM ht se distingue notamment par l'utilisation de guides \u00e0 roulement dans les axes lin\u00e9aires ainsi que par un ou deux chariots crois\u00e9s avec syst\u00e8mes de fixation s\u00e9par\u00e9s pour le tournage et le fraisage. La puissance d'entra\u00eenement de la broche porte-outil est de 42 kW en mode S1.\r\n\t\t<\/p>\r\n\t\t<a href=\"https:\/\/www.elha.de\/wp-content\/uploads\/vtm-ht-hartdrehausfuehrung-de.pdf\" target=\"_blank\"  class=\"btn\" rel=\"noopener noreferrer\">T\u00e9l\u00e9charger le flyer<\/a>\r\n\t<\/div>\r\n\r\n\t<div class=\"column col-6 col-md-12\">\r\n\t\t<div class=\"elha-youtube-lightbox\"><a href=\"https:\/\/www.youtube-nocookie.com\/embed\/q874TwpSr3w\" class=\"lightbox\" rel=\"nofollow noopener\" target=\"_blank\"><img decoding=\"async\" src=\"https:\/\/www.elha.de\/wp-content\/uploads\/zeitraffer-vtm-ht-video-460x307.jpg\" alt=\"\"><\/a><span>Accepter la transmission des donn\u00e9es \u00e0 YouTube et lire la vid\u00e9o - <a href=\"https:\/\/www.elha.de\/fr\/declaration-de-protection-des-donnees\/\">D\u00e9claration de confidentialit\u00e9<\/a><\/span><\/div>\r\n\t<\/div>\r\n<\/div>\r\n\r\n\r\n\r\n<div class=\"columns\">\r\n\t<div class=\"column col-6 col-md-12 mb-3\">\r\n\t\t<a href=\"https:\/\/www.elha.de\/wp-content\/uploads\/vtm-ht-hartdrehmaschine.jpg\" class=\"lightbox elha-image-lightbox\"><img decoding=\"async\" src=\"https:\/\/www.elha.de\/wp-content\/uploads\/vtm-ht-hartdrehmaschine-460x307.jpg\"  alt=\"VTM ht Exemple de montage\"><\/a>\r\n\t<\/div>\r\n\r\n\t<div class=\"column col-6 col-md-12\">\r\n\t\t<a href=\"https:\/\/www.elha.de\/wp-content\/uploads\/vtm-ht-arbeitsraum.jpg\" class=\"lightbox elha-image-lightbox\"><img decoding=\"async\" src=\"https:\/\/www.elha.de\/wp-content\/uploads\/vtm-ht-arbeitsraum-460x307.jpg\"  alt=\"VTM ht Int\u00e9rieur de la machine\"><\/a>\r\n\t<\/div>\r\n<\/div>\r\n\r\n\r\n\r\n<div>\r\n\t<a href=\"https:\/\/www.elha.de\/fr\/machines\/centres-de-fraisage-rotatifs-verticaux\/usinage-simultane-5-faces-5-axes\/\" class=\"btn\">&lt; page pr\u00e9c\u00e9dente<\/a>\r\n<\/div>","protected":false},"excerpt":{"rendered":"<p>\t\t\tAvec le VTM ht, ELHA propose une variante du VTM optimis\u00e9e en termes de co\u00fbts et de technique. La VTM ht est sp\u00e9cialement con\u00e7ue pour les<\/p>","protected":false},"author":1,"featured_media":4782,"parent":1647,"menu_order":8,"comment_status":"closed","ping_status":"closed","template":"","meta":{"footnotes":""},"class_list":["post-4696","page","type-page","status-publish","has-post-thumbnail","hentry"],"blocksy_meta":{"styles_descriptor":{"styles":{"desktop":"","tablet":"","mobile":""},"google_fonts":[],"version":6}},"_links":{"self":[{"href":"https:\/\/www.elha.de\/fr\/wp-json\/wp\/v2\/pages\/4696","targetHints":{"allow":["GET"]}}],"collection":[{"href":"https:\/\/www.elha.de\/fr\/wp-json\/wp\/v2\/pages"}],"about":[{"href":"https:\/\/www.elha.de\/fr\/wp-json\/wp\/v2\/types\/page"}],"author":[{"embeddable":true,"href":"https:\/\/www.elha.de\/fr\/wp-json\/wp\/v2\/users\/1"}],"replies":[{"embeddable":true,"href":"https:\/\/www.elha.de\/fr\/wp-json\/wp\/v2\/comments?post=4696"}],"version-history":[{"count":0,"href":"https:\/\/www.elha.de\/fr\/wp-json\/wp\/v2\/pages\/4696\/revisions"}],"up":[{"embeddable":true,"href":"https:\/\/www.elha.de\/fr\/wp-json\/wp\/v2\/pages\/1647"}],"wp:featuredmedia":[{"embeddable":true,"href":"https:\/\/www.elha.de\/fr\/wp-json\/wp\/v2\/media\/4782"}],"wp:attachment":[{"href":"https:\/\/www.elha.de\/fr\/wp-json\/wp\/v2\/media?parent=4696"}],"curies":[{"name":"wp","href":"https:\/\/api.w.org\/{rel}","templated":true}]}}