{"id":4793,"date":"2016-06-21T08:23:10","date_gmt":"2016-06-21T06:23:10","guid":{"rendered":"https:\/\/www.elha.de\/?page_id=4793"},"modified":"2025-02-27T10:44:22","modified_gmt":"2025-02-27T09:44:22","slug":"rtx-5161-2-broches-table-ronde-centre-dusinage-d6100","status":"publish","type":"page","link":"https:\/\/www.elha.de\/fr\/maschinen\/rundtisch-bearbeitungszentren\/rtx-5161-2-spindel-rundtisch-bearbeitungszentrum-d6100\/","title":{"rendered":"RTX 5161 - Centre d'usinage \u00e0 table circulaire \u00e0 2 broches \u00d86100"},"content":{"rendered":"<div class=\"columns\">\r\n\r\n\t<div class=\"column col-6 col-md-12\">\r\n\t\t<p>\r\n\t\t\tLa machine convient au per\u00e7age vertical \u00e0 deux broches, au fraisage rotatif, \u00e0 l'al\u00e9sage, au lamage, \u00e0 l'al\u00e9sage et au taraudage d'usinages situ\u00e9s sur le cercle de trous. La puissance des unit\u00e9s est suffisante pour un per\u00e7age jusqu'\u00e0 \u00d860 mm dans le plein et un filetage jusqu'\u00e0 M56. Chaque unit\u00e9 d'usinage est \u00e9quip\u00e9e d'une t\u00eate de per\u00e7age \u00e0 engrenage HSK 100. Les outils peuvent \u00eatre chang\u00e9s automatiquement \u00e0 l'aide de magasins Pick-Up \u00e0 20 positions qui peuvent \u00eatre d\u00e9ploy\u00e9s. Pendant l'usinage, les magasins d'outils sont prot\u00e9g\u00e9s de l'espace de travail par une porte de protection. La combinaison base\/support est divis\u00e9e en trois parties et a \u00e9t\u00e9 fabriqu\u00e9e dans le mat\u00e9riau composite. Un plateau circulaire lisse avec 12 dispositifs de serrage \u00e0 commande manuelle est int\u00e9gr\u00e9 dans le soubassement central. Malgr\u00e9 sa taille, la machine est \u00e9quip\u00e9e d'un car\u00e9nage int\u00e9gral. De grandes portes coulissantes permettent en outre un chargement ais\u00e9 par grue.\r\n\t\t<\/p>\r\n\r\n\t\t\r\n\t\t\r\n\t\t\t<a href=\"https:\/\/www.elha.de\/wp-content\/uploads\/rtx-5161-en.pdf\" target=\"_blank\" class=\"btn mb-4\" rel=\"noopener\">Description de l'installation<\/a>\r\n\t\t\r\n\r\n\t\t<a href=\"https:\/\/www.elha.de\/wp-content\/uploads\/rtx-5161-zeichnung.png\" class=\"lightbox elha-image-lightbox mb-4\">\r\n\t\t\t<img decoding=\"async\" src=\"https:\/\/www.elha.de\/wp-content\/uploads\/rtx-5161-zeichnung-460x307.png\" alt=\"RTX 5161 Dessin\" >\r\n\t\t<\/a>\r\n\t<\/div>\r\n\r\n\r\n\r\n\t<div class=\"column col-6 col-md-12\">\r\n\t\t<table>\r\n\t\t\t<thead>\r\n\t\t\t\t<tr>\r\n\t\t\t\t\t<th colspan=\"3\">Donn\u00e9es techniques<\/th>\r\n\t\t\t\t<\/tr>\r\n\t\t\t<\/thead>\r\n\r\n\t\t\t<tbody>\r\n\t\t\t\t<tr>\r\n\t\t\t\t\t<td><strong>Course de d\u00e9placement<\/strong><\/td>\r\n\t\t\t\t\t<td>Axe X<\/td>\r\n\t\t\t\t\t<td>3 800 mm<\/td>\r\n\t\t\t\t<\/tr>\r\n\t\t\t\t<tr>\r\n\t\t\t\t\t<td><\/td>\r\n\t\t\t\t\t<td>Axe Z<\/td>\r\n\t\t\t\t\t<td>1 200 mm<\/td>\r\n\t\t\t\t<\/tr>\r\n\t\t\t\t<tr>\r\n\t\t\t\t\t<td><strong>Avances <\/strong><\/td>\r\n\t\t\t\t\t<td>Vitesse max. Vitesse<\/td>\r\n\t\t\t\t\t<td>1,2 m\/min<\/td>\r\n\t\t\t\t<\/tr>\r\n\t\t\t\t<tr>\r\n\t\t\t\t\t<td><\/td>\r\n\t\t\t\t\t<td>Vitesse max. Force d'avance<\/td>\r\n\t\t\t\t\t<td>20.000 N<\/td>\r\n\t\t\t\t<\/tr>\r\n\t\t\t\t<tr>\r\n\t\t\t\t\t<td><strong>Entra\u00eenement principal <\/strong><\/td>\r\n\t\t\t\t\t<td>Max. Puissance S1 \/ S6<\/td>\r\n\t\t\t\t\t<td>46 \/ 55 kW<\/td>\r\n\t\t\t\t<\/tr>\r\n\t\t\t\t<tr>\r\n\t\t\t\t\t<td><\/td>\r\n\t\t\t\t\t<td>Vitesse max. Couple de rotation<\/td>\r\n\t\t\t\t\t<td>586 \/ 2.344 Nm<\/td>\r\n\t\t\t\t<\/tr>\r\n\t\t\t\t<tr>\r\n\t\t\t\t\t<td><\/td>\r\n\t\t\t\t\t<td>Vitesse max. Vitesse de rotation<\/td>\r\n\t\t\t\t\t<td>3 250 tr\/min<\/td>\r\n\t\t\t\t<\/tr>\r\n\t\t\t\t<tr>\r\n\t\t\t\t\t<td><strong>Table ronde <\/strong><\/td>\r\n\t\t\t\t\t<td>Diam\u00e8tre<\/td>\r\n\t\t\t\t\t<td>4 450 mm<\/td>\r\n\t\t\t\t<\/tr>\r\n\t\t\t\t<tr>\r\n\t\t\t\t\t<td><\/td>\r\n\t\t\t\t\t<td>Plateau rond<\/td>\r\n\t\t\t\t\t<td>6.100 mm<\/td>\r\n\t\t\t\t<\/tr>\r\n\t\t\t\t<tr>\r\n\t\t\t\t\t<td><\/td>\r\n\t\t\t\t\t<td>Vitesse max. Vitesse de rotation<\/td>\r\n\t\t\t\t\t<td>6 tr\/min<\/td>\r\n\t\t\t\t<\/tr>\r\n\t\t\t\t<tr>\r\n\t\t\t\t\t<td><strong>Pi\u00e8ce \u00e0 usiner <\/strong><\/td>\r\n\t\t\t\t\t<td>Diam\u00e8tre ext\u00e9rieur<\/td>\r\n\t\t\t\t\t<td>2 300 - 5 500 mm<\/td>\r\n\t\t\t\t<\/tr>\r\n\t\t\t\t<tr>\r\n\t\t\t\t\t<td><strong> <\/strong><\/td>\r\n\t\t\t\t\t<td>Diam\u00e8tre int\u00e9rieur<\/td>\r\n\t\t\t\t\t<td>2 200 - 5 400 mm<\/td>\r\n\t\t\t\t<\/tr>\r\n\t\t\t\t<tr>\r\n\t\t\t\t\t<td><strong> <\/strong><\/td>\r\n\t\t\t\t\t<td>Nombre max. Hauteur<\/td>\r\n\t\t\t\t\t<td>500 mm<\/td>\r\n\t\t\t\t<\/tr>\r\n\t\t\t\t<tr>\r\n\t\t\t\t\t<td><\/td>\r\n\t\t\t\t\t<td>Nombre max. Poids<\/td>\r\n\t\t\t\t\t<td>10 000 kg<\/td>\r\n\t\t\t\t<\/tr>\r\n\t\t\t\t<tr>\r\n\t\t\t\t\t<td><strong>Magasin d'outils<\/strong><\/td>\r\n\t\t\t\t\t<td>Postes d'outils<\/td>\r\n\t\t\t\t\t<td>20<\/td>\r\n\t\t\t\t<\/tr>\r\n\t\t\t\t<tr>\r\n\t\t\t\t\t<td><strong> <\/strong><\/td>\r\n\t\t\t\t\t<td>Porte-outils<\/td>\r\n\t\t\t\t\t<td>HSK-A 100<\/td>\r\n\t\t\t\t<\/tr>\r\n\t\t\t\t<tr>\r\n\t\t\t\t\t<td><strong>Dimensions <\/strong><\/td>\r\n\t\t\t\t\t<td>Besoin d'installation<\/td>\r\n\t\t\t\t\t<td>11,0 x 8,4 x 6,3 m<\/td>\r\n\t\t\t\t<\/tr>\r\n\t\t\t\t<tr>\r\n\t\t\t\t\t<td><strong> <\/strong><\/td>\r\n\t\t\t\t\t<td>Poids total<\/td>\r\n\t\t\t\t\t<td>176 000 kg<\/td>\r\n\t\t\t\t<\/tr>\r\n\t\t\t<\/tbody>\r\n\t\t<\/table>\r\n\r\n\t<\/div>\r\n<\/div>","protected":false},"excerpt":{"rendered":"<p>\t\t\tLa machine convient au per\u00e7age vertical \u00e0 2 broches, au fraisage rotatif, \u00e0 l'al\u00e9sage, au lamage, \u00e0 l'al\u00e9sage et au filetage d'usinages situ\u00e9s sur le cercle de trous. La puissance des unit\u00e9s est suffisante pour<\/p>","protected":false},"author":1,"featured_media":7323,"parent":1649,"menu_order":1,"comment_status":"closed","ping_status":"closed","template":"","meta":{"footnotes":""},"class_list":["post-4793","page","type-page","status-publish","has-post-thumbnail","hentry"],"blocksy_meta":{"styles_descriptor":{"styles":{"desktop":"","tablet":"","mobile":""},"google_fonts":[],"version":6}},"_links":{"self":[{"href":"https:\/\/www.elha.de\/fr\/wp-json\/wp\/v2\/pages\/4793","targetHints":{"allow":["GET"]}}],"collection":[{"href":"https:\/\/www.elha.de\/fr\/wp-json\/wp\/v2\/pages"}],"about":[{"href":"https:\/\/www.elha.de\/fr\/wp-json\/wp\/v2\/types\/page"}],"author":[{"embeddable":true,"href":"https:\/\/www.elha.de\/fr\/wp-json\/wp\/v2\/users\/1"}],"replies":[{"embeddable":true,"href":"https:\/\/www.elha.de\/fr\/wp-json\/wp\/v2\/comments?post=4793"}],"version-history":[{"count":0,"href":"https:\/\/www.elha.de\/fr\/wp-json\/wp\/v2\/pages\/4793\/revisions"}],"up":[{"embeddable":true,"href":"https:\/\/www.elha.de\/fr\/wp-json\/wp\/v2\/pages\/1649"}],"wp:featuredmedia":[{"embeddable":true,"href":"https:\/\/www.elha.de\/fr\/wp-json\/wp\/v2\/media\/7323"}],"wp:attachment":[{"href":"https:\/\/www.elha.de\/fr\/wp-json\/wp\/v2\/media?parent=4793"}],"curies":[{"name":"wp","href":"https:\/\/api.w.org\/{rel}","templated":true}]}}