{"id":4822,"date":"2016-06-21T08:54:43","date_gmt":"2016-06-21T06:54:43","guid":{"rendered":"https:\/\/www.elha.de\/?page_id=4822"},"modified":"2025-02-27T10:43:51","modified_gmt":"2025-02-27T09:43:51","slug":"rtx-5280-2-broches-table-ronde-centre-dusinage-d820","status":"publish","type":"page","link":"https:\/\/www.elha.de\/fr\/maschinen\/rundtisch-bearbeitungszentren\/rtx-5280-2-spindel-rundtisch-bearbeitungszentrum-d820\/","title":{"rendered":"RTX 5280 - Centre d'usinage \u00e0 table circulaire \u00e0 2 broches \u00d8820"},"content":{"rendered":"<div class=\"columns\">\r\n\t<div class=\"column col-6 col-md-12\">\r\n\t\t<p>\r\n\t\t\tLa machine est con\u00e7ue pour le per\u00e7age vertical \u00e0 1 ou 2 broches, l'al\u00e9sage, le lamage, l'al\u00e9sage conique et le taraudage de trous dispos\u00e9s sur des cercles de trous. La puissance des deux unit\u00e9s de mortaisage est con\u00e7ue pour le per\u00e7age dans le plein jusqu'\u00e0 \u00d835 mm et le taraudage jusqu'\u00e0 M24.\r\n\t\t<\/p>\r\n\r\n\t\t<p>\r\n\t\t\tLe b\u00e2ti de machine d'une seule pi\u00e8ce avec traverse int\u00e9gr\u00e9e a \u00e9t\u00e9 fabriqu\u00e9 dans un mat\u00e9riau composite amortissant les vibrations. Les surfaces du b\u00e2ti sont inclin\u00e9es par rapport au convoyeur de copeaux. Un mandrin \u00e0 3 mors est int\u00e9gr\u00e9 dans la table circulaire de \u00d8820 mm.\r\n\t\t<\/p>\r\n\r\n\t\t<p>\r\n\t\t\tDeux changeurs d'outils pick-up fixes peuvent accueillir jusqu'\u00e0 16 outils. La machine est \u00e9quip\u00e9e d'un habillage complet de l'espace de travail. Pour un chargement par grue, deux portes coulissantes \u00e0 commande manuelle sont ouvertes.\r\n\t\t<\/p>\r\n\r\n\t\t\r\n\t\t\r\n\t\t\t<a href=\"https:\/\/www.elha.de\/wp-content\/uploads\/rtx-5280-en.pdf\" target=\"_blank\" class=\"btn mb-4\" rel=\"noopener\">Description de l'installation<\/a>\r\n\t\t\r\n\t<\/div>\r\n\r\n\t<div class=\"column col-6 col-md-12 mb-3\">\r\n\t\t<table>\r\n\t\t\t<thead>\r\n\t\t\t\t<tr>\r\n\t\t\t\t\t<th colspan=\"3\">Donn\u00e9es techniques<\/th>\r\n\t\t\t\t<\/tr>\r\n\t\t\t<\/thead>\r\n\r\n\t\t\t<tbody>\r\n\t\t\t\t<tr>\r\n\t\t\t\t\t<td><strong>Course de d\u00e9placement<\/strong><\/td>\r\n\t\t\t\t\t<td>Axe X<\/td>\r\n\t\t\t\t\t<td>925 mm<\/td>\r\n\t\t\t\t<\/tr>\r\n\t\t\t\t<tr>\r\n\t\t\t\t\t<td><\/td>\r\n\t\t\t\t\t<td>Axe Z<\/td>\r\n\t\t\t\t\t<td>550 mm<\/td>\r\n\t\t\t\t<\/tr>\r\n\t\t\t\t<tr>\r\n\t\t\t\t\t<td><strong>Avances <\/strong><\/td>\r\n\t\t\t\t\t<td>Vitesse max. Vitesse<\/td>\r\n\t\t\t\t\t<td>30 m\/min<\/td>\r\n\t\t\t\t<\/tr>\r\n\t\t\t\t<tr>\r\n\t\t\t\t\t<td><\/td>\r\n\t\t\t\t\t<td>Max. Acc\u00e9l\u00e9ration X \/ Z<\/td>\r\n\t\t\t\t\t<td>2,5 \/ 3,0 m\/sec<\/td>\r\n\t\t\t\t<\/tr>\r\n\t\t\t\t<tr>\r\n\t\t\t\t\t<td><\/td>\r\n\t\t\t\t\t<td>Vitesse max. Force d'avance X \/ Z<\/td>\r\n\t\t\t\t\t<td>3.000 \/ 8.000 N<\/td>\r\n\t\t\t\t<\/tr>\r\n\t\t\t\t<tr>\r\n\t\t\t\t\t<td><strong>Entra\u00eenement principal <\/strong><\/td>\r\n\t\t\t\t\t<td>Max. Puissance S1 \/ S6<\/td>\r\n\t\t\t\t\t<td>20 \/ 30 kW<\/td>\r\n\t\t\t\t<\/tr>\r\n\t\t\t\t<tr>\r\n\t\t\t\t\t<td><\/td>\r\n\t\t\t\t\t<td>Vitesse max. Couple S1 \/ S6<\/td>\r\n\t\t\t\t\t<td>95 \/ 143 Nm<\/td>\r\n\t\t\t\t<\/tr>\r\n\t\t\t\t<tr>\r\n\t\t\t\t\t<td><\/td>\r\n\t\t\t\t\t<td>Vitesse max. Vitesse de rotation<\/td>\r\n\t\t\t\t\t<td>6 800 tr\/min<\/td>\r\n\t\t\t\t<\/tr>\r\n\t\t\t\t<tr>\r\n\t\t\t\t\t<td><strong>Table ronde <\/strong><\/td>\r\n\t\t\t\t\t<td>Diam\u00e8tre<\/td>\r\n\t\t\t\t\t<td>820 mm<\/td>\r\n\t\t\t\t<\/tr>\r\n\t\t\t\t<tr>\r\n\t\t\t\t\t<td><\/td>\r\n\t\t\t\t\t<td>Vitesse max. Vitesse de rotation<\/td>\r\n\t\t\t\t\t<td>5 tr\/min<\/td>\r\n\t\t\t\t<\/tr>\r\n\t\t\t\t<tr>\r\n\t\t\t\t\t<td><strong>Pi\u00e8ce \u00e0 usiner<\/strong><\/td>\r\n\t\t\t\t\t<td>Diam\u00e8tre ext\u00e9rieur<\/td>\r\n\t\t\t\t\t<td>500 - 1.500 mm<\/td>\r\n\t\t\t\t<\/tr>\r\n\t\t\t\t<tr>\r\n\t\t\t\t\t<td><strong> <\/strong><\/td>\r\n\t\t\t\t\t<td>Diam\u00e8tre int\u00e9rieur<\/td>\r\n\t\t\t\t\t<td>180 - 780 mm<\/td>\r\n\t\t\t\t<\/tr>\r\n\t\t\t\t<tr>\r\n\t\t\t\t\t<td><strong> <\/strong><\/td>\r\n\t\t\t\t\t<td>Nombre max. Hauteur<\/td>\r\n\t\t\t\t\t<td>250 mm<\/td>\r\n\t\t\t\t<\/tr>\r\n\t\t\t\t<tr>\r\n\t\t\t\t\t<td><\/td>\r\n\t\t\t\t\t<td>Nombre max. Poids<\/td>\r\n\t\t\t\t\t<td>1 500 kg<\/td>\r\n\t\t\t\t<\/tr>\r\n\t\t\t\t<tr>\r\n\t\t\t\t\t<td><strong>Magasin d'outils<\/strong><\/td>\r\n\t\t\t\t\t<td>Postes d'outils<\/td>\r\n\t\t\t\t\t<td>16<\/td>\r\n\t\t\t\t<\/tr>\r\n\t\t\t\t<tr>\r\n\t\t\t\t\t<td><\/td>\r\n\t\t\t\t\t<td>Porte-outils<\/td>\r\n\t\t\t\t\t<td>HSK-A 63<\/td>\r\n\t\t\t\t<\/tr>\r\n\t\t\t\t<tr>\r\n\t\t\t\t\t<td><\/td>\r\n\t\t\t\t\t<td>Longueur de l'outil<\/td>\r\n\t\t\t\t\t<td>300 mm<\/td>\r\n\t\t\t\t<\/tr>\r\n\t\t\t\t<tr>\r\n\t\t\t\t\t<td><strong>Dimensions <\/strong><\/td>\r\n\t\t\t\t\t<td>Besoin d'installation<\/td>\r\n\t\t\t\t\t<td>5,8 x 3,7 x 3,6 m<\/td>\r\n\t\t\t\t<\/tr>\r\n\t\t\t\t<tr>\r\n\t\t\t\t\t<td><strong> <\/strong><\/td>\r\n\t\t\t\t\t<td>Poids total<\/td>\r\n\t\t\t\t\t<td>28 000 kg<\/td>\r\n\t\t\t\t<\/tr>\r\n\t\t\t<\/tbody>\r\n\t\t<\/table>\r\n\t<\/div>\r\n<\/div>\r\n\r\n\r\n\r\n<div class=\"columns\">\r\n\t<div class=\"column col-6\">\r\n\t\t<a href=\"https:\/\/www.elha.de\/wp-content\/uploads\/rtx-5280-arbeitsraum.jpg\" class=\"lightbox elha-image-lightbox\">\r\n\t\t\t<img decoding=\"async\" src=\"https:\/\/www.elha.de\/wp-content\/uploads\/rtx-5280-arbeitsraum-460x307.jpg\" alt=\"RTX 5280 Espace de travail\" >\r\n\t\t<\/a>\r\n\t<\/div>\r\n\r\n\t<div class=\"column col-6\">\r\n\t\t<a href=\"https:\/\/www.elha.de\/wp-content\/uploads\/rtx-5280-rundtisch-bearbeitungszentrum.jpg\" class=\"lightbox elha-image-lightbox\">\r\n\t\t\t<img decoding=\"async\" src=\"https:\/\/www.elha.de\/wp-content\/uploads\/rtx-5280-rundtisch-bearbeitungszentrum-460x307.jpg\" alt=\"\" >\r\n\t\t<\/a>\r\n\t<\/div>\r\n<\/div>","protected":false},"excerpt":{"rendered":"<p>\t\t\tLa machine est adapt\u00e9e au per\u00e7age vertical \u00e0 1 ou 2 broches, \u00e0 l'al\u00e9sage, au lamage, \u00e0 l'al\u00e9sage conique et au taraudage de trous dispos\u00e9s sur des cercles de trous. La puissance des deux unit\u00e9s de mortaisage<\/p>","protected":false},"author":1,"featured_media":6830,"parent":1649,"menu_order":2,"comment_status":"closed","ping_status":"closed","template":"","meta":{"footnotes":""},"class_list":["post-4822","page","type-page","status-publish","has-post-thumbnail","hentry"],"blocksy_meta":{"styles_descriptor":{"styles":{"desktop":"","tablet":"","mobile":""},"google_fonts":[],"version":6}},"_links":{"self":[{"href":"https:\/\/www.elha.de\/fr\/wp-json\/wp\/v2\/pages\/4822","targetHints":{"allow":["GET"]}}],"collection":[{"href":"https:\/\/www.elha.de\/fr\/wp-json\/wp\/v2\/pages"}],"about":[{"href":"https:\/\/www.elha.de\/fr\/wp-json\/wp\/v2\/types\/page"}],"author":[{"embeddable":true,"href":"https:\/\/www.elha.de\/fr\/wp-json\/wp\/v2\/users\/1"}],"replies":[{"embeddable":true,"href":"https:\/\/www.elha.de\/fr\/wp-json\/wp\/v2\/comments?post=4822"}],"version-history":[{"count":0,"href":"https:\/\/www.elha.de\/fr\/wp-json\/wp\/v2\/pages\/4822\/revisions"}],"up":[{"embeddable":true,"href":"https:\/\/www.elha.de\/fr\/wp-json\/wp\/v2\/pages\/1649"}],"wp:featuredmedia":[{"embeddable":true,"href":"https:\/\/www.elha.de\/fr\/wp-json\/wp\/v2\/media\/6830"}],"wp:attachment":[{"href":"https:\/\/www.elha.de\/fr\/wp-json\/wp\/v2\/media?parent=4822"}],"curies":[{"name":"wp","href":"https:\/\/api.w.org\/{rel}","templated":true}]}}