{"id":4846,"date":"2016-06-21T10:02:03","date_gmt":"2016-06-21T08:02:03","guid":{"rendered":"https:\/\/www.elha.de\/?page_id=4846"},"modified":"2025-02-28T09:53:24","modified_gmt":"2025-02-28T08:53:24","slug":"rtx-5211-2-broches-table-ronde-centre-dusinage-d4000","status":"publish","type":"page","link":"https:\/\/www.elha.de\/fr\/maschinen\/rundtisch-bearbeitungszentren\/rtx-5211-2-spindel-rundtisch-bearbeitungszentrum-d4000\/","title":{"rendered":"RTX 5211 - Centre d'usinage \u00e0 table circulaire \u00e0 2 broches \u00d84000"},"content":{"rendered":"<div class=\"columns\">\r\n\t<div class=\"column col-6 col-md-12\">\r\n\t\t<p>\r\n\t\t\tLe centre d'usinage RTX 5211 convient pour le per\u00e7age et le taraudage monobroche ou bibroche de pi\u00e8ces annulaires d'un diam\u00e8tre maximal de 4000 mm et d'une hauteur maximale de 400 mm, ainsi que pour un poids maximal de la pi\u00e8ce pouvant atteindre 10 tonnes.\r\n\t\t<\/p>\r\n\r\n\t\t<p>\r\n\t\t\tLes puissants entra\u00eenements d'outils des deux unit\u00e9s de travail disposent de 42 kW \/ 575 Nm \/ 4000 min<sup><span>-1<\/span><\/sup> et sont \u00e9quip\u00e9es d'une interface HSK 100. Les outils et les t\u00eates de per\u00e7age d'angle peuvent \u00eatre chang\u00e9s automatiquement gr\u00e2ce aux deux changeurs d'outils.\r\n\t\t<\/p>\r\n\r\n\t\t\r\n\t\t\r\n\t\t\t<a href=\"https:\/\/www.elha.de\/wp-content\/uploads\/rtx-5211-en.pdf\" target=\"_blank\" class=\"btn mb-4\" rel=\"noopener noreferrer\">Description de l'installation<\/a>\r\n\t\t\r\n\t<\/div>\r\n\r\n\t<div class=\"column col-6 col-md-12\">\r\n\t\t<a href=\"https:\/\/www.elha.de\/wp-content\/uploads\/rtx-5211-rendering.png\" class=\"lightbox elha-image-lightbox\">\r\n\t\t\t<img decoding=\"async\" src=\"https:\/\/www.elha.de\/wp-content\/uploads\/rtx-5211-rendering-460x307.png\" alt=\"RTX 5211 BAZ Mod\u00e8le\">\r\n\t\t<\/a>\r\n\t<\/div>\r\n<\/div>\r\n\r\n\r\n\r\n<div class=\"columns\">\r\n\t<div class=\"column col-6 col-md-12 mb-4\">\r\n\t\t<div class=\"elha-youtube-lightbox\"><a href=\"https:\/\/www.youtube-nocookie.com\/embed\/fGZ8jmyXVWk\" class=\"lightbox\" rel=\"nofollow noopener\" target=\"_blank\"><img decoding=\"async\" src=\"https:\/\/www.elha.de\/wp-content\/uploads\/spx-5211-video-460x307.jpg\" alt=\"\"><\/a><span>Accepter la transmission des donn\u00e9es \u00e0 YouTube et lire la vid\u00e9o - <a href=\"https:\/\/www.elha.de\/fr\/declaration-de-protection-des-donnees\/\">D\u00e9claration de confidentialit\u00e9<\/a><\/span><\/div>\r\n\t<\/div>\r\n\r\n\t<div class=\"column col-6 col-md-12\">\r\n\t\t<a href=\"https:\/\/www.elha.de\/wp-content\/uploads\/rtx-5211-rundtisch-bearbeitungszentrum.jpg\" class=\"lightbox elha-image-lightbox\">\r\n\t\t\t<img decoding=\"async\" src=\"https:\/\/www.elha.de\/wp-content\/uploads\/rtx-5211-rundtisch-bearbeitungszentrum-460x307.jpg\" alt=\"RTX 5211 BAZ Vue 2\">\r\n\t\t<\/a>\r\n\t<\/div>\r\n<\/div>","protected":false},"excerpt":{"rendered":"<p>\t\t\tLe centre d'usinage RTX 5211 convient pour le per\u00e7age et le taraudage monobroche ou bibroche de pi\u00e8ces annulaires jusqu'\u00e0 un diam\u00e8tre de 4000 mm et<\/p>","protected":false},"author":1,"featured_media":7324,"parent":1649,"menu_order":3,"comment_status":"closed","ping_status":"closed","template":"","meta":{"footnotes":""},"class_list":["post-4846","page","type-page","status-publish","has-post-thumbnail","hentry"],"blocksy_meta":{"styles_descriptor":{"styles":{"desktop":"","tablet":"","mobile":""},"google_fonts":[],"version":6}},"_links":{"self":[{"href":"https:\/\/www.elha.de\/fr\/wp-json\/wp\/v2\/pages\/4846","targetHints":{"allow":["GET"]}}],"collection":[{"href":"https:\/\/www.elha.de\/fr\/wp-json\/wp\/v2\/pages"}],"about":[{"href":"https:\/\/www.elha.de\/fr\/wp-json\/wp\/v2\/types\/page"}],"author":[{"embeddable":true,"href":"https:\/\/www.elha.de\/fr\/wp-json\/wp\/v2\/users\/1"}],"replies":[{"embeddable":true,"href":"https:\/\/www.elha.de\/fr\/wp-json\/wp\/v2\/comments?post=4846"}],"version-history":[{"count":0,"href":"https:\/\/www.elha.de\/fr\/wp-json\/wp\/v2\/pages\/4846\/revisions"}],"up":[{"embeddable":true,"href":"https:\/\/www.elha.de\/fr\/wp-json\/wp\/v2\/pages\/1649"}],"wp:featuredmedia":[{"embeddable":true,"href":"https:\/\/www.elha.de\/fr\/wp-json\/wp\/v2\/media\/7324"}],"wp:attachment":[{"href":"https:\/\/www.elha.de\/fr\/wp-json\/wp\/v2\/media?parent=4846"}],"curies":[{"name":"wp","href":"https:\/\/api.w.org\/{rel}","templated":true}]}}