{"id":4880,"date":"2016-06-21T11:19:08","date_gmt":"2016-06-21T09:19:08","guid":{"rendered":"https:\/\/www.elha.de\/?page_id=4880"},"modified":"2025-02-28T09:20:42","modified_gmt":"2025-02-28T08:20:42","slug":"smx-5239-centre-dusinage-horizontal-a-6-axes","status":"publish","type":"page","link":"https:\/\/www.elha.de\/fr\/maschinen\/spezial-bearbeitungszentren\/smx-5239-6-achsen-horizontal-grossbearbeitungszentrum\/","title":{"rendered":"SMX 5239 - Centre d'usinage horizontal 6 axes de grande taille"},"content":{"rendered":"<div class=\"columns\">\r\n\t<div class=\"column col-6 col-md-12\">\r\n\t\t<p>\r\n\t\t\tCette machine marque une nouvelle \u00e9tape pour les grands centres d'usinage horizontaux en termes de dimensionnement, de stabilit\u00e9 et de flexibilit\u00e9. Conceptuellement, le SMX 5239 a \u00e9t\u00e9 d\u00e9velopp\u00e9 pour l'usinage de pi\u00e8ces de b\u00e2ti de machines-outils. Ainsi, la structure de base se compose d'une colonne massive et mobile pour un positionnement secondaire, dans laquelle est int\u00e9gr\u00e9e une unit\u00e9 dynamique \u00e0 deux axes pour l'ex\u00e9cution des mouvements principaux pendant l'usinage. Dans cette unit\u00e9 est \u00e9galement install\u00e9 un coulisseau circulaire rotatif \u00e0 palier hydrostatique d'un diam\u00e8tre g\u00e9n\u00e9reux de 450 mm, con\u00e7u pour recevoir des agr\u00e9gats primaires pour les op\u00e9rations les plus diverses.\r\n\t\t<\/p>\r\n\r\n\t\t<a href=\"https:\/\/www.elha.de\/wp-content\/uploads\/smx-5239-ohne-verkleidung.jpg\" class=\"lightbox elha-image-lightbox\">\r\n\t\t\t<img decoding=\"async\" src=\"https:\/\/www.elha.de\/wp-content\/uploads\/smx-5239-ohne-verkleidung-460x307.jpg\" alt=\"SMX 5239 - Sans habillage\" >\r\n\t\t<\/a>\r\n\r\n\t\t<p>\r\n\t\t\tPour ce faire, l'unit\u00e9 de poussoir comporte un entra\u00eenement de la broche porte-outil avec un engrenage \u00e0 deux \u00e9tages pour des vitesses\/couples de rotation \u00e9lev\u00e9s. Une table tournante et coulissante de \u00d82000 mm est dispos\u00e9e transversalement \u00e0 l'unit\u00e9 de travail, sur laquelle des palettes de 4500 x 2000 peuvent \u00eatre tendues. La possibilit\u00e9 d'une production sans personnel gr\u00e2ce \u00e0 l'utilisation d'un syst\u00e8me automatique de changement de palettes avec 3 palettes qui peuvent \u00eatre chang\u00e9es l'une apr\u00e8s l'autre est un autre point important. Pour une grande flexibilit\u00e9 et des temps d'\u00e9quipement tr\u00e8s courts, un grand magasin est dispos\u00e9 lat\u00e9ralement pour stocker 360 outils HSK, ce qui permet un changement d'outil automatique par robot.\r\n\t\t<\/p>\r\n\r\n\t\t\r\n\t\t\r\n\t\t\t<a href=\"https:\/\/www.elha.de\/wp-content\/uploads\/smx-5239-en.pdf\" target=\"_blank\" class=\"btn mb-4\" rel=\"noopener noreferrer\">Description de l'installation<\/a>\r\n\t\t\r\n\t<\/div>\r\n\r\n\r\n\r\n\t<div class=\"column col-6 col-md-12\">\r\n\t\t<table>\r\n\t\t\t<thead>\r\n\t\t\t\t<tr>\r\n\t\t\t\t\t<th colspan=\"3\">Donn\u00e9es techniques<\/th>\r\n\t\t\t\t<\/tr>\r\n\t\t\t<\/thead>\r\n\r\n\t\t\t<tbody>\r\n\t\t\t\t<tr>\r\n\t\t\t\t\t<td><strong>Course de d\u00e9placement<\/strong><\/td>\r\n\t\t\t\t\t<td>Axe X (table circulaire)<\/td>\r\n\t\t\t\t\t<td>5600 mm<\/td>\r\n\t\t\t\t<\/tr>\r\n\t\t\t\t<tr>\r\n\t\t\t\t\t<td><\/td>\r\n\t\t\t\t\t<td>Axe Y (chariot crois\u00e9)<\/td>\r\n\t\t\t\t\t<td>3500 mm<\/td>\r\n\t\t\t\t<\/tr>\r\n\t\t\t\t<tr>\r\n\t\t\t\t\t<td><\/td>\r\n\t\t\t\t\t<td>Axe Z (coulisseau rond)<\/td>\r\n\t\t\t\t\t<td>1000 mm<\/td>\r\n\t\t\t\t<\/tr>\r\n\t\t\t\t<tr>\r\n\t\t\t\t\t<td><\/td>\r\n\t\t\t\t\t<td>Axe W (support)<\/td>\r\n\t\t\t\t\t<td>2650 mm<\/td>\r\n\t\t\t\t<\/tr>\r\n\t\t\t\t<tr>\r\n\t\t\t\t\t<td><\/td>\r\n\t\t\t\t\t<td>Changeur de palettes<\/td>\r\n\t\t\t\t\t<td>1250 mm<\/td>\r\n\t\t\t\t<\/tr>\r\n\t\t\t\t<tr>\r\n\t\t\t\t\t<td><\/td>\r\n\t\t\t\t\t<td>Changeur de t\u00eate d'attachement<\/td>\r\n\t\t\t\t\t<td>2300 mm<\/td>\r\n\t\t\t\t<\/tr>\r\n\t\t\t\t<tr>\r\n\t\t\t\t\t<td><\/td>\r\n\t\t\t\t\t<td>Pr\u00e9cision de positionnement<\/td>\r\n\t\t\t\t\t<td>0,02 \/ 4500 mm<\/td>\r\n\t\t\t\t<\/tr>\r\n\t\t\t\t<tr>\r\n\t\t\t\t\t<td><strong>Entra\u00eenement principal<\/strong><\/td>\r\n\t\t\t\t\t<td>Max. Puissance S1<\/td>\r\n\t\t\t\t\t<td>37,7 kW<\/td>\r\n\t\t\t\t<\/tr>\r\n\t\t\t\t<tr>\r\n\t\t\t\t\t<td><\/td>\r\n\t\t\t\t\t<td>GS1 : vitesse max. Couple S1 \/ S6<\/td>\r\n\t\t\t\t\t<td>1500 \/ 1920 Nm<\/td>\r\n\t\t\t\t<\/tr>\r\n\t\t\t\t<tr>\r\n\t\t\t\t\t<td><\/td>\r\n\t\t\t\t\t<td>GS2 : Vitesse max. Couple S1 \/ S6<\/td>\r\n\t\t\t\t\t<td>300 \/ 384 Nm<\/td>\r\n\t\t\t\t<\/tr>\r\n\t\t\t\t<tr>\r\n\t\t\t\t\t<td><\/td>\r\n\t\t\t\t\t<td>Vitesse max. GS1 \/ GS2 \/ S6<\/td>\r\n\t\t\t\t\t<td>1300 \/ 6500 min-1<\/td>\r\n\t\t\t\t<\/tr>\r\n\t\t\t\t<tr>\r\n\t\t\t\t\t<td><strong>Table ronde \/ palette<\/strong><\/td>\r\n\t\t\t\t\t<td>Diam\u00e8tre du plateau circulaire<\/td>\r\n\t\t\t\t\t<td>2000 mm<\/td>\r\n\t\t\t\t<\/tr>\r\n\t\t\t\t<tr>\r\n\t\t\t\t\t<td><\/td>\r\n\t\t\t\t\t<td>Taille de la palette<\/td>\r\n\t\t\t\t\t<td>4500 x 2000 mm<\/td>\r\n\t\t\t\t<\/tr>\r\n\t\t\t\t<tr>\r\n\t\t\t\t\t<td><\/td>\r\n\t\t\t\t\t<td>Poids de la pi\u00e8ce<\/td>\r\n\t\t\t\t\t<td>18 t<\/td>\r\n\t\t\t\t<\/tr>\r\n\t\t\t\t<tr>\r\n\t\t\t\t\t<td><\/td>\r\n\t\t\t\t\t<td>Changeur de palettes<\/td>\r\n\t\t\t\t\t<td>3<\/td>\r\n\t\t\t\t<\/tr>\r\n\t\t\t\t<tr>\r\n\t\t\t\t\t<td><strong>Changeur de t\u00eate \/ magasin d'outils<\/strong><\/td>\r\n\t\t\t\t\t<td>T\u00eates de lecture<\/td>\r\n\t\t\t\t\t<td>3<\/td>\r\n\t\t\t\t<\/tr>\r\n\t\t\t\t<tr>\r\n\t\t\t\t\t<td><\/td>\r\n\t\t\t\t\t<td>Postes d'outils<\/td>\r\n\t\t\t\t\t<td>360<\/td>\r\n\t\t\t\t<\/tr>\r\n\t\t\t\t<tr>\r\n\t\t\t\t\t<td><\/td>\r\n\t\t\t\t\t<td>Porte-outils<\/td>\r\n\t\t\t\t\t<td>HSK-A 100<\/td>\r\n\t\t\t\t<\/tr>\r\n\t\t\t\t<tr>\r\n\t\t\t\t\t<td><strong>Dimensions<\/strong><\/td>\r\n\t\t\t\t\t<td>Besoin d'installation<\/td>\r\n\t\t\t\t\t<td>18,5\u00d711,8\u00d75,6 m<\/td>\r\n\t\t\t\t<\/tr>\r\n\t\t\t\t<tr>\r\n\t\t\t\t\t<td><strong> <\/strong><\/td>\r\n\t\t\t\t\t<td>Poids total<\/td>\r\n\t\t\t\t\t<td>180 t<\/td>\r\n\t\t\t\t<\/tr>\r\n\t\t\t<\/tbody>\r\n\t\t<\/table>\r\n\t<\/div>\r\n<\/div>\r\n\r\n\r\n\r\n<div class=\"columns\">\r\n\t<div class=\"column col-6\">\r\n\t\t<div class=\"elha-youtube-lightbox\"><a href=\"https:\/\/www.youtube-nocookie.com\/embed\/T83pPhxapo0\" class=\"lightbox\" rel=\"nofollow noopener\" target=\"_blank\"><img decoding=\"async\" src=\"https:\/\/www.elha.de\/wp-content\/uploads\/smx-5239-video-460x307.jpg\" alt=\"\"><\/a><span>Accepter la transmission des donn\u00e9es \u00e0 YouTube et lire la vid\u00e9o - <a href=\"https:\/\/www.elha.de\/fr\/declaration-de-protection-des-donnees\/\">D\u00e9claration de confidentialit\u00e9<\/a><\/span><\/div>\r\n\t<\/div>\r\n\r\n\t<div class=\"column col-6\">\r\n\t\t<a href=\"https:\/\/www.elha.de\/wp-content\/uploads\/smx-5239-horizontal-grossbearbeitungszentrum.jpg\" class=\"lightbox elha-image-lightbox\">\r\n\t\t\t<img decoding=\"async\" src=\"https:\/\/www.elha.de\/wp-content\/uploads\/smx-5239-horizontal-grossbearbeitungszentrum-460x325.jpg\" alt=\"SMX 5239 02\" >\r\n\t\t<\/a>\r\n\t<\/div>\r\n\r\n\t<div class=\"column col-6\">\r\n\t\t<a href=\"https:\/\/www.elha.de\/wp-content\/uploads\/smx-5239-achsbezeichnungen.jpg\" class=\"lightbox elha-image-lightbox\">\r\n\t\t\t<img decoding=\"async\" src=\"https:\/\/www.elha.de\/wp-content\/uploads\/smx-5239-achsbezeichnungen-460x325.jpg\" alt=\"SMX 5239 03\" >\r\n\t\t<\/a>\r\n\t<\/div>\r\n\r\n\t<div class=\"column col-6\">\r\n\t\t<a href=\"https:\/\/www.elha.de\/wp-content\/uploads\/smx-5239-kopfwechsler-werkzeugwechsler.jpg\" class=\"lightbox elha-image-lightbox\">\r\n\t\t\t<img decoding=\"async\" src=\"https:\/\/www.elha.de\/wp-content\/uploads\/smx-5239-kopfwechsler-werkzeugwechsler-460x325.jpg\" alt=\"SMX 5239 04\" >\r\n\t\t<\/a>\r\n\t<\/div>\r\n\r\n\t<div class=\"column col-6\">\r\n\t\t<a href=\"https:\/\/www.elha.de\/wp-content\/uploads\/smx-5239-schutzverkleidung.jpg\" class=\"lightbox elha-image-lightbox\">\r\n\t\t\t<img decoding=\"async\" src=\"https:\/\/www.elha.de\/wp-content\/uploads\/smx-5239-schutzverkleidung-460x325.jpg\" alt=\"SMX 5239 05\" >\r\n\t\t<\/a>\r\n\t<\/div>\r\n\r\n\t<div class=\"column col-6\">\r\n\t\t<a href=\"https:\/\/www.elha.de\/wp-content\/uploads\/smx-5239-werkzeugwechsel-roboter.jpg\" class=\"lightbox elha-image-lightbox\">\r\n\t\t\t<img decoding=\"async\" src=\"https:\/\/www.elha.de\/wp-content\/uploads\/smx-5239-werkzeugwechsel-roboter-460x325.jpg\" alt=\"SMX 5239 06\" >\r\n\t\t<\/a>\r\n\t<\/div>\r\n<\/div>","protected":false},"excerpt":{"rendered":"<p>\t\t\tCette machine marque une nouvelle \u00e9tape pour les grands centres d'usinage horizontaux en termes de dimensionnement, de stabilit\u00e9 et de flexibilit\u00e9. Le SMX 5239 a \u00e9t\u00e9 con\u00e7u pour l'usinage de pi\u00e8ces de b\u00e2ti de machines-outils.<\/p>","protected":false},"author":1,"featured_media":7400,"parent":1651,"menu_order":0,"comment_status":"closed","ping_status":"closed","template":"","meta":{"footnotes":""},"class_list":["post-4880","page","type-page","status-publish","has-post-thumbnail","hentry"],"blocksy_meta":{"styles_descriptor":{"styles":{"desktop":"","tablet":"","mobile":""},"google_fonts":[],"version":6}},"_links":{"self":[{"href":"https:\/\/www.elha.de\/fr\/wp-json\/wp\/v2\/pages\/4880","targetHints":{"allow":["GET"]}}],"collection":[{"href":"https:\/\/www.elha.de\/fr\/wp-json\/wp\/v2\/pages"}],"about":[{"href":"https:\/\/www.elha.de\/fr\/wp-json\/wp\/v2\/types\/page"}],"author":[{"embeddable":true,"href":"https:\/\/www.elha.de\/fr\/wp-json\/wp\/v2\/users\/1"}],"replies":[{"embeddable":true,"href":"https:\/\/www.elha.de\/fr\/wp-json\/wp\/v2\/comments?post=4880"}],"version-history":[{"count":0,"href":"https:\/\/www.elha.de\/fr\/wp-json\/wp\/v2\/pages\/4880\/revisions"}],"up":[{"embeddable":true,"href":"https:\/\/www.elha.de\/fr\/wp-json\/wp\/v2\/pages\/1651"}],"wp:featuredmedia":[{"embeddable":true,"href":"https:\/\/www.elha.de\/fr\/wp-json\/wp\/v2\/media\/7400"}],"wp:attachment":[{"href":"https:\/\/www.elha.de\/fr\/wp-json\/wp\/v2\/media?parent=4880"}],"curies":[{"name":"wp","href":"https:\/\/api.w.org\/{rel}","templated":true}]}}