{"id":4942,"date":"2016-06-21T13:06:03","date_gmt":"2016-06-21T11:06:03","guid":{"rendered":"https:\/\/www.elha.de\/?page_id=4942"},"modified":"2025-02-28T13:16:08","modified_gmt":"2025-02-28T12:16:08","slug":"smx-5181-centre-dusinage-horizontal-special-avec-tete-de-fraisage-hv","status":"publish","type":"page","link":"https:\/\/www.elha.de\/fr\/maschinen\/spezial-bearbeitungszentren\/smx-5181-horizontales-spezial-bearbeitungszentrum-mit-hv-fraeskopf\/","title":{"rendered":"SMX 5181 - Centre d'usinage horizontal sp\u00e9cial avec t\u00eate de fraisage HV"},"content":{"rendered":"<div class=\"columns\">\r\n\t<div class=\"column col-6 col-md-12\">\r\n\t\t<p>\r\n\t\t\tCe centre d'usinage a \u00e9t\u00e9 con\u00e7u pour l'usinage complet de composants laser \u00e0 plat de la soci\u00e9t\u00e9 TRUMPF. Les sous-ensembles de la machine sont optimis\u00e9s pour un usinage dynamique, tr\u00e8s pr\u00e9cis et flexible de pi\u00e8ces de grande taille. La base et le b\u00e2ti de machine monobloc en construction composite sont dot\u00e9s d'une rigidit\u00e9 propre, d'un amortissement optimal des vibrations et d'une stabilit\u00e9 thermique.\r\n\t\t<\/p>\r\n\r\n\t\t<p>\r\n\t\t\tL'unit\u00e9 de travail avec une t\u00eate de fraisage \u00e0 fourche nouvellement d\u00e9velopp\u00e9e et une broche motoris\u00e9e puissante convient aussi bien pour l'enl\u00e8vement de copeaux d'aluminium que d'acier. Le changement d'outil est effectu\u00e9 par un robot (\u00e9quip\u00e9 d'un double pr\u00e9henseur). Jusqu'\u00e0 339 emplacements d'outils sont disponibles dans l'ar\u00e8ne d'outils. La table circulaire CNC mobile est \u00e9quip\u00e9e de syst\u00e8mes de serrage \u00e0 point z\u00e9ro pour recevoir des palettes de serrage. Un changeur de palettes automatique est con\u00e7u pour une production sans personnel et peut stocker jusqu'\u00e0 4(5) palettes de pi\u00e8ces brutes dans le syst\u00e8me.\r\n\t\t<\/p>\r\n\r\n\t\t\r\n\r\n\t\t\r\n\t\t\t<a href=\"https:\/\/www.elha.de\/wp-content\/uploads\/smx-5181-en.pdf\" target=\"_blank\" class=\"btn mb-4\" rel=\"noopener noreferrer\">Description de l'installation<\/a>\r\n\t\t\r\n\r\n\t\t<div class=\"elha-youtube-lightbox mb-4\"><a href=\"https:\/\/www.youtube-nocookie.com\/embed\/vOhaGEoapiU\" class=\"lightbox\" rel=\"nofollow noopener\" target=\"_blank\"><img decoding=\"async\" src=\"https:\/\/www.elha.de\/wp-content\/uploads\/spx-5181-video.jpg\" alt=\"\"><\/a><span>Accepter la transmission des donn\u00e9es \u00e0 YouTube et lire la vid\u00e9o - <a href=\"https:\/\/www.elha.de\/fr\/declaration-de-protection-des-donnees\/\">D\u00e9claration de confidentialit\u00e9<\/a><\/span><\/div>\r\n\t<\/div>\r\n\r\n\t<div class=\"column col-6 col-md-12\">\r\n\t\t<table>\r\n\t\t\t<thead>\r\n\t\t\t\t<tr>\r\n\t\t\t\t\t<th colspan=\"3\">Donn\u00e9es techniques<\/th>\r\n\t\t\t\t<\/tr>\r\n\t\t\t<\/thead>\r\n\r\n\t\t\t<tbody>\r\n\t\t\t\t<tr>\r\n\t\t\t\t\t<td><strong>Course de d\u00e9placement<\/strong><\/td>\r\n\t\t\t\t\t<td>Axe X<\/td>\r\n\t\t\t\t\t<td>2 800 mm<\/td>\r\n\t\t\t\t<\/tr>\r\n\t\t\t\t<tr>\r\n\t\t\t\t\t<td><\/td>\r\n\t\t\t\t\t<td>Axe Y<\/td>\r\n\t\t\t\t\t<td>1 250 mm<\/td>\r\n\t\t\t\t<\/tr>\r\n\t\t\t\t<tr>\r\n\t\t\t\t\t<td><\/td>\r\n\t\t\t\t\t<td>Axe Z<\/td>\r\n\t\t\t\t\t<td>2 800 mm<\/td>\r\n\t\t\t\t<\/tr>\r\n\t\t\t\t<tr>\r\n\t\t\t\t\t<td><strong>Avances <\/strong><\/td>\r\n\t\t\t\t\t<td>Vitesse max. Vitesse<\/td>\r\n\t\t\t\t\t<td>60 m\/min<\/td>\r\n\t\t\t\t<\/tr>\r\n\t\t\t\t<tr>\r\n\t\t\t\t\t<td><\/td>\r\n\t\t\t\t\t<td>Max. Acc\u00e9l\u00e9ration<\/td>\r\n\t\t\t\t\t<td>5 m\/sec\u00b2<\/td>\r\n\t\t\t\t<\/tr>\r\n\t\t\t\t<tr>\r\n\t\t\t\t\t<td><\/td>\r\n\t\t\t\t\t<td>Vitesse max. Force d'avance<\/td>\r\n\t\t\t\t\t<td>10.000 N<\/td>\r\n\t\t\t\t<\/tr>\r\n\t\t\t\t<tr>\r\n\t\t\t\t\t<td><strong>T\u00eate pivotante<\/strong><\/td>\r\n\t\t\t\t\t<td>Max. Puissance S1<\/td>\r\n\t\t\t\t\t<td>55 kW<\/td>\r\n\t\t\t\t<\/tr>\r\n\t\t\t\t<tr>\r\n\t\t\t\t\t<td><\/td>\r\n\t\t\t\t\t<td>Vitesse max. Couple S1<\/td>\r\n\t\t\t\t\t<td>210 Nm<\/td>\r\n\t\t\t\t<\/tr>\r\n\t\t\t\t<tr>\r\n\t\t\t\t\t<td><\/td>\r\n\t\t\t\t\t<td>Vitesse max. Vitesse de rotation<\/td>\r\n\t\t\t\t\t<td>15 000 tours\/minute<\/td>\r\n\t\t\t\t<\/tr>\r\n\t\t\t\t<tr>\r\n\t\t\t\t\t<td><\/td>\r\n\t\t\t\t\t<td>Plage de pivotement<\/td>\r\n\t\t\t\t\t<td>0\u00b0 \u00e0 90<\/td>\r\n\t\t\t\t<\/tr>\r\n\t\t\t\t<tr>\r\n\t\t\t\t\t<td><strong>Table ronde <\/strong><\/td>\r\n\t\t\t\t\t<td>Taille du plateau de table<\/td>\r\n\t\t\t\t\t<td>1.000 x 1.000 mm<\/td>\r\n\t\t\t\t<\/tr>\r\n\t\t\t\t<tr>\r\n\t\t\t\t\t<td><\/td>\r\n\t\t\t\t\t<td>Taille max. Taille des palettes<\/td>\r\n\t\t\t\t\t<td>1.000 x 1.600 mm<\/td>\r\n\t\t\t\t<\/tr>\r\n\t\t\t\t<tr>\r\n\t\t\t\t\t<td><\/td>\r\n\t\t\t\t\t<td>Nombre max. Diam\u00e8tre de pivotement<\/td>\r\n\t\t\t\t\t<td>3 000 mm<\/td>\r\n\t\t\t\t<\/tr>\r\n\t\t\t\t<tr>\r\n\t\t\t\t\t<td><\/td>\r\n\t\t\t\t\t<td>Charge max. Charge de la table<\/td>\r\n\t\t\t\t\t<td>10 000 kg<\/td>\r\n\t\t\t\t<\/tr>\r\n\t\t\t\t<tr>\r\n\t\t\t\t\t<td><\/td>\r\n\t\t\t\t\t<td>Pr\u00e9cision de positionnement<\/td>\r\n\t\t\t\t\t<td>\u00b11\u2033<\/td>\r\n\t\t\t\t<\/tr>\r\n\t\t\t\t<tr>\r\n\t\t\t\t\t<td><strong>Magasin d'outils<\/strong><\/td>\r\n\t\t\t\t\t<td>Postes d'outils<\/td>\r\n\t\t\t\t\t<td>339<\/td>\r\n\t\t\t\t<\/tr>\r\n\t\t\t\t<tr>\r\n\t\t\t\t\t<td><strong> <\/strong><\/td>\r\n\t\t\t\t\t<td>Porte-outils<\/td>\r\n\t\t\t\t\t<td>HSK-A 100<\/td>\r\n\t\t\t\t<\/tr>\r\n\t\t\t\t<tr>\r\n\t\t\t\t\t<td><strong> <\/strong><\/td>\r\n\t\t\t\t\t<td>Temps de changement d'outil<\/td>\r\n\t\t\t\t\t<td>7,0 sec<\/td>\r\n\t\t\t\t<\/tr>\r\n\t\t\t\t<tr>\r\n\t\t\t\t\t<td><strong>Dimensions <\/strong><\/td>\r\n\t\t\t\t\t<td>Besoin d'installation<\/td>\r\n\t\t\t\t\t<td>17,4 x 9,1 x 5,9 m<\/td>\r\n\t\t\t\t<\/tr>\r\n\t\t\t\t<tr>\r\n\t\t\t\t\t<td><strong> <\/strong><\/td>\r\n\t\t\t\t\t<td>Poids total<\/td>\r\n\t\t\t\t\t<td>65 000 kg<\/td>\r\n\t\t\t\t<\/tr>\r\n\t\t\t<\/tbody>\r\n\t\t<\/table>\r\n\t<\/div>\r\n<\/div>\r\n\r\n\r\n\r\n<div class=\"columns\">\r\n\t<div class=\"column col-6 col-md-12\">\r\n\t\t<a href=\"https:\/\/www.elha.de\/wp-content\/uploads\/tool-arena-roboter.jpg\" class=\"lightbox elha-image-lightbox mb-3\">\r\n\t\t\t<img decoding=\"async\" src=\"https:\/\/www.elha.de\/wp-content\/uploads\/tool-arena-roboter-460x307.jpg\" alt=\"Tool Arena avec robot de changement d&#039;outils\">\r\n\t\t<\/a>\r\n\r\n\t\t<a href=\"https:\/\/www.elha.de\/wp-content\/uploads\/smx-5181-werkzeugwechsel-roboterarena.jpg\" class=\"lightbox elha-image-lightbox mb-3\">\r\n\t\t\t<img decoding=\"async\" src=\"https:\/\/www.elha.de\/wp-content\/uploads\/smx-5181-werkzeugwechsel-roboterarena-460x307.jpg\" alt=\"SMX 5181 BAZ 02\">\r\n\t\t<\/a>\r\n\t<\/div>\r\n\r\n\t<div class=\"column col-6\">\r\n\t\t<a href=\"https:\/\/www.elha.de\/wp-content\/uploads\/smx-5181-fraeskopf-kommandopult.jpg\" class=\"lightbox elha-image-lightbox\"><img decoding=\"async\" src=\"https:\/\/www.elha.de\/wp-content\/uploads\/smx-5181-fraeskopf-kommandopult-627x940.jpg\" alt=\"SMX 5181 Commande avec vue sur la salle des machines\"><\/a>\r\n\t<\/div>\r\n<\/div>","protected":false},"excerpt":{"rendered":"<p>\t\t\tCe centre d'usinage a \u00e9t\u00e9 con\u00e7u pour l'usinage complet de composants laser \u00e0 plat de la soci\u00e9t\u00e9 TRUMPF. Les sous-ensembles de la machine sont con\u00e7us pour un usinage dynamique, tr\u00e8s pr\u00e9cis et flexible de grands composants<\/p>","protected":false},"author":1,"featured_media":4962,"parent":1651,"menu_order":2,"comment_status":"closed","ping_status":"closed","template":"","meta":{"footnotes":""},"class_list":["post-4942","page","type-page","status-publish","has-post-thumbnail","hentry"],"blocksy_meta":{"styles_descriptor":{"styles":{"desktop":"","tablet":"","mobile":""},"google_fonts":[],"version":6}},"_links":{"self":[{"href":"https:\/\/www.elha.de\/fr\/wp-json\/wp\/v2\/pages\/4942","targetHints":{"allow":["GET"]}}],"collection":[{"href":"https:\/\/www.elha.de\/fr\/wp-json\/wp\/v2\/pages"}],"about":[{"href":"https:\/\/www.elha.de\/fr\/wp-json\/wp\/v2\/types\/page"}],"author":[{"embeddable":true,"href":"https:\/\/www.elha.de\/fr\/wp-json\/wp\/v2\/users\/1"}],"replies":[{"embeddable":true,"href":"https:\/\/www.elha.de\/fr\/wp-json\/wp\/v2\/comments?post=4942"}],"version-history":[{"count":0,"href":"https:\/\/www.elha.de\/fr\/wp-json\/wp\/v2\/pages\/4942\/revisions"}],"up":[{"embeddable":true,"href":"https:\/\/www.elha.de\/fr\/wp-json\/wp\/v2\/pages\/1651"}],"wp:featuredmedia":[{"embeddable":true,"href":"https:\/\/www.elha.de\/fr\/wp-json\/wp\/v2\/media\/4962"}],"wp:attachment":[{"href":"https:\/\/www.elha.de\/fr\/wp-json\/wp\/v2\/media?parent=4942"}],"curies":[{"name":"wp","href":"https:\/\/api.w.org\/{rel}","templated":true}]}}