{"id":4977,"date":"2016-06-21T13:42:47","date_gmt":"2016-06-21T11:42:47","guid":{"rendered":"https:\/\/www.elha.de\/?page_id=4977"},"modified":"2025-02-27T10:49:03","modified_gmt":"2025-02-27T09:49:03","slug":"smx-5189-2-broches-centre-dusinage-horizontal","status":"publish","type":"page","link":"https:\/\/www.elha.de\/fr\/maschinen\/spezial-bearbeitungszentren\/smx-5189-2-spindel-horizontal-bearbeitungszentrum\/","title":{"rendered":"SMX 5189 - Centre d'usinage horizontal \u00e0 2 broches"},"content":{"rendered":"<div class=\"columns\">\r\n\t<div class=\"column col-6 col-md-12\">\r\n\t\t<p>\r\n\t\t\tCette machine a \u00e9t\u00e9 con\u00e7ue pour l'usinage de bo\u00eetiers d'\u00e9triers de frein de poids lourds en une seule position de serrage. Diff\u00e9rentes variantes de pi\u00e8ces peuvent ainsi \u00eatre usin\u00e9es sur les m\u00eames dispositifs de serrage, car les points de serrage sont dispos\u00e9s de mani\u00e8re identique pour toutes les variantes de pi\u00e8ces.\r\n\t\t<\/p>\r\n\r\n\t\t<p>\r\n\t\t\tPour l'usinage complexe, la machine a \u00e9t\u00e9 \u00e9quip\u00e9e d'un pont pivotant (axe A), qui est entra\u00een\u00e9 des deux c\u00f4t\u00e9s par des moteurs couples de \u00d8 500 mm. Sur le pont pivotant sont mont\u00e9es deux tables pivotantes de \u00d8 500 mm (axes B), \u00e9galement entra\u00een\u00e9es par des moteurs Torque. Tous les axes de rotation disposent d'un serrage hydraulique.\r\n\t\t<\/p>\r\n\r\n\t\t<p>\r\n\t\t\tLes deux unit\u00e9s de travail peuvent \u00eatre d\u00e9plac\u00e9es de mani\u00e8re totalement ind\u00e9pendante l'une de l'autre, ce qui permet de corriger les longueurs et les diam\u00e8tres d'outils sur les trois axes. La machine est \u00e9galement \u00e9quip\u00e9e d'un magasin d'outils pick-up \u00e0 80 positions. Ce magasin peut contenir plusieurs t\u00eates de per\u00e7age et de fraisage.\r\n\t\t<\/p>\r\n\r\n\t\t<a href=\"https:\/\/www.elha.de\/wp-content\/uploads\/smx-5189-zeichnung.png\" class=\"lightbox elha-image-lightbox mb-4\">\r\n\t\t\t<img decoding=\"async\" src=\"https:\/\/www.elha.de\/wp-content\/uploads\/smx-5189-zeichnung-460x338.png\" alt=\"SMX 5189 Dessin\">\r\n\t\t<\/a>\r\n\t<\/div>\r\n\r\n\r\n\r\n\t<div class=\"column col-6 col-md-12\">\r\n\t\t<table class=\"mb-4\">\r\n\t\t\t<thead>\r\n\t\t\t\t<tr>\r\n\t\t\t\t\t<th colspan=\"3\">Donn\u00e9es techniques<\/th>\r\n\t\t\t\t<\/tr>\r\n\t\t\t<\/thead>\r\n\r\n\t\t\t<tbody>\r\n\t\t\t\t<tr>\r\n\t\t\t\t\t<td><strong>Course de d\u00e9placement<\/strong><\/td>\r\n\t\t\t\t\t<td>Axes X<\/td>\r\n\t\t\t\t\t<td>500 mm<\/td>\r\n\t\t\t\t<\/tr>\r\n\t\t\t\t<tr>\r\n\t\t\t\t\t<td><\/td>\r\n\t\t\t\t\t<td>Axes Y (changement d'outil)<\/td>\r\n\t\t\t\t\t<td>500 (925) mm<\/td>\r\n\t\t\t\t<\/tr>\r\n\t\t\t\t<tr>\r\n\t\t\t\t\t<td><\/td>\r\n\t\t\t\t\t<td>Axes Z<\/td>\r\n\t\t\t\t\t<td>500 mm<\/td>\r\n\t\t\t\t<\/tr>\r\n\t\t\t\t<tr>\r\n\t\t\t\t\t<td><strong>Avances <\/strong><\/td>\r\n\t\t\t\t\t<td>Vitesse max. Vitesse<\/td>\r\n\t\t\t\t\t<td>40 m\/min<\/td>\r\n\t\t\t\t<\/tr>\r\n\t\t\t\t<tr>\r\n\t\t\t\t\t<td><\/td>\r\n\t\t\t\t\t<td>Max. Acc\u00e9l\u00e9ration<\/td>\r\n\t\t\t\t\t<td>4 m\/sec\u00b2<\/td>\r\n\t\t\t\t<\/tr>\r\n\t\t\t\t<tr>\r\n\t\t\t\t\t<td><\/td>\r\n\t\t\t\t\t<td>Vitesse max. Force d'avance<\/td>\r\n\t\t\t\t\t<td>10.000 N<\/td>\r\n\t\t\t\t<\/tr>\r\n\t\t\t\t<tr>\r\n\t\t\t\t\t<td><strong>Unit\u00e9 de travail<\/strong><\/td>\r\n\t\t\t\t\t<td>Max. Puissance S1 \/ S6<\/td>\r\n\t\t\t\t\t<td>50 \/ 75 kW<\/td>\r\n\t\t\t\t<\/tr>\r\n\t\t\t\t<tr>\r\n\t\t\t\t\t<td><\/td>\r\n\t\t\t\t\t<td>Vitesse max. Couple S1 \/ S6<\/td>\r\n\t\t\t\t\t<td>256 \/ 386 Nm<\/td>\r\n\t\t\t\t<\/tr>\r\n\t\t\t\t<tr>\r\n\t\t\t\t\t<td><\/td>\r\n\t\t\t\t\t<td>Vitesse max. Vitesse de rotation<\/td>\r\n\t\t\t\t\t<td>7 500 tr\/min<\/td>\r\n\t\t\t\t<\/tr>\r\n\t\t\t\t<tr>\r\n\t\t\t\t\t<td><\/td>\r\n\t\t\t\t\t<td>Distance entre les broches<\/td>\r\n\t\t\t\t\t<td>800 mm<\/td>\r\n\t\t\t\t<\/tr>\r\n\t\t\t\t<tr>\r\n\t\t\t\t\t<td><strong>Axes de pivotement<\/strong><\/td>\r\n\t\t\t\t\t<td>Diam\u00e8tre de l'axe A \/ nombre<\/td>\r\n\t\t\t\t\t<td>\u2205 500 mm (1x)<\/td>\r\n\t\t\t\t<\/tr>\r\n\t\t\t\t<tr>\r\n\t\t\t\t\t<td><\/td>\r\n\t\t\t\t\t<td>Diam\u00e8tre de l'axe B \/ nombre<\/td>\r\n\t\t\t\t\t<td>\u2205 500 mm (2x)<\/td>\r\n\t\t\t\t<\/tr>\r\n\t\t\t\t<tr>\r\n\t\t\t\t\t<td><strong>Magasin d'outils<\/strong><\/td>\r\n\t\t\t\t\t<td>Postes d'outils<\/td>\r\n\t\t\t\t\t<td>80<\/td>\r\n\t\t\t\t<\/tr>\r\n\t\t\t\t<tr>\r\n\t\t\t\t\t<td><strong> <\/strong><\/td>\r\n\t\t\t\t\t<td>Porte-outils<\/td>\r\n\t\t\t\t\t<td>HSK-A 100<\/td>\r\n\t\t\t\t<\/tr>\r\n\t\t\t\t<tr>\r\n\t\t\t\t\t<td><strong> <\/strong><\/td>\r\n\t\t\t\t\t<td>Temps de changement d'outil<\/td>\r\n\t\t\t\t\t<td>8 sec<\/td>\r\n\t\t\t\t<\/tr>\r\n\t\t\t\t<tr>\r\n\t\t\t\t\t<td><strong>Dimensions <\/strong><\/td>\r\n\t\t\t\t\t<td>Besoin d'installation<\/td>\r\n\t\t\t\t\t<td>6,0 x 5,2 x 4,5 m<\/td>\r\n\t\t\t\t<\/tr>\r\n\t\t\t\t<tr>\r\n\t\t\t\t\t<td><strong> <\/strong><\/td>\r\n\t\t\t\t\t<td>Poids total<\/td>\r\n\t\t\t\t\t<td>34 000 kg<\/td>\r\n\t\t\t\t<\/tr>\r\n\t\t\t\t<tr>\r\n\t\t\t\t\t<td><strong> <\/strong><\/td>\r\n\t\t\t\t\t<td>Temps unitaire<\/td>\r\n\t\t\t\t\t<td>133 sec<\/td>\r\n\t\t\t\t<\/tr>\r\n\t\t\t<\/tbody>\r\n\t\t<\/table>\r\n\r\n\t\t\r\n\t\t\r\n\t\t\t<a href=\"https:\/\/www.elha.de\/wp-content\/uploads\/smx-5189-en.pdf\" target=\"_blank\" class=\"btn\" rel=\"noopener\">Description de l'installation<\/a>\r\n\t\t\r\n\t<\/div>\r\n<\/div>\r\n\r\n\r\n\r\n<div class=\"columns\">\r\n\t<div class=\"column col-6\">\r\n\t\t<a href=\"https:\/\/www.elha.de\/wp-content\/uploads\/smx-5189-2-spindel-horizontal-bearbeitungszentrum.jpg\" class=\"lightbox elha-image-lightbox\">\r\n\t\t\t<img decoding=\"async\" src=\"https:\/\/www.elha.de\/wp-content\/uploads\/smx-5189-2-spindel-horizontal-bearbeitungszentrum-460x307.jpg\" alt=\"SMX 5189 01\">\r\n\t\t<\/a>\r\n\t<\/div>\r\n\r\n\t<div class=\"column col-6\">\r\n\t\t<a href=\"https:\/\/www.elha.de\/wp-content\/uploads\/smx-5189-zweispindler-schwenkbruecke.jpg\" class=\"lightbox elha-image-lightbox\">\r\n\t\t\t<img decoding=\"async\" src=\"https:\/\/www.elha.de\/wp-content\/uploads\/smx-5189-zweispindler-schwenkbruecke-460x307.jpg\" alt=\"SMX 5189 02\">\r\n\t\t<\/a>\r\n\t<\/div>\r\n<\/div>","protected":false},"excerpt":{"rendered":"<p>\t\t\tCette machine a \u00e9t\u00e9 con\u00e7ue pour l'usinage de bo\u00eetiers d'\u00e9triers de frein de poids lourds en une seule position de serrage. Diff\u00e9rentes variantes de pi\u00e8ces peuvent alors \u00eatre usin\u00e9es sur les m\u00eames dispositifs de serrage, car les points de serrage<\/p>","protected":false},"author":1,"featured_media":4988,"parent":1651,"menu_order":3,"comment_status":"closed","ping_status":"closed","template":"","meta":{"footnotes":""},"class_list":["post-4977","page","type-page","status-publish","has-post-thumbnail","hentry"],"blocksy_meta":{"styles_descriptor":{"styles":{"desktop":"","tablet":"","mobile":""},"google_fonts":[],"version":6}},"_links":{"self":[{"href":"https:\/\/www.elha.de\/fr\/wp-json\/wp\/v2\/pages\/4977","targetHints":{"allow":["GET"]}}],"collection":[{"href":"https:\/\/www.elha.de\/fr\/wp-json\/wp\/v2\/pages"}],"about":[{"href":"https:\/\/www.elha.de\/fr\/wp-json\/wp\/v2\/types\/page"}],"author":[{"embeddable":true,"href":"https:\/\/www.elha.de\/fr\/wp-json\/wp\/v2\/users\/1"}],"replies":[{"embeddable":true,"href":"https:\/\/www.elha.de\/fr\/wp-json\/wp\/v2\/comments?post=4977"}],"version-history":[{"count":0,"href":"https:\/\/www.elha.de\/fr\/wp-json\/wp\/v2\/pages\/4977\/revisions"}],"up":[{"embeddable":true,"href":"https:\/\/www.elha.de\/fr\/wp-json\/wp\/v2\/pages\/1651"}],"wp:featuredmedia":[{"embeddable":true,"href":"https:\/\/www.elha.de\/fr\/wp-json\/wp\/v2\/media\/4988"}],"wp:attachment":[{"href":"https:\/\/www.elha.de\/fr\/wp-json\/wp\/v2\/media?parent=4977"}],"curies":[{"name":"wp","href":"https:\/\/api.w.org\/{rel}","templated":true}]}}