{"id":5001,"date":"2016-06-21T14:38:02","date_gmt":"2016-06-21T12:38:02","guid":{"rendered":"https:\/\/www.elha.de\/?page_id=5001"},"modified":"2025-02-27T10:50:16","modified_gmt":"2025-02-27T09:50:16","slug":"smx-5224-centre-dusinage-horizontal-special-5-axes-pour-lusinage-du-titane","status":"publish","type":"page","link":"https:\/\/www.elha.de\/fr\/maschinen\/spezial-bearbeitungszentren\/smx-5224-horizontales-5-achsen-spezial-bearbeitungszentrum-fuer-titanzerspanung\/","title":{"rendered":"SMX 5224 - Centre d'usinage horizontal sp\u00e9cial 5 axes"},"content":{"rendered":"<div class=\"columns\">\r\n\t<div class=\"column col-6 col-md-12\">\r\n\t\t<p>\r\n\t\t\tCe nouveau centre d'usinage horizontal sp\u00e9cial \u00e0 5 axes repr\u00e9sente une nouvelle g\u00e9n\u00e9ration de machines ultra-stables et puissantes aux caract\u00e9ristiques exceptionnelles pour l'usinage de mat\u00e9riaux tr\u00e8s difficiles \u00e0 usiner comme le titane, l'inconel et d'autres mat\u00e9riaux et alliages utilis\u00e9s principalement dans le secteur a\u00e9rospatial.\r\n\t\t<\/p>\r\n\r\n\t\t<p>\r\n\t\t\tLe coulisseau de l'axe Z \u00e0 guidage hydrostatique, d\u00e9j\u00e0 connu sur le grand module FM 4+X hd, est utilis\u00e9 avec un diam\u00e8tre agrandi \u00e0 450 mm. L'excellent amortissement et la stabilit\u00e9 de cet axe ainsi que le puissant entra\u00eenement de fraisage avec une broche de fraisage HSK-A 125 de 37 kW garantissent, en combinaison avec la machine de base r\u00e9alis\u00e9e en mat\u00e9riau composite, des volumes d'enl\u00e8vement de copeaux, une pr\u00e9cision et des qualit\u00e9s de surface records ! Gr\u00e2ce \u00e0 la table circulaire pivotante de 3000 mm de long et de 1000 mm de large avec table circulaire int\u00e9gr\u00e9e de 1000 mm, il est possible de fabriquer un large \u00e9ventail de pi\u00e8ces, des pi\u00e8ces de ch\u00e2ssis aux grands \u00e9l\u00e9ments de structure, et pas seulement dans le domaine de l'a\u00e9rospatiale.\r\n\t\t<\/p>\r\n\r\n\t\t\r\n\t\t\r\n\t\t\t<a href=\"https:\/\/www.elha.de\/wp-content\/uploads\/smx-5224-en.pdf\" target=\"_blank\" class=\"btn mb-4\" rel=\"noopener\">Description de l'installation<\/a>\r\n\t\t\r\n\r\n\t\t<a href=\"https:\/\/www.elha.de\/wp-content\/uploads\/smx-5224-zeichnung.png\" class=\"lightbox elha-image-lightbox mb-4\">\r\n\t\t\t<img decoding=\"async\" src=\"https:\/\/www.elha.de\/wp-content\/uploads\/smx-5224-zeichnung-460x316.png\" alt=\"SMX 5224 Dessin\">\r\n\t\t<\/a>\r\n\t<\/div>\r\n\r\n\t<div class=\"column col-6 col-md-12\">\r\n\t\t<table class=\"mb-3\">\r\n\t\t\t<thead>\r\n\t\t\t\t<tr>\r\n\t\t\t\t\t<th colspan=\"3\">Donn\u00e9es techniques<\/th>\r\n\t\t\t\t<\/tr>\r\n\t\t\t<\/thead>\r\n\t\t\t<tbody>\r\n\t\t\t\t<tr>\r\n\t\t\t\t\t<td><strong>Course de d\u00e9placement<\/strong><\/td>\r\n\t\t\t\t\t<td>Axe X<\/td>\r\n\t\t\t\t\t<td>2 500 mm<\/td>\r\n\t\t\t\t<\/tr>\r\n\t\t\t\t<tr>\r\n\t\t\t\t\t<td><\/td>\r\n\t\t\t\t\t<td>Axe Y<\/td>\r\n\t\t\t\t\t<td>1.150 mm<\/td>\r\n\t\t\t\t<\/tr>\r\n\t\t\t\t<tr>\r\n\t\t\t\t\t<td><strong><br><\/strong><\/td>\r\n\t\t\t\t\t<td>Axe Z<\/td>\r\n\t\t\t\t\t<td>1 000 mm<\/td>\r\n\t\t\t\t<\/tr>\r\n\t\t\t\t<tr>\r\n\t\t\t\t\t<td><strong>Avances <\/strong><\/td>\r\n\t\t\t\t\t<td>Vitesse max. Vitesse X \/ Y \/ Z<\/td>\r\n\t\t\t\t\t<td>30 \/ 30 \/ 48 m\/min<\/td>\r\n\t\t\t\t<\/tr>\r\n\t\t\t\t<tr>\r\n\t\t\t\t\t<td><\/td>\r\n\t\t\t\t\t<td>Max. Acc\u00e9l\u00e9ration X \/ Y \/ Z<\/td>\r\n\t\t\t\t\t<td>1,3 \/ 3 \/ 4 m\/sec<\/td>\r\n\t\t\t\t<\/tr>\r\n\t\t\t\t<tr>\r\n\t\t\t\t\t<td><\/td>\r\n\t\t\t\t\t<td>Vitesse max. Force d'avance<\/td>\r\n\t\t\t\t\t<td>20.000 N<\/td>\r\n\t\t\t\t<\/tr>\r\n\t\t\t\t<tr>\r\n\t\t\t\t\t<td><strong>Entra\u00eenement principal <\/strong><\/td>\r\n\t\t\t\t\t<td>Max. Puissance S1<\/td>\r\n\t\t\t\t\t<td>37,7 kW<\/td>\r\n\t\t\t\t<\/tr>\r\n\t\t\t\t<tr>\r\n\t\t\t\t\t<td><\/td>\r\n\t\t\t\t\t<td>Vitesse max. Couple S1 (1 \/ 2)<\/td>\r\n\t\t\t\t\t<td>1.425 \/ 285 Nm<\/td>\r\n\t\t\t\t<\/tr>\r\n\t\t\t\t<tr>\r\n\t\t\t\t\t<td><\/td>\r\n\t\t\t\t\t<td>Vitesse max. Vitesse de rotation<\/td>\r\n\t\t\t\t\t<td>4.000 tours\/minute<\/td>\r\n\t\t\t\t<\/tr>\r\n\t\t\t\t<tr>\r\n\t\t\t\t\t<td><strong><br><\/strong><\/td>\r\n\t\t\t\t\t<td>Diam\u00e8tre du poussoir<\/td>\r\n\t\t\t\t\t<td>450 mm<\/td>\r\n\t\t\t\t<\/tr>\r\n\t\t\t\t<tr>\r\n\t\t\t\t\t<td><strong>Pont \/ Table ronde<\/strong><\/td>\r\n\t\t\t\t\t<td>Pont pivotant<\/td>\r\n\t\t\t\t\t<td>3.000 x 1.000 mm<\/td>\r\n\t\t\t\t<\/tr>\r\n\t\t\t\t<tr>\r\n\t\t\t\t\t<td><strong><br><\/strong><\/td>\r\n\t\t\t\t\t<td>Diam\u00e8tre du tendeur r\u00e9versible<\/td>\r\n\t\t\t\t\t<td>800 mm<\/td>\r\n\t\t\t\t<\/tr>\r\n\t\t\t\t<tr>\r\n\t\t\t\t\t<td><strong> <\/strong><\/td>\r\n\t\t\t\t\t<td>Diam\u00e8tre de la table<\/td>\r\n\t\t\t\t\t<td>1 000 mm<\/td>\r\n\t\t\t\t<\/tr>\r\n\t\t\t\t<tr>\r\n\t\t\t\t\t<td><strong>Magasin d'outils<\/strong><\/td>\r\n\t\t\t\t\t<td>Postes d'outils<\/td>\r\n\t\t\t\t\t<td>60<\/td>\r\n\t\t\t\t<\/tr>\r\n\t\t\t\t<tr>\r\n\t\t\t\t\t<td><\/td>\r\n\t\t\t\t\t<td>Porte-outils<\/td>\r\n\t\t\t\t\t<td>HSK-A 125<\/td>\r\n\t\t\t\t<\/tr>\r\n\t\t\t\t<tr>\r\n\t\t\t\t\t<td><\/td>\r\n\t\t\t\t\t<td>Longueur de l'outil \/ Diam\u00e8tre<\/td>\r\n\t\t\t\t\t<td>500 \/ \u2205250 mm<\/td>\r\n\t\t\t\t<\/tr>\r\n\t\t\t\t<tr>\r\n\t\t\t\t\t<td><strong>Dimensions <\/strong><\/td>\r\n\t\t\t\t\t<td>Besoin d'installation<\/td>\r\n\t\t\t\t\t<td>11,8 x 7,9 x 4,8 m<\/td>\r\n\t\t\t\t<\/tr>\r\n\t\t\t\t<tr>\r\n\t\t\t\t\t<td><strong> <\/strong><\/td>\r\n\t\t\t\t\t<td>Poids total<\/td>\r\n\t\t\t\t\t<td>70 000 kg<\/td>\r\n\t\t\t\t<\/tr>\r\n\t\t\t<\/tbody>\r\n\t\t<\/table>\r\n\t<\/div>\r\n<\/div>\r\n\r\n\r\n\r\n<div class=\"columns\">\r\n\t<div class=\"column col-6\">\r\n\t\t<a href=\"https:\/\/www.elha.de\/wp-content\/uploads\/smx-5224-spezial-bearbeitungszentrum.jpg\" class=\"lightbox elha-image-lightbox\">\r\n\t\t\t<img decoding=\"async\" src=\"https:\/\/www.elha.de\/wp-content\/uploads\/smx-5224-spezial-bearbeitungszentrum-460x307.jpg\" alt=\"SMX 5224 01\">\r\n\t\t<\/a>\r\n\t<\/div>\r\n\r\n\t<div class=\"column col-6\">\r\n\t\t<a href=\"https:\/\/www.elha.de\/wp-content\/uploads\/smx-5224-titanzerspanung.jpg\" class=\"lightbox elha-image-lightbox\">\r\n\t\t\t<img decoding=\"async\" src=\"https:\/\/www.elha.de\/wp-content\/uploads\/smx-5224-titanzerspanung-460x307.jpg\" alt=\"SMX 5224 03\">\r\n\t\t<\/a>\r\n\t<\/div>\r\n<\/div>","protected":false},"excerpt":{"rendered":"<p>\t\t\tCe nouveau centre d'usinage horizontal sp\u00e9cial \u00e0 5 axes repr\u00e9sente une nouvelle g\u00e9n\u00e9ration de machines ultra-stables et puissantes, dot\u00e9es de caract\u00e9ristiques exceptionnelles pour l'usinage de mat\u00e9riaux difficiles \u00e0 usiner comme le titane, l'Inconel<\/p>","protected":false},"author":1,"featured_media":5018,"parent":1651,"menu_order":4,"comment_status":"closed","ping_status":"closed","template":"","meta":{"footnotes":""},"class_list":["post-5001","page","type-page","status-publish","has-post-thumbnail","hentry"],"blocksy_meta":{"styles_descriptor":{"styles":{"desktop":"","tablet":"","mobile":""},"google_fonts":[],"version":6}},"_links":{"self":[{"href":"https:\/\/www.elha.de\/fr\/wp-json\/wp\/v2\/pages\/5001","targetHints":{"allow":["GET"]}}],"collection":[{"href":"https:\/\/www.elha.de\/fr\/wp-json\/wp\/v2\/pages"}],"about":[{"href":"https:\/\/www.elha.de\/fr\/wp-json\/wp\/v2\/types\/page"}],"author":[{"embeddable":true,"href":"https:\/\/www.elha.de\/fr\/wp-json\/wp\/v2\/users\/1"}],"replies":[{"embeddable":true,"href":"https:\/\/www.elha.de\/fr\/wp-json\/wp\/v2\/comments?post=5001"}],"version-history":[{"count":0,"href":"https:\/\/www.elha.de\/fr\/wp-json\/wp\/v2\/pages\/5001\/revisions"}],"up":[{"embeddable":true,"href":"https:\/\/www.elha.de\/fr\/wp-json\/wp\/v2\/pages\/1651"}],"wp:featuredmedia":[{"embeddable":true,"href":"https:\/\/www.elha.de\/fr\/wp-json\/wp\/v2\/media\/5018"}],"wp:attachment":[{"href":"https:\/\/www.elha.de\/fr\/wp-json\/wp\/v2\/media?parent=5001"}],"curies":[{"name":"wp","href":"https:\/\/api.w.org\/{rel}","templated":true}]}}