{"id":5024,"date":"2016-06-21T15:14:27","date_gmt":"2016-06-21T13:14:27","guid":{"rendered":"https:\/\/www.elha.de\/?page_id=5024"},"modified":"2025-02-28T10:02:55","modified_gmt":"2025-02-28T09:02:55","slug":"centre-dusinage-de-trous-profonds-spx-5207-6-broches","status":"publish","type":"page","link":"https:\/\/www.elha.de\/fr\/maschinen\/sondermaschinen\/spx-5207-6-spindel-tiefloch-bohr-bearbeitungszentrum\/","title":{"rendered":"SPX 5207 - Centre d'usinage de trous profonds \u00e0 6 broches"},"content":{"rendered":"<div class=\"columns\">\r\n\t<div class=\"column col-6 col-md-12\">\r\n\t\t<p>La machine est con\u00e7ue pour le per\u00e7age profond horizontal \u00e0 6 broches de trous situ\u00e9s sur des cercles de trous. Les unit\u00e9s de travail motobroches sont dispos\u00e9es \u00e0 6x 60\u00b0 sur une plaque de base et peuvent \u00eatre r\u00e9gl\u00e9es par commande CNC en fonction du diam\u00e8tre.<\/p>\r\n\r\n\t\t<p>Le mandrin \u00e0 3 mors \u00d81.250 est mont\u00e9 sur une unit\u00e9 de table ronde mobile. Cela garantit une accessibilit\u00e9 optimale lors du chargement et du d\u00e9chargement. La base de la machine, d'une seule pi\u00e8ce, a \u00e9t\u00e9 fabriqu\u00e9e en mat\u00e9riau composite et amortit les vibrations de mani\u00e8re optimale.<\/p>\r\n\r\n\t\t<p>Les per\u00e7ages d'un diam\u00e8tre de 6 \u00e0 16 mm sont termin\u00e9s en une seule course de travail. Pour le per\u00e7age, les unit\u00e9s de travail sont \u00e9quip\u00e9es de dispositifs de guidage de forets \u00e0 r\u00e9glage hydraulique.<\/p>\r\n\r\n\t\t<a href=\"https:\/\/www.elha.de\/wp-content\/uploads\/spx-5207-zeichnung.png\" class=\"lightbox elha-image-lightbox mb-3\">\r\n\t\t\t<img decoding=\"async\" src=\"https:\/\/www.elha.de\/wp-content\/uploads\/spx-5207-zeichnung-460x305.png\" alt=\"SPX 5207 Dessin\">\r\n\t\t<\/a>\r\n\t<\/div>\r\n\r\n\t<div class=\"column col-6 col-md-12\">\r\n\t\t<table class=\"mb-4\">\r\n\t\t\t<thead>\r\n\t\t\t\t<tr>\r\n\t\t\t\t\t<th colspan=\"3\">Donn\u00e9es techniques<\/th>\r\n\t\t\t\t<\/tr>\r\n\t\t\t<\/thead>\r\n\r\n\t\t\t<tbody>\r\n\t\t\t\t<tr>\r\n\t\t\t\t\t<td><strong>Course de d\u00e9placement<\/strong><\/td>\r\n\t\t\t\t\t<td>Axe X (1-6)<\/td>\r\n\t\t\t\t\t<td>530 mm<\/td>\r\n\t\t\t\t<\/tr>\r\n\t\t\t\t<tr>\r\n\t\t\t\t\t<td><\/td>\r\n\t\t\t\t\t<td>Axe Z<\/td>\r\n\t\t\t\t\t<td>1 400 mm<\/td>\r\n\t\t\t\t<\/tr>\r\n\t\t\t\t<tr>\r\n\t\t\t\t\t<td><strong><\/strong><\/td>\r\n\t\t\t\t\t<td>Sondes de forage<\/td>\r\n\t\t\t\t\t<td>470 mm<\/td>\r\n\t\t\t\t<\/tr>\r\n\t\t\t\t<tr>\r\n\t\t\t\t\t<td><strong>Avances <\/strong><\/td>\r\n\t\t\t\t\t<td>Vitesse max. Vitesse<\/td>\r\n\t\t\t\t\t<td>20 m\/min<\/td>\r\n\t\t\t\t<\/tr>\r\n\t\t\t\t<tr>\r\n\t\t\t\t\t<td><\/td>\r\n\t\t\t\t\t<td>Max. Acc\u00e9l\u00e9ration X \/ Z<\/td>\r\n\t\t\t\t\t<td>4 \/ 1,4 m\/sec\u00b2<\/td>\r\n\t\t\t\t<\/tr>\r\n\t\t\t\t<tr>\r\n\t\t\t\t\t<td><\/td>\r\n\t\t\t\t\t<td>Nombre max. Force d'avance Z<\/td>\r\n\t\t\t\t\t<td>60.000 N<\/td>\r\n\t\t\t\t<\/tr>\r\n\t\t\t\t<tr>\r\n\t\t\t\t\t<td><strong>Entra\u00eenement principal <\/strong><\/td>\r\n\t\t\t\t\t<td>Max. Puissance S1 \/ S6<\/td>\r\n\t\t\t\t\t<td>13 \/ 16,9 kW<\/td>\r\n\t\t\t\t<\/tr>\r\n\t\t\t\t<tr>\r\n\t\t\t\t\t<td><\/td>\r\n\t\t\t\t\t<td>Vitesse max. Couple S1 \/ S6<\/td>\r\n\t\t\t\t\t<td>49,7 \/ 64,6 Nm<\/td>\r\n\t\t\t\t<\/tr>\r\n\t\t\t\t<tr>\r\n\t\t\t\t\t<td><\/td>\r\n\t\t\t\t\t<td>Vitesse max. Vitesse de rotation<\/td>\r\n\t\t\t\t\t<td>8 000 tr\/min<\/td>\r\n\t\t\t\t<\/tr>\r\n\t\t\t\t<tr>\r\n\t\t\t\t\t<td><strong><\/strong><\/td>\r\n\t\t\t\t\t<td>Porte-outils<\/td>\r\n\t\t\t\t\t<td>HSK 63 mm<\/td>\r\n\t\t\t\t<\/tr>\r\n\t\t\t\t<tr>\r\n\t\t\t\t\t<td><strong>Table ronde<\/strong><\/td>\r\n\t\t\t\t\t<td>Diam\u00e8tre<\/td>\r\n\t\t\t\t\t<td>1 250 mm<\/td>\r\n\t\t\t\t<\/tr>\r\n\t\t\t\t<tr>\r\n\t\t\t\t\t<td><strong><\/strong><\/td>\r\n\t\t\t\t\t<td>Vitesse max. Vitesse de rotation<\/td>\r\n\t\t\t\t\t<td>5 tr\/min<\/td>\r\n\t\t\t\t<\/tr>\r\n\t\t\t\t<tr>\r\n\t\t\t\t\t<td><strong>Pi\u00e8ce \u00e0 usiner <\/strong><\/td>\r\n\t\t\t\t\t<td>Diam\u00e8tre ext\u00e9rieur<\/td>\r\n\t\t\t\t\t<td>780 - 1.500 mm<\/td>\r\n\t\t\t\t<\/tr>\r\n\t\t\t\t<tr>\r\n\t\t\t\t\t<td><strong><\/strong><\/td>\r\n\t\t\t\t\t<td>Diam\u00e8tre du cercle primitif<\/td>\r\n\t\t\t\t\t<td>510 - 1.450 mm<\/td>\r\n\t\t\t\t<\/tr>\r\n\t\t\t\t<tr>\r\n\t\t\t\t\t<td><\/td>\r\n\t\t\t\t\t<td>Nombre max. Poids<\/td>\r\n\t\t\t\t\t<td>1 500 kg<\/td>\r\n\t\t\t\t<\/tr>\r\n\t\t\t\t<tr>\r\n\t\t\t\t\t<td><strong>Dimensions <\/strong><\/td>\r\n\t\t\t\t\t<td>Besoin d'installation<\/td>\r\n\t\t\t\t\t<td>10,4 x 6,2 x 4,3 m<\/td>\r\n\t\t\t\t<\/tr>\r\n\t\t\t\t<tr>\r\n\t\t\t\t\t<td><strong> <\/strong><\/td>\r\n\t\t\t\t\t<td>Poids total<\/td>\r\n\t\t\t\t\t<td>62 000 kg<\/td>\r\n\t\t\t\t<\/tr>\r\n\t\t\t<\/tbody>\r\n\t\t<\/table>\r\n\r\n\t\t\r\n\t\t\r\n\t\t\t<a href=\"https:\/\/www.elha.de\/wp-content\/uploads\/spx-5207-en.pdf\" target=\"_blank\" class=\"btn\" rel=\"noopener noreferrer\">Description de l'installation<\/a>\r\n\t\t\r\n\t<\/div>\r\n<\/div>\r\n\r\n\r\n\r\n<div class=\"columns\">\r\n\t<div class=\"column col-6 col-md-12\">\r\n\t\t<div class=\"elha-youtube-lightbox\"><a href=\"https:\/\/www.youtube-nocookie.com\/embed\/fsx4Lmdaxeo\" class=\"lightbox\" rel=\"nofollow noopener\" target=\"_blank\"><img decoding=\"async\" src=\"https:\/\/www.elha.de\/wp-content\/uploads\/spx-5207-video.jpg\" alt=\"\"><\/a><span>Accepter la transmission des donn\u00e9es \u00e0 YouTube et lire la vid\u00e9o - <a href=\"https:\/\/www.elha.de\/fr\/declaration-de-protection-des-donnees\/\">D\u00e9claration de confidentialit\u00e9<\/a><\/span><\/div>\r\n\r\n\t\t<a href=\"https:\/\/www.elha.de\/wp-content\/uploads\/spx-5207-6-spindel-tiefloch-bohr-bearbeitungszentrum2.jpg\" class=\"lightbox elha-image-lightbox mt-3 mb-3\">\r\n\t\t\t<img decoding=\"async\" src=\"https:\/\/www.elha.de\/wp-content\/uploads\/spx-5207-6-spindel-tiefloch-bohr-bearbeitungszentrum2-460x307.jpg\" alt=\"SPX 5207 01\">\r\n\t\t<\/a>\r\n\t<\/div>\r\n\r\n\t<div class=\"column col-6 col-md-8\">\r\n\t\t<a href=\"https:\/\/www.elha.de\/wp-content\/uploads\/spx-5207-6-spindel-tiefloch-bohr-bearbeitungszentrum.jpg\" class=\"lightbox elha-image-lightbox\">\r\n\t\t\t<img decoding=\"async\" src=\"https:\/\/www.elha.de\/wp-content\/uploads\/spx-5207-6-spindel-tiefloch-bohr-bearbeitungszentrum-665x940.jpg\" alt=\"SPX 5207 02\">\r\n\t\t<\/a>\r\n\t<\/div>\r\n<\/div>","protected":false},"excerpt":{"rendered":"<p>\t\tLa machine est con\u00e7ue pour le per\u00e7age profond horizontal \u00e0 6 broches de trous situ\u00e9s sur des cercles de trous. Les unit\u00e9s de travail motobroches sont dispos\u00e9es \u00e0 6x 60\u00b0 sur une plaque de base et sont \u00e9quip\u00e9es d'un syst\u00e8me d'entra\u00eenement par courroie.<\/p>","protected":false},"author":1,"featured_media":6832,"parent":1653,"menu_order":1,"comment_status":"closed","ping_status":"closed","template":"","meta":{"footnotes":""},"class_list":["post-5024","page","type-page","status-publish","has-post-thumbnail","hentry"],"blocksy_meta":{"styles_descriptor":{"styles":{"desktop":"","tablet":"","mobile":""},"google_fonts":[],"version":6}},"_links":{"self":[{"href":"https:\/\/www.elha.de\/fr\/wp-json\/wp\/v2\/pages\/5024","targetHints":{"allow":["GET"]}}],"collection":[{"href":"https:\/\/www.elha.de\/fr\/wp-json\/wp\/v2\/pages"}],"about":[{"href":"https:\/\/www.elha.de\/fr\/wp-json\/wp\/v2\/types\/page"}],"author":[{"embeddable":true,"href":"https:\/\/www.elha.de\/fr\/wp-json\/wp\/v2\/users\/1"}],"replies":[{"embeddable":true,"href":"https:\/\/www.elha.de\/fr\/wp-json\/wp\/v2\/comments?post=5024"}],"version-history":[{"count":0,"href":"https:\/\/www.elha.de\/fr\/wp-json\/wp\/v2\/pages\/5024\/revisions"}],"up":[{"embeddable":true,"href":"https:\/\/www.elha.de\/fr\/wp-json\/wp\/v2\/pages\/1653"}],"wp:featuredmedia":[{"embeddable":true,"href":"https:\/\/www.elha.de\/fr\/wp-json\/wp\/v2\/media\/6832"}],"wp:attachment":[{"href":"https:\/\/www.elha.de\/fr\/wp-json\/wp\/v2\/media?parent=5024"}],"curies":[{"name":"wp","href":"https:\/\/api.w.org\/{rel}","templated":true}]}}