{"id":5107,"date":"2016-06-22T13:40:03","date_gmt":"2016-06-22T11:40:03","guid":{"rendered":"https:\/\/www.elha.de\/?page_id=5107"},"modified":"2025-02-27T10:55:44","modified_gmt":"2025-02-27T09:55:44","slug":"centre-dusinage-a-table-planetaire-spx-4979","status":"publish","type":"page","link":"https:\/\/www.elha.de\/fr\/maschinen\/sondermaschinen\/spx-4979-planetentisch-bearbeitungszentrum\/","title":{"rendered":"SPX 4979 - Centre d'usinage \u00e0 table plan\u00e9taire"},"content":{"rendered":"<div class=\"columns\">\r\n\t<div class=\"column col-6 col-sm-12\">\r\n\t\t<p>La machine est adapt\u00e9e \u00e0 l'usinage de consoles de train d'atterrissage gauche ou droite en fonte d'aluminium \u00e0 froid en un seul serrage. Usinage sur 5 c\u00f4t\u00e9s gr\u00e2ce \u00e0 la prise des pi\u00e8ces sur des tables plan\u00e9taires CNC. Chargement et d\u00e9chargement automatiques avec un chargeur \u00e0 portique CNC \u00e0 2 axes. Stockage des pi\u00e8ces sur un convoyeur d'accumulation.<\/p>\r\n\r\n\t\t<table class=\"mb-4\">\r\n\t\t\t<thead>\r\n\t\t\t\t<tr>\r\n\t\t\t\t\t<th colspan=\"2\">Donn\u00e9es techniques<\/th>\r\n\t\t\t\t<\/tr>\r\n\t\t\t<\/thead>\r\n\r\n\t\t\t<tbody>\r\n\t\t\t\t<tr>\r\n\t\t\t\t\t<td>Table ronde de base<\/td>\r\n\t\t\t\t\t<td>\u2205 1 800 mm<\/td>\r\n\t\t\t\t<\/tr>\r\n\t\t\t\t<tr>\r\n\t\t\t\t\t<td>Tables plan\u00e9taires<\/td>\r\n\t\t\t\t\t<td>\u2205 400 mm (x5)<\/td>\r\n\t\t\t\t<\/tr>\r\n\t\t\t\t<tr>\r\n\t\t\t\t\t<td>Division de la table plan\u00e9taire<\/td>\r\n\t\t\t\t\t<td>360 x 1\u00b0<\/td>\r\n\t\t\t\t<\/tr>\r\n\t\t\t\t<tr>\r\n\t\t\t\t\t<td>Nombre d'unit\u00e9s avec tourelle<\/td>\r\n\t\t\t\t\t<td>3<\/td>\r\n\t\t\t\t<\/tr>\r\n\t\t\t\t<tr>\r\n\t\t\t\t\t<td>Nombre d'unit\u00e9s avec MSK<\/td>\r\n\t\t\t\t\t<td>1<\/td>\r\n\t\t\t\t<\/tr>\r\n\t\t\t\t<tr>\r\n\t\t\t\t\t<td>Puissance install\u00e9e totale <\/td>\r\n\t\t\t\t\t<td>200 KVA<\/td>\r\n\t\t\t\t<\/tr>\r\n\t\t\t\t<tr>\r\n\t\t\t\t\t<td>Besoin total de mise en place<\/td>\r\n\t\t\t\t\t<td>12,0 x 10,0 m<\/td>\r\n\t\t\t\t<\/tr>\r\n\t\t\t<\/tbody>\r\n\t\t<\/table>\r\n\r\n\t\t\r\n\t<\/div>\r\n\r\n\t<div class=\"column col-6 col-sm-12\">\r\n\t\t<a href=\"https:\/\/www.elha.de\/wp-content\/uploads\/spx-4979-zeichnung.png\" class=\"lightbox elha-image-lightbox\">\r\n\t\t\t<img decoding=\"async\" src=\"https:\/\/www.elha.de\/wp-content\/uploads\/spx-4979-zeichnung-811x940.png\" alt=\"SPX 4979 Dessin\">\r\n\t\t<\/a>\r\n\t<\/div>\r\n<\/div>\r\n\r\n\r\n\r\n<div class=\"columns mb-0\">\r\n\t<div class=\"column col-6 mb-3\">\r\n\t\t<a href=\"https:\/\/www.elha.de\/wp-content\/uploads\/spx-4979-planetentisch-bearbeitungszentrum.jpg\" class=\"lightbox elha-image-lightbox\">\r\n\t\t\t<img decoding=\"async\" src=\"https:\/\/www.elha.de\/wp-content\/uploads\/spx-4979-planetentisch-bearbeitungszentrum-460x345.jpg\" alt=\"SPX 4979 01\">\r\n\t\t<\/a>\r\n\t<\/div>\r\n\r\n\t<div class=\"column col-6 mb-3\">\r\n\t\t<a href=\"https:\/\/www.elha.de\/wp-content\/uploads\/spx-4979-revolver-spannvorrichtung.jpg\" class=\"lightbox elha-image-lightbox\">\r\n\t\t\t<img decoding=\"async\" src=\"https:\/\/www.elha.de\/wp-content\/uploads\/spx-4979-revolver-spannvorrichtung-460x345.jpg\" alt=\"SPX 4979 04\">\r\n\t\t<\/a>\r\n\t<\/div>\r\n\r\n\t<div class=\"column col-6 mb-3\">\r\n\t\t<a href=\"https:\/\/www.elha.de\/wp-content\/uploads\/spx-4979-einheit-mehrspindelkopf.jpg\" class=\"lightbox elha-image-lightbox\">\r\n\t\t\t<img decoding=\"async\" src=\"https:\/\/www.elha.de\/wp-content\/uploads\/spx-4979-einheit-mehrspindelkopf-705x940.jpg\" alt=\"SPX 4979 02\">\r\n\t\t<\/a>\r\n\t<\/div>\r\n\r\n\t<div class=\"column col-6 mb-3\">\r\n\t\t<a href=\"https:\/\/www.elha.de\/wp-content\/uploads\/spx-4979-einheit-revolver.jpg\" class=\"lightbox elha-image-lightbox\">\r\n\t\t\t<img decoding=\"async\" src=\"https:\/\/www.elha.de\/wp-content\/uploads\/spx-4979-einheit-revolver-705x940.jpg\" alt=\"SPX 4979 03\">\r\n\t\t<\/a>\r\n\t<\/div>\r\n<\/div>","protected":false},"excerpt":{"rendered":"<p>\t\tLa machine est adapt\u00e9e \u00e0 l'usinage de consoles de train d'atterrissage gauche ou droite en fonte d'aluminium \u00e0 froid en un seul serrage. Usinage sur 5 c\u00f4t\u00e9s gr\u00e2ce \u00e0 la prise des pi\u00e8ces sur des tables plan\u00e9taires CNC. Chargement automatique<\/p>","protected":false},"author":1,"featured_media":5118,"parent":1653,"menu_order":5,"comment_status":"closed","ping_status":"closed","template":"","meta":{"footnotes":""},"class_list":["post-5107","page","type-page","status-publish","has-post-thumbnail","hentry"],"blocksy_meta":{"styles_descriptor":{"styles":{"desktop":"","tablet":"","mobile":""},"google_fonts":[],"version":6}},"_links":{"self":[{"href":"https:\/\/www.elha.de\/fr\/wp-json\/wp\/v2\/pages\/5107","targetHints":{"allow":["GET"]}}],"collection":[{"href":"https:\/\/www.elha.de\/fr\/wp-json\/wp\/v2\/pages"}],"about":[{"href":"https:\/\/www.elha.de\/fr\/wp-json\/wp\/v2\/types\/page"}],"author":[{"embeddable":true,"href":"https:\/\/www.elha.de\/fr\/wp-json\/wp\/v2\/users\/1"}],"replies":[{"embeddable":true,"href":"https:\/\/www.elha.de\/fr\/wp-json\/wp\/v2\/comments?post=5107"}],"version-history":[{"count":0,"href":"https:\/\/www.elha.de\/fr\/wp-json\/wp\/v2\/pages\/5107\/revisions"}],"up":[{"embeddable":true,"href":"https:\/\/www.elha.de\/fr\/wp-json\/wp\/v2\/pages\/1653"}],"wp:featuredmedia":[{"embeddable":true,"href":"https:\/\/www.elha.de\/fr\/wp-json\/wp\/v2\/media\/5118"}],"wp:attachment":[{"href":"https:\/\/www.elha.de\/fr\/wp-json\/wp\/v2\/media?parent=5107"}],"curies":[{"name":"wp","href":"https:\/\/api.w.org\/{rel}","templated":true}]}}