{"id":52,"date":"2015-11-08T00:32:48","date_gmt":"2015-11-07T23:32:48","guid":{"rendered":"https:\/\/www.elha.de\/?page_id=52"},"modified":"2026-01-08T15:25:29","modified_gmt":"2026-01-08T14:25:29","slug":"materiel-dinformation","status":"publish","type":"page","link":"https:\/\/www.elha.de\/fr\/unternehmen\/informationsmaterial\/","title":{"rendered":"Mat\u00e9riel d'information"},"content":{"rendered":"<p class=\"translation-block\">Nous tenons ici \u00e0 votre disposition nos prospectus actuels \u00e0 t\u00e9l\u00e9charger. Pour afficher les prospectus, vous avez \u00e9ventuellement besoin d'Adobe-Reader. Si vous n'avez pas install\u00e9 ce lecteur sur votre syst\u00e8me, vous pouvez le t\u00e9l\u00e9charger <a href=\"https:\/\/acrobat.adobe.com\/de\/de\/acrobat\/pdf-reader.html\" rel=\"nofollow noopener\" target=\"_blank\">ici <\/a> gratuitement.<\/p>\n\n\n\n\n\n\n\n<div class=\"wp-block-group is-layout-grid wp-container-core-group-is-layout-478b6e6b wp-block-group-is-layout-grid\"><a href=\"https:\/\/www.elha.de\/wp-content\/uploads\/2026-Produktuebersicht-ELHA-EN.pdf\" target=\"_blank\" class=\"elha-document-link\"><img decoding=\"async\" src=\"https:\/\/www.elha.de\/wp-content\/uploads\/ELHA-Produktuebersicht-EN-2.jpg\" alt=\"\"><\/a>\n\n<a href=\"https:\/\/www.elha.de\/wp-content\/uploads\/2026-ELHA-PKM-Web-EN.pdf\" target=\"_blank\" class=\"elha-document-link\"><img decoding=\"async\" src=\"https:\/\/www.elha.de\/wp-content\/uploads\/ELHA-PKM-EN-Cover.jpg\" alt=\"\"><\/a>\n\n<a href=\"https:\/\/www.elha.de\/wp-content\/uploads\/2026-ELHA-Fertigungsmodul-EN.pdf\" target=\"_blank\" class=\"elha-document-link\"><img decoding=\"async\" src=\"https:\/\/www.elha.de\/wp-content\/uploads\/ELHA-FM-EN-Cover.jpg\" alt=\"\"><\/a>\n\n<a href=\"https:\/\/www.elha.de\/wp-content\/uploads\/iDPS-EN-2026.pdf\" target=\"_blank\" class=\"elha-document-link\"><img decoding=\"async\" src=\"https:\/\/www.elha.de\/wp-content\/uploads\/idps-de-cover.jpg\" alt=\"\"><\/a><\/div>\n\n\n\n<div class=\"wp-block-group is-layout-grid wp-container-core-group-is-layout-478b6e6b wp-block-group-is-layout-grid\"><a href=\"https:\/\/www.elha.de\/wp-content\/uploads\/VTM-EN-01-2026.pdf\" target=\"_blank\" class=\"elha-document-link\"><img decoding=\"async\" src=\"https:\/\/www.elha.de\/wp-content\/uploads\/vtm-en-cover.jpg\" alt=\"\"><\/a>\n\n<a href=\"https:\/\/www.elha.de\/wp-content\/uploads\/FS-EN-012026.pdf\" target=\"_blank\" class=\"elha-document-link\"><img decoding=\"async\" src=\"https:\/\/www.elha.de\/wp-content\/uploads\/fs-en-cover.jpg\" alt=\"\"><\/a>\n\n<a href=\"https:\/\/www.elha.de\/wp-content\/uploads\/after-sales-en-2026.pdf\" target=\"_blank\" class=\"elha-document-link\"><img decoding=\"async\" src=\"https:\/\/www.elha.de\/wp-content\/uploads\/after-sales-en-cover.jpg\" alt=\"\"><\/a><\/div>","protected":false},"excerpt":{"rendered":"<p>Nous tenons ici \u00e0 votre disposition nos prospectus actuels \u00e0 t\u00e9l\u00e9charger. Pour afficher les prospectus, vous avez \u00e9ventuellement besoin d'Adobe-Reader. Si vous n'avez pas le lecteur<\/p>","protected":false},"author":1,"featured_media":6255,"parent":24,"menu_order":6,"comment_status":"closed","ping_status":"closed","template":"","meta":{"footnotes":""},"class_list":["post-52","page","type-page","status-publish","has-post-thumbnail","hentry"],"blocksy_meta":{"styles_descriptor":{"styles":{"desktop":"","tablet":"","mobile":""},"google_fonts":[],"version":6}},"_links":{"self":[{"href":"https:\/\/www.elha.de\/fr\/wp-json\/wp\/v2\/pages\/52","targetHints":{"allow":["GET"]}}],"collection":[{"href":"https:\/\/www.elha.de\/fr\/wp-json\/wp\/v2\/pages"}],"about":[{"href":"https:\/\/www.elha.de\/fr\/wp-json\/wp\/v2\/types\/page"}],"author":[{"embeddable":true,"href":"https:\/\/www.elha.de\/fr\/wp-json\/wp\/v2\/users\/1"}],"replies":[{"embeddable":true,"href":"https:\/\/www.elha.de\/fr\/wp-json\/wp\/v2\/comments?post=52"}],"version-history":[{"count":0,"href":"https:\/\/www.elha.de\/fr\/wp-json\/wp\/v2\/pages\/52\/revisions"}],"up":[{"embeddable":true,"href":"https:\/\/www.elha.de\/fr\/wp-json\/wp\/v2\/pages\/24"}],"wp:featuredmedia":[{"embeddable":true,"href":"https:\/\/www.elha.de\/fr\/wp-json\/wp\/v2\/media\/6255"}],"wp:attachment":[{"href":"https:\/\/www.elha.de\/fr\/wp-json\/wp\/v2\/media?parent=52"}],"curies":[{"name":"wp","href":"https:\/\/api.w.org\/{rel}","templated":true}]}}