{"id":5574,"date":"2016-11-25T09:03:56","date_gmt":"2016-11-25T08:03:56","guid":{"rendered":"https:\/\/www.elha.de\/?page_id=5574"},"modified":"2025-05-22T16:41:34","modified_gmt":"2025-05-22T14:41:34","slug":"application","status":"publish","type":"page","link":"https:\/\/www.elha.de\/fr\/maschinen\/transferzentren\/anwendung\/","title":{"rendered":"FM SMART - Application"},"content":{"rendered":"<div class=\"columns\">\r\n\t<div class=\"column col-6 col-md-12\">\r\n\t\t<h2 class=\"text-size2\">L'usinage multibroche flexible et hautement productif fait peau neuve<\/h2>\r\n\t\t<p>\r\n\t\t\tELHA-MASCHINENBAU est connu depuis de nombreuses ann\u00e9es comme le leader du march\u00e9 des centres de transfert \u00e0 haute productivit\u00e9, principalement dans le domaine de la production automobile en grande s\u00e9rie. Plus de 350 unit\u00e9s install\u00e9es et rod\u00e9es avec des processus documentent le succ\u00e8s de ce concept.\r\n\t\t<\/p>\r\n\t\t<p>\r\n\t\t\tAvec la s\u00e9rie FM SMART, ELHA offre une flexibilit\u00e9 d'usinage multibroche inconnue jusqu'\u00e0 pr\u00e9sent sur les centres transfert et constitue ainsi une alternative aux centres d'usinage conventionnels.\r\n\t\t<\/p>\r\n\t<\/div>\r\n\r\n\t<div class=\"column col-6 col-md-12\">\r\n\t\t<h2 class=\"text-size2\">Concept id\u00e9al pour :<\/h2>\r\n\t\t<ul>\r\n\t\t\t<li>Nombre moyen \u00e0 \u00e9lev\u00e9 de pi\u00e8ces<\/li>\r\n\t\t\t<li>Pi\u00e8ces de petite et moyenne taille<\/li>\r\n\t\t\t<li>Changement d'\u00e9quipement le plus rapide possible<\/li>\r\n\t\t\t<li>Optimal pour les m\u00e9taux l\u00e9gers, les aciers (pr\u00e9cieux) et les alliages de fonte et de forgeage<\/li>\r\n\t\t<\/ul>\r\n\t<\/div>\r\n<\/div>\r\n\r\n\r\n\r\n\r\n\r\n\r\n\t<div class=\"elha-youtube-lightbox\"><a href=\"https:\/\/www.youtube-nocookie.com\/embed\/4OK5EEvEH00\" class=\"lightbox\" rel=\"nofollow noopener\" target=\"_blank\"><img decoding=\"async\" src=\"https:\/\/www.elha.de\/wp-content\/uploads\/fm-smart-video-vorschau.jpg\" alt=\"\"><\/a><span>Accepter la transmission des donn\u00e9es \u00e0 YouTube et lire la vid\u00e9o - <a href=\"https:\/\/www.elha.de\/fr\/declaration-de-protection-des-donnees\/\">D\u00e9claration de confidentialit\u00e9<\/a><\/span><\/div>\r\n\r\n\r\n\r\n\r\n<h2>Exemples de pi\u00e8ces<\/h2>\r\n\r\n<div class=\"columns\">\r\n\t<div class=\"column col-4 mb-4\">\r\n\t\t<img decoding=\"async\" src=\"https:\/\/www.elha.de\/wp-content\/uploads\/planetentraeger-460x307.jpg\" alt=\"Pi\u00e8ce \u00e0 usiner - Porte-satellites\">\r\n\t\t<p class=\"mt-1 mb-1 text-size5\">Porte-satellites<\/p>\r\n\t\t<ul>\r\n\t\t\t<li>Acier<\/li>\r\n\t\t\t<li>Usinage complet en une seule position de serrage<\/li>\r\n\t\t\t<li>4 pi\u00e8ces \u00e0 la fois<\/li>\r\n\t\t<\/ul>\r\n\t<\/div>\r\n\r\n\t<div class=\"column col-4 mb-4\">\r\n\t\t<img decoding=\"async\" src=\"https:\/\/www.elha.de\/wp-content\/uploads\/gelenkstueck-460x307.jpg\" alt=\"Pi\u00e8ce \u00e0 usiner - Pi\u00e8ce articul\u00e9e\">\r\n\t\t<p class=\"mt-1 mb-1 text-size5\">Pi\u00e8ce d'articulation<\/p>\r\n\t\t<ul>\r\n\t\t\t<li>GGG 70<\/li>\r\n\t\t\t<li>Usinage complet en une seule position de serrage<\/li>\r\n\t\t\t<li>2 pi\u00e8ces \u00e0 la fois<\/li>\r\n\t\t<\/ul>\r\n\t<\/div>\r\n\r\n\t<div class=\"column col-4 mb-4\">\r\n\t\t<img decoding=\"async\" src=\"https:\/\/www.elha.de\/wp-content\/uploads\/radflansch-460x307.jpg\" alt=\"Pi\u00e8ce \u00e0 usiner - Flasque de roue\">\r\n\t\t<p class=\"mt-1 mb-1 text-size5\">Flasque de roue<\/p>\r\n\t\t<ul>\r\n\t\t\t<li>Fonte grise<\/li>\r\n\t\t\t<li>Usinage partiel dans une position de serrage<\/li>\r\n\t\t\t<li>2 pi\u00e8ces \u00e0 la fois<\/li>\r\n\t\t<\/ul>\r\n\t<\/div>\r\n\r\n\t<div class=\"column col-4 mb-4\">\r\n\t\t<img decoding=\"async\" src=\"https:\/\/www.elha.de\/wp-content\/uploads\/pumpengehaeuse-460x307.jpg\" alt=\"Pi\u00e8ce \u00e0 usiner - Corps de pompe\">\r\n\t\t<p class=\"mt-1 mb-1 text-size5\">Corps de pompe<\/p>\r\n\t\t<ul>\r\n\t\t\t<li>Aluminium moul\u00e9 sous pression<\/li>\r\n\t\t\t<li>Usinage complet en une seule position de serrage<\/li>\r\n\t\t\t<li>3 pi\u00e8ces \u00e0 la fois<\/li>\r\n\t\t<\/ul>\r\n\t<\/div>\r\n\r\n\t<div class=\"column col-4 mb-4\">\r\n\t\t<img decoding=\"async\" src=\"https:\/\/www.elha.de\/wp-content\/uploads\/lagergehaeuse-turbolader-460x307.jpg\" alt=\"Pi\u00e8ce \u00e0 usiner - Bo\u00eetier de palier de turbocompresseur\">\r\n\t\t<p class=\"mt-1 mb-1 text-size5\">Bo\u00eetier de palier du turbocompresseur<\/p>\r\n\t\t<ul>\r\n\t\t\t<li>Acier moul\u00e9<\/li>\r\n\t\t\t<li>Usinage partiel dans une position de serrage<\/li>\r\n\t\t\t<li>3 pi\u00e8ces \u00e0 la fois<\/li>\r\n\t\t<\/ul>\r\n\t<\/div>\r\n\r\n\t<div class=\"column col-4 mb-4\">\r\n\t\t<img decoding=\"async\" src=\"https:\/\/www.elha.de\/wp-content\/uploads\/gehaeusedeckel-460x307.jpg\" alt=\"Pi\u00e8ce \u00e0 usiner - Couvercle de bo\u00eetier\">\r\n\t\t<p class=\"mt-1 mb-1 text-size5\">Culasse<\/p>\r\n\t\t<ul>\r\n\t\t\t<li>Acier forg\u00e9<\/li>\r\n\t\t\t<li>Usinage complet en deux positions de serrage<\/li>\r\n\t\t\t<li>4 pi\u00e8ces \u00e0 la fois<\/li>\r\n\t\t<\/ul>\r\n\t<\/div>\r\n<\/div>\r\n\r\n\r\n\r\n<div class=\"clearfix\">\r\n\t<a href=\"https:\/\/www.elha.de\/fr\/machines\/centres-de-transfert\/concept-specifications\/\" class=\"btn float-right\">page suivante &gt;<\/a>\r\n<\/div>\n\n\n\n<p><\/p>","protected":false},"excerpt":{"rendered":"<p>\t\tL'usinage multibroche flexible et hautement productif fait peau neuve<\/p>\n<p>\t\t\tELHA-MASCHINENBAU ist seit vielen Jahren bekannt als Marktf\u00fchrer bei hochproduktiven Transferzentren, schwerpunktm\u00e4\u00dfig im Bereich der automobilen Gro\u00dfserienfertigung. \u00dcber 350 installierte<\/p>","protected":false},"author":1,"featured_media":7339,"parent":109,"menu_order":1,"comment_status":"closed","ping_status":"closed","template":"","meta":{"footnotes":""},"class_list":["post-5574","page","type-page","status-publish","has-post-thumbnail","hentry"],"blocksy_meta":{"styles_descriptor":{"styles":{"desktop":"","tablet":"","mobile":""},"google_fonts":[],"version":6}},"_links":{"self":[{"href":"https:\/\/www.elha.de\/fr\/wp-json\/wp\/v2\/pages\/5574","targetHints":{"allow":["GET"]}}],"collection":[{"href":"https:\/\/www.elha.de\/fr\/wp-json\/wp\/v2\/pages"}],"about":[{"href":"https:\/\/www.elha.de\/fr\/wp-json\/wp\/v2\/types\/page"}],"author":[{"embeddable":true,"href":"https:\/\/www.elha.de\/fr\/wp-json\/wp\/v2\/users\/1"}],"replies":[{"embeddable":true,"href":"https:\/\/www.elha.de\/fr\/wp-json\/wp\/v2\/comments?post=5574"}],"version-history":[{"count":0,"href":"https:\/\/www.elha.de\/fr\/wp-json\/wp\/v2\/pages\/5574\/revisions"}],"up":[{"embeddable":true,"href":"https:\/\/www.elha.de\/fr\/wp-json\/wp\/v2\/pages\/109"}],"wp:featuredmedia":[{"embeddable":true,"href":"https:\/\/www.elha.de\/fr\/wp-json\/wp\/v2\/media\/7339"}],"wp:attachment":[{"href":"https:\/\/www.elha.de\/fr\/wp-json\/wp\/v2\/media?parent=5574"}],"curies":[{"name":"wp","href":"https:\/\/api.w.org\/{rel}","templated":true}]}}