{"id":5598,"date":"2016-11-25T10:10:47","date_gmt":"2016-11-25T09:10:47","guid":{"rendered":"https:\/\/www.elha.de\/?page_id=5598"},"modified":"2025-03-03T11:40:07","modified_gmt":"2025-03-03T10:40:07","slug":"concept-specifications","status":"publish","type":"page","link":"https:\/\/www.elha.de\/fr\/maschinen\/transferzentren\/konzept-spezifikationen\/","title":{"rendered":"Concept &amp; sp\u00e9cifications"},"content":{"rendered":"<div class=\"columns\">\r\n\t<div class=\"column col-6\">\r\n\t\t<p>\r\n\t\t\t<img decoding=\"async\" src=\"https:\/\/www.elha.de\/wp-content\/uploads\/fm-smart-serie-1-frontal.png\" alt=\"FM SMART s\u00e9rie 1 - sans habillage\">\r\n\t\t<\/p>\r\n\t\t<h2>FM SMART s\u00e9rie 1<\/h2>\r\n\t\t<ul>\r\n\t\t\t<li>Base ELHA Module de fabrication FM 3+X avec cadre en fonte, unit\u00e9 de travail \u00e0 4 axes guid\u00e9s par roulement et entra\u00eenements d'axes par vis \u00e0 billes<\/li>\r\n\t\t\t<li>Max. 2 unit\u00e9s de tourelle \u00e0 broches (SRR) ou de magasin \u00e0 broches (SRM) avec 8 outils chacune en disposition bi-broches<\/li>\r\n\t\t\t<li>distance entre les broches 160 mm<\/li>\r\n\t\t<\/ul>\r\n\t<\/div>\r\n\r\n\t<div class=\"column col-6\">\r\n\t\t<p>\r\n\t\t\t<img decoding=\"async\" src=\"https:\/\/www.elha.de\/wp-content\/uploads\/fm-smart-serie-2-frontal.png\" alt=\"FM SMART s\u00e9rie 2 - sans habillage\">\r\n\t\t<\/p>\r\n\t\t<h2>FM SMART s\u00e9rie 2<\/h2>\r\n\t\t<ul>\r\n\t\t\t<li>Base ELHA Module de fabrication FM 3+X hd avec cadre en fonte, axes X et Z guid\u00e9s par des roulements<\/li>\r\n\t\t\t<li>Fourreau hydrostatique (axe Y\/B)<\/li>\r\n\t\t\t<li>Double entra\u00eenement par vis \u00e0 billes sur tous les axes lin\u00e9aires<\/li>\r\n\t\t\t<li>Version de base 2 unit\u00e9s (en option jusqu'\u00e0 4 unit\u00e9s) avec chacune 8 rang\u00e9es de broches en disposition \u00e0 2, 3 ou 4 broches pour jusqu'\u00e0 32 outils diff\u00e9rents<\/li>\r\n\t\t\t<li>distance entre les broches 160 mm ou 320 mm<\/li>\r\n\t\t<\/ul>\r\n\t<\/div>\r\n<\/div>\r\n\r\n\r\n\r\n<h2>FM SMART | Caract\u00e9ristiques communes<\/h2>\r\n<ul>\r\n\t<li>Les pi\u00e8ces \u00e0 usiner sont d\u00e9plac\u00e9es<\/li>\r\n\t<li>Usinage multibroche avec une rang\u00e9e de broches active \u00e0 chaque fois<\/li>\r\n\t<li>Entra\u00eenement direct de chaque outil en prise<\/li>\r\n\t<li>interface pour dispositif de serrage m\u00e9canique ou hydraulique<\/li>\r\n\t<li>Usinage 4 et\/ou 5 axes possible<\/li>\r\n<\/ul>\r\n\r\n\r\n\r\n<h2>Sp\u00e9cifications<\/h2>\r\n<table class=\"mb-5\">\r\n\t<thead>\r\n\t\t<tr>\r\n\t\t\t<th colspan=\"2\" class=\"blank\">\r\n\t\t\t\t\r\n\t\t\t\t\r\n\t\t\t\t\t<img decoding=\"async\" src=\"https:\/\/www.elha.de\/wp-content\/uploads\/fm-smart-reference-sample.png\" alt=\"FM SMART -Exemple de configuration\">\r\n\t\t\t\t\r\n\t\t\t<\/th>\r\n\t\t\t<td class=\"blank\">\r\n\t\t\t\t<img decoding=\"async\" src=\"https:\/\/www.elha.de\/wp-content\/uploads\/fm-smart-serie-1-frontal.png\" alt=\"FM SMART s\u00e9rie 1 - sans habillage\">\r\n\t\t\t<\/td>\r\n\t\t\t<td class=\"blank\">\r\n\t\t\t\t<img decoding=\"async\" src=\"https:\/\/www.elha.de\/wp-content\/uploads\/fm-smart-serie-2-frontal.png\" alt=\"FM SMART s\u00e9rie 2 - sans habillage\">\r\n\t\t\t<\/td>\r\n\t\t<\/tr>\r\n\t\t<tr>\r\n\t\t\t<th colspan=\"2\" class=\"blank\"><\/th>\r\n\t\t\t<th>FM SMART s\u00e9rie 1<\/th>\r\n\t\t\t<th>FM SMART s\u00e9rie 2<\/th>\r\n\t\t<\/tr>\r\n\t<\/thead>\r\n\r\n\t<tbody>\r\n\t\t<tr class=\"dark\">\r\n\t\t\t<td colspan=\"4\">VOIE DE PROC\u00c9DURE<\/td>\r\n\t\t<\/tr>\r\n\r\n\t\t<tr>\r\n\t\t\t<td>Course (transversale)<\/td>\r\n\t\t\t<td>mm<\/td>\r\n\t\t\t<td>400<\/td>\r\n\t\t\t<td>500<\/td>\r\n\t\t<\/tr>\r\n\r\n\t\t<tr>\r\n\t\t\t<td>Course (verticale)<\/td>\r\n\t\t\t<td>mm<\/td>\r\n\t\t\t<td>1000<\/td>\r\n\t\t\t<td>1200<\/td>\r\n\t\t<\/tr>\r\n\r\n\t\t<tr>\r\n\t\t\t<td>Course (longitudinale)<\/td>\r\n\t\t\t<td>mm<\/td>\r\n\t\t\t<td>500<\/td>\r\n\t\t\t<td>400<\/td>\r\n\t\t<\/tr>\r\n\r\n\t\t<tr class=\"dark\">\r\n\t\t\t<td colspan=\"4\">AVANT-PROJET<\/td>\r\n\t\t<\/tr>\r\n\r\n\t\t<tr>\r\n\t\t\t<td>Vitesse<\/td>\r\n\t\t\t<td>m\/min<\/td>\r\n\t\t\t<td>40<\/td>\r\n\t\t\t<td>60<\/td>\r\n\t\t<\/tr>\r\n\r\n\t\t<tr>\r\n\t\t\t<td>Acc\u00e9l\u00e9ration (max.)<\/td>\r\n\t\t\t<td>m\/s\u00b2<\/td>\r\n\t\t\t<td>6<\/td>\r\n\t\t\t<td>6<\/td>\r\n\t\t<\/tr>\r\n\t<\/tbody>\r\n<\/table>\r\n\r\n\r\n\r\n<div class=\"clearfix\">\r\n\t<a href=\"https:\/\/www.elha.de\/fr\/machines\/centres-de-transfert\/application\/\" class=\"btn\">&lt; page pr\u00e9c\u00e9dente<\/a>\r\n\t<a href=\"https:\/\/www.elha.de\/fr\/machines\/centres-de-transfert\/magasin-de-tourelles-en-ligne-de-broches\/\" class=\"btn float-right\">page suivante &gt;<\/a>\r\n<\/div>\n\n\n\n<p><\/p>","protected":false},"excerpt":{"rendered":"<p>\t\tFM SMART s\u00e9rie 1<\/p>\n<p>\t\t\tBase ELHA Module de fabrication FM 3+X avec cadre en fonte, unit\u00e9 de travail \u00e0 4 axes guid\u00e9s par roulement et entra\u00eenements d'axes par vis \u00e0 billes<br \/>\n\t\t\tMax. 2 Einheiten Spindelreihenrevolver (SRR) bzw. Spindelreihenmagazin (SRM) mit jeweils 8 Werkzeugen<\/p>","protected":false},"author":1,"featured_media":6564,"parent":109,"menu_order":2,"comment_status":"closed","ping_status":"closed","template":"","meta":{"footnotes":""},"class_list":["post-5598","page","type-page","status-publish","has-post-thumbnail","hentry"],"blocksy_meta":{"styles_descriptor":{"styles":{"desktop":"","tablet":"","mobile":""},"google_fonts":[],"version":6},"page_title_panel":"","has_hero_section":"default","9bd335685f4cae8e9124a1d9ef82f572":"","hero_section":"type-1","hero_elements":[{"id":"custom_title","enabled":true,"heading_tag":"h1","title":"Page d'accueil"},{"id":"custom_description","enabled":true,"description_visibility":{"desktop":true,"tablet":true,"mobile":false}},{"id":"custom_meta","enabled":false,"meta_elements":[{"id":"author","enabled":true,"label":"Von","has_author_avatar":"yes","avatar_size":25},{"id":"post_date","enabled":true,"label":"Am","date_format_source":"default","date_format":"M j, Y"},{"id":"updated_date","enabled":false,"label":"Am","date_format_source":"default","date_format":"M j, Y"},{"id":"categories","enabled":false,"label":"In","style":"simple"},{"id":"comments","enabled":true}],"page_meta_elements":{"joined":true,"articles_count":true,"comments":true}},{"id":"breadcrumbs","enabled":false}],"c3293cce4c503e9938c02dff622cb4a5":"","hero_alignment1":"CT_CSS_SKIP_RULE","hero_margin":40,"hero_alignment2":"center","hero_vertical_alignment":"center","79d5af0d160aebad43c719637f327f9e":"","hero_structure":"narrow","c2280b1229f35438e03fae3ab0664310":"","page_title_bg_type":"featured_image","custom_hero_background":{"attachment_id":null},"parallax":{"desktop":false,"tablet":false,"mobile":false},"ba2daa9da79840637def8453f6c034e5":"","hero_height":"250px","pageTitleFont":{"family":"Default","variation":"Default","size":{"desktop":"32px","tablet":"30px","mobile":"25px"},"line-height":"CT_CSS_SKIP_RULE","letter-spacing":"CT_CSS_SKIP_RULE","text-transform":"CT_CSS_SKIP_RULE","text-decoration":"CT_CSS_SKIP_RULE"},"pageTitleFontColor":{"default":{"color":"CT_CSS_SKIP_RULEDEFAULT"}},"pageMetaFont":{"family":"Default","variation":"n6","size":"12px","line-height":"1.3","letter-spacing":"CT_CSS_SKIP_RULE","text-transform":"uppercase","text-decoration":"CT_CSS_SKIP_RULE"},"pageMetaFontColor":{"default":{"color":"CT_CSS_SKIP_RULEDEFAULT"},"hover":{"color":"CT_CSS_SKIP_RULEDEFAULT"}},"page_meta_button_type_font_colors":{"default":{"color":"CT_CSS_SKIP_RULEDEFAULT"},"hover":{"color":"CT_CSS_SKIP_RULEDEFAULT"}},"page_meta_button_type_background_colors":{"default":{"color":"CT_CSS_SKIP_RULEDEFAULT"},"hover":{"color":"CT_CSS_SKIP_RULEDEFAULT"}},"pageExcerptFont":{"family":"Default","variation":"Default","size":"CT_CSS_SKIP_RULE","line-height":"CT_CSS_SKIP_RULE","letter-spacing":"CT_CSS_SKIP_RULE","text-transform":"CT_CSS_SKIP_RULE","text-decoration":"CT_CSS_SKIP_RULE"},"pageExcerptColor":{"default":{"color":"CT_CSS_SKIP_RULEDEFAULT"}},"breadcrumbsFont":{"family":"Default","variation":"Default","size":"CT_CSS_SKIP_RULE","line-height":"CT_CSS_SKIP_RULE","letter-spacing":"CT_CSS_SKIP_RULE","text-transform":"CT_CSS_SKIP_RULE","text-decoration":"CT_CSS_SKIP_RULE"},"breadcrumbsFontColor":{"default":{"color":"CT_CSS_SKIP_RULEDEFAULT"},"initial":{"color":"CT_CSS_SKIP_RULEDEFAULT"},"hover":{"color":"CT_CSS_SKIP_RULEDEFAULT"}},"pageTitleOverlay":{"default":{"color":"CT_CSS_SKIP_RULE"}},"pageTitleBackground":{"background_type":"color","background_pattern":"type-1","background_image":{"attachment_id":null,"x":0,"y":0},"gradient":"linear-gradient(135deg,rgba(6,147,227,1) 0%,rgb(155,81,224) 100%)","background_repeat":"no-repeat","background_size":"auto","background_attachment":"scroll","patternColor":{"default":{"color":"#e5e7ea"}},"overlayColor":{"default":{"color":"CT_CSS_SKIP_RULE"}},"backgroundColor":{"default":{"color":"var(--theme-palette-color-6)"}}},"pageTitlePadding":{"top":"50px","bottom":"50px","left":"auto","right":"auto","linked":true},"1ba461ccb9e11e381475aa1ff9c25d45":"","page_structure_type":"default","14c6d56d119cbcb8a3d868273c239903":"","content_style_source":"inherit","content_style":"wide","vertical_spacing_source":"inherit","content_area_spacing":"both","background":{"background_type":"color","background_pattern":"type-1","background_image":{"attachment_id":null,"x":0,"y":0},"gradient":"linear-gradient(135deg,rgba(6,147,227,1) 0%,rgb(155,81,224) 100%)","background_repeat":"no-repeat","background_size":"auto","background_attachment":"scroll","patternColor":{"default":{"color":"#e5e7ea"}},"overlayColor":{"default":{"color":"CT_CSS_SKIP_RULE"}},"backgroundColor":{"default":{"color":"CT_CSS_SKIP_RULE"}}},"content_background":{"background_type":"color","background_pattern":"type-1","background_image":{"attachment_id":null,"x":0,"y":0},"gradient":"linear-gradient(135deg,rgba(6,147,227,1) 0%,rgb(155,81,224) 100%)","background_repeat":"no-repeat","background_size":"auto","background_attachment":"scroll","patternColor":{"default":{"color":"#e5e7ea"}},"overlayColor":{"default":{"color":"CT_CSS_SKIP_RULE"}},"backgroundColor":{"default":{"color":"var(--theme-palette-color-8)"}}},"content_boxed_shadow":{"inherit":false,"blur":18,"spread":-6,"v_offset":12,"h_offset":0,"inset":false,"enable":true,"color":{"color":"rgba(34, 56, 101, 0.04)"}},"boxed_content_spacing":{"desktop":{"top":"40px","bottom":"40px","left":"40px","right":"40px","linked":true},"tablet":{"top":"35px","bottom":"35px","left":"35px","right":"35px","linked":true},"mobile":{"top":"20px","bottom":"20px","left":"20px","right":"20px","linked":true}},"content_boxed_radius":{"top":"3px","bottom":"3px","left":"3px","right":"3px","linked":true},"e6c2308ce7974f8bdaefc407ddabadf3":"","disable_featured_image":"yes","disable_header":"no","disable_footer":"no"},"_links":{"self":[{"href":"https:\/\/www.elha.de\/fr\/wp-json\/wp\/v2\/pages\/5598","targetHints":{"allow":["GET"]}}],"collection":[{"href":"https:\/\/www.elha.de\/fr\/wp-json\/wp\/v2\/pages"}],"about":[{"href":"https:\/\/www.elha.de\/fr\/wp-json\/wp\/v2\/types\/page"}],"author":[{"embeddable":true,"href":"https:\/\/www.elha.de\/fr\/wp-json\/wp\/v2\/users\/1"}],"replies":[{"embeddable":true,"href":"https:\/\/www.elha.de\/fr\/wp-json\/wp\/v2\/comments?post=5598"}],"version-history":[{"count":0,"href":"https:\/\/www.elha.de\/fr\/wp-json\/wp\/v2\/pages\/5598\/revisions"}],"up":[{"embeddable":true,"href":"https:\/\/www.elha.de\/fr\/wp-json\/wp\/v2\/pages\/109"}],"wp:featuredmedia":[{"embeddable":true,"href":"https:\/\/www.elha.de\/fr\/wp-json\/wp\/v2\/media\/6564"}],"wp:attachment":[{"href":"https:\/\/www.elha.de\/fr\/wp-json\/wp\/v2\/media?parent=5598"}],"curies":[{"name":"wp","href":"https:\/\/api.w.org\/{rel}","templated":true}]}}