{"id":5727,"date":"2016-11-25T13:08:09","date_gmt":"2016-11-25T12:08:09","guid":{"rendered":"https:\/\/www.elha.de\/?page_id=5727"},"modified":"2026-01-12T13:25:18","modified_gmt":"2026-01-12T12:25:18","slug":"magasin-de-tourelles-en-ligne-de-broches","status":"publish","type":"page","link":"https:\/\/www.elha.de\/fr\/maschinen\/transferzentren\/spindelreihenrevolver-magazin\/","title":{"rendered":"Tourelle &amp; magasin en ligne de broches"},"content":{"rendered":"<div class=\"columns\">\r\n\t<div class=\"column col-6\">\r\n\t\t<img decoding=\"async\" src=\"https:\/\/www.elha.de\/wp-content\/uploads\/srr-4x160.jpg\" alt=\"SRR \u00e0 quatre broches\">\r\n\t\t<h2 class=\"mt-1 mb-1\">SRR<\/h2>\r\n\t\t<p class=\"mt-1 text-size4\">Tourelle \u00e0 vis | Caract\u00e9ristiques<\/p>\r\n\t\t<ul>\r\n\t\t\t<li>Les broches compl\u00e8tes sont pivot\u00e9es en position<\/li>\r\n\t\t\t<li>Fixation par denture Hirth<\/li>\r\n\t\t\t<li>Broche r\u00e9glable avec pr\u00e9cision dans la plage de \u00b110 \u03bcm<\/li>\r\n\t\t\t<li>libre choix du mod\u00e8le de broche<\/li>\r\n\t\t<\/ul>\r\n\t<\/div>\r\n\r\n\t<div class=\"column col-6\">\r\n\t\t<img decoding=\"async\" src=\"https:\/\/www.elha.de\/wp-content\/uploads\/srm-4x160.jpg\" alt=\"SRM \u00e0 quatre broches\">\r\n\t\t<h2 class=\"mt-1 mb-1\">MRS<\/h2>\r\n\t\t<p class=\"mt-1 text-size4\">Magasin de rang\u00e9es de broches | Caract\u00e9ristiques<\/p>\r\n\t\t<ul>\r\n\t\t\t<li>Des motobroches classiques dans un bo\u00eetier commun<\/li>\r\n\t\t\t<li>Tambour de magasin ferm\u00e9 avec rang\u00e9es d'adaptateurs<\/li>\r\n\t\t\t<li>changement d'adaptateur toujours dans la m\u00eame broche (r\u00e9glage fin non n\u00e9cessaire)<\/li>\r\n\t\t\t<li>Option : changement d'outil automatique via une cellule robotis\u00e9e ELHA avec fonctions de contr\u00f4le<\/li>\r\n\t\t<\/ul>\r\n\t<\/div>\r\n<\/div>\r\n\r\n\r\n\r\n<div class=\"columns\">\r\n\t<div class=\"column col-6\">\r\n\t\t<h2 class=\"mt-1 mb-1\">SRR &amp; SRM<\/h2>\r\n\t\t<p class=\"mt-1 text-size4\">Caract\u00e9ristiques communes<\/p>\r\n\t\t<ul>\r\n\t\t\t<li>Dispositif permettant de placer 8 rang\u00e9es d'outils \u00e0 une seule position dans la machine<\/li>\r\n\t\t\t<li>Moteur d'entra\u00eenement s\u00e9par\u00e9 par outil au sein de la rang\u00e9e de broches active<\/li>\r\n\t\t\t<li>Changement d'outil manuel en cas de dur\u00e9e de vie des outils de l'ext\u00e9rieur<\/li>\r\n\t\t\t<li>Surveillance des outils au moyen de capteurs de courant et de vibrations du moteur<\/li>\r\n\t\t<\/ul>\r\n\t<\/div>\r\n\r\n\t<div class=\"column col-6\">\r\n\t\t<table>\r\n\t\t\t<thead>\r\n\t\t\t\t<tr>\r\n\t\t\t\t\t<th><\/th>\r\n\t\t\t\t\t<th>SRR<\/th>\r\n\t\t\t\t\t<th>MRS<\/th>\r\n\t\t\t\t<\/tr>\r\n\t\t\t<\/thead>\r\n\r\n\t\t\t<tbody>\r\n\t\t\t\t<tr>\r\n\t\t\t\t\t<td>Porte-outils<\/td>\r\n\t\t\t\t\t<td>HSK 63<\/td>\r\n\t\t\t\t\t<td>HSK 63<\/td>\r\n\t\t\t\t<\/tr>\r\n\r\n\t\t\t\t<tr>\r\n\t\t\t\t\t<td>Vitesse max. Puissance de la broche<\/td>\r\n\t\t\t\t\t<td>29 kW (S6)<\/td>\r\n\t\t\t\t\t<td>20 kW (S1)<\/td>\r\n\t\t\t\t<\/tr>\r\n\r\n\t\t\t\t<tr>\r\n\t\t\t\t\t<td>Vitesse max. Couple de rotation<\/td>\r\n\t\t\t\t\t<td>62 Nm (S6)<\/td>\r\n\t\t\t\t\t<td>57 Nm (S1)<\/td>\r\n\t\t\t\t<\/tr>\r\n\r\n\t\t\t\t<tr>\r\n\t\t\t\t\t<td>Vitesse max. Vitesse de rotation<\/td>\r\n\t\t\t\t\t<td>16 000 min<sup>-1<\/sup><\/td>\r\n\t\t\t\t\t<td>16 000 min<sup>-1<\/sup><\/td>\r\n\t\t\t\t<\/tr>\r\n\r\n\t\t\t\t<tr>\r\n\t\t\t\t\t<td>Entra\u00eenements directs refroidis par eau<\/td>\r\n\t\t\t\t\t<td>oui<\/td>\r\n\t\t\t\t\t<td>oui<\/td>\r\n\t\t\t\t<\/tr>\r\n\t\t\t<\/tbody>\r\n\t\t<\/table>\r\n\t<\/div>\r\n<\/div>\r\n\r\n\r\n\r\n<div class=\"clearfix\">\r\n\t<a href=\"https:\/\/www.elha.de\/fr\/machines\/centres-de-transfert\/concept-specifications\/\" class=\"btn\">&lt; page pr\u00e9c\u00e9dente<\/a>\r\n\t<a href=\"https:\/\/www.elha.de\/fr\/machines\/centres-de-transfert\/equipement-peripherique\/\" class=\"btn float-right\">page suivante &gt;<\/a>\r\n<\/div>","protected":false},"excerpt":{"rendered":"<p>\t\tSRR<br \/>\n\t\tTourelle \u00e0 vis | Caract\u00e9ristiques<\/p>\n<p>\t\t\tLes broches compl\u00e8tes sont pivot\u00e9es en position<br \/>\n\t\t\tFixation par denture Hirth<br \/>\n\t\t\tBroche r\u00e9glable avec pr\u00e9cision dans la plage de \u00b110 \u03bcm<br \/>\n\t\t\tlibre choix du mod\u00e8le de broche<\/p>\n<p>\t\tMRS<br \/>\n\t\tMagasin de rang\u00e9es de broches | Caract\u00e9ristiques<\/p>\n<p>\t\t\tDes motobroches classiques dans un bo\u00eetier commun<br \/>\n\t\t\tTambour de magasin ferm\u00e9<\/p>","protected":false},"author":1,"featured_media":7269,"parent":109,"menu_order":3,"comment_status":"closed","ping_status":"closed","template":"","meta":{"footnotes":""},"class_list":["post-5727","page","type-page","status-publish","has-post-thumbnail","hentry"],"blocksy_meta":{"styles_descriptor":{"styles":{"desktop":"","tablet":"","mobile":""},"google_fonts":[],"version":6},"page_title_panel":"","has_hero_section":"default","e4fd6bcf77f1101242251338beb05d03":"","hero_section":"type-1","hero_elements":[{"id":"custom_title","enabled":true,"heading_tag":"h1","title":"Page d'accueil"},{"id":"custom_description","enabled":true,"description_visibility":{"desktop":true,"tablet":true,"mobile":false}},{"id":"custom_meta","enabled":false,"meta_elements":[{"id":"author","enabled":true,"label":"Von","has_author_avatar":"yes","avatar_size":25},{"id":"post_date","enabled":true,"label":"Am","date_format_source":"default","date_format":"M j, Y"},{"id":"updated_date","enabled":false,"label":"Am","date_format_source":"default","date_format":"M j, Y"},{"id":"categories","enabled":false,"label":"In","style":"simple"},{"id":"comments","enabled":true}],"page_meta_elements":{"joined":true,"articles_count":true,"comments":true}},{"id":"breadcrumbs","enabled":false}],"5aeebe2f68434ab305a520830f6bebfa":"","hero_alignment1":"CT_CSS_SKIP_RULE","hero_margin":40,"hero_alignment2":"center","hero_vertical_alignment":"center","758f343116801573d397ade68b237f79":"","hero_structure":"narrow","dab7d35c4d0827e2a34579ba9bec27b6":"","page_title_bg_type":"featured_image","custom_hero_background":{"attachment_id":null},"parallax":{"desktop":false,"tablet":false,"mobile":false},"1163b8e9e84c8cc6bfacc28837c9b4c6":"","hero_height":"250px","pageTitleFont":{"family":"Default","variation":"Default","size":{"desktop":"32px","tablet":"30px","mobile":"25px"},"line-height":"CT_CSS_SKIP_RULE","letter-spacing":"CT_CSS_SKIP_RULE","text-transform":"CT_CSS_SKIP_RULE","text-decoration":"CT_CSS_SKIP_RULE"},"pageTitleFontColor":{"default":{"color":"CT_CSS_SKIP_RULEDEFAULT"}},"pageMetaFont":{"family":"Default","variation":"n6","size":"12px","line-height":"1.3","letter-spacing":"CT_CSS_SKIP_RULE","text-transform":"uppercase","text-decoration":"CT_CSS_SKIP_RULE"},"pageMetaFontColor":{"default":{"color":"CT_CSS_SKIP_RULEDEFAULT"},"hover":{"color":"CT_CSS_SKIP_RULEDEFAULT"}},"page_meta_button_type_font_colors":{"default":{"color":"CT_CSS_SKIP_RULEDEFAULT"},"hover":{"color":"CT_CSS_SKIP_RULEDEFAULT"}},"page_meta_button_type_background_colors":{"default":{"color":"CT_CSS_SKIP_RULEDEFAULT"},"hover":{"color":"CT_CSS_SKIP_RULEDEFAULT"}},"pageExcerptFont":{"family":"Default","variation":"Default","size":"CT_CSS_SKIP_RULE","line-height":"CT_CSS_SKIP_RULE","letter-spacing":"CT_CSS_SKIP_RULE","text-transform":"CT_CSS_SKIP_RULE","text-decoration":"CT_CSS_SKIP_RULE"},"pageExcerptColor":{"default":{"color":"CT_CSS_SKIP_RULEDEFAULT"}},"breadcrumbsFont":{"family":"Default","variation":"Default","size":"CT_CSS_SKIP_RULE","line-height":"CT_CSS_SKIP_RULE","letter-spacing":"CT_CSS_SKIP_RULE","text-transform":"CT_CSS_SKIP_RULE","text-decoration":"CT_CSS_SKIP_RULE"},"breadcrumbsFontColor":{"default":{"color":"CT_CSS_SKIP_RULEDEFAULT"},"initial":{"color":"CT_CSS_SKIP_RULEDEFAULT"},"hover":{"color":"CT_CSS_SKIP_RULEDEFAULT"}},"pageTitleOverlay":{"default":{"color":"CT_CSS_SKIP_RULE"}},"pageTitleBackground":{"background_type":"color","background_pattern":"type-1","background_image":{"attachment_id":null,"x":0,"y":0},"gradient":"linear-gradient(135deg,rgba(6,147,227,1) 0%,rgb(155,81,224) 100%)","background_repeat":"no-repeat","background_size":"auto","background_attachment":"scroll","patternColor":{"default":{"color":"#e5e7ea"}},"overlayColor":{"default":{"color":"CT_CSS_SKIP_RULE"}},"backgroundColor":{"default":{"color":"var(--theme-palette-color-6)"}}},"pageTitlePadding":{"top":"50px","bottom":"50px","left":"auto","right":"auto","linked":true},"c040db22703d9d5fbe33b34bf7a4085f":"","page_structure_type":"default","6cbc9d78648700635cc1f97d206209da":"","content_style_source":"inherit","content_style":"wide","vertical_spacing_source":"inherit","content_area_spacing":"both","background":{"background_type":"color","background_pattern":"type-1","background_image":{"attachment_id":null,"x":0,"y":0},"gradient":"linear-gradient(135deg,rgba(6,147,227,1) 0%,rgb(155,81,224) 100%)","background_repeat":"no-repeat","background_size":"auto","background_attachment":"scroll","patternColor":{"default":{"color":"#e5e7ea"}},"overlayColor":{"default":{"color":"CT_CSS_SKIP_RULE"}},"backgroundColor":{"default":{"color":"CT_CSS_SKIP_RULE"}}},"content_background":{"background_type":"color","background_pattern":"type-1","background_image":{"attachment_id":null,"x":0,"y":0},"gradient":"linear-gradient(135deg,rgba(6,147,227,1) 0%,rgb(155,81,224) 100%)","background_repeat":"no-repeat","background_size":"auto","background_attachment":"scroll","patternColor":{"default":{"color":"#e5e7ea"}},"overlayColor":{"default":{"color":"CT_CSS_SKIP_RULE"}},"backgroundColor":{"default":{"color":"var(--theme-palette-color-8)"}}},"content_boxed_shadow":{"inherit":false,"blur":18,"spread":-6,"v_offset":12,"h_offset":0,"inset":false,"enable":true,"color":{"color":"rgba(34, 56, 101, 0.04)"}},"boxed_content_spacing":{"desktop":{"top":"40px","bottom":"40px","left":"40px","right":"40px","linked":true},"tablet":{"top":"35px","bottom":"35px","left":"35px","right":"35px","linked":true},"mobile":{"top":"20px","bottom":"20px","left":"20px","right":"20px","linked":true}},"content_boxed_radius":{"top":"3px","bottom":"3px","left":"3px","right":"3px","linked":true},"e2313f0c0195c1bed1b8fd49e8558e59":"","disable_featured_image":"yes","disable_header":"no","disable_footer":"no"},"_links":{"self":[{"href":"https:\/\/www.elha.de\/fr\/wp-json\/wp\/v2\/pages\/5727","targetHints":{"allow":["GET"]}}],"collection":[{"href":"https:\/\/www.elha.de\/fr\/wp-json\/wp\/v2\/pages"}],"about":[{"href":"https:\/\/www.elha.de\/fr\/wp-json\/wp\/v2\/types\/page"}],"author":[{"embeddable":true,"href":"https:\/\/www.elha.de\/fr\/wp-json\/wp\/v2\/users\/1"}],"replies":[{"embeddable":true,"href":"https:\/\/www.elha.de\/fr\/wp-json\/wp\/v2\/comments?post=5727"}],"version-history":[{"count":0,"href":"https:\/\/www.elha.de\/fr\/wp-json\/wp\/v2\/pages\/5727\/revisions"}],"up":[{"embeddable":true,"href":"https:\/\/www.elha.de\/fr\/wp-json\/wp\/v2\/pages\/109"}],"wp:featuredmedia":[{"embeddable":true,"href":"https:\/\/www.elha.de\/fr\/wp-json\/wp\/v2\/media\/7269"}],"wp:attachment":[{"href":"https:\/\/www.elha.de\/fr\/wp-json\/wp\/v2\/media?parent=5727"}],"curies":[{"name":"wp","href":"https:\/\/api.w.org\/{rel}","templated":true}]}}