{"id":5912,"date":"2016-11-28T10:23:15","date_gmt":"2016-11-28T09:23:15","guid":{"rendered":"https:\/\/www.elha.de\/?page_id=5912"},"modified":"2025-05-22T16:46:16","modified_gmt":"2025-05-22T14:46:16","slug":"equipement-peripherique","status":"publish","type":"page","link":"https:\/\/www.elha.de\/fr\/maschinen\/transferzentren\/ausstattung-peripherie\/","title":{"rendered":"\u00c9quipement &amp; P\u00e9riph\u00e9riques"},"content":{"rendered":"<div class=\"columns\">\r\n\t<div class=\"column col-6 col-sm-12\">\r\n\t\t<p>\r\n\t\t\tChoisissez parmi une multitude de variantes possibles pour l'\u00e9quipement p\u00e9riph\u00e9rique et optimisez le FM SMART en fonction de vos besoins.\r\n\t\t<\/p>\r\n\r\n\t\t<table class=\"mb-4\">\r\n\t\t\t<thead>\r\n\t\t\t\t<tr>\r\n\t\t\t\t\t<td class=\"blank\"><\/td>\r\n\t\t\t\t\t<td class=\"blank\">\r\n\t\t\t\t\t\t<img decoding=\"async\" src=\"https:\/\/www.elha.de\/wp-content\/uploads\/fm-smart-serie-1-frontal-337x460.png\" alt=\"FM SMART s\u00e9rie 1 - sans habillage\">\r\n\t\t\t\t\t<\/td>\r\n\t\t\t\t\t<td class=\"blank\">\r\n\t\t\t\t\t\t<img decoding=\"async\" src=\"https:\/\/www.elha.de\/wp-content\/uploads\/fm-smart-serie-2-frontal-337x460.png\" alt=\"FM SMART s\u00e9rie 2 - sans habillage\">\r\n\t\t\t\t\t<\/td>\r\n\t\t\t\t<\/tr>\r\n\r\n\t\t\t\t<tr>\r\n\t\t\t\t\t<th>SMART<\/th>\r\n\t\t\t\t\t<th>S\u00e9rie 1<\/th>\r\n\t\t\t\t\t<th>S\u00e9rie 2<\/th>\r\n\t\t\t\t<\/tr>\r\n\t\t\t<\/thead>\r\n\r\n\t\t\t<tbody>\r\n\t\t\t\t<tr class=\"dark\">\r\n\t\t\t\t\t<td>LUBRIFICATION PAR REFROIDISSEMENT<\/td>\r\n\t\t\t\t\t<td><\/td>\r\n\t\t\t\t\t<td><\/td>\r\n\t\t\t\t<\/tr>\r\n\r\n\t\t\t\t<tr>\r\n\t\t\t\t\t<td>Syst\u00e8me de refroidissement, base KSS<\/td>\r\n\t\t\t\t\t<td>\u25cb<\/td>\r\n\t\t\t\t\t<td>\u25cb<\/td>\r\n\t\t\t\t<\/tr>\r\n\r\n\t\t\t\t<tr>\r\n\t\t\t\t\t<td>Syst\u00e8me de refroidissement, base huile<\/td>\r\n\t\t\t\t\t<td>\u25cb<\/td>\r\n\t\t\t\t\t<td>\u25cb<\/td>\r\n\t\t\t\t<\/tr>\r\n\r\n\t\t\t\t<tr>\r\n\t\t\t\t\t<td>Pompe haute pression taille I ou II<\/td>\r\n\t\t\t\t\t<td>\u25cb<\/td>\r\n\t\t\t\t\t<td>\u25cb<\/td>\r\n\t\t\t\t<\/tr>\r\n\r\n\t\t\t\t<tr>\r\n\t\t\t\t\t<td>Filtre duplex<\/td>\r\n\t\t\t\t\t<td>\u25cb<\/td>\r\n\t\t\t\t\t<td>\u25cb<\/td>\r\n\t\t\t\t<\/tr>\r\n\r\n\t\t\t\t<tr>\r\n\t\t\t\t\t<td>Convoyeur \u00e0 copeaux<\/td>\r\n\t\t\t\t\t<td>\u25cb<\/td>\r\n\t\t\t\t\t<td>\u25cb<\/td>\r\n\t\t\t\t<\/tr>\r\n\r\n\t\t\t\t<tr>\r\n\t\t\t\t\t<td>Pistolet de rin\u00e7age<\/td>\r\n\t\t\t\t\t<td>\u25cb<\/td>\r\n\t\t\t\t\t<td>\u25cb<\/td>\r\n\t\t\t\t<\/tr>\r\n\r\n\t\t\t\t<tr class=\"dark\">\r\n\t\t\t\t\t<td>M\u00c9CANIQUE<\/td>\r\n\t\t\t\t\t<td><\/td>\r\n\t\t\t\t\t<td><\/td>\r\n\t\t\t\t<\/tr>\r\n\r\n\t\t\t\t<tr>\r\n\t\t\t\t\t<td>Aspiration<\/td>\r\n\t\t\t\t\t<td>\u25cb<\/td>\r\n\t\t\t\t\t<td>\u25cb<\/td>\r\n\t\t\t\t<\/tr>\r\n\r\n\t\t\t\t<tr>\r\n\t\t\t\t\t<td>Aide pour le dispositif de serrage<\/td>\r\n\t\t\t\t\t<td>\u25cb<\/td>\r\n\t\t\t\t\t<td>\u25cb<\/td>\r\n\t\t\t\t<\/tr>\r\n\r\n\t\t\t\t<tr>\r\n\t\t\t\t\t<td>Pr\u00e9paration pour unit\u00e9 suppl\u00e9mentaire<\/td>\r\n\t\t\t\t\t<td>X<\/td>\r\n\t\t\t\t\t<td>\u25cb<\/td>\r\n\t\t\t\t<\/tr>\r\n\r\n\t\t\t\t<tr>\r\n\t\t\t\t\t<td>Nettoyage des c\u00f4nes<\/td>\r\n\t\t\t\t\t<td>\u25cb<\/td>\r\n\t\t\t\t\t<td>\u25cb<\/td>\r\n\t\t\t\t<\/tr>\r\n\r\n\t\t\t\t<tr>\r\n\t\t\t\t\t<td>Pack High Dynamic<\/td>\r\n\t\t\t\t\t<td>X<\/td>\r\n\t\t\t\t\t<td>\u25cb<\/td>\r\n\t\t\t\t<\/tr>\r\n\r\n\t\t\t\t<tr class=\"dark\">\r\n\t\t\t\t\t<td>AUTOMATION<\/td>\r\n\t\t\t\t\t<td><\/td>\r\n\t\t\t\t\t<td><\/td>\r\n\t\t\t\t<\/tr>\r\n\r\n\t\t\t\t<tr>\r\n\t\t\t\t\t<td>Niveau I<\/td>\r\n\t\t\t\t\t<td>\u2b24<\/td>\r\n\t\t\t\t\t<td>\u2b24<\/td>\r\n\t\t\t\t<\/tr>\r\n\r\n\t\t\t\t<tr>\r\n\t\t\t\t\t<td>Niveau II (avec convoyeur d'accumulation)<\/td>\r\n\t\t\t\t\t<td>\u25cb<\/td>\r\n\t\t\t\t\t<td>\u25cb<\/td>\r\n\t\t\t\t<\/tr>\r\n\r\n\t\t\t\t<tr class=\"dark\">\r\n\t\t\t\t\t<td>\u00c9LECTRO \/ CNC<\/td>\r\n\t\t\t\t\t<td><\/td>\r\n\t\t\t\t\t<td><\/td>\r\n\t\t\t\t<\/tr>\r\n\r\n\t\t\t\t<tr>\r\n\t\t\t\t\t<td>Diagnostic \u00e0 distance<\/td>\r\n\t\t\t\t\t<td>\u25cb<\/td>\r\n\t\t\t\t\t<td>\u25cb<\/td>\r\n\t\t\t\t<\/tr>\r\n\r\n\t\t\t\t<tr>\r\n\t\t\t\t\t<td>Surveillance de la charge<\/td>\r\n\t\t\t\t\t<td>\u25cb<\/td>\r\n\t\t\t\t\t<td>\u25cb<\/td>\r\n\t\t\t\t<\/tr>\r\n\r\n\t\t\t\t<tr>\r\n\t\t\t\t\t<td>Boutique Mill<\/td>\r\n\t\t\t\t\t<td>\u25cb<\/td>\r\n\t\t\t\t\t<td>\u25cb<\/td>\r\n\t\t\t\t<\/tr>\r\n\r\n\t\t\t\t<tr>\r\n\t\t\t\t\t<td>machine virtuelle<\/td>\r\n\t\t\t\t\t<td>\u25cb<\/td>\r\n\t\t\t\t\t<td>\u25cb<\/td>\r\n\t\t\t\t<\/tr>\r\n\r\n\t\t\t\t<tr>\r\n\t\t\t\t\t<td>Palpeur de mesure<\/td>\r\n\t\t\t\t\t<td>\u25cb<\/td>\r\n\t\t\t\t\t<td>\u25cb<\/td>\r\n\t\t\t\t<\/tr>\r\n\r\n\t\t\t\t<tr class=\"dark\">\r\n\t\t\t\t\t<td>ING\u00c9NIERIE DES PROCESSUS<\/td>\r\n\t\t\t\t\t<td><\/td>\r\n\t\t\t\t\t<td><\/td>\r\n\t\t\t\t<\/tr>\r\n\r\n\t\t\t\t<tr>\r\n\t\t\t\t\t<td>R\u00e9duction de la g\u00e9om\u00e9trie<\/td>\r\n\t\t\t\t\t<td>\u25cb<\/td>\r\n\t\t\t\t\t<td>\u25cb<\/td>\r\n\t\t\t\t<\/tr>\r\n\r\n\t\t\t\t<tr>\r\n\t\t\t\t\t<td>Plan d'outillage<\/td>\r\n\t\t\t\t\t<td>\u25cb<\/td>\r\n\t\t\t\t\t<td>\u25cb<\/td>\r\n\t\t\t\t<\/tr>\r\n\r\n\t\t\t\t<tr>\r\n\t\t\t\t\t<td>Programmation NC<\/td>\r\n\t\t\t\t\t<td>\u25cb<\/td>\r\n\t\t\t\t\t<td>\u25cb<\/td>\r\n\t\t\t\t<\/tr>\r\n\r\n\t\t\t\t<tr>\r\n\t\t\t\t\t<td>Construction du dispositif de serrage<\/td>\r\n\t\t\t\t\t<td>\u25cb<\/td>\r\n\t\t\t\t\t<td>\u25cb<\/td>\r\n\t\t\t\t<\/tr>\r\n\r\n\t\t\t\t<tr class=\"dark\">\r\n\t\t\t\t\t<td>SERVICES<\/td>\r\n\t\t\t\t\t<td><\/td>\r\n\t\t\t\t\t<td><\/td>\r\n\t\t\t\t<\/tr>\r\n\r\n\t\t\t\t<tr>\r\n\t\t\t\t\t<td>Simulation<\/td>\r\n\t\t\t\t\t<td>\u25cb<\/td>\r\n\t\t\t\t\t<td>\u25cb<\/td>\r\n\t\t\t\t<\/tr>\r\n\r\n\t\t\t\t<tr>\r\n\t\t\t\t\t<td>Calcul du temps unitaire<\/td>\r\n\t\t\t\t\t<td>\u25cb<\/td>\r\n\t\t\t\t\t<td>\u25cb<\/td>\r\n\t\t\t\t<\/tr>\r\n\r\n\t\t\t\t<tr>\r\n\t\t\t\t\t<td>Transport<\/td>\r\n\t\t\t\t\t<td>\u25cb<\/td>\r\n\t\t\t\t\t<td>\u25cb<\/td>\r\n\t\t\t\t<\/tr>\r\n\r\n\t\t\t\t<tr>\r\n\t\t\t\t\t<td>Remontage et mise en service<\/td>\r\n\t\t\t\t\t<td>\u25cb<\/td>\r\n\t\t\t\t\t<td>\u25cb<\/td>\r\n\t\t\t\t<\/tr>\r\n\r\n\t\t\t\t<tr>\r\n\t\t\t\t\t<td>Soutien \u00e0 la production<\/td>\r\n\t\t\t\t\t<td>\u25cb<\/td>\r\n\t\t\t\t\t<td>\u25cb<\/td>\r\n\t\t\t\t<\/tr>\r\n\r\n\t\t\t\t<tr class=\"dark\">\r\n\t\t\t\t\t<td>FORMATION \/ ENTRA\u00ceNEMENT<\/td>\r\n\t\t\t\t\t<td><\/td>\r\n\t\t\t\t\t<td><\/td>\r\n\t\t\t\t<\/tr>\r\n\r\n\t\t\t\t<tr>\r\n\t\t\t\t\t<td>M\u00e9canique \/ hydraulique<\/td>\r\n\t\t\t\t\t<td>\u25cb<\/td>\r\n\t\t\t\t\t<td>\u25cb<\/td>\r\n\t\t\t\t<\/tr>\r\n\r\n\t\t\t\t<tr>\r\n\t\t\t\t\t<td>\u00c9lectricit\u00e9 \/ \u00c9lectronique<\/td>\r\n\t\t\t\t\t<td>\u25cb<\/td>\r\n\t\t\t\t\t<td>\u25cb<\/td>\r\n\t\t\t\t<\/tr>\r\n\r\n\t\t\t\t<tr>\r\n\t\t\t\t\t<td>Utilisation \/ programmation<\/td>\r\n\t\t\t\t\t<td>\u25cb<\/td>\r\n\t\t\t\t\t<td>\u25cb<\/td>\r\n\t\t\t\t<\/tr>\r\n\r\n\t\t\t\t<tr>\r\n\t\t\t\t\t<td>Fabrication du dispositif de serrage<\/td>\r\n\t\t\t\t\t<td>\u25cb<\/td>\r\n\t\t\t\t\t<td>\u25cb<\/td>\r\n\t\t\t\t<\/tr>\r\n\t\t\t<\/tbody>\r\n\r\n\t\t\t<tfoot>\r\n\t\t\t\t<tr>\r\n\t\t\t\t\t<td colspan=\"3\"> \u2b24 = standard, \u25cb = option, X = pas possible<\/td>\r\n\t\t\t\t<\/tr>\r\n\t\t\t<\/tfoot>\r\n\t\t<\/table>\r\n\t<\/div>\r\n\r\n\r\n\r\n\t<div class=\"column col-6 col-sm-12\">\r\n\t\t<div>\r\n\t\t\t<a href=\"https:\/\/www.elha.de\/wp-content\/uploads\/spaenefoerderer-kuehlmittelreinigungsanlage.jpg\" class=\"lightbox elha-image-lightbox\">\r\n\t\t\t\t<img decoding=\"async\" src=\"https:\/\/www.elha.de\/wp-content\/uploads\/spaenefoerderer-kuehlmittelreinigungsanlage-460x307.jpg\" alt=\"Convoyeur \u00e0 copeaux avec syst\u00e8me de nettoyage du liquide de refroidissement\">\r\n\t\t\t<\/a>\r\n\t\t\t<p>Convoyeur \u00e0 copeaux avec syst\u00e8me de nettoyage du liquide de refroidissement<\/p>\r\n\t\t<\/div>\r\n\r\n\t\t<div>\r\n\t\t\t<a href=\"https:\/\/www.elha.de\/wp-content\/uploads\/absauganlage.jpg\" class=\"lightbox elha-image-lightbox\">\r\n\t\t\t\t<img decoding=\"async\" src=\"https:\/\/www.elha.de\/wp-content\/uploads\/absauganlage-460x307.jpg\" alt=\"Syst\u00e8me d&#039;aspiration\">\r\n\t\t\t<\/a>\r\n\t\t\t<p>Syst\u00e8me d'aspiration<\/p>\r\n\t\t<\/div>\r\n\r\n\t\t<div>\r\n\t\t\t<a href=\"https:\/\/www.elha.de\/wp-content\/uploads\/werkstuecklade-entladesystem.jpg\" class=\"lightbox elha-image-lightbox\">\r\n\t\t\t\t<img decoding=\"async\" src=\"https:\/\/www.elha.de\/wp-content\/uploads\/werkstuecklade-entladesystem-460x307.jpg\" alt=\"Syst\u00e8me de chargement\/d\u00e9chargement de pi\u00e8ces\">\r\n\t\t\t<\/a>\r\n\t\t\t<p>Syst\u00e8me de chargement\/d\u00e9chargement de pi\u00e8ces<\/p>\r\n\t\t<\/div>\r\n\r\n\t\t<div class=\"columns\">\r\n\t\t\t<div class=\"column col-6\">\r\n\t\t\t\t<a href=\"https:\/\/www.elha.de\/wp-content\/uploads\/beladehilfe-spannvorrichtung.jpg\" class=\"lightbox elha-image-lightbox\">\r\n\t\t\t\t\t<img decoding=\"async\" src=\"https:\/\/www.elha.de\/wp-content\/uploads\/beladehilfe-spannvorrichtung-279x460.jpg\" alt=\"Aide au chargement pour le dispositif de serrage\">\r\n\t\t\t\t<\/a>\r\n\t\t\t\t<p>Aide au changement pour le dispositif de serrage<\/p>\r\n\t\t\t<\/div>\r\n\r\n\t\t\t<div class=\"column col-6\">\r\n\t\t\t\t<a href=\"https:\/\/www.elha.de\/wp-content\/uploads\/messtaster.jpg\" class=\"lightbox elha-image-lightbox\">\r\n\t\t\t\t\t<img decoding=\"async\" src=\"https:\/\/www.elha.de\/wp-content\/uploads\/messtaster-279x460.jpg\" alt=\"Palpeur de mesure\">\r\n\t\t\t\t<\/a>\r\n\t\t\t\t<p>Palpeur de mesure <br>&nbsp;<\/p>\r\n\t\t\t<\/div>\r\n\t\t<\/div>\r\n\r\n\t\t<p class=\"mt-2 text-size4 mb-0\">Machine virtuelle<\/p>\r\n\t\t<p>Avec la machine virtuelle, ELHA propose un outil de simulation extr\u00eamement productif qui associe les caract\u00e9ristiques r\u00e9elles de la machine aux donn\u00e9es de processus provenant de l'environnement CAO\/FAO du client. Cela ouvre la voie \u00e0 des \u00e9tudes d'usinage et des simulations de processus tr\u00e8s pr\u00e9cises, y compris la v\u00e9rification des collisions en 3D. Le temps consacr\u00e9 aux tests de faisabilit\u00e9\/rentabilit\u00e9 et aux processus de r\u00e9glage peut ainsi \u00eatre r\u00e9duit au minimum.<\/p>\r\n\t\t<div>\r\n\t\t\t<a href=\"https:\/\/www.elha.de\/wp-content\/uploads\/virtuelle-maschine.jpg\" class=\"lightbox elha-image-lightbox\">\r\n\t\t\t\t<img decoding=\"async\" src=\"https:\/\/www.elha.de\/wp-content\/uploads\/virtuelle-maschine-460x307.jpg\" alt=\"Machine virtuelle\">\r\n\t\t\t<\/a>\r\n\t\t<\/div>\r\n\r\n\t\t<div class=\"columns mt-4\">\r\n\t\t\t<div class=\"column col-6\">\r\n\t\t\t\t<img decoding=\"async\" src=\"https:\/\/www.elha.de\/wp-content\/uploads\/steuerung-siemens-840d-sl-345x460.jpg\" alt=\"Commande SIEMENS 840D sl\">\r\n\t\t\t<\/div>\r\n\r\n\t\t\t<div class=\"column col-6\">\r\n\t\t\t\t<p class=\"text-size4 mb-0\">Commande SIEMENS 840D sl<\/p>\r\n\t\t\t\t<p>Le standard dans les environnements \u00e0 haute productivit\u00e9. \u00c9quip\u00e9 de tous les param\u00e8tres n\u00e9cessaires \u00e0 l'usinage.\r\n\t\t\t\t<\/p>\r\n\t\t\t<\/div>\r\n\t\t<\/div>\r\n\t<\/div>\r\n<\/div>\r\n\r\n\r\n\r\n<div>\r\n\t<a href=\"https:\/\/www.elha.de\/fr\/machines\/centres-de-transfert\/magasin-de-tourelles-en-ligne-de-broches\/\" class=\"btn\">&lt; page pr\u00e9c\u00e9dente<\/a>\r\n<\/div>","protected":false},"excerpt":{"rendered":"<p>\t\t\tChoisissez parmi une multitude de variantes possibles pour l'\u00e9quipement p\u00e9riph\u00e9rique et optimisez le FM SMART en fonction de vos besoins.<\/p>\n<p>\t\t\t\t\tSMART<br \/>\n\t\t\t\t\tS\u00e9rie 1<br \/>\n\t\t\t\t\tS\u00e9rie 2<\/p>\n<p>\t\t\t\t\tLUBRIFICATION PAR REFROIDISSEMENT<\/p>\n<p>\t\t\t\t\tSyst\u00e8me de refroidissement, base KSS<br \/>\n\t\t\t\t\t\u25cb<br \/>\n\t\t\t\t\t\u25cb<\/p>\n<p>\t\t\t\t\tSyst\u00e8me de refroidissement, base<\/p>","protected":false},"author":1,"featured_media":6565,"parent":109,"menu_order":4,"comment_status":"closed","ping_status":"closed","template":"","meta":{"footnotes":""},"class_list":["post-5912","page","type-page","status-publish","has-post-thumbnail","hentry"],"blocksy_meta":{"styles_descriptor":{"styles":{"desktop":"","tablet":"","mobile":""},"google_fonts":[],"version":6},"page_title_panel":"","has_hero_section":"default","399f7c2d4f5887c02c0aab50ee6ceb6c":"","hero_section":"type-1","hero_elements":[{"id":"custom_title","enabled":true,"heading_tag":"h1","title":"Page d'accueil"},{"id":"custom_description","enabled":true,"description_visibility":{"desktop":true,"tablet":true,"mobile":false}},{"id":"custom_meta","enabled":false,"meta_elements":[{"id":"author","enabled":true,"label":"Von","has_author_avatar":"yes","avatar_size":25},{"id":"post_date","enabled":true,"label":"Am","date_format_source":"default","date_format":"M j, Y"},{"id":"updated_date","enabled":false,"label":"Am","date_format_source":"default","date_format":"M j, Y"},{"id":"categories","enabled":false,"label":"In","style":"simple"},{"id":"comments","enabled":true}],"page_meta_elements":{"joined":true,"articles_count":true,"comments":true}},{"id":"breadcrumbs","enabled":false}],"5d74a055962fe4b0462c9789d071e529":"","hero_alignment1":"CT_CSS_SKIP_RULE","hero_margin":40,"hero_alignment2":"center","hero_vertical_alignment":"center","fcb3a9251082d4cfd43b5b146e9b16d6":"","hero_structure":"narrow","8a03b1f4fdf9742fe6a86026b9ca4e7e":"","page_title_bg_type":"featured_image","custom_hero_background":{"attachment_id":null},"parallax":{"desktop":false,"tablet":false,"mobile":false},"ea214f8593b158242124015ce5539554":"","hero_height":"250px","pageTitleFont":{"family":"Default","variation":"Default","size":{"desktop":"32px","tablet":"30px","mobile":"25px"},"line-height":"CT_CSS_SKIP_RULE","letter-spacing":"CT_CSS_SKIP_RULE","text-transform":"CT_CSS_SKIP_RULE","text-decoration":"CT_CSS_SKIP_RULE"},"pageTitleFontColor":{"default":{"color":"CT_CSS_SKIP_RULEDEFAULT"}},"pageMetaFont":{"family":"Default","variation":"n6","size":"12px","line-height":"1.3","letter-spacing":"CT_CSS_SKIP_RULE","text-transform":"uppercase","text-decoration":"CT_CSS_SKIP_RULE"},"pageMetaFontColor":{"default":{"color":"CT_CSS_SKIP_RULEDEFAULT"},"hover":{"color":"CT_CSS_SKIP_RULEDEFAULT"}},"page_meta_button_type_font_colors":{"default":{"color":"CT_CSS_SKIP_RULEDEFAULT"},"hover":{"color":"CT_CSS_SKIP_RULEDEFAULT"}},"page_meta_button_type_background_colors":{"default":{"color":"CT_CSS_SKIP_RULEDEFAULT"},"hover":{"color":"CT_CSS_SKIP_RULEDEFAULT"}},"pageExcerptFont":{"family":"Default","variation":"Default","size":"CT_CSS_SKIP_RULE","line-height":"CT_CSS_SKIP_RULE","letter-spacing":"CT_CSS_SKIP_RULE","text-transform":"CT_CSS_SKIP_RULE","text-decoration":"CT_CSS_SKIP_RULE"},"pageExcerptColor":{"default":{"color":"CT_CSS_SKIP_RULEDEFAULT"}},"breadcrumbsFont":{"family":"Default","variation":"Default","size":"CT_CSS_SKIP_RULE","line-height":"CT_CSS_SKIP_RULE","letter-spacing":"CT_CSS_SKIP_RULE","text-transform":"CT_CSS_SKIP_RULE","text-decoration":"CT_CSS_SKIP_RULE"},"breadcrumbsFontColor":{"default":{"color":"CT_CSS_SKIP_RULEDEFAULT"},"initial":{"color":"CT_CSS_SKIP_RULEDEFAULT"},"hover":{"color":"CT_CSS_SKIP_RULEDEFAULT"}},"pageTitleOverlay":{"default":{"color":"CT_CSS_SKIP_RULE"}},"pageTitleBackground":{"background_type":"color","background_pattern":"type-1","background_image":{"attachment_id":null,"x":0,"y":0},"gradient":"linear-gradient(135deg,rgba(6,147,227,1) 0%,rgb(155,81,224) 100%)","background_repeat":"no-repeat","background_size":"auto","background_attachment":"scroll","patternColor":{"default":{"color":"#e5e7ea"}},"overlayColor":{"default":{"color":"CT_CSS_SKIP_RULE"}},"backgroundColor":{"default":{"color":"var(--theme-palette-color-6)"}}},"pageTitlePadding":{"top":"50px","bottom":"50px","left":"auto","right":"auto","linked":true},"8dd7e4d56c57c76c838583adea37442e":"","page_structure_type":"default","7ff1007a2f0f0cd762fc5c3c5415235c":"","content_style_source":"inherit","content_style":"wide","vertical_spacing_source":"inherit","content_area_spacing":"both","background":{"background_type":"color","background_pattern":"type-1","background_image":{"attachment_id":null,"x":0,"y":0},"gradient":"linear-gradient(135deg,rgba(6,147,227,1) 0%,rgb(155,81,224) 100%)","background_repeat":"no-repeat","background_size":"auto","background_attachment":"scroll","patternColor":{"default":{"color":"#e5e7ea"}},"overlayColor":{"default":{"color":"CT_CSS_SKIP_RULE"}},"backgroundColor":{"default":{"color":"CT_CSS_SKIP_RULE"}}},"content_background":{"background_type":"color","background_pattern":"type-1","background_image":{"attachment_id":null,"x":0,"y":0},"gradient":"linear-gradient(135deg,rgba(6,147,227,1) 0%,rgb(155,81,224) 100%)","background_repeat":"no-repeat","background_size":"auto","background_attachment":"scroll","patternColor":{"default":{"color":"#e5e7ea"}},"overlayColor":{"default":{"color":"CT_CSS_SKIP_RULE"}},"backgroundColor":{"default":{"color":"var(--theme-palette-color-8)"}}},"content_boxed_shadow":{"inherit":false,"blur":18,"spread":-6,"v_offset":12,"h_offset":0,"inset":false,"enable":true,"color":{"color":"rgba(34, 56, 101, 0.04)"}},"boxed_content_spacing":{"desktop":{"top":"40px","bottom":"40px","left":"40px","right":"40px","linked":true},"tablet":{"top":"35px","bottom":"35px","left":"35px","right":"35px","linked":true},"mobile":{"top":"20px","bottom":"20px","left":"20px","right":"20px","linked":true}},"content_boxed_radius":{"top":"3px","bottom":"3px","left":"3px","right":"3px","linked":true},"93a6d22cb45285d6220da03931a3e8ac":"","disable_featured_image":"yes","disable_header":"no","disable_footer":"no"},"_links":{"self":[{"href":"https:\/\/www.elha.de\/fr\/wp-json\/wp\/v2\/pages\/5912","targetHints":{"allow":["GET"]}}],"collection":[{"href":"https:\/\/www.elha.de\/fr\/wp-json\/wp\/v2\/pages"}],"about":[{"href":"https:\/\/www.elha.de\/fr\/wp-json\/wp\/v2\/types\/page"}],"author":[{"embeddable":true,"href":"https:\/\/www.elha.de\/fr\/wp-json\/wp\/v2\/users\/1"}],"replies":[{"embeddable":true,"href":"https:\/\/www.elha.de\/fr\/wp-json\/wp\/v2\/comments?post=5912"}],"version-history":[{"count":0,"href":"https:\/\/www.elha.de\/fr\/wp-json\/wp\/v2\/pages\/5912\/revisions"}],"up":[{"embeddable":true,"href":"https:\/\/www.elha.de\/fr\/wp-json\/wp\/v2\/pages\/109"}],"wp:featuredmedia":[{"embeddable":true,"href":"https:\/\/www.elha.de\/fr\/wp-json\/wp\/v2\/media\/6565"}],"wp:attachment":[{"href":"https:\/\/www.elha.de\/fr\/wp-json\/wp\/v2\/media?parent=5912"}],"curies":[{"name":"wp","href":"https:\/\/api.w.org\/{rel}","templated":true}]}}