{"id":6042,"date":"2016-11-29T10:08:38","date_gmt":"2016-11-29T09:08:38","guid":{"rendered":"https:\/\/www.elha.de\/?page_id=6042"},"modified":"2025-05-22T16:27:01","modified_gmt":"2025-05-22T14:27:01","slug":"concept","status":"publish","type":"page","link":"https:\/\/www.elha.de\/fr\/maschinen\/fertigungsmodule\/konzept\/","title":{"rendered":"Concept"},"content":{"rendered":"<div class=\"columns mb-5\">\r\n\t<div class=\"column col-6 col-md-12\">\r\n\t\t<p>Depuis les premiers jours de l'usinage de produits industriels de masse, la technologie d'usinage a \u00e9t\u00e9 constamment d\u00e9velopp\u00e9e et am\u00e9lior\u00e9e. Les mat\u00e9riaux de construction modernes et l'optimisation constante des technologies d'outillage ont permis de r\u00e9duire de mani\u00e8re spectaculaire les temps principaux d'usinage.<\/p>\r\n\t\t<p>Les temps morts improductifs ont \u00e9galement \u00e9t\u00e9 r\u00e9duits de mani\u00e8re continue. Cependant, jusqu'\u00e0 pr\u00e9sent, cette \u00e9volution n'a pas suivi l'augmentation de la productivit\u00e9 des processus d'usinage, ce qui a des r\u00e9percussions n\u00e9gatives sur la productivit\u00e9 de l'ensemble du processus. En particulier pour les usinages avec de tr\u00e8s nombreux outils diff\u00e9rents ainsi que des temps de processus courts, comme le per\u00e7age et le filetage, la productivit\u00e9 souffre consid\u00e9rablement des temps morts improductifs, par exemple en raison des changements d'outils et\/ou de palettes.<\/p>\r\n\t\t<p>C'\u00e9tait l'une des raisons d\u00e9terminantes pour ELHA de remettre en question tous les concepts existants. Le r\u00e9sultat de ces efforts a \u00e9t\u00e9 le d\u00e9veloppement et le lancement extr\u00eamement r\u00e9ussi sur le march\u00e9 d'un concept d'usinage g\u00e9nial qui a r\u00e9volutionn\u00e9 durablement la fabrication par enl\u00e8vement de copeaux de pi\u00e8ces de masse !<\/p>\r\n\t<\/div>\r\n\r\n\t<div class=\"column col-6 col-md-12\">\r\n\t\t\r\n\r\n\t\t\r\n\t\t\t<div class=\"elha-youtube-lightbox\"><a href=\"https:\/\/www.youtube-nocookie.com\/embed\/afT21fis3AA\" class=\"lightbox\" rel=\"nofollow noopener\" target=\"_blank\"><img decoding=\"async\" src=\"https:\/\/www.elha.de\/wp-content\/uploads\/produktfilm-video.jpg\" alt=\"\"><\/a><span>Accepter la transmission des donn\u00e9es \u00e0 YouTube et lire la vid\u00e9o - <a href=\"https:\/\/www.elha.de\/fr\/declaration-de-protection-des-donnees\/\">D\u00e9claration de confidentialit\u00e9<\/a><\/span><\/div>\r\n\t\t\r\n\r\n\t\t<div class=\"elha-youtube-lightbox mt-3\"><a href=\"https:\/\/www.youtube-nocookie.com\/embed\/_J47VoM6LQE\" class=\"lightbox\" rel=\"nofollow noopener\" target=\"_blank\"><img decoding=\"async\" src=\"https:\/\/www.elha.de\/wp-content\/uploads\/arbeitsablauf-video.jpg\" alt=\"\"><\/a><span>Accepter la transmission des donn\u00e9es \u00e0 YouTube et lire la vid\u00e9o - <a href=\"https:\/\/www.elha.de\/fr\/declaration-de-protection-des-donnees\/\">D\u00e9claration de confidentialit\u00e9<\/a><\/span><\/div>\r\n\t<\/div>\r\n<\/div>\r\n\r\n\r\n\r\n<div class=\"columns\">\r\n\t<div class=\"column col-6\">\r\n\t\t<h2 class=\"bg-red-600 text-light text-center text-size3\">Traitement traditionnel<\/h2>\r\n\t\t<h3 class=\"mt-0 text-size4\">sur un centre d'usinage<\/h3>\r\n\r\n\t\t<ul>\r\n\t\t\t<li>La broche porte-outil change les outils en fonction du processus<\/li>\r\n\t\t\t<li>La broche porte-outil se d\u00e9place de\/vers la pi\u00e8ce \u00e0 usiner<\/li>\r\n\t\t<\/ul>\r\n\r\n\t\t<h3>Concept id\u00e9al pour :<\/h3>\r\n\t\t<ul>\r\n\t\t\t<li>Petites et moyennes quantit\u00e9s<\/li>\r\n\t\t\t<li>Grand nombre de pi\u00e8ces et de montages diff\u00e9rents<\/li>\r\n\t\t<\/ul>\r\n\r\n\t<\/div>\r\n\r\n\t<div class=\"column col-6\">\r\n\t\t<h2 class=\"bg-green-600 text-light text-center text-size3\">Changement de paradigme<\/h2>\r\n\t\t<h3 class=\"mt-0 text-size4\">avec un module de fabrication FM<\/h3>\r\n\t\t<ul>\r\n\t\t\t<li>Tous les outils n\u00e9cessaires sont plac\u00e9s \u00e0 une position d\u00e9finie dans l'espace de travail<\/li>\r\n\t\t\t<li>Chaque outil dispose d'un syst\u00e8me de serrage et d'entra\u00eenement optimis\u00e9 dans les t\u00eates multibroches ou les tourelles correspondantes.<\/li>\r\n\t\t\t<li>La table de travail avec le dispositif et la ou les pi\u00e8ces \u00e0 usiner se d\u00e9place d'un outil \u00e0 l'autre, d'o\u00f9 des temps de copeaux \u00e0 copeaux tr\u00e8s courts.<\/li>\r\n\t\t\t<li>Pas de changement d'outil pendant le processus ; pas d'impr\u00e9cisions dues au changement d'outil<\/li>\r\n\t\t\t<li>Serrage simple\/multiple ou usinage monobroche\/multibroche possible (en fonction de l'application)<\/li>\r\n\t\t<\/ul>\r\n\r\n\t\t<h3>Concept id\u00e9al pour :<\/h3>\r\n\t\t<ul>\r\n\t\t\t<li>Production de masse \u00e0 partir d'environ 100.000 des m\u00eames\/similaires pi\u00e8ces par an<\/li>\r\n\t\t\t<li>Pi\u00e8ces de petite et moyenne taille<\/li>\r\n\t\t\t<li>Nombre limit\u00e9 de types de pi\u00e8ces diff\u00e9rents<\/li>\r\n\t\t\t<li>Nombre mod\u00e9r\u00e9 d'outils et de positions de serrage diff\u00e9rents<\/li>\r\n\t\t\t<li>Optimal pour les m\u00e9taux l\u00e9gers, les aciers (pr\u00e9cieux) et les alliages de fonte et de forgeage<\/li>\r\n\t\t<\/ul>\r\n\t<\/div>\r\n<\/div>\r\n\r\n\r\n\r\n<div class=\"p-relative clearfix\">\r\n\t<a href=\"https:\/\/www.elha.de\/fr\/machines\/modules-de-finition\/structure-de-la-machine\/\" class=\"btn float-right\">page suivante &gt;<\/a>\r\n<\/div>","protected":false},"excerpt":{"rendered":"<p>\t\tDepuis les premiers jours de l'usinage de produits industriels de masse, la technologie d'usinage a \u00e9t\u00e9 constamment d\u00e9velopp\u00e9e et am\u00e9lior\u00e9e. Les mat\u00e9riaux modernes utilis\u00e9s pour la fabrication des pi\u00e8ces et l'optimisation constante des technologies d'outillage ont conduit \u00e0 l'\u00e9mergence de nouveaux produits.<\/p>","protected":false},"author":1,"featured_media":6046,"parent":105,"menu_order":1,"comment_status":"closed","ping_status":"closed","template":"","meta":{"footnotes":""},"class_list":["post-6042","page","type-page","status-publish","has-post-thumbnail","hentry"],"blocksy_meta":{"styles_descriptor":{"styles":{"desktop":"","tablet":"","mobile":""},"google_fonts":[],"version":6}},"_links":{"self":[{"href":"https:\/\/www.elha.de\/fr\/wp-json\/wp\/v2\/pages\/6042","targetHints":{"allow":["GET"]}}],"collection":[{"href":"https:\/\/www.elha.de\/fr\/wp-json\/wp\/v2\/pages"}],"about":[{"href":"https:\/\/www.elha.de\/fr\/wp-json\/wp\/v2\/types\/page"}],"author":[{"embeddable":true,"href":"https:\/\/www.elha.de\/fr\/wp-json\/wp\/v2\/users\/1"}],"replies":[{"embeddable":true,"href":"https:\/\/www.elha.de\/fr\/wp-json\/wp\/v2\/comments?post=6042"}],"version-history":[{"count":0,"href":"https:\/\/www.elha.de\/fr\/wp-json\/wp\/v2\/pages\/6042\/revisions"}],"up":[{"embeddable":true,"href":"https:\/\/www.elha.de\/fr\/wp-json\/wp\/v2\/pages\/105"}],"wp:featuredmedia":[{"embeddable":true,"href":"https:\/\/www.elha.de\/fr\/wp-json\/wp\/v2\/media\/6046"}],"wp:attachment":[{"href":"https:\/\/www.elha.de\/fr\/wp-json\/wp\/v2\/media?parent=6042"}],"curies":[{"name":"wp","href":"https:\/\/api.w.org\/{rel}","templated":true}]}}