{"id":6150,"date":"2016-11-29T13:07:17","date_gmt":"2016-11-29T12:07:17","guid":{"rendered":"https:\/\/www.elha.de\/?page_id=6150"},"modified":"2025-05-22T16:35:00","modified_gmt":"2025-05-22T14:35:00","slug":"types-de-machines-de-base-specifications","status":"publish","type":"page","link":"https:\/\/www.elha.de\/fr\/maschinen\/fertigungsmodule\/basismaschinentypen-spezifikationen\/","title":{"rendered":"Types de machines de base &amp; sp\u00e9cifications"},"content":{"rendered":"<div class=\"columns\">\t\r\n\t<div class=\"column col-4\">\t\r\n\t\t<div>\r\n\t\t\t<div class=\"mb-1 text-size3\">FM 3+X<\/div>\r\n\t\t\t<div class=\"bg-dark text-light px-2 py-1 mb-4\">notre best-seller<\/div>\r\n\t\t\t<img decoding=\"async\" src=\"https:\/\/www.elha.de\/wp-content\/uploads\/fm3x-fertigungsmodul.png\" alt=\"Icon - Module de fabrication FM 3+X\">\r\n\t\t<\/div>\r\n\t\t<p>Le FM 3+X est le mod\u00e8le le plus vendu et le premier choix pour les pi\u00e8ces de petite et moyenne taille en m\u00e9taux l\u00e9gers et en acier.<\/p>\r\n\t<\/div>\t\r\n\r\n\t<div class=\"column col-4\">\t\r\n\t\t<div>\r\n\t\t\t<div class=\"mb-1 text-size3\">FM 3+X hd<\/div>\r\n\t\t\t<div class=\"bg-dark text-light px-2 py-1 mb-4\">pour l'usinage lourd<\/div>\r\n\t\t\t<img decoding=\"async\" src=\"https:\/\/www.elha.de\/wp-content\/uploads\/fm3x-hd-fertigungsmodul.png\" alt=\"Icon - Module de fabrication FM 3+X hd\">\r\n\t\t<\/div>\r\n\t\t<p>Gr\u00e2ce \u00e0 son double entra\u00eenement des axes et \u00e0 son b\u00e9lier hydrostatique, le FM 3+X hd est la meilleure solution pour les processus d'usinage lourds dans l'acier, la forge, la fonte ou d'autres mat\u00e9riaux difficiles.<\/p>\r\n\t<\/div>\t\r\n\r\n\t<div class=\"column col-4\">\t\r\n\t\t<div>\r\n\t\t\t<div class=\"mb-1 text-size3\">FM 4+X hd<\/div>\r\n\t\t\t<div class=\"bg-dark text-light px-2 py-1 mb-4\">pour les grandes pi\u00e8ces<\/div>\r\n\t\t\t<img decoding=\"async\" src=\"https:\/\/www.elha.de\/wp-content\/uploads\/fm4x-fertigungsmodul.png\" alt=\"Icon - Module de fabrication FM 4+X hd\">\r\n\t\t<\/div>\r\n\t\t<p>La structure g\u00e9n\u00e9reuse et extr\u00eamement stable de la FM 4+X hd garantit les meilleures performances pour les pi\u00e8ces de taille moyenne et grande, m\u00eame dans les mat\u00e9riaux difficiles \u00e0 usiner.<\/p>\r\n\t<\/div>\t\r\n<\/div>\t\r\n\r\n<h2>Une qualit\u00e9 qui convainc<\/h2>\r\n<p>Plus de 350 unit\u00e9s vendues sont la preuve impressionnante de la satisfaction maximale des clients, de la fiabilit\u00e9 et des performances exceptionnelles dans la production automobile en grande s\u00e9rie.<\/p>\r\n\r\n\r\n\r\n<h2>Sp\u00e9cifications<\/h2>\r\n<p>\r\nRecommandation ou s\u00e9lection du type par ELHA sur la base des exigences sp\u00e9cifiques du client<br>\r\n\u00c9quipement &amp; P\u00e9riph\u00e9riques voir <a href=\"https:\/\/www.elha.de\/fr\/machines\/centres-de-transfert\/equipement-peripherique\/\">FM SMART<\/a>\r\n<\/p>\r\n\r\n<table>\r\n\t<thead>\r\n\t\t<tr>\r\n\t\t\t<th colspan=\"2\" class=\"blank\"><\/th>\r\n\t\t\t<th>FM 3+X<\/th>\r\n\t\t\t<th>FM 3+X hd<\/th>\r\n\t\t\t<th>FM 4+X hd<\/th>\r\n\t\t<\/tr>\r\n\t<\/thead>\r\n\r\n\t<tbody>\r\n\t\t<tr class=\"dark text-bold\">\r\n\t\t\t<td colspan=\"5\">VOIE DE PROC\u00c9DURE<\/td>\r\n\t\t<\/tr>\r\n\r\n\t\t<tr>\r\n\t\t\t<td>Axe X (transversal)<\/td>\r\n\t\t\t<td>mm<\/td>\r\n\t\t\t<td>400<\/td>\r\n\t\t\t<td>500<\/td>\r\n\t\t\t<td>800<\/td>\r\n\t\t<\/tr>\r\n\r\n\t\t<tr>\r\n\t\t\t<td>Axe Y (longitudinal)<\/td>\r\n\t\t\t<td>mm<\/td>\r\n\t\t\t<td>500<\/td>\r\n\t\t\t<td>400<\/td>\r\n\t\t\t<td>800<\/td>\r\n\t\t<\/tr>\r\n\r\n                <tr>\r\n\t\t\t<td>Axe Z (vertical)<\/td>\r\n\t\t\t<td>mm<\/td>\r\n\t\t\t<td>1000<\/td>\r\n\t\t\t<td>1200<\/td>\r\n\t\t\t<td>1400<\/td>\r\n\t\t<\/tr>\r\n\t\t<tr class=\"dark text-bold\">\r\n\t\t\t<td colspan=\"5\">AVANT-PROJET<\/td>\r\n\t\t<\/tr>\r\n\r\n\t\t<tr>\r\n\t\t\t<td>Vitesse<\/td>\r\n\t\t\t<td>m\/min<\/td>\r\n\t\t\t<td>40<\/td>\r\n\t\t\t<td>60<\/td>\r\n\t\t\t<td>48<\/td>\r\n\t\t<\/tr>\r\n\r\n\t\t<tr>\r\n\t\t\t<td>Acc\u00e9l\u00e9ration (max.)<\/td>\r\n\t\t\t<td>m\/s\u00b2<\/td>\r\n\t\t\t<td>6<\/td>\r\n\t\t\t<td>6<\/td>\r\n\t\t\t<td>6<\/td>\r\n\t\t<\/tr>\r\n\r\n\t\t<tr>\r\n\t\t\t<td>Force d'avance X \/ Y \/ Z (max.)<\/td>\r\n\t\t\t<td>kN<\/td>\r\n\t\t\t<td>15<\/td>\r\n\t\t\t<td>20<\/td>\r\n\t\t\t<td>40 \/ 20 \/ 20<\/td>\r\n\t\t<\/tr>\r\n\r\n\t\t<tr class=\"dark text-bold\">\r\n\t\t\t<td colspan=\"5\">TABLE RONDE<\/td>\r\n\t\t<\/tr>\r\n\r\n\t\t<tr>\r\n\t\t\t<td>Diam\u00e8tre<\/td>\r\n\t\t\t<td>mm<\/td>\r\n\t\t\t<td>300<\/td>\r\n\t\t\t<td>300<\/td>\r\n\t\t\t<td>400<\/td>\r\n\t\t<\/tr>\r\n\r\n\t\t<tr>\r\n\t\t\t<td>Vitesse de rotation<\/td>\r\n\t\t\t<td>min<sup>-1<\/sup><\/td>\r\n\t\t\t<td>60<\/td>\r\n\t\t\t<td>80<\/td>\r\n\t\t\t<td>80<\/td>\r\n\t\t<\/tr>\r\n\r\n\t\t<tr>\r\n\t\t\t<td>Couple de serrage<\/td>\r\n\t\t\t<td>Nm<\/td>\r\n\t\t\t<td>1500<\/td>\r\n\t\t\t<td>2100<\/td>\r\n\t\t\t<td>4000<\/td>\r\n\t\t<\/tr>\r\n\r\n\t\t<tr>\r\n\t\t\t<td>Pr\u00e9cision de positionnement<\/td>\r\n\t\t\t<td>arcsec<\/td>\r\n\t\t\t<td>\u00b15<\/td>\r\n\t\t\t<td>\u00b15<\/td>\r\n\t\t\t<td>\u00b15<\/td>\r\n\t\t<\/tr>\r\n\r\n\t\t<tr>\r\n\t\t\t<td>Division<\/td>\r\n\t\t\t<td>Degr\u00e9<\/td>\r\n\t\t\t<td>0,001<\/td>\r\n\t\t\t<td>0,001<\/td>\r\n\t\t\t<td>0,001<\/td>\r\n\t\t<\/tr>\r\n\r\n\t\t<tr class=\"dark text-bold\">\r\n\t\t\t<td colspan=\"5\">BROCHE<\/td>\r\n\t\t<\/tr>\r\n\r\n\t\t<tr>\r\n\t\t\t<td>Nombre max. Puissance d'entra\u00eenement (S1-100%)<\/td>\r\n\t\t\t<td>kW<\/td>\r\n\t\t\t<td>20<\/td>\r\n\t\t\t<td>37<\/td>\r\n\t\t\t<td>50<\/td>\r\n\t\t<\/tr>\r\n\r\n\t\t<tr>\r\n\t\t\t<td>Vitesse max. Vitesse de rotation<\/td>\r\n\t\t\t<td>min<sup>-1<\/sup><\/td>\r\n\t\t\t<td>20000<\/td>\r\n\t\t\t<td>20000<\/td>\r\n\t\t\t<td>20000<\/td>\r\n\t\t<\/tr>\r\n\r\n\t\t<tr>\r\n\t\t\t<td>Vitesse max. Couple de rotation<\/td>\r\n\t\t\t<td>Nm<\/td>\r\n\t\t\t<td>200<\/td>\r\n\t\t\t<td>200<\/td>\r\n\t\t\t<td>800<\/td>\r\n\t\t<\/tr>\r\n\r\n\t\t<tr class=\"dark text-bold\">\r\n\t\t\t<td colspan=\"5\">VALEURS DE RACCORDEMENT<\/td>\r\n\t\t<\/tr>\r\n\r\n\t\t<tr>\r\n\t\t\t<td>Puissance requise (3 AC 400V \/ 50Hz)<\/td>\r\n\t\t\t<td>kVA<\/td>\r\n\t\t\t<td>60<\/td>\r\n\t\t\t<td>60<\/td>\r\n\t\t\t<td>80<\/td>\r\n\t\t<\/tr>\r\n\r\n\t\t<tr>\r\n\t\t\t<td>Air comprim\u00e9<\/td>\r\n\t\t\t<td>bar<\/td>\r\n\t\t\t<td>5<\/td>\r\n\t\t\t<td>5<\/td>\r\n\t\t\t<td>5<\/td>\r\n\t\t<\/tr>\r\n\r\n\t\t<tr class=\"dark text-bold\">\r\n\t\t\t<td colspan=\"5\">DIMENSIONS<\/td>\r\n\t\t<\/tr>\r\n\r\n\t\t<tr>\r\n\t\t\t<td>Largeur<\/td>\r\n\t\t\t<td>mm<\/td>\r\n\t\t\t<td>3050<\/td>\r\n\t\t\t<td>3000<\/td>\r\n\t\t\t<td>3500<\/td>\r\n\t\t<\/tr>\r\n\r\n\t\t<tr>\r\n\t\t\t<td>Profondeur<\/td>\r\n\t\t\t<td>mm<\/td>\r\n\t\t\t<td>3500<\/td>\r\n\t\t\t<td>3570<\/td>\r\n\t\t\t<td>4525<\/td>\r\n\t\t<\/tr>\r\n\r\n\t\t<tr>\r\n\t\t\t<td>Hauteur<\/td>\r\n\t\t\t<td>mm<\/td>\r\n\t\t\t<td>3950<\/td>\r\n\t\t\t<td>3500<\/td>\r\n\t\t\t<td>3950<\/td>\r\n\t\t<\/tr>\r\n\r\n\t\t<tr>\r\n\t\t\t<td>Hauteur de transport<\/td>\r\n\t\t\t<td>mm<\/td>\r\n\t\t\t<td>3200<\/td>\r\n\t\t\t<td>3150<\/td>\r\n\t\t\t<td>3400<\/td>\r\n\t\t<\/tr>\r\n\r\n\t\t<tr>\r\n\t\t\t<td>Hauteur de chargement de la pi\u00e8ce<\/td>\r\n\t\t\t<td>mm<\/td>\r\n\t\t\t<td>1100<\/td>\r\n\t\t\t<td>1100<\/td>\r\n\t\t\t<td>1100<\/td>\r\n\t\t<\/tr>\r\n\r\n\t\t<tr>\r\n\t\t\t<td>Poids, y compris les p\u00e9riph\u00e9riques<\/td>\r\n\t\t\t<td>env. t<\/td>\r\n\t\t\t<td>14,5<\/td>\r\n\t\t\t<td>18,5<\/td>\r\n\t\t\t<td>30<\/td>\r\n\t\t<\/tr>\r\n\t<\/tbody>\r\n<\/table>\r\n\r\n\r\n\r\n<div class=\"clearfix mt-5\">\r\n\t<a href=\"https:\/\/www.elha.de\/fr\/machines\/modules-de-finition\/structure-de-la-machine\/\" class=\"btn float-left\">&lt; page pr\u00e9c\u00e9dente<\/a>\r\n\t<a href=\"https:\/\/www.elha.de\/fr\/machines\/modules-de-finition\/automatisation-exemples-de-systemes\/\" class=\"btn float-right\">page suivante &gt;<\/a>\r\n<\/div>\n\n\n\n<p><\/p>","protected":false},"excerpt":{"rendered":"<p>\t\t\tFM 3+X<br \/>\n\t\t\tnotre best-seller<\/p>\n<p>\t\tLe FM 3+X est le mod\u00e8le le plus vendu et le premier choix pour les pi\u00e8ces de petite et moyenne taille en m\u00e9taux l\u00e9gers et en acier.<\/p>\n<p>\t\t\tFM 3+X hd<br \/>\n\t\t\tpour l'usinage lourd<\/p>\n<p>\t\tGr\u00e2ce \u00e0<\/p>","protected":false},"author":1,"featured_media":7338,"parent":105,"menu_order":4,"comment_status":"closed","ping_status":"closed","template":"","meta":{"footnotes":""},"class_list":["post-6150","page","type-page","status-publish","has-post-thumbnail","hentry"],"blocksy_meta":{"styles_descriptor":{"styles":{"desktop":"","tablet":"","mobile":""},"google_fonts":[],"version":6},"page_title_panel":"","has_hero_section":"default","9cd13388541ec2000e5452ad9065075c":"","hero_section":"type-1","hero_elements":[{"id":"custom_title","enabled":true,"heading_tag":"h1","title":"Page d'accueil"},{"id":"custom_description","enabled":true,"description_visibility":{"desktop":true,"tablet":true,"mobile":false}},{"id":"custom_meta","enabled":false,"meta_elements":[{"id":"author","enabled":true,"label":"Von","has_author_avatar":"yes","avatar_size":25},{"id":"post_date","enabled":true,"label":"Am","date_format_source":"default","date_format":"M j, Y"},{"id":"comments","enabled":true}],"page_meta_elements":{"joined":true,"articles_count":true,"comments":true}},{"id":"breadcrumbs","enabled":false}],"1e9f05ac6f26aeac02465a400f3abc65":"","hero_alignment1":"CT_CSS_SKIP_RULE","hero_margin":40,"hero_alignment2":"center","hero_vertical_alignment":"center","7a14f936fb99c1f88f48e42b4c06d2e3":"","hero_structure":"narrow","dc4a3675445c6c26eb5fd1f4acf263ff":"","page_title_bg_type":"featured_image","custom_hero_background":{"attachment_id":null},"parallax":{"desktop":false,"tablet":false,"mobile":false},"f66fee6178511b4e16b669cd4a2caedb":"","hero_height":"250px","pageTitleFont":{"family":"Default","variation":"Default","size":{"desktop":"32px","tablet":"30px","mobile":"25px"},"line-height":"CT_CSS_SKIP_RULE","letter-spacing":"CT_CSS_SKIP_RULE","text-transform":"CT_CSS_SKIP_RULE","text-decoration":"CT_CSS_SKIP_RULE"},"pageTitleFontColor":{"default":{"color":"CT_CSS_SKIP_RULEDEFAULT"}},"35a39a21e9b7138b2a22f16c1ed3e9b6":"","pageMetaFont":{"family":"Default","variation":"n6","size":"12px","line-height":"1.3","letter-spacing":"CT_CSS_SKIP_RULE","text-transform":"uppercase","text-decoration":"CT_CSS_SKIP_RULE"},"pageMetaFontColor":{"default":{"color":"CT_CSS_SKIP_RULEDEFAULT"},"hover":{"color":"CT_CSS_SKIP_RULEDEFAULT"}},"page_meta_button_type_font_colors":{"default":{"color":"CT_CSS_SKIP_RULEDEFAULT"},"hover":{"color":"CT_CSS_SKIP_RULEDEFAULT"}},"page_meta_button_type_background_colors":{"default":{"color":"CT_CSS_SKIP_RULEDEFAULT"},"hover":{"color":"CT_CSS_SKIP_RULEDEFAULT"}},"bc506afda32039c93468e7a758f4c210":"","pageExcerptFont":{"family":"Default","variation":"Default","size":"CT_CSS_SKIP_RULE","line-height":"CT_CSS_SKIP_RULE","letter-spacing":"CT_CSS_SKIP_RULE","text-transform":"CT_CSS_SKIP_RULE","text-decoration":"CT_CSS_SKIP_RULE"},"pageExcerptColor":{"default":{"color":"CT_CSS_SKIP_RULEDEFAULT"}},"49a960e4861d4176841ec80f2cc04fa2":"","breadcrumbsFont":{"family":"Default","variation":"n6","size":"12px","line-height":"CT_CSS_SKIP_RULE","letter-spacing":"CT_CSS_SKIP_RULE","text-transform":"uppercase","text-decoration":"CT_CSS_SKIP_RULE"},"breadcrumbsFontColor":{"default":{"color":"CT_CSS_SKIP_RULEDEFAULT"},"initial":{"color":"CT_CSS_SKIP_RULEDEFAULT"},"hover":{"color":"CT_CSS_SKIP_RULEDEFAULT"}},"ca85ebcb4114c9ff5f9f20aafbf93dab":"","pageTitleOverlay":{"default":{"color":"CT_CSS_SKIP_RULE"}},"a642f3ba47651642a332620e7db873bf":"","pageTitleBackground":{"background_type":"color","background_pattern":"type-1","background_image":{"attachment_id":null,"x":0,"y":0},"gradient":"linear-gradient(135deg,rgba(6,147,227,1) 0%,rgb(155,81,224) 100%)","background_repeat":"no-repeat","background_size":"auto","background_attachment":"scroll","patternColor":{"default":{"color":"#e5e7ea"}},"overlayColor":{"default":{"color":"CT_CSS_SKIP_RULE"}},"backgroundColor":{"default":{"color":"var(--theme-palette-color-6)"}}},"6f26a206002c4c1c20daabf985009923":"","pageTitlePadding":{"top":"50px","bottom":"50px","left":"auto","right":"auto","linked":true},"d3501786af84ab35daca6b248ad77603":"","page_structure_type":"default","b0573d7afd9e5a1a2a07c77cb242e81a":"","content_style_source":"inherit","content_style":"wide","vertical_spacing_source":"inherit","content_area_spacing":"both","background":{"background_type":"color","background_pattern":"type-1","background_image":{"attachment_id":null,"x":0,"y":0},"gradient":"linear-gradient(135deg,rgba(6,147,227,1) 0%,rgb(155,81,224) 100%)","background_repeat":"no-repeat","background_size":"auto","background_attachment":"scroll","patternColor":{"default":{"color":"#e5e7ea"}},"overlayColor":{"default":{"color":"CT_CSS_SKIP_RULE"}},"backgroundColor":{"default":{"color":"CT_CSS_SKIP_RULE"}}},"content_background":{"background_type":"color","background_pattern":"type-1","background_image":{"attachment_id":null,"x":0,"y":0},"gradient":"linear-gradient(135deg,rgba(6,147,227,1) 0%,rgb(155,81,224) 100%)","background_repeat":"no-repeat","background_size":"auto","background_attachment":"scroll","patternColor":{"default":{"color":"#e5e7ea"}},"overlayColor":{"default":{"color":"CT_CSS_SKIP_RULE"}},"backgroundColor":{"default":{"color":"var(--theme-palette-color-8)"}}},"content_boxed_shadow":{"inherit":false,"blur":18,"spread":-6,"v_offset":12,"h_offset":0,"inset":false,"enable":true,"color":{"color":"rgba(34, 56, 101, 0.04)"}},"boxed_content_spacing":{"desktop":{"top":"40px","bottom":"40px","left":"40px","right":"40px","linked":true},"tablet":{"top":"35px","bottom":"35px","left":"35px","right":"35px","linked":true},"mobile":{"top":"20px","bottom":"20px","left":"20px","right":"20px","linked":true}},"content_boxed_radius":{"top":"3px","bottom":"3px","left":"3px","right":"3px","linked":true},"e81f4fdbb2422cd2b6e88e04a4fb4bb3":"","disable_featured_image":"no","disable_header":"no","disable_footer":"no","461d9c007109531344c48ea759e85939":"","9e7e0e93e0de83232db2c967f1877102":"","d156217c0ab04c3188a9a5e13d5cf979":"","635c706b245c88766a9376df217f3ee3":"","4a1b74c6ee83bf42d59f6d31fb0e1894":"","f56234430a6b1b0a8000c2018210a50c":"","2145e3150f6caf10c76eb09ba30492c3":"","27f9832e7d8dde49d233e67e5833f917":"","8fe553e542511057c9cc00982b1c3757":"","3be63711f4317b3f9700f27b4da8a098":"","c8bce5e08b0c3aa4ca0bd983032f8283":"","a737fa5ed83e1966e308b4e0b2538e79":"","2f9b71ce33e5b0f06475ac84f5512fdf":"","8fe21139adc361dfa1415642e6af23a4":""},"_links":{"self":[{"href":"https:\/\/www.elha.de\/fr\/wp-json\/wp\/v2\/pages\/6150","targetHints":{"allow":["GET"]}}],"collection":[{"href":"https:\/\/www.elha.de\/fr\/wp-json\/wp\/v2\/pages"}],"about":[{"href":"https:\/\/www.elha.de\/fr\/wp-json\/wp\/v2\/types\/page"}],"author":[{"embeddable":true,"href":"https:\/\/www.elha.de\/fr\/wp-json\/wp\/v2\/users\/1"}],"replies":[{"embeddable":true,"href":"https:\/\/www.elha.de\/fr\/wp-json\/wp\/v2\/comments?post=6150"}],"version-history":[{"count":0,"href":"https:\/\/www.elha.de\/fr\/wp-json\/wp\/v2\/pages\/6150\/revisions"}],"up":[{"embeddable":true,"href":"https:\/\/www.elha.de\/fr\/wp-json\/wp\/v2\/pages\/105"}],"wp:featuredmedia":[{"embeddable":true,"href":"https:\/\/www.elha.de\/fr\/wp-json\/wp\/v2\/media\/7338"}],"wp:attachment":[{"href":"https:\/\/www.elha.de\/fr\/wp-json\/wp\/v2\/media?parent=6150"}],"curies":[{"name":"wp","href":"https:\/\/api.w.org\/{rel}","templated":true}]}}