{"id":6321,"date":"2016-11-30T08:53:53","date_gmt":"2016-11-30T07:53:53","guid":{"rendered":"https:\/\/www.elha.de\/?page_id=6321"},"modified":"2025-05-22T16:36:29","modified_gmt":"2025-05-22T14:36:29","slug":"automatisation-exemples-de-systemes","status":"publish","type":"page","link":"https:\/\/www.elha.de\/fr\/maschinen\/fertigungsmodule\/automatisierung-systembeispiele\/","title":{"rendered":"Automatisation &amp; exemples de syst\u00e8mes"},"content":{"rendered":"<p>Une automatisation cons\u00e9quente et des temps de changement d'\u00e9quipement courts permettent une production comp\u00e9titive m\u00eame dans les pays \u00e0 hauts salaires. Les machines ELHA FM ont \u00e9t\u00e9 d\u00e9velopp\u00e9es dans cette logique pour \u00eatre utilis\u00e9es dans des lignes autonomes ou encha\u00een\u00e9es partiellement ou enti\u00e8rement automatis\u00e9es, ce qui permet de les int\u00e9grer efficacement dans les environnements de production correspondants.<\/p>\r\n\r\n<h2>Syst\u00e9matique<\/h2>\r\n<p>Le robot \u00e0 deux axes charge les palettes de pi\u00e8ces directement dans l'espace de travail. Ensuite, les pi\u00e8ces sont saisies par le dispositif de serrage selon le proc\u00e9d\u00e9 pick-up. Ce proc\u00e9d\u00e9 permet une certaine flexibilit\u00e9 dans l'orientation du convoyeur de stockage des palettes. Un robot standard \u00e0 5 axes avec diff\u00e9rentes variantes de pr\u00e9hension offre la plus grande flexibilit\u00e9 possible en mati\u00e8re d'automatisation. Le robot est plac\u00e9 devant l'espace de travail et charge les pi\u00e8ces directement dans le dispositif de serrage. De plus, des op\u00e9rations secondaires telles que l'\u00e9bavurage ou le marquage peuvent \u00eatre effectu\u00e9es en temps masqu\u00e9. Un shuttle lin\u00e9aire est une solution techniquement simple pour la mise \u00e0 disposition des pi\u00e8ces dans l'espace de travail. Les pi\u00e8ces peuvent ainsi \u00eatre transport\u00e9es avec un seul axe m\u00e9canique \u00e0 partir d'un convoyeur de stockage de palettes ou \u00e9galement apr\u00e8s un chargement manuel.<\/p>\r\n\r\n<h2>Un module aux multiples possibilit\u00e9s<\/h2>\r\n<p>Les solutions compl\u00e8tes automatis\u00e9es effectuent de nombreuses op\u00e9rations diff\u00e9rentes et remplacent souvent une s\u00e9rie de machines standard. Les installations compl\u00e8tes se composent de plusieurs machines ou parties d'installation encha\u00een\u00e9es. Des machines sp\u00e9ciales \u00e0 commande num\u00e9rique sont int\u00e9gr\u00e9es, tout comme des agr\u00e9gats tiers, par exemple pour le brochage, la trempe, le montage, l'usinage dur. Des t\u00e2ches p\u00e9riph\u00e9riques telles que la manutention, l'\u00e9bavurage, le nettoyage et le lavage sont \u00e9galement effectu\u00e9es.<\/p>\r\n\r\n\r\n\r\n<div class=\"columns\">\r\n\t<div class=\"column col-6\">\r\n\t\t<a href=\"https:\/\/www.elha.de\/wp-content\/uploads\/einzelmodul-manuelle-beschickung.jpg\" class=\"lightbox elha-image-lightbox\">\r\n\t\t\t<img decoding=\"async\" src=\"https:\/\/www.elha.de\/wp-content\/uploads\/einzelmodul-manuelle-beschickung-460x307.jpg\" alt=\"Module individuel pour le chargement manuel\" >\r\n\t\t<\/a>\r\n\t\t<p>Module individuel pour le chargement manuel<\/p>\r\n\t<\/div>\r\n\r\n\t<div class=\"column col-6\">\r\n\t\t<a href=\"https:\/\/www.elha.de\/wp-content\/uploads\/einzelmodul-staufoerderband.jpg\" class=\"lightbox elha-image-lightbox\">\r\n\t\t\t<img decoding=\"async\" src=\"https:\/\/www.elha.de\/wp-content\/uploads\/einzelmodul-staufoerderband-460x307.jpg\" alt=\"Module individuel avec convoyeur d&#039;accumulation\" >\r\n\t\t<\/a>\r\n\t\t<p>Module individuel avec convoyeur d'accumulation<\/p>\r\n\t<\/div>\r\n\r\n\t<div class=\"column col-6\">\r\n\t\t<a href=\"https:\/\/www.elha.de\/wp-content\/uploads\/doppelmodul-gemeinsame-verkettung.jpg\" class=\"lightbox elha-image-lightbox\">\r\n\t\t\t<img decoding=\"async\" src=\"https:\/\/www.elha.de\/wp-content\/uploads\/doppelmodul-gemeinsame-verkettung-460x307.jpg\" alt=\"Module double avec cha\u00eenage commun\" >\r\n\t\t<\/a>\r\n\t\t<p>Module double avec cha\u00eenage commun<\/p>\r\n\t<\/div>\r\n\r\n\t<div class=\"column col-6\">\r\n\t\t<a href=\"https:\/\/www.elha.de\/wp-content\/uploads\/automatisierte-fertigungslinie.jpg\" class=\"lightbox elha-image-lightbox\">\r\n\t\t\t<img decoding=\"async\" src=\"https:\/\/www.elha.de\/wp-content\/uploads\/automatisierte-fertigungslinie-460x307.jpg\" alt=\"Ligne de production automatis\u00e9e\" >\r\n\t\t<\/a>\r\n\t\t<p>Ligne de production automatis\u00e9e<\/p>\r\n\t<\/div>\r\n<\/div>\r\n\r\n\r\n\r\n<h2>Autres exemples de syst\u00e8mes<\/h2>\r\n\r\n<div class=\"columns\">\r\n\t<div class=\"column col-6\">\r\n\t\t<img decoding=\"async\" src=\"https:\/\/www.elha.de\/wp-content\/uploads\/fm3x-einzelmodul-460x238.jpg\" alt=\"FM 3+X en tant que module individuel\" >\r\n\t\t<p>FM 3+X en tant que module individuel<\/p>\r\n\t<\/div>\r\n\r\n\t<div class=\"column col-6\">\r\n\t\t<img decoding=\"async\" src=\"https:\/\/www.elha.de\/wp-content\/uploads\/fm3x-doppelmodul-460x238.jpg\" alt=\"FM 3+X comme module double \" >\r\n\t\t<p>FM 3+X comme module double<\/p>\r\n\t<\/div>\r\n\r\n\t<div class=\"column col-12\">\r\n\t\t<img decoding=\"async\" src=\"https:\/\/www.elha.de\/wp-content\/uploads\/fm4x-paarweise-doppelmodul.jpg\" alt=\"FM 4+X par paire en tant que module double\" >\r\n\t\t<p>FM 4+X par paire en tant que module double<\/p>\r\n\t<\/div>\r\n\r\n\t<div class=\"column col-12\">\r\n\t\t<img decoding=\"async\" src=\"https:\/\/www.elha.de\/wp-content\/uploads\/fm3x-gesamtverkettung.jpg\" alt=\"FM 3+X avec cha\u00eenage total\" >\r\n\t\t<p>FM 3+X avec cha\u00eenage total<\/p>\r\n\t<\/div>\r\n<\/div>\r\n\r\n\r\n\r\n<div class=\"clearfix mt-5\">\r\n\t<a href=\"https:\/\/www.elha.de\/fr\/machines\/modules-de-finition\/types-de-machines-de-base-specifications\/\" class=\"btn float-left\">&lt; page pr\u00e9c\u00e9dente<\/a>\r\n\t<a href=\"https:\/\/www.elha.de\/fr\/machines\/modules-de-finition\/technologie-des-processus\/\" class=\"btn float-right\">page suivante &gt;<\/a>\r\n<\/div>","protected":false},"excerpt":{"rendered":"<p>Une automatisation cons\u00e9quente et des temps de changement d'\u00e9quipement courts permettent une production comp\u00e9titive m\u00eame dans les pays \u00e0 hauts salaires. Les machines ELHA FM sont donc parfaitement adapt\u00e9es \u00e0 une utilisation dans des ateliers de production partiellement ou enti\u00e8rement automatis\u00e9s.<\/p>","protected":false},"author":1,"featured_media":6357,"parent":105,"menu_order":5,"comment_status":"closed","ping_status":"closed","template":"","meta":{"footnotes":""},"class_list":["post-6321","page","type-page","status-publish","has-post-thumbnail","hentry"],"blocksy_meta":{"styles_descriptor":{"styles":{"desktop":"","tablet":"","mobile":""},"google_fonts":[],"version":6}},"_links":{"self":[{"href":"https:\/\/www.elha.de\/fr\/wp-json\/wp\/v2\/pages\/6321","targetHints":{"allow":["GET"]}}],"collection":[{"href":"https:\/\/www.elha.de\/fr\/wp-json\/wp\/v2\/pages"}],"about":[{"href":"https:\/\/www.elha.de\/fr\/wp-json\/wp\/v2\/types\/page"}],"author":[{"embeddable":true,"href":"https:\/\/www.elha.de\/fr\/wp-json\/wp\/v2\/users\/1"}],"replies":[{"embeddable":true,"href":"https:\/\/www.elha.de\/fr\/wp-json\/wp\/v2\/comments?post=6321"}],"version-history":[{"count":0,"href":"https:\/\/www.elha.de\/fr\/wp-json\/wp\/v2\/pages\/6321\/revisions"}],"up":[{"embeddable":true,"href":"https:\/\/www.elha.de\/fr\/wp-json\/wp\/v2\/pages\/105"}],"wp:featuredmedia":[{"embeddable":true,"href":"https:\/\/www.elha.de\/fr\/wp-json\/wp\/v2\/media\/6357"}],"wp:attachment":[{"href":"https:\/\/www.elha.de\/fr\/wp-json\/wp\/v2\/media?parent=6321"}],"curies":[{"name":"wp","href":"https:\/\/api.w.org\/{rel}","templated":true}]}}