{"id":6381,"date":"2016-12-01T10:14:19","date_gmt":"2016-12-01T09:14:19","guid":{"rendered":"https:\/\/www.elha.de\/?page_id=6381"},"modified":"2025-05-22T16:38:47","modified_gmt":"2025-05-22T14:38:47","slug":"technologie-des-processus","status":"publish","type":"page","link":"https:\/\/www.elha.de\/fr\/maschinen\/fertigungsmodule\/prozesstechnologie\/","title":{"rendered":"Technologie des processus"},"content":{"rendered":"<div class=\"columns\">\r\n\t<div class=\"column col-4 col-md-6 mb-4\">\r\n\t\t<a href=\"https:\/\/www.elha.de\/wp-content\/uploads\/prozesstechnologie-1.jpg\" class=\"lightbox elha-image-lightbox\">\r\n\t\t\t<img decoding=\"async\" src=\"https:\/\/www.elha.de\/wp-content\/uploads\/prozesstechnologie-1-460x307.jpg\" alt=\"Vue : espace de travail FM 3+X\">\r\n\t\t<\/a>\r\n\t\t<h2 class=\"mt-1 mb-1 text-size5\">Usinage \u00e0 6 broches de bagues de turbocompresseur<\/h2>\r\n\t\t<p>\r\n\t\t\t<span class=\"label\">FM 3+X<\/span><br>\r\n\t\t\tDispositif de serrage avec disposition en 2 rang\u00e9es de 3 pi\u00e8ces chacune ainsi qu'une unit\u00e9 de palpeur m\u00e9canique pour le contr\u00f4le des al\u00e9sages.\r\n\t\t<\/p>\r\n\t<\/div>\r\n\r\n\t<div class=\"column col-4 col-md-6 mb-4\">\r\n\t\t<a href=\"https:\/\/www.elha.de\/wp-content\/uploads\/prozesstechnologie-2.jpg\" class=\"lightbox elha-image-lightbox\">\r\n\t\t\t<img decoding=\"async\" src=\"https:\/\/www.elha.de\/wp-content\/uploads\/prozesstechnologie-2-460x307.jpg\" alt=\"Vue : espace de travail FM 3+X\">\r\n\t\t<\/a>\r\n\t\t<h2 class=\"mt-1 mb-1 text-size5\">Usinage \u00e0 5 broches de douilles pour l'alimentation en huile<\/h2>\r\n\t\t<p>\r\n\t\t\t<span class=\"label\">FM 3+X<\/span><br>\r\n\t\t\tConfiguration avec un axe rotatif CN suppl\u00e9mentaire (5e axe) par pi\u00e8ce. Permet la fabrication hautement productive de deux pi\u00e8ces diff\u00e9rentes.\r\n\t\t<\/p>\r\n\t<\/div>\r\n\r\n\t<div class=\"column col-4 col-md-6 mb-4\">\r\n\t\t<a href=\"https:\/\/www.elha.de\/wp-content\/uploads\/prozesstechnologie-3.jpg\" class=\"lightbox elha-image-lightbox\">\r\n\t\t\t<img decoding=\"async\" src=\"https:\/\/www.elha.de\/wp-content\/uploads\/prozesstechnologie-3-460x307.jpg\" alt=\"Vue : Espace de travail FM 4+X\">\r\n\t\t<\/a>\r\n\t\t<h2 class=\"mt-1 mb-1 text-size5\">Usinage \u00e0 2 broches de corps de palier<\/h2>\r\n\t\t<p>\r\n\t\t\t<span class=\"label\">FM 4+X hd<\/span><br>\r\n\t\t\tFabriqu\u00e9 en GG pour les moteurs de voitures avec des unit\u00e9s de fraisage \u00e0 10 jeux.\r\n\t\t<\/p>\r\n\t<\/div>\r\n\r\n\t<div class=\"column col-4 col-md-6 mb-4\">\r\n\t\t<a href=\"https:\/\/www.elha.de\/wp-content\/uploads\/prozesstechnologie-4.jpg\" class=\"lightbox elha-image-lightbox\">\r\n\t\t\t<img decoding=\"async\" src=\"https:\/\/www.elha.de\/wp-content\/uploads\/prozesstechnologie-4-460x307.jpg\" alt=\"Vue : espace de travail FM 3+X\">\r\n\t\t<\/a>\r\n\t\t<h2 class=\"mt-1 mb-1 text-size5\">Utilisation d'outils PCD en cloche pour remplacer un tournage suppl\u00e9mentaire<\/h2>\r\n\t\t<p>\r\n\t\t\t<span class=\"label\">FM 3+X<\/span><br>\r\n\t\t\tConception optimale du processus : utilisation de broches lourdes HSK-100 en combinaison avec des broches dynamiques HSK-63.\r\n\t\t<\/p>\r\n\t<\/div>\r\n\r\n\t<div class=\"column col-4 col-md-6 mb-4\">\r\n\t\t<a href=\"https:\/\/www.elha.de\/wp-content\/uploads\/prozesstechnologie-5.jpg\" class=\"lightbox elha-image-lightbox\">\r\n\t\t\t<img decoding=\"async\" src=\"https:\/\/www.elha.de\/wp-content\/uploads\/prozesstechnologie-5-460x307.jpg\" alt=\"Vue : espace de travail FM 3+X\">\r\n\t\t<\/a>\r\n\t\t<h2 class=\"mt-1 mb-1 text-size5\">Usinage par paires de bras de suspension en aluminium pour voitures de tourisme<\/h2>\r\n\t\t<p>\r\n\t\t\t<span class=\"label\">FM 3+X<\/span><br>\r\n\t\t\tFabrication de la version gauche ou droite en un seul serrage. La disposition angulaire des broches de travail permet d'usiner des op\u00e9rations \u00e0 angle solide sans 5e axe.\r\n\t\t<\/p>\r\n\t<\/div>\r\n\r\n\t<div class=\"column col-4 col-md-6 mb-4\">\r\n\t\t<a href=\"https:\/\/www.elha.de\/wp-content\/uploads\/prozesstechnologie-6.jpg\" class=\"lightbox elha-image-lightbox\">\r\n\t\t\t<img decoding=\"async\" src=\"https:\/\/www.elha.de\/wp-content\/uploads\/prozesstechnologie-6-460x307.jpg\" alt=\"Vue : espace de travail FM 3+X\">\r\n\t\t<\/a>\r\n\t\t<h2 class=\"mt-1 mb-1 text-size5\">Dispositif de serrage \u00e0 2 voies pour l'usinage de carters de vis sans fin<\/h2>\r\n\t\t<p>\r\n\t\t\t<span class=\"label\">FM 3+X<\/span><br>\r\n\t\t\tLa disposition particuli\u00e8re des broches permet d'usiner avec une grande pr\u00e9cision les deux al\u00e9sages principaux en \u00e9vitant les erreurs de retournement.\r\n\t\t<\/p>\r\n\t<\/div>\r\n<\/div>\r\n\r\n\r\n\r\n<div>\r\n\t<a href=\"https:\/\/www.elha.de\/fr\/machines\/modules-de-finition\/automatisation-exemples-de-systemes\/\" class=\"btn btn-lg\">&lt; page pr\u00e9c\u00e9dente<\/a>\r\n<\/div>\n\n\n\n<p><\/p>","protected":false},"excerpt":{"rendered":"<p>\t\tUsinage \u00e0 6 broches de bagues de turbocompresseur<\/p>\n<p>\t\t\tFM 3+X<br \/>\n\t\t\tDispositif de serrage avec disposition en 2 rang\u00e9es de 3 pi\u00e8ces chacune ainsi qu'une unit\u00e9 de palpeur m\u00e9canique pour le contr\u00f4le des al\u00e9sages.<\/p>\n<p>\t\tUsinage \u00e0 5 broches de douilles pour l'alimentation en huile<\/p>\n<p>\t\t\tFM<\/p>","protected":false},"author":1,"featured_media":6397,"parent":105,"menu_order":6,"comment_status":"closed","ping_status":"closed","template":"","meta":{"footnotes":""},"class_list":["post-6381","page","type-page","status-publish","has-post-thumbnail","hentry"],"blocksy_meta":{"styles_descriptor":{"styles":{"desktop":"","tablet":"","mobile":""},"google_fonts":[],"version":6}},"_links":{"self":[{"href":"https:\/\/www.elha.de\/fr\/wp-json\/wp\/v2\/pages\/6381","targetHints":{"allow":["GET"]}}],"collection":[{"href":"https:\/\/www.elha.de\/fr\/wp-json\/wp\/v2\/pages"}],"about":[{"href":"https:\/\/www.elha.de\/fr\/wp-json\/wp\/v2\/types\/page"}],"author":[{"embeddable":true,"href":"https:\/\/www.elha.de\/fr\/wp-json\/wp\/v2\/users\/1"}],"replies":[{"embeddable":true,"href":"https:\/\/www.elha.de\/fr\/wp-json\/wp\/v2\/comments?post=6381"}],"version-history":[{"count":0,"href":"https:\/\/www.elha.de\/fr\/wp-json\/wp\/v2\/pages\/6381\/revisions"}],"up":[{"embeddable":true,"href":"https:\/\/www.elha.de\/fr\/wp-json\/wp\/v2\/pages\/105"}],"wp:featuredmedia":[{"embeddable":true,"href":"https:\/\/www.elha.de\/fr\/wp-json\/wp\/v2\/media\/6397"}],"wp:attachment":[{"href":"https:\/\/www.elha.de\/fr\/wp-json\/wp\/v2\/media?parent=6381"}],"curies":[{"name":"wp","href":"https:\/\/api.w.org\/{rel}","templated":true}]}}