{"id":6618,"date":"2017-01-25T11:05:16","date_gmt":"2017-01-25T10:05:16","guid":{"rendered":"https:\/\/www.elha.de\/?page_id=6618"},"modified":"2025-05-22T16:23:59","modified_gmt":"2025-05-22T14:23:59","slug":"developpement-de-processus","status":"publish","type":"page","link":"https:\/\/www.elha.de\/fr\/kompetenzen\/prozessentwicklung\/","title":{"rendered":"D\u00e9veloppement de processus"},"content":{"rendered":"<p>\r\n\tAu fil du temps, ELHA est pass\u00e9 du statut de simple fabricant de machines de per\u00e7age par enl\u00e8vement de copeaux et de machines sp\u00e9ciales \u00e0 celui de fournisseur de solutions compl\u00e8tes de processus de fabrication.\r\n\ty compris tous les services n\u00e9cessaires \u00e0 cet effet. Notre point de d\u00e9part est votre pi\u00e8ce \u00e0 usiner. A partir de l\u00e0, nous d\u00e9veloppons et r\u00e9alisons, apr\u00e8s\r\n\tNous analysons en d\u00e9tail les exigences correspondantes pour trouver la solution de fabrication optimale, adapt\u00e9e \u00e0 vos besoins.\r\n\tsoit sur la base de concepts de machines individuels et sp\u00e9cifiques \u00e0 l'application. Ainsi, notre portefeuille de prestations s'\u00e9tend des services d'ing\u00e9nierie individuels\r\n\tp. ex. le d\u00e9veloppement de processus, la conception\/construction de machines et de dispositifs, jusqu'\u00e0 la solution cl\u00e9 en main compl\u00e8te avec automatisation, y compris le suivi de la production, et\r\n\tle suivi ult\u00e9rieur avec toutes les prestations de service typiques qui en font partie. ELHA est donc votre partenaire comp\u00e9tent et fiable pour tout ce qui concerne\r\n\tdes solutions de processus exigeantes avec une qualit\u00e9 maximale et une performance maximale. \r\n<\/p>\r\n\r\n\r\n\r\n<div class=\"columns\">\r\n\t<div class=\"column col-4\">\r\n\t\t<a href=\"https:\/\/www.elha.de\/wp-content\/uploads\/mehrspindlige-bearbeitung.jpg\" class=\"lightbox elha-image-lightbox\">\r\n\t\t\t<img decoding=\"async\" src=\"https:\/\/www.elha.de\/wp-content\/uploads\/mehrspindlige-bearbeitung-460x307.jpg\" alt=\"Per\u00e7age\" title=\"\">\r\n\t\t<\/a>\r\n\t\t<p>Usinage multibroche de pi\u00e8ces automobiles<\/p>\r\n\t<\/div>\r\n\r\n\t<div class=\"column col-4\">\r\n\t\t<a href=\"https:\/\/www.elha.de\/wp-content\/uploads\/zerspanung-drehen.jpg\" class=\"lightbox elha-image-lightbox\">\r\n\t\t\t<img decoding=\"async\" src=\"https:\/\/www.elha.de\/wp-content\/uploads\/zerspanung-drehen-460x307.jpg\" alt=\"Tourner\" title=\"\">\r\n\t\t<\/a>\r\n\t\t<p>Tournage, per\u00e7age et filetage de roulements de grandes dimensions\/connexions rotatives<\/p>\r\n\t<\/div>\r\n\r\n\t<div class=\"column col-4\">\r\n\t\t<a href=\"https:\/\/www.elha.de\/wp-content\/uploads\/smx-5224-titanzerspanung.jpg\" class=\"lightbox elha-image-lightbox\">\r\n\t\t\t<img decoding=\"async\" src=\"https:\/\/www.elha.de\/wp-content\/uploads\/smx-5224-titanzerspanung-460x307.jpg\" alt=\"F\u00e4sen\" title=\"\">\r\n\t\t<\/a>\r\n\t\t<p>Fraisage haute performance de pi\u00e8ces en titane<\/p>\r\n\t<\/div>\r\n<\/div>\r\n\r\n\r\n\r\n<h2>Aper\u00e7u du d\u00e9veloppement de processus ELHA<\/h2>\r\n\r\n<p>\r\n\tD\u00e9couvrez ici comment ELHA transforme vos exigences en une r\u00e9alisation \u00e9tape par \u00e9tape.\r\n\tde votre solution cl\u00e9 en main. En outre, ELHA vous propose, sur la base de prestations de service\r\n\tla possibilit\u00e9 de prendre en charge certaines phases du d\u00e9veloppement de processus, par exemple les \u00e9tudes de faisabilit\u00e9\/processus,\r\n\tdes conceptions sommaires ou d\u00e9taill\u00e9es, des calculs de rentabilit\u00e9 ainsi que des services de construction,\r\n\tdes simulations de processus et autres, sur demande.\r\n<\/p>\r\n\r\n<div id=\"pfeile\" class=\"mt-4 mb-5\">\r\n\t<div id=\"pfeil5\" class=\"grau1\" data-text=\"text5\">Production<\/div>\r\n\t<div id=\"pfeil4\" class=\"grau2\" data-text=\"text4\">Mise en \u0153uvre<\/div>\r\n\t<div id=\"pfeil3\" class=\"grau1\" data-text=\"text3\">Validation<\/div>\r\n\t<div id=\"pfeil2\" class=\"grau2\" data-text=\"text2\">Conception<\/div>\r\n\t<div id=\"pfeil1\" class=\"grau1\" data-text=\"text1\">Exigences<br>analyse<\/div>\r\n<\/div>\r\n\r\n\r\n\r\n<div id=\"texte\">\r\n\t<div id=\"text1\" class=\"columns\">\r\n\t\t<div class=\"column col-6\">\r\n\t\t\t<img decoding=\"async\" src=\"https:\/\/www.elha.de\/wp-content\/uploads\/anforderungsanalyse.jpg\">\r\n\t\t<\/div>\r\n\t\t<div class=\"column col-6\">\r\n\t\t\t<h3>Analyse des exigences<\/h3>\r\n\t\t\t<ul>\r\n\t\t\t\t<li>Coordination commune de toutes les exigences et conditions techniques, temporelles et commerciales<\/li>\r\n\t\t\t\t<li>Analyse d\u00e9taill\u00e9e des possibilit\u00e9s de mise en \u0153uvre \u00e9conomique et efficace d'une solution ELHA.<\/li>\r\n\t\t\t<\/ul>\r\n\t\t<\/div>\r\n\t<\/div>\r\n\r\n\t<div id=\"text2\" class=\"columns\">\r\n\t\t<div class=\"column col-6\">\r\n\t\t\t<img decoding=\"async\" src=\"https:\/\/www.elha.de\/wp-content\/uploads\/konstruktion-arbeitsplatz.jpg\">\r\n\t\t<\/div>\r\n\t\t<div class=\"column col-6\">\r\n\t\t\t<h3>Conception<\/h3>\r\n\t\t\t<ul>\r\n\t\t\t\t<li>D\u00e9veloppement de propositions de solutions sur la base d'un catalogue d'exigences convenu et prioris\u00e9 en commun<\/li>\r\n\t\t\t\t<li>Conception sur la base d'un mod\u00e8le de conception \u00e0 plusieurs niveaux avec diff\u00e9rentes phases de d\u00e9tail et un processus structur\u00e9, \u00e9tape par \u00e9tape, pour \u00e9laborer la solution de fabrication optimale<\/li>\r\n\t\t\t\t<li>des volumes coordonn\u00e9s concernant l'\u00e9laboration des bases du processus ainsi que des approches technologiques correspondantes \u00e0 chaque phase de conception<\/li>\r\n\t\t\t<\/ul>\r\n\t\t<\/div>\r\n\t<\/div>\r\n\r\n\t<div id=\"text3\" class=\"columns\">\r\n\t\t<div class=\"column col-6\">\r\n\t\t\t<img decoding=\"async\" src=\"https:\/\/www.elha.de\/wp-content\/uploads\/virtuelle-maschine-fm.jpg\">\r\n\t\t<\/div>\r\n\t\t<div class=\"column col-6\">\r\n\t\t\t<h3>Validation<\/h3>\r\n\t\t\t<ul>\r\n\t\t\t\t<li>Pr\u00e9cision et validation it\u00e9ratives du concept de solution final<\/li>\r\n\t\t\t\t<li>R\u00e9alisation d'essais\/de tests, de simulations et d'analyses de syst\u00e8mes, le cas \u00e9ch\u00e9ant, n\u00e9cessaires\/demand\u00e9s<\/li>\r\n\t\t\t<\/ul>\r\n\t\t<\/div>\r\n\t<\/div>\r\n\r\n\t<div id=\"text4\" class=\"columns\">\r\n\t\t<div class=\"column col-6\">\r\n\t\t\t<img decoding=\"async\" src=\"https:\/\/www.elha.de\/wp-content\/uploads\/maschinenmontage.jpg\">\r\n\t\t<\/div>\r\n\t\t<div class=\"column col-6\">\r\n\t\t\t<h3>Mise en \u0153uvre<\/h3>\r\n\t\t\t<ul>\r\n\t\t\t\t<li>Ing\u00e9nierie de mise en \u0153uvre de la technologie des processus et des machines, y compris la gestion de projet<\/li>\r\n\t\t\t\t<li>Montage et mise en route de l'installation de production dans l'usine de livraison<\/li>\r\n\t\t\t\t<li>R\u00e9ception des fonctions et des processus dans l'usine de livraison<\/li>\r\n\t\t\t\t<li>Sur demande, essai de fonctionnement sur une p\u00e9riode convenue dans l'usine de livraison<\/li>\r\n\t\t\t\t<li>Livraison cl\u00e9 en main et mise en service de l'installation dans votre usine<\/li>\r\n\t\t\t\t<li>R\u00e9ception finale, y compris tous les \u00e9l\u00e9ments de livraison, de fonctionnement et de processus convenus dans votre usine<\/li>\r\n\t\t\t<\/ul>\r\n\t\t<\/div>\r\n\t<\/div>\r\n\r\n\t<div id=\"text5\" class=\"columns\">\r\n\t\t<div class=\"column col-6\">\r\n\t\t\t<img decoding=\"async\" src=\"https:\/\/www.elha.de\/wp-content\/uploads\/fm-fertigungsmodule-fm3x-banner-460x307.jpg\">\r\n\t\t<\/div>\r\n\t\t<div class=\"column col-6\">\r\n\t\t\t<h3>Production<\/h3>\r\n\t\t\t<ul>\r\n\t\t\t\t<li>Formation comp\u00e9tente du personnel d'exploitation et de maintenance<\/li>\r\n\t\t\t\t<li>Accompagnement de la phase de lancement de la production \/ des essais<\/li>\r\n\t\t\t\t<li>Encadrement\/conseil sp\u00e9cifique au projet de votre personnel avant, pendant et apr\u00e8s la fin de la mise en service<\/li>\r\n\t\t\t\t<li>Un service ELHA efficace\r\n\t\t\t\t\t<ul>\r\n\t\t\t\t\t\t<li>temps de r\u00e9action court<\/li>\r\n\t\t\t\t\t\t<li>possibilit\u00e9 de diagnostic \u00e0 distance efficace<\/li>\r\n\t\t\t\t\t\t<li>un traitement rapide et simple<\/li>\r\n\t\t\t\t\t\t<li>grande disponibilit\u00e9 des pi\u00e8ces de rechange et d'usure<\/li>\r\n\t\t\t\t\t<\/ul>\r\n\t\t\t\t<\/li>\r\n\t\t\t<\/ul>\r\n\t\t<\/div>\r\n\t<\/div>\r\n<\/div>\r\n\r\n<p class=\"text-center mt-5\">\r\n\t<a href=\"https:\/\/www.elha.de\/fr\/contact\/\" class=\"btn btn-primary btn-lg\">Prendre contact<\/a>\r\n<\/p>\n\n\n\n<style>\n\t#pfeile { position: relative; height: 80px; }\n\n\t#pfeile > div {\n\t\tposition: absolute;\n\t\twidth: 23.4%;\n\t\theight: 100%;\n\t\tpadding: 26px 0 0 10px;\n\t\ttext-align: center;\n\t\tcursor: pointer;\n\t\tbackground-repeat: no-repeat;\n\t\tbackground-size: 100% 100%;\n\t}\n\n\t#pfeil1 { left: 0; padding-left: 0 !important; padding-top: 14px !important; }\n\t#pfeil2 { left: 19%; }\n\t#pfeil3 { left: 38%; }\n\t#pfeil4 { left: 57%; }\n\t#pfeil5 { left: 76%; }\n\t\t\n\t#pfeile > div.grau1 {\n\t\tbackground-image: url(\"https:\/\/www.elha.de\/wp-content\/uploads\/prozess-pfeil-grau1.png\");\n\t}\n\n\t#pfeile > div.grau2 {\n\t\tbackground-image: url(\"https:\/\/www.elha.de\/wp-content\/uploads\/prozess-pfeil-grau2.png\");\n\t}\n\n\t#pfeile > div.aktiv {\n\t\tbackground-image: url(\"https:\/\/www.elha.de\/wp-content\/uploads\/prozess-pfeil-blau.png\");\n\t\tcolor: #fff;\n\t}\n\n\t@media only screen and (max-width: 480px) {\n\t\t#pfeile { display: none; }\n\t\t#texte > div { display: block !important; margin-bottom: 64px; }\n\t}\n<\/style>\n\n\n\n<script>\n\tjQuery(window).ready(function() {\n\t\tjQuery('#texte > div').hide();\n\t\tjQuery('#text1').show();\n\t\tjQuery('#pfeil1').addClass('aktiv');\n\n\t\tjQuery('#pfeile > div').click(function(event) {\n\t\t\tevent.stopPropagation();\n\t\t\tvar data = jQuery(event.currentTarget).data('text');\n\n\t\t\tjQuery('#texte > div').hide();\n\t\t\tjQuery('#' + data).show();\n\n\t\t\tjQuery('#pfeile > div').removeClass('aktiv');\n\t\t\tjQuery(event.currentTarget).addClass('aktiv');\n\t\t});\n\t});\n<\/script>","protected":false},"excerpt":{"rendered":"<p>\tELHA hat sich im Laufe der Zeit vom reinen Hersteller f\u00fcr spanabhebende Bohr- und Sondermaschinen zum Anbieter von kompletten Fertigungsprozessl\u00f6sungen<br \/>\n\tinklusive aller daf\u00fcr erforderlichen Dienstleistungen weiterentwickelt.<\/p>","protected":false},"author":1,"featured_media":7334,"parent":6616,"menu_order":2,"comment_status":"closed","ping_status":"closed","template":"","meta":{"footnotes":""},"class_list":["post-6618","page","type-page","status-publish","has-post-thumbnail","hentry"],"blocksy_meta":{"styles_descriptor":{"styles":{"desktop":"","tablet":"","mobile":""},"google_fonts":[],"version":6},"page_title_panel":"","has_hero_section":"default","e56dbd72c45bc34b1599ee010aa185ed":"","hero_section":"type-1","hero_elements":[{"id":"custom_title","enabled":true,"heading_tag":"h1","title":"Page d'accueil"},{"id":"custom_description","enabled":true,"description_visibility":{"desktop":true,"tablet":true,"mobile":false}},{"id":"custom_meta","enabled":false,"meta_elements":[{"id":"author","enabled":true,"label":"Von","has_author_avatar":"yes","avatar_size":25},{"id":"post_date","enabled":true,"label":"Am","date_format_source":"default","date_format":"M j, Y"},{"id":"comments","enabled":true}],"page_meta_elements":{"joined":true,"articles_count":true,"comments":true}},{"id":"breadcrumbs","enabled":false}],"40298df995729fa1c18cb69f1ea421bf":"","hero_alignment1":"CT_CSS_SKIP_RULE","hero_margin":40,"hero_alignment2":"center","hero_vertical_alignment":"center","e4b29d22e95c649bb1228b2df46744e2":"","hero_structure":"narrow","17171343e67d834dcaef1aa70e48fecb":"","page_title_bg_type":"featured_image","custom_hero_background":{"attachment_id":null},"parallax":{"desktop":false,"tablet":false,"mobile":false},"1702bba169455a5baca0fb24864295cb":"","hero_height":"250px","pageTitleFont":{"family":"Default","variation":"Default","size":{"desktop":"32px","tablet":"30px","mobile":"25px"},"line-height":"CT_CSS_SKIP_RULE","letter-spacing":"CT_CSS_SKIP_RULE","text-transform":"CT_CSS_SKIP_RULE","text-decoration":"CT_CSS_SKIP_RULE"},"pageTitleFontColor":{"default":{"color":"CT_CSS_SKIP_RULEDEFAULT"}},"309581beb2fd7be0aa3591e3cf73b56b":"","pageMetaFont":{"family":"Default","variation":"n6","size":"12px","line-height":"1.3","letter-spacing":"CT_CSS_SKIP_RULE","text-transform":"uppercase","text-decoration":"CT_CSS_SKIP_RULE"},"pageMetaFontColor":{"default":{"color":"CT_CSS_SKIP_RULEDEFAULT"},"hover":{"color":"CT_CSS_SKIP_RULEDEFAULT"}},"page_meta_button_type_font_colors":{"default":{"color":"CT_CSS_SKIP_RULEDEFAULT"},"hover":{"color":"CT_CSS_SKIP_RULEDEFAULT"}},"page_meta_button_type_background_colors":{"default":{"color":"CT_CSS_SKIP_RULEDEFAULT"},"hover":{"color":"CT_CSS_SKIP_RULEDEFAULT"}},"7a292ca438997924514c80aa8a39a7fb":"","pageExcerptFont":{"family":"Default","variation":"Default","size":"CT_CSS_SKIP_RULE","line-height":"CT_CSS_SKIP_RULE","letter-spacing":"CT_CSS_SKIP_RULE","text-transform":"CT_CSS_SKIP_RULE","text-decoration":"CT_CSS_SKIP_RULE"},"pageExcerptColor":{"default":{"color":"CT_CSS_SKIP_RULEDEFAULT"}},"8e06fb1f632194ddc0472c9b826a79cd":"","breadcrumbsFont":{"family":"Default","variation":"n6","size":"12px","line-height":"CT_CSS_SKIP_RULE","letter-spacing":"CT_CSS_SKIP_RULE","text-transform":"uppercase","text-decoration":"CT_CSS_SKIP_RULE"},"breadcrumbsFontColor":{"default":{"color":"CT_CSS_SKIP_RULEDEFAULT"},"initial":{"color":"CT_CSS_SKIP_RULEDEFAULT"},"hover":{"color":"CT_CSS_SKIP_RULEDEFAULT"}},"f4d89d51844b004b0e19ae28d59051a3":"","pageTitleOverlay":{"default":{"color":"CT_CSS_SKIP_RULE"}},"59c8e785bf0cb5c5b0b9f315d04bfacb":"","pageTitleBackground":{"background_type":"color","background_pattern":"type-1","background_image":{"attachment_id":null,"x":0,"y":0},"gradient":"linear-gradient(135deg,rgba(6,147,227,1) 0%,rgb(155,81,224) 100%)","background_repeat":"no-repeat","background_size":"auto","background_attachment":"scroll","patternColor":{"default":{"color":"#e5e7ea"}},"overlayColor":{"default":{"color":"CT_CSS_SKIP_RULE"}},"backgroundColor":{"default":{"color":"var(--theme-palette-color-6)"}}},"aaab4912fc0bd5a8d0d5f114dff66862":"","pageTitlePadding":{"top":"50px","bottom":"50px","left":"auto","right":"auto","linked":true},"fe82f2eecdc48ca1aadd6e63a9fda781":"","page_structure_type":"default","3eb8f43206c41bf35bc65463c1621a87":"","content_style_source":"inherit","content_style":"wide","vertical_spacing_source":"inherit","content_area_spacing":"both","background":{"background_type":"color","background_pattern":"type-1","background_image":{"attachment_id":null,"x":0,"y":0},"gradient":"linear-gradient(135deg,rgba(6,147,227,1) 0%,rgb(155,81,224) 100%)","background_repeat":"no-repeat","background_size":"auto","background_attachment":"scroll","patternColor":{"default":{"color":"#e5e7ea"}},"overlayColor":{"default":{"color":"CT_CSS_SKIP_RULE"}},"backgroundColor":{"default":{"color":"CT_CSS_SKIP_RULE"}}},"content_background":{"background_type":"color","background_pattern":"type-1","background_image":{"attachment_id":null,"x":0,"y":0},"gradient":"linear-gradient(135deg,rgba(6,147,227,1) 0%,rgb(155,81,224) 100%)","background_repeat":"no-repeat","background_size":"auto","background_attachment":"scroll","patternColor":{"default":{"color":"#e5e7ea"}},"overlayColor":{"default":{"color":"CT_CSS_SKIP_RULE"}},"backgroundColor":{"default":{"color":"var(--theme-palette-color-8)"}}},"content_boxed_shadow":{"inherit":false,"blur":18,"spread":-6,"v_offset":12,"h_offset":0,"inset":false,"enable":true,"color":{"color":"rgba(34, 56, 101, 0.04)"}},"boxed_content_spacing":{"desktop":{"top":"40px","bottom":"40px","left":"40px","right":"40px","linked":true},"tablet":{"top":"35px","bottom":"35px","left":"35px","right":"35px","linked":true},"mobile":{"top":"20px","bottom":"20px","left":"20px","right":"20px","linked":true}},"content_boxed_radius":{"top":"3px","bottom":"3px","left":"3px","right":"3px","linked":true},"1085fc888c5790bb58eeb1d24e18e28f":"","disable_featured_image":"yes","disable_header":"no","disable_footer":"no"},"_links":{"self":[{"href":"https:\/\/www.elha.de\/fr\/wp-json\/wp\/v2\/pages\/6618","targetHints":{"allow":["GET"]}}],"collection":[{"href":"https:\/\/www.elha.de\/fr\/wp-json\/wp\/v2\/pages"}],"about":[{"href":"https:\/\/www.elha.de\/fr\/wp-json\/wp\/v2\/types\/page"}],"author":[{"embeddable":true,"href":"https:\/\/www.elha.de\/fr\/wp-json\/wp\/v2\/users\/1"}],"replies":[{"embeddable":true,"href":"https:\/\/www.elha.de\/fr\/wp-json\/wp\/v2\/comments?post=6618"}],"version-history":[{"count":0,"href":"https:\/\/www.elha.de\/fr\/wp-json\/wp\/v2\/pages\/6618\/revisions"}],"up":[{"embeddable":true,"href":"https:\/\/www.elha.de\/fr\/wp-json\/wp\/v2\/pages\/6616"}],"wp:featuredmedia":[{"embeddable":true,"href":"https:\/\/www.elha.de\/fr\/wp-json\/wp\/v2\/media\/7334"}],"wp:attachment":[{"href":"https:\/\/www.elha.de\/fr\/wp-json\/wp\/v2\/media?parent=6618"}],"curies":[{"name":"wp","href":"https:\/\/api.w.org\/{rel}","templated":true}]}}