{"id":6703,"date":"2017-01-25T11:05:48","date_gmt":"2017-01-25T10:05:48","guid":{"rendered":"https:\/\/www.elha.de\/?page_id=6703"},"modified":"2025-03-07T14:44:26","modified_gmt":"2025-03-07T13:44:26","slug":"innovations","status":"publish","type":"page","link":"https:\/\/www.elha.de\/fr\/kompetenzen\/innovationen\/","title":{"rendered":"Innovations"},"content":{"rendered":"<p class=\"mb-5\">\r\n\tToujours plus productif, toujours plus efficace... et meilleur que la concurrence ! Et la qualit\u00e9 de toute fa\u00e7on... Telles sont les exigences de nos clients \u00e0 notre \u00e9gard.\r\n\tDans le but de relever ces d\u00e9fis, nous avons d\u00e9velopp\u00e9, au cours de nos longues ann\u00e9es d'activit\u00e9 dans le domaine du d\u00e9veloppement et de la mise en \u0153uvre de proc\u00e9d\u00e9s de fabrication, de nombreuses innovations.\r\n\tde solutions de processus d'usinage, nous avons \u00e9galement d\u00e9velopp\u00e9 de nombreuses innovations technologiques de machines qui ont souvent constitu\u00e9 un avantage d\u00e9cisif pour nos clients.\r\n\tqui ont fait pencher la balance en faveur d'une solution ELHA. D\u00e9couvrez ici quelques-unes de ces innovations ou technologies cl\u00e9s et\r\n\tD\u00e9couvrez la force d'innovation qui caract\u00e9rise ELHA.\r\n<\/p>\r\n\r\n\r\n\r\n<div class=\"columns mb-5\">\r\n\t<div class=\"column col-6 col-md-12\">\r\n\t\t<img decoding=\"async\" src=\"https:\/\/www.elha.de\/wp-content\/uploads\/mehrspindelbearbeitung-460x307.jpg\" alt=\"Usinage multibroche\">\r\n\t<\/div>\r\n\r\n\t<div class=\"column col-6 col-md-12\">\r\n\t\t<h2>Technologie multibroche<\/h2>\r\n\t\t<p>\r\n\t\t\tDepuis des d\u00e9cennies, l'attribut \"hautement productif\" est indissociable du nom ELHA ! Hier comme aujourd'hui, l'utilisation de l'usinage multibroche de per\u00e7age,\r\n\t\t\tLe filetage et le fraisage dans d'innombrables versions en est une cl\u00e9 importante ! Qu'il s'agisse de l'insertion \"One Shot\" de sch\u00e9mas de per\u00e7age complexes ou de centaines de trous.\r\n\t\t\tde centaines de per\u00e7ages en s\u00e9rie ou de l'usinage multibroche simultan\u00e9 de plusieurs pi\u00e8ces. Dans les concepts de machines ou de\r\n\t\t\tNous avons mis en \u0153uvre cette technologie de mani\u00e8re fiable dans des concepts d'installations tels que des machines lin\u00e9aires, des machines transfert ou des machines \u00e0 transfert rotatif. Parmi les derni\u00e8res innovations dans ce domaine, on compte le\r\n\t\t\tla possibilit\u00e9 de r\u00e9glage fin de la broche dans les t\u00eates multibroches, qui permet un r\u00e9glage manuel de la position et de l'angle de l'axe de la broche sur 2 axes, avec une pr\u00e9cision de l'ordre du micron.\r\n\t\t<\/p>\r\n\t\t\r\n\t\t\r\n\t\t\t<a href=\"https:\/\/www.elha.de\/wp-content\/uploads\/flyer-multi-spindle-technology-en.pdf\" class=\"btn\" target=\"_blank\" rel=\"noopener noreferrer\">Flyer R\u00e9glage fin des broches<\/a>\r\n\t\t\r\n\t<\/div>\r\n<\/div>\r\n\r\n\r\n\r\n\r\n\r\n<div class=\"columns mb-5\">\r\n\t<div class=\"column col-6 col-md-12\">\r\n\t\t<img decoding=\"async\" src=\"https:\/\/www.elha.de\/wp-content\/uploads\/fm-smart-video-460x307.jpg\" alt=\"Tourelle \u00e0 broches\">\r\n\t<\/div>\r\n\r\n\t<div class=\"column col-6 col-md-12\">\r\n\t\t<h2>ELHA SRR - La tourelle \u00e0 broches en ligne<\/h2>\r\n\t\t<p>\r\n\t\t\tProductivit\u00e9 et flexibilit\u00e9 ne s'excluent plus mutuellement. Afin d'atteindre cet objectif \u00e9galement dans le domaine de la technologie des centres de transfert hautement productive\r\n\t\t\tdans les modules de fabrication ELHA, nous avons d\u00e9velopp\u00e9 la tourelle \u00e0 broches. Celle-ci permet non seulement l'usinage puissant \u00e0 2-4 broches\r\n\t\t\tavec des outils \u00e0 entra\u00eenement direct, mais apporte \u00e9galement la capacit\u00e9 d'outillage n\u00e9cessaire et la facilit\u00e9 de remplacement des outils, comme pour le centre d'usinage.\r\n\t\t\tet \u00e9limine les temps morts li\u00e9s au changement d'outil dans la pratique gr\u00e2ce \u00e0 un indexage ultra-rapide.\r\n\t\t<\/p>\r\n\t\t<a href=\"https:\/\/www.elha.de\/fr\/machines\/centres-de-transfert\/magasin-de-tourelles-en-ligne-de-broches\/\" class=\"btn\">\r\n\t\t\tInfos tourelle \u00e0 broche\r\n\t\t<\/a>\r\n\t<\/div>\r\n<\/div>\r\n\r\n\r\n\r\n\r\n\r\n<div class=\"columns mb-5\">\r\n\t<div class=\"column col-6 col-md-12\">\r\n\t\t<img decoding=\"async\" src=\"https:\/\/www.elha.de\/wp-content\/uploads\/hydrostatische-pinole-460x307.jpg\" alt=\"Fourreau hydrostatique\">\r\n\t<\/div>\r\n\r\n\t<div class=\"column col-6 col-md-12\">\r\n\t\t<h2>La technologie h<\/h2>\r\n\t\t<p>\r\n\t\t\tDans le but d'augmenter de mani\u00e8re significative la stabilit\u00e9 d'usinage et l'amortissement des vibrations dans le module de production ELHA, nous avons d\u00e9velopp\u00e9 et mis en \u0153uvre la technologie brevet\u00e9e \"TwinTech\".\r\n\t\t\ttechnologie h. Il s'agit d'un fourreau de grandes dimensions \u00e0 guidage hydrostatique, qui assure le mouvement lin\u00e9aire et le mouvement de rotation.\r\n\t\t\tmouvement rotatif du porte-pi\u00e8ce. En combinaison avec un double entra\u00eenement hautement dynamique dans le sens longitudinal ou un entra\u00eenement par couple dans le sens\r\n\t\t\tdans le sens de la rotation, cette technologie permet d'atteindre un maximum de productivit\u00e9 et de pr\u00e9cision d'usinage. La technologie h\r\n\t\t\ta \u00e9galement \u00e9t\u00e9 utilis\u00e9e, en raison de ses avantages, comme fourreau de broche dans d'autres machines sp\u00e9ciales, o\u00f9 une stabilit\u00e9 et une pr\u00e9cision maximales \u00e9taient requises,\r\n\t\t\tPar exemple, pour l'usinage haute performance de pi\u00e8ces en titane.\r\n\t\t<\/p>\r\n\t<\/div>\r\n<\/div>\r\n\r\n\r\n\r\n\r\n\r\n<div class=\"columns mb-5\">\r\n\t<div class=\"column col-6 col-md-12\">\r\n\t\t<img decoding=\"async\" src=\"https:\/\/www.elha.de\/wp-content\/uploads\/segment-direct-drive-460x307.jpg\" alt=\"Segment Direct Drive\">\r\n\t<\/div>\r\n\r\n\t<div class=\"column col-6 col-md-12\">\r\n\t\t<h2>ELHA SDD - Segment Direct Drive<\/h2>\r\n\t\t<p>\r\n\t\t\tLa technologie des moteurs lin\u00e9aires sans contact s'est \u00e9tablie depuis longtemps dans l'usinage de pr\u00e9cision hautement dynamique sur les centres d'usinage.\r\n\t\t\tELHA a pouss\u00e9 cette technologie plus loin et l'a mise en \u0153uvre sous la forme d'un entra\u00eenement de table circulaire brevet\u00e9. Le r\u00e9sultat : les meilleurs tours du monde\r\n\t\t\ttables de tournage et d'indexage dans la plage de diam\u00e8tres de 2 \u00e0 8 m en termes de pr\u00e9cision de positionnement (\u00b11\") et de dynamique. La ELHA SDD est ainsi le premier choix\r\n\t\t\tpour les usinages d'interpolation dynamiques de haute pr\u00e9cision et pour les usinages d'indexation \u00e0 haute productivit\u00e9, par exemple pour les sch\u00e9mas de per\u00e7age\r\n\t\t\tdans les grands roulements et les brides. \r\n\t\t<\/p>\r\n\t\t<a href=\"https:\/\/www.elha.de\/fr\/machines\/centres-de-fraisage-rotatifs-verticaux\/elha-sdd-segment-direct-drive\/\" class=\"btn\">\r\n\t\t\tInformations sur le segment Direct Drive\r\n\t\t<\/a>\r\n\t<\/div>\r\n<\/div>\r\n\r\n\r\n\r\n\r\n\r\n<div class=\"columns mb-5\">\r\n\t<div class=\"column col-6 col-md-12\">\r\n\t\t<div class=\"elha-youtube-lightbox\"><a href=\"https:\/\/www.youtube-nocookie.com\/embed\/WUN0jyd4mDE\" class=\"lightbox\" rel=\"nofollow noopener\" target=\"_blank\"><img decoding=\"async\" src=\"https:\/\/www.elha.de\/wp-content\/uploads\/virtuelle-maschine-video-460x307.jpg\" alt=\"\"><\/a><span>Accepter la transmission des donn\u00e9es \u00e0 YouTube et lire la vid\u00e9o - <a href=\"https:\/\/www.elha.de\/fr\/declaration-de-protection-des-donnees\/\">D\u00e9claration de confidentialit\u00e9<\/a><\/span><\/div>\r\n\t<\/div>\r\n\r\n\t<div class=\"column col-6 col-md-12\">\r\n\t\t<h2>Machine virtuelle<\/h2>\r\n\t\t<p>\r\n\t\t\tAvec la machine virtuelle, ELHA offre un outil de simulation extr\u00eamement productif qui associe les caract\u00e9ristiques r\u00e9elles de la machine aux donn\u00e9es de processus provenant de l'environnement CAO\/FAO du client.\r\n\t\t\tCela ouvre la voie \u00e0 des \u00e9tudes d'usinage et des simulations de processus tr\u00e8s pr\u00e9cises, y compris la v\u00e9rification des collisions en 3D.\r\n\t\t\tLe temps consacr\u00e9 aux tests de faisabilit\u00e9\/rentabilit\u00e9 et aux processus de r\u00e9glage peut ainsi \u00eatre r\u00e9duit au minimum.\r\n\t\t<\/p>\r\n\t\t\r\n\t<\/div>\r\n<\/div>\n\n\n\n<h2 class=\"wp-block-heading\">BSFZ<\/h2>\n\n\n\n<p>Depuis juin 2023, nous pouvons porter le sceau officiel du minist\u00e8re f\u00e9d\u00e9ral, apr\u00e8s que notre concept de d\u00e9veloppement SRM a re\u00e7u une d\u00e9cision positive de la part de l'Office de certification des allocations de recherche (BSFZ).<\/p>\n\n\n\n<p>L'attribution du label exclusif BSFZ confirme que nous sommes une entreprise \u00e9ligible et active dans la recherche et le d\u00e9veloppement. Il r\u00e9compense nos comp\u00e9tences en mati\u00e8re d'innovation et montre que nous nous effor\u00e7ons en permanence de trouver des solutions avanc\u00e9es pour r\u00e9pondre aux besoins de nos clients et faire progresser l'industrie.<\/p>\n\n\n\n<p>Nous sommes fiers de porter ce prestigieux label et nous continuerons \u00e0 faire progresser nos activit\u00e9s de recherche et de d\u00e9veloppement afin de fournir des solutions innovantes qui enthousiasment nos clients.<\/p>\n\n\n\n<p>Apprenez-en plus sur nos d\u00e9veloppements et contactez-nous d\u00e8s aujourd'hui pour savoir comment nous pouvons vous aider \u00e0 atteindre vos objectifs en mati\u00e8re de production et de technologie.<\/p>\n\n\n\n<figure class=\"wp-block-image aligncenter size-medium is-resized\"><a href=\"https:\/\/www.bescheinigung-forschungszulage.de\/bsfz-siegel\" target=\"_blank\" rel=\" noreferrer noopener nofollow\"><img loading=\"lazy\" decoding=\"async\" width=\"460\" height=\"460\" src=\"https:\/\/www.elha.de\/wp-content\/uploads\/BSFZ_Siegel_RGB_2x-460x460.png\" alt=\"\" class=\"wp-image-11622\" style=\"width:300px\" srcset=\"https:\/\/www.elha.de\/wp-content\/uploads\/BSFZ_Siegel_RGB_2x-460x460.png 460w, https:\/\/www.elha.de\/wp-content\/uploads\/BSFZ_Siegel_RGB_2x-940x940.png 940w, https:\/\/www.elha.de\/wp-content\/uploads\/BSFZ_Siegel_RGB_2x-150x150.png 150w, https:\/\/www.elha.de\/wp-content\/uploads\/BSFZ_Siegel_RGB_2x-1536x1536.png 1536w, https:\/\/www.elha.de\/wp-content\/uploads\/BSFZ_Siegel_RGB_2x.png 2000w\" sizes=\"auto, (max-width: 460px) 100vw, 460px\" \/><\/a><\/figure>","protected":false},"excerpt":{"rendered":"<p>\tToujours plus productif, toujours plus efficace... et meilleur que la concurrence ! Et la qualit\u00e9 de toute fa\u00e7on... Voil\u00e0 ce que nos clients attendent de nous.<br \/>\n\tDans le but de relever ces d\u00e9fis,<\/p>","protected":false},"author":1,"featured_media":7518,"parent":6616,"menu_order":4,"comment_status":"closed","ping_status":"closed","template":"","meta":{"footnotes":""},"class_list":["post-6703","page","type-page","status-publish","has-post-thumbnail","hentry"],"blocksy_meta":{"styles_descriptor":{"styles":{"desktop":"","tablet":"","mobile":""},"google_fonts":[],"version":6},"page_title_panel":"","has_hero_section":"default","003515be99ccb5dfbaf01d41e7042e5f":"","hero_section":"type-1","hero_elements":[{"id":"custom_title","enabled":true,"heading_tag":"h1","title":"Page d'accueil"},{"id":"custom_description","enabled":true,"description_visibility":{"desktop":true,"tablet":true,"mobile":false}},{"id":"custom_meta","enabled":false,"meta_elements":[{"id":"author","enabled":true,"label":"Von","has_author_avatar":"yes","avatar_size":25},{"id":"post_date","enabled":true,"label":"Am","date_format_source":"default","date_format":"M j, Y"},{"id":"comments","enabled":true}],"page_meta_elements":{"joined":true,"articles_count":true,"comments":true}},{"id":"breadcrumbs","enabled":false}],"d6fbc26d74331a24b9aab3855ebc039e":"","hero_alignment1":"CT_CSS_SKIP_RULE","hero_margin":40,"hero_alignment2":"center","hero_vertical_alignment":"center","cf1979b628a0cc1d55a6e176effee7e2":"","hero_structure":"narrow","05d47558587afba5a8fe68fd738b9fc0":"","page_title_bg_type":"featured_image","custom_hero_background":{"attachment_id":null},"parallax":{"desktop":false,"tablet":false,"mobile":false},"100ae0aacefef996ed879522389f4398":"","hero_height":"250px","pageTitleFont":{"family":"Default","variation":"Default","size":{"desktop":"32px","tablet":"30px","mobile":"25px"},"line-height":"CT_CSS_SKIP_RULE","letter-spacing":"CT_CSS_SKIP_RULE","text-transform":"CT_CSS_SKIP_RULE","text-decoration":"CT_CSS_SKIP_RULE"},"pageTitleFontColor":{"default":{"color":"CT_CSS_SKIP_RULEDEFAULT"}},"f8f91e580dfc7018003fcf865dc88616":"","pageMetaFont":{"family":"Default","variation":"n6","size":"12px","line-height":"1.3","letter-spacing":"CT_CSS_SKIP_RULE","text-transform":"uppercase","text-decoration":"CT_CSS_SKIP_RULE"},"pageMetaFontColor":{"default":{"color":"CT_CSS_SKIP_RULEDEFAULT"},"hover":{"color":"CT_CSS_SKIP_RULEDEFAULT"}},"page_meta_button_type_font_colors":{"default":{"color":"CT_CSS_SKIP_RULEDEFAULT"},"hover":{"color":"CT_CSS_SKIP_RULEDEFAULT"}},"page_meta_button_type_background_colors":{"default":{"color":"CT_CSS_SKIP_RULEDEFAULT"},"hover":{"color":"CT_CSS_SKIP_RULEDEFAULT"}},"c05ab2986c71494d1eaff4c3fc1bc62c":"","pageExcerptFont":{"family":"Default","variation":"Default","size":"CT_CSS_SKIP_RULE","line-height":"CT_CSS_SKIP_RULE","letter-spacing":"CT_CSS_SKIP_RULE","text-transform":"CT_CSS_SKIP_RULE","text-decoration":"CT_CSS_SKIP_RULE"},"pageExcerptColor":{"default":{"color":"CT_CSS_SKIP_RULEDEFAULT"}},"e06a915aa1bf5d4465a36b568373c318":"","breadcrumbsFont":{"family":"Default","variation":"n6","size":"12px","line-height":"CT_CSS_SKIP_RULE","letter-spacing":"CT_CSS_SKIP_RULE","text-transform":"uppercase","text-decoration":"CT_CSS_SKIP_RULE"},"breadcrumbsFontColor":{"default":{"color":"CT_CSS_SKIP_RULEDEFAULT"},"initial":{"color":"CT_CSS_SKIP_RULEDEFAULT"},"hover":{"color":"CT_CSS_SKIP_RULEDEFAULT"}},"12888b318aaa747fc38920c57a01292b":"","pageTitleOverlay":{"default":{"color":"CT_CSS_SKIP_RULE"}},"567b779463ded12a12630f4e3dda2aa1":"","pageTitleBackground":{"background_type":"color","background_pattern":"type-1","background_image":{"attachment_id":null,"x":0,"y":0},"gradient":"linear-gradient(135deg,rgba(6,147,227,1) 0%,rgb(155,81,224) 100%)","background_repeat":"no-repeat","background_size":"auto","background_attachment":"scroll","patternColor":{"default":{"color":"#e5e7ea"}},"overlayColor":{"default":{"color":"CT_CSS_SKIP_RULE"}},"backgroundColor":{"default":{"color":"var(--theme-palette-color-6)"}}},"8de8473437ecc4c33cc023ee8f459e06":"","pageTitlePadding":{"top":"50px","bottom":"50px","left":"auto","right":"auto","linked":true},"e9bd054138b2c50fa60c620dcc548d46":"","page_structure_type":"default","34d0bbcf15acaec91270a7aa4174ad3c":"","content_style_source":"inherit","content_style":"wide","vertical_spacing_source":"inherit","content_area_spacing":"both","background":{"background_type":"color","background_pattern":"type-1","background_image":{"attachment_id":null,"x":0,"y":0},"gradient":"linear-gradient(135deg,rgba(6,147,227,1) 0%,rgb(155,81,224) 100%)","background_repeat":"no-repeat","background_size":"auto","background_attachment":"scroll","patternColor":{"default":{"color":"#e5e7ea"}},"overlayColor":{"default":{"color":"CT_CSS_SKIP_RULE"}},"backgroundColor":{"default":{"color":"CT_CSS_SKIP_RULE"}}},"content_background":{"background_type":"color","background_pattern":"type-1","background_image":{"attachment_id":null,"x":0,"y":0},"gradient":"linear-gradient(135deg,rgba(6,147,227,1) 0%,rgb(155,81,224) 100%)","background_repeat":"no-repeat","background_size":"auto","background_attachment":"scroll","patternColor":{"default":{"color":"#e5e7ea"}},"overlayColor":{"default":{"color":"CT_CSS_SKIP_RULE"}},"backgroundColor":{"default":{"color":"var(--theme-palette-color-8)"}}},"content_boxed_shadow":{"inherit":false,"blur":18,"spread":-6,"v_offset":12,"h_offset":0,"inset":false,"enable":true,"color":{"color":"rgba(34, 56, 101, 0.04)"}},"boxed_content_spacing":{"desktop":{"top":"40px","bottom":"40px","left":"40px","right":"40px","linked":true},"tablet":{"top":"35px","bottom":"35px","left":"35px","right":"35px","linked":true},"mobile":{"top":"20px","bottom":"20px","left":"20px","right":"20px","linked":true}},"content_boxed_radius":{"top":"3px","bottom":"3px","left":"3px","right":"3px","linked":true},"c596bb92ac4c76364ba9ba7cdeb2ae79":"","disable_featured_image":"yes","disable_header":"no","disable_footer":"no"},"_links":{"self":[{"href":"https:\/\/www.elha.de\/fr\/wp-json\/wp\/v2\/pages\/6703","targetHints":{"allow":["GET"]}}],"collection":[{"href":"https:\/\/www.elha.de\/fr\/wp-json\/wp\/v2\/pages"}],"about":[{"href":"https:\/\/www.elha.de\/fr\/wp-json\/wp\/v2\/types\/page"}],"author":[{"embeddable":true,"href":"https:\/\/www.elha.de\/fr\/wp-json\/wp\/v2\/users\/1"}],"replies":[{"embeddable":true,"href":"https:\/\/www.elha.de\/fr\/wp-json\/wp\/v2\/comments?post=6703"}],"version-history":[{"count":0,"href":"https:\/\/www.elha.de\/fr\/wp-json\/wp\/v2\/pages\/6703\/revisions"}],"up":[{"embeddable":true,"href":"https:\/\/www.elha.de\/fr\/wp-json\/wp\/v2\/pages\/6616"}],"wp:featuredmedia":[{"embeddable":true,"href":"https:\/\/www.elha.de\/fr\/wp-json\/wp\/v2\/media\/7518"}],"wp:attachment":[{"href":"https:\/\/www.elha.de\/fr\/wp-json\/wp\/v2\/media?parent=6703"}],"curies":[{"name":"wp","href":"https:\/\/api.w.org\/{rel}","templated":true}]}}