{"id":8250,"date":"2018-05-03T09:31:06","date_gmt":"2018-05-03T07:31:06","guid":{"rendered":"https:\/\/www.elha.de\/?page_id=8250"},"modified":"2026-01-22T10:44:20","modified_gmt":"2026-01-22T09:44:20","slug":"idps-industrie-4-0","status":"publish","type":"page","link":"https:\/\/www.elha.de\/fr\/kompetenzen\/idps-industrie-4-0\/","title":{"rendered":"iDPS (Industrie 4.0)"},"content":{"rendered":"<p>\r\n\tiDPS est la solution syst\u00e8me de ELHA pour plus de productivit\u00e9, d'efficacit\u00e9 et de transparence.\r\n<\/p>\r\n\r\n<p>\r\n\tLes applications sont accessibles via des terminaux dans le r\u00e9seau de l'entreprise ou, avec l'accord du client, dans le monde entier via le\r\n\tELHA Machine Service Portal. Des interfaces pour les appareils mobiles peuvent \u00eatre propos\u00e9es en option.\r\n<\/p>\r\n\r\n<p>\r\n\tLa base des applications est un PC industriel int\u00e9gr\u00e9 \u00e0 la machine avec une base de donn\u00e9es,\r\n\tdes tableaux de bord et une solution innovante d'acc\u00e8s \u00e0 distance. Des compl\u00e9ments sp\u00e9cifiques aux clients sont possibles.\r\n<\/p>\r\n\r\n<div class=\"elha-youtube-lightbox\"><a href=\"https:\/\/www.youtube-nocookie.com\/embed\/ACUk09f5rFs\" class=\"lightbox\" rel=\"nofollow noopener\" target=\"_blank\"><img decoding=\"async\" src=\"https:\/\/www.elha.de\/wp-content\/uploads\/idps-video-vorschau.jpg\" alt=\"\"><\/a><span>Accepter la transmission des donn\u00e9es \u00e0 YouTube et lire la vid\u00e9o - <a href=\"https:\/\/www.elha.de\/fr\/declaration-de-protection-des-donnees\/\">D\u00e9claration de confidentialit\u00e9<\/a><\/span><\/div>\r\n\r\n\r\n\r\n<h2>Vos avantages<\/h2>\r\n\r\n<ul>\r\n\t<li>Tr\u00e8s grande transparence du processus \/ de la machine<\/li>\r\n\t<li>Nombreuses possibilit\u00e9s d'analyse \/ de diagnostic<\/li>\r\n\t<li>Informations de base pour la maintenance pr\u00e9ventive (Predictive Maintenance)<\/li>\r\n\t<li>Un service d'assistance rapide<\/li>\r\n\t<li>Les applications sont disponibles sur la machine, sur le r\u00e9seau de l'entreprise et dans le monde entier<\/li>\r\n\t<li>Acc\u00e8s \u00e0 distance s\u00e9curis\u00e9 et contr\u00f4lable par le client<\/li>\r\n<\/ul>\r\n\r\n\r\n\r\n\r\n\r\n\r\n\t<p class=\"mt-5 mb-5\">\r\n\t\t<img decoding=\"async\" src=\"https:\/\/www.elha.de\/wp-content\/uploads\/idps-packages.gif\">\r\n\t<\/p>\r\n\t<p class=\"text-center\">\r\n\t\t<a href=\"https:\/\/www.elha.de\/wp-content\/uploads\/iDPS-EN-2026.pdf\" class=\"btn btn-primary btn-lg mr-4\" target=\"_blank\" rel=\"noopener noreferrer\">T\u00e9l\u00e9charger le prospectus<\/a>\r\n\t\t<a href=\"https:\/\/www.elha.de\/fr\/contact\/\" class=\"btn btn-primary btn-lg\">Prendre contact<\/a>\r\n\t<\/p>","protected":false},"excerpt":{"rendered":"<p>\tiDPS est la solution syst\u00e8me de ELHA pour plus de productivit\u00e9, d'efficacit\u00e9 et de transparence.<\/p>\n<p>\tLes applications sont accessibles via des terminaux dans le r\u00e9seau de l'entreprise ou, avec l'accord du client, dans le monde entier via le r\u00e9seau Internet.<br \/>\n\tELHA<\/p>","protected":false},"author":1,"featured_media":8252,"parent":6616,"menu_order":5,"comment_status":"closed","ping_status":"closed","template":"","meta":{"footnotes":""},"class_list":["post-8250","page","type-page","status-publish","has-post-thumbnail","hentry"],"blocksy_meta":{"styles_descriptor":{"styles":{"desktop":"","tablet":"","mobile":""},"google_fonts":[],"version":6}},"_links":{"self":[{"href":"https:\/\/www.elha.de\/fr\/wp-json\/wp\/v2\/pages\/8250","targetHints":{"allow":["GET"]}}],"collection":[{"href":"https:\/\/www.elha.de\/fr\/wp-json\/wp\/v2\/pages"}],"about":[{"href":"https:\/\/www.elha.de\/fr\/wp-json\/wp\/v2\/types\/page"}],"author":[{"embeddable":true,"href":"https:\/\/www.elha.de\/fr\/wp-json\/wp\/v2\/users\/1"}],"replies":[{"embeddable":true,"href":"https:\/\/www.elha.de\/fr\/wp-json\/wp\/v2\/comments?post=8250"}],"version-history":[{"count":0,"href":"https:\/\/www.elha.de\/fr\/wp-json\/wp\/v2\/pages\/8250\/revisions"}],"up":[{"embeddable":true,"href":"https:\/\/www.elha.de\/fr\/wp-json\/wp\/v2\/pages\/6616"}],"wp:featuredmedia":[{"embeddable":true,"href":"https:\/\/www.elha.de\/fr\/wp-json\/wp\/v2\/media\/8252"}],"wp:attachment":[{"href":"https:\/\/www.elha.de\/fr\/wp-json\/wp\/v2\/media?parent=8250"}],"curies":[{"name":"wp","href":"https:\/\/api.w.org\/{rel}","templated":true}]}}