{"id":101,"date":"2015-11-08T20:26:06","date_gmt":"2015-11-08T19:26:06","guid":{"rendered":"https:\/\/www.elha.de\/?page_id=101"},"modified":"2025-07-30T15:08:13","modified_gmt":"2025-07-30T13:08:13","slug":"rami","status":"publish","type":"page","link":"https:\/\/www.elha.de\/it\/kompetenzen\/branchen\/","title":{"rendered":"Industrie"},"content":{"rendered":"<p class=\"mb-5\">\r\n\tGrazie a decenni di esperienza nella costruzione di macchine speciali e allo sforzo di aprire costantemente nuovi campi di attivit\u00e0 con idee innovative per la lavorazione produttiva, ELHA ha acquisito una competenza completa nelle soluzioni. Le soluzioni di produzione ELHA per i settori chiave offrono tecnologie personalizzate per numerosi settori in cui vengono utilizzate le macchine utensili. Scoprite qui in quali settori chiave ELHA \u00e8 di casa.\r\n<\/p>\r\n\r\n<div class=\"columns mb-5\">\r\n\t<div class=\"column col-6\">\r\n\t\t<img decoding=\"async\" src=\"https:\/\/www.elha.de\/wp-content\/uploads\/branchen-automotive.jpg\" alt=\"Automotive\">\r\n\t<\/div>\r\n\r\n\t<div class=\"column col-6\">\r\n\t\t<h2>Automotive<\/h2>\r\n\t\t<p>\r\n\t\t\tELHA offre soluzioni di produzione altamente produttive basate su moduli di produzione FM per OEM e fornitori dell'industria automobilistica. Si tratta di centri di trasferimento senza cambio utensile, con tempi improduttivi minimi e processi di lavorazione efficienti grazie ad azionamenti ottimizzati per la produzione di massa di componenti automobilistici e materiali di ogni tipo.\r\n\t\t<\/p>\r\n\t<\/div>\r\n<\/div>\r\n\r\n\r\n\r\n<div class=\"columns mb-5\">\r\n\t<div class=\"column col-6\">\r\n\t\t<img decoding=\"async\" src=\"https:\/\/www.elha.de\/wp-content\/uploads\/branchen-energie.jpg\" alt=\"Energia\">\r\n\t<\/div>\r\n\r\n\t<div class=\"column col-6\">\r\n\t\t<h2>Energia<\/h2>\r\n\t\t<p>\r\n\t\t\tPezzi di grandi dimensioni, alta precisione, efficienza e flessibilit\u00e0 nella lavorazione meccanica. Questi sono gli elevati requisiti richiesti alla tecnologia delle macchine in quasi tutti i settori produttivi della tecnologia energetica. ELHA offre tecnologie su misura per queste sfide sotto forma di centri di tornitura verticali per pezzi di grandi dimensioni, centri di lavorazione speciali e macchine speciali.\r\n\t\t<\/p>\r\n\t<\/div>\r\n<\/div>\r\n\r\n\r\n\r\n<div class=\"columns mb-5\">\r\n\t<div class=\"column col-6\">\r\n\t\t<img decoding=\"async\" src=\"https:\/\/www.elha.de\/wp-content\/uploads\/branchen-grosswaelzlager-460x307.jpg\" alt=\"Cuscinetti di rotazione\">\r\n\t<\/div>\r\n\r\n\t<div class=\"column col-6\">\r\n\t\t<h2>Cuscinetti di rotazione \/ ralle di rotazione<\/h2>\r\n\t\t<p>\r\n\t\t\tLa massima precisione di lavorazione e la qualit\u00e0 della superficie nella tornitura delle superfici di scorrimento dei corpi volventi, in particolare, nonch\u00e9 la foratura e la filettatura potenti e dinamiche, sono le sfide pi\u00f9 grandi nella produzione di cuscinetti volventi di grandi dimensioni. Approfittate della pluriennale esperienza di ELHA in questo campo e delle vantaggiose soluzioni produttive che ELHA pu\u00f2 offrire.\r\n\t\t<\/p>\r\n\t<\/div>\r\n<\/div>\r\n\r\n\r\n\r\n<div class=\"columns mb-5\">\r\n\t<div class=\"column col-6\">\r\n\t\t<img decoding=\"async\" src=\"https:\/\/www.elha.de\/wp-content\/uploads\/infrastructure-rails.jpg\" alt=\"Infrastrutture\">\r\n\t<\/div>\r\n\r\n\t<div class=\"column col-6\">\r\n\t\t<h2>Infrastrutture<\/h2>\r\n\t\t<p>\r\n\t\t\tUnit\u00e0 di lavoro robuste, mandrini di fresatura potenti e lunghe distanze di traslazione: questi sono gli elementi fondamentali della nostra tecnologia di macchine per le lavorazioni ferroviarie pi\u00f9 impegnative.\r\n\t\t\tELHA sviluppa soluzioni personalizzate che soddisfano gli elevati requisiti in questo settore.\r\n\t\t\tInoltre, ELHA \u00e8 in grado di offrire soluzioni per aumentare la produttivit\u00e0 dei componenti associati, come i tacchetti di supporto.\r\n\t\t<\/p>\r\n\t<\/div>\r\n<\/div>\r\n\r\n\r\n<div class=\"columns mb-5\">\r\n\t<div class=\"column col-6\">\r\n\t\t<img decoding=\"async\" src=\"https:\/\/www.elha.de\/wp-content\/uploads\/defence2.png\" alt=\"Immagine simbolica per applicazioni di produzione militare: Carro armato con marina, aviazione e forze di terra - \u00e8 sinonimo di componenti complessi, materiali ad alta resistenza e lavorazioni affidabili nella tecnologia della difesa.\">\r\n\t<\/div>\r\n\r\n\t<div class=\"column col-6\">\r\n\t\t<h2>Difesa<\/h2>\r\n\t\t<p>\r\n\t\t\tMateriali ad alta resistenza, processi soggetti a documentazione obbligatoria e massima sicurezza dei processi: la produzione nel settore della tecnologia militare pone requisiti particolari. ELHA sviluppa soluzioni meccaniche precise e affidabili per componenti di piccole e grandi dimensioni. Che si tratti di alloggiamenti, componenti del telaio o interfacce per sensori, le nostre macchine garantiscono qualit\u00e0, tracciabilit\u00e0 ed efficacia, anche con lotti di dimensioni variabili. Affidatevi alla nostra pluriennale esperienza e alla nostra affidabile tecnologia di lavorazione Made in Germany.\r\n\t\t<\/p>\r\n\t<\/div>\r\n<\/div>\r\n\r\n\r\n<div class=\"columns mb-5\">\r\n\t<div class=\"column col-6\">\r\n\t\t<img decoding=\"async\" src=\"https:\/\/www.elha.de\/wp-content\/uploads\/branchen-aerospace.jpg\" alt=\"Aerospaziale\">\r\n\t<\/div>\r\n\r\n\t<div class=\"column col-6\">\r\n\t\t<h2>Aerospaziale<\/h2>\r\n\t\t<p>\r\n\t\t\tElevata stabilit\u00e0 della macchina, mandrini di fresatura potenti e stabili per materiali difficili da tagliare come il titanio e precisione assoluta caratterizzano la maggior parte delle applicazioni dell'industria aerospaziale. ELHA vi offre soluzioni vantaggiose per queste applicazioni sotto forma di grandi centri di tornitura verticali e centri di lavorazione speciali con prestazioni elevate e massima affidabilit\u00e0.\r\n\t\t<\/p>\r\n\t<\/div>\r\n<\/div>\r\n\r\n\r\n<div class=\"columns mb-5\">\r\n\t<div class=\"column col-6\">\r\n\t\t<img decoding=\"async\" src=\"https:\/\/www.elha.de\/wp-content\/uploads\/branchen-maschinenbau.jpg\" alt=\"Ingegneria meccanica\">\r\n\t<\/div>\r\n\r\n\t<div class=\"column col-6\">\r\n\t\t<h2>Ingegneria meccanica<\/h2>\r\n\t\t<p>\r\n\t\t\tNell'ampia gamma di applicazioni dell'ingegneria meccanica, ci sono sempre requisiti per la produzione di lavorazioni che non possono essere realizzati tecnologicamente o economicamente con soluzioni standard. ELHA \u00e8 il partner giusto per voi, con decenni di esperienza nello sviluppo e nella costruzione di tutti i tipi di macchine speciali con tecnologie innovative, massima affidabilit\u00e0 e qualit\u00e0 made in Germany. La gamma spazia da grandi centri di tornitura\/fresatura verticali e centri di lavoro speciali a tavole rotanti\/planetarie e altre macchine speciali.\r\n\t\t<\/p>\r\n\t<\/div>\r\n<\/div>","protected":false},"excerpt":{"rendered":"<p>\tGrazie all'esperienza pluridecennale nella costruzione di macchine speciali e allo sforzo di aprire costantemente nuovi campi di attivit\u00e0 con idee innovative per la lavorazione produttiva, ELHA ha sviluppato una<\/p>","protected":false},"author":1,"featured_media":6593,"parent":6616,"menu_order":1,"comment_status":"closed","ping_status":"closed","template":"","meta":{"footnotes":""},"class_list":["post-101","page","type-page","status-publish","has-post-thumbnail","hentry"],"blocksy_meta":{"styles_descriptor":{"styles":{"desktop":"","tablet":"","mobile":""},"google_fonts":[],"version":6},"page_title_panel":"","has_hero_section":"default","b7c9dadb909e85cc64920ea2b17f3992":"","hero_section":"type-1","hero_elements":[{"id":"custom_title","enabled":true,"heading_tag":"h1","title":"Pagina iniziale"},{"id":"custom_description","enabled":true,"description_visibility":{"desktop":true,"tablet":true,"mobile":false}},{"id":"custom_meta","enabled":false,"meta_elements":[{"id":"author","enabled":true,"label":"Von","has_author_avatar":"yes","avatar_size":25},{"id":"post_date","enabled":true,"label":"Am","date_format_source":"default","date_format":"M j, Y"},{"id":"comments","enabled":true}],"page_meta_elements":{"joined":true,"articles_count":true,"comments":true}},{"id":"breadcrumbs","enabled":false}],"c6bb72f75c11df6691cfb7bef04e05b0":"","hero_alignment1":"CT_CSS_SKIP_RULE","hero_margin":40,"hero_alignment2":"center","hero_vertical_alignment":"center","1c2619b916c4ca4349c29532d10eee46":"","hero_structure":"narrow","9becdf007a86588afe645449f08e16a8":"","page_title_bg_type":"featured_image","custom_hero_background":{"attachment_id":null},"parallax":{"desktop":false,"tablet":false,"mobile":false},"1cfb5f3d26de05ac8942784cae29e7cc":"","hero_height":"250px","pageTitleFont":{"family":"Default","variation":"Default","size":{"desktop":"32px","tablet":"30px","mobile":"25px"},"line-height":"CT_CSS_SKIP_RULE","letter-spacing":"CT_CSS_SKIP_RULE","text-transform":"CT_CSS_SKIP_RULE","text-decoration":"CT_CSS_SKIP_RULE"},"pageTitleFontColor":{"default":{"color":"CT_CSS_SKIP_RULEDEFAULT"}},"da0f20432b252a6a4ff64e490f4ca4b9":"","pageMetaFont":{"family":"Default","variation":"n6","size":"12px","line-height":"1.3","letter-spacing":"CT_CSS_SKIP_RULE","text-transform":"uppercase","text-decoration":"CT_CSS_SKIP_RULE"},"pageMetaFontColor":{"default":{"color":"CT_CSS_SKIP_RULEDEFAULT"},"hover":{"color":"CT_CSS_SKIP_RULEDEFAULT"}},"page_meta_button_type_font_colors":{"default":{"color":"CT_CSS_SKIP_RULEDEFAULT"},"hover":{"color":"CT_CSS_SKIP_RULEDEFAULT"}},"page_meta_button_type_background_colors":{"default":{"color":"CT_CSS_SKIP_RULEDEFAULT"},"hover":{"color":"CT_CSS_SKIP_RULEDEFAULT"}},"3484ebcafb880545cb8a7c4e58bd07fd":"","pageExcerptFont":{"family":"Default","variation":"Default","size":"CT_CSS_SKIP_RULE","line-height":"CT_CSS_SKIP_RULE","letter-spacing":"CT_CSS_SKIP_RULE","text-transform":"CT_CSS_SKIP_RULE","text-decoration":"CT_CSS_SKIP_RULE"},"pageExcerptColor":{"default":{"color":"CT_CSS_SKIP_RULEDEFAULT"}},"dc7ef1e4e1bb474119f5ae39513c2afd":"","breadcrumbsFont":{"family":"Default","variation":"n6","size":"12px","line-height":"CT_CSS_SKIP_RULE","letter-spacing":"CT_CSS_SKIP_RULE","text-transform":"uppercase","text-decoration":"CT_CSS_SKIP_RULE"},"breadcrumbsFontColor":{"default":{"color":"CT_CSS_SKIP_RULEDEFAULT"},"initial":{"color":"CT_CSS_SKIP_RULEDEFAULT"},"hover":{"color":"CT_CSS_SKIP_RULEDEFAULT"}},"cda927a8b2f46d54a9da858387a93808":"","pageTitleOverlay":{"default":{"color":"CT_CSS_SKIP_RULE"}},"88cda62591c15d0960491b933e90d8bf":"","pageTitleBackground":{"background_type":"color","background_pattern":"type-1","background_image":{"attachment_id":null,"x":0,"y":0},"gradient":"linear-gradient(135deg,rgba(6,147,227,1) 0%,rgb(155,81,224) 100%)","background_repeat":"no-repeat","background_size":"auto","background_attachment":"scroll","patternColor":{"default":{"color":"#e5e7ea"}},"overlayColor":{"default":{"color":"CT_CSS_SKIP_RULE"}},"backgroundColor":{"default":{"color":"var(--theme-palette-color-6)"}}},"9cca3867d58fe6ad967e330affe1dc9a":"","pageTitlePadding":{"top":"50px","bottom":"50px","left":"auto","right":"auto","linked":true},"f5ae910180e3ae52fb89f368b0ecbac3":"","page_structure_type":"default","7f40a5bc0490adf98aa0f48a0b88a882":"","content_style_source":"inherit","content_style":"wide","vertical_spacing_source":"inherit","content_area_spacing":"both","background":{"background_type":"color","background_pattern":"type-1","background_image":{"attachment_id":null,"x":0,"y":0},"gradient":"linear-gradient(135deg,rgba(6,147,227,1) 0%,rgb(155,81,224) 100%)","background_repeat":"no-repeat","background_size":"auto","background_attachment":"scroll","patternColor":{"default":{"color":"#e5e7ea"}},"overlayColor":{"default":{"color":"CT_CSS_SKIP_RULE"}},"backgroundColor":{"default":{"color":"CT_CSS_SKIP_RULE"}}},"content_background":{"background_type":"color","background_pattern":"type-1","background_image":{"attachment_id":null,"x":0,"y":0},"gradient":"linear-gradient(135deg,rgba(6,147,227,1) 0%,rgb(155,81,224) 100%)","background_repeat":"no-repeat","background_size":"auto","background_attachment":"scroll","patternColor":{"default":{"color":"#e5e7ea"}},"overlayColor":{"default":{"color":"CT_CSS_SKIP_RULE"}},"backgroundColor":{"default":{"color":"var(--theme-palette-color-8)"}}},"content_boxed_shadow":{"inherit":false,"blur":18,"spread":-6,"v_offset":12,"h_offset":0,"inset":false,"enable":true,"color":{"color":"rgba(34, 56, 101, 0.04)"}},"boxed_content_spacing":{"desktop":{"top":"40px","bottom":"40px","left":"40px","right":"40px","linked":true},"tablet":{"top":"35px","bottom":"35px","left":"35px","right":"35px","linked":true},"mobile":{"top":"20px","bottom":"20px","left":"20px","right":"20px","linked":true}},"content_boxed_radius":{"top":"3px","bottom":"3px","left":"3px","right":"3px","linked":true},"34a482aed54dd7783ad2ba88f0007270":"","disable_featured_image":"yes","disable_header":"no","disable_footer":"no"},"_links":{"self":[{"href":"https:\/\/www.elha.de\/it\/wp-json\/wp\/v2\/pages\/101","targetHints":{"allow":["GET"]}}],"collection":[{"href":"https:\/\/www.elha.de\/it\/wp-json\/wp\/v2\/pages"}],"about":[{"href":"https:\/\/www.elha.de\/it\/wp-json\/wp\/v2\/types\/page"}],"author":[{"embeddable":true,"href":"https:\/\/www.elha.de\/it\/wp-json\/wp\/v2\/users\/1"}],"replies":[{"embeddable":true,"href":"https:\/\/www.elha.de\/it\/wp-json\/wp\/v2\/comments?post=101"}],"version-history":[{"count":0,"href":"https:\/\/www.elha.de\/it\/wp-json\/wp\/v2\/pages\/101\/revisions"}],"up":[{"embeddable":true,"href":"https:\/\/www.elha.de\/it\/wp-json\/wp\/v2\/pages\/6616"}],"wp:featuredmedia":[{"embeddable":true,"href":"https:\/\/www.elha.de\/it\/wp-json\/wp\/v2\/media\/6593"}],"wp:attachment":[{"href":"https:\/\/www.elha.de\/it\/wp-json\/wp\/v2\/media?parent=101"}],"curies":[{"name":"wp","href":"https:\/\/api.w.org\/{rel}","templated":true}]}}