{"id":12074,"date":"2024-06-04T12:17:23","date_gmt":"2024-06-04T10:17:23","guid":{"rendered":"https:\/\/www.elha.de\/?page_id=12074"},"modified":"2025-05-23T08:57:26","modified_gmt":"2025-05-23T06:57:26","slug":"3dmd","status":"publish","type":"page","link":"https:\/\/www.elha.de\/it\/maschinen\/parallelkinematik-module\/3dmd\/","title":{"rendered":"Produzione additiva con moduli a cinematica parallela: processo 3DMD con lavorazione di pezzi di grandi dimensioni"},"content":{"rendered":"<h2 class=\"wp-block-heading\">Che cos'\u00e8 il processo 3DMD?<\/h2>\n\n\n\n<p>La deposizione dinamica di materiale (3DMD) combina la saldatura a deposizione laser di polveri con la produzione additiva di componenti metallici. In questo processo, un laser fonde il materiale, che viene poi applicato a un substrato. Questo metodo accelera la produzione, riduce il consumo energetico e minimizza la distorsione.<\/p>\n\n\n\n<h2 class=\"wp-block-heading\">La sfida delle dimensioni nella produzione additiva<\/h2>\n\n\n\n<p>La produzione additiva ha un limite notevole: mentre produce pezzi piccoli con elevata precisione, i componenti di grandi dimensioni spesso mancano di dettagli e qualit\u00e0. Il modulo ibrido a cinematica parallela, dotato di un processo DED (Directed Energy Deposition) o 3DMD, risolve questo problema e consente la produzione economica di componenti di grandi dimensioni senza rinunciare alla precisione.<\/p>\n\n\n\n<h2 class=\"wp-block-heading\">Versatilit\u00e0 e applicazioni della 3DMD<\/h2>\n\n\n\n<p>In origine, il processo 3DMD era utilizzato principalmente per il rivestimento di componenti. Tuttavia, la sua capacit\u00e0 di lavorare leghe e metalli diversi attraverso un'alimentazione di polvere basata su un ugello lo rende estremamente versatile. Le applicazioni comprendono:<\/p>\n\n\n\n<ul class=\"wp-block-list\">\n<li>Rivestimenti protettivi che prolungano la vita utile dei componenti<\/li>\n\n\n\n<li>Trattamenti superficiali specializzati<\/li>\n\n\n\n<li>Caratteristiche di rinforzo per una costruzione leggera che consente di risparmiare sui costi dei materiali<\/li>\n\n\n\n<li>Riparazione di componenti e produzione additiva tradizionale<\/li>\n<\/ul>\n\n\n\n<div class=\"wp-block-media-text is-stacked-on-mobile\" style=\"grid-template-columns:48% auto\"><figure class=\"wp-block-media-text__media\"><img loading=\"lazy\" decoding=\"async\" width=\"467\" height=\"388\" src=\"https:\/\/www.elha.de\/wp-content\/uploads\/Ponticon-extruder-detail-not-installed.png\" alt=\"\" class=\"wp-image-12281 size-full\" srcset=\"https:\/\/www.elha.de\/wp-content\/uploads\/Ponticon-extruder-detail-not-installed.png 467w, https:\/\/www.elha.de\/wp-content\/uploads\/Ponticon-extruder-detail-not-installed-460x382.png 460w\" sizes=\"auto, (max-width: 467px) 100vw, 467px\" \/><\/figure><div class=\"wp-block-media-text__content\">\n<h2 class=\"wp-block-heading\">Specifiche della macchina per prestazioni 3DMD ottimali<\/h2>\n\n\n\n<p>L'implementazione del processo 3DMD richiede macchine che consentano sequenze rapide e massima precisione, offrendo al contempo elevata rigidit\u00e0 e capacit\u00e0 dinamiche. Il design del modulo a cinematica parallela consente elevate velocit\u00e0 di superficie fino a 1.000 cm\u00b2\/min e velocit\u00e0 di volume di costruzione fino a 600 cm\u00b3\/h. \u00c8 stato specificamente progettato per mantenere una velocit\u00e0 costante in tutte le direzioni e orientamenti, per rimanere il pi\u00f9 vicino possibile allo stampo finale e sostenere una produzione efficiente.<\/p>\n<\/div><\/div>\n\n\n\n<div style=\"height:50px\" aria-hidden=\"true\" class=\"wp-block-spacer\"><\/div>\n\n\n\n<h2 class=\"wp-block-heading\">Produzione di precisione di pezzi di grandi dimensioni: L'integrazione del 3DMD nel modulo di cinematica parallela (PKM)<\/h2>\n\n\n\n<p>ELHA-MASCHINENBAU insieme a <a href=\"https:\/\/www.cognibotics.com\/en\" rel=\"nofollow noopener\" target=\"_blank\">Cognibotics <\/a>e il partner tecnologico <a href=\"https:\/\/ponticon.de\/en\/\" rel=\"nofollow noopener\" target=\"_blank\">Ponticon<\/a> ha integrato con successo il processo di deposizione dinamica di materiale (3DMD) nel PKM. Questa collaborazione ha dato vita a un sistema versatile, in grado di gestire la produzione e la lavorazione di componenti complessi realizzati con un'ampia gamma di leghe e metalli elementari.&nbsp;<\/p>\n\n\n\n<ul class=\"wp-block-list\">\n<li>Il modulo ibrido di cinematica parallela gestisce sia la produzione che la post-elaborazione di pezzi complessi in leghe e metalli diversi in un'unica operazione di serraggio. Questo include:\n<ul class=\"wp-block-list\">\n<li>Produzione additiva<\/li>\n\n\n\n<li>Rivestimento<\/li>\n\n\n\n<li>Riparazione<\/li>\n\n\n\n<li>Post-lavorazione e lavorazione nello stesso serraggio<\/li>\n<\/ul>\n<\/li>\n\n\n\n<li><strong>Produzione su larga scala<\/strong>Supporta la produzione di componenti di grandi dimensioni in un'area di lavoro fino a 3 x 2 metri nelle dimensioni Y x Z, con un'ampia area nella dimensione X, garantendo risultati precisi e strutture quasi a forma di rete.<\/li>\n\n\n\n<li><strong>Dinamica eccezionale<\/strong>Raggiunge accelerazioni massime di 2,5 G, aumentando in modo significativo la velocit\u00e0 di produzione e le capacit\u00e0 operative, soprattutto per i cambi di direzione e la precisione dei contorni.<\/li>\n\n\n\n<li><strong>Produzione di microstrutture<\/strong>Crea microstrutture 3D con uno spessore minimo di 500 \u03bcm e una rugosit\u00e0 superficiale di circa 20 \u03bcm.<\/li>\n<\/ul>\n\n\n\n<div class=\"elha-youtube-lightbox\"><a href=\"https:\/\/www.youtube-nocookie.com\/embed\/D-Etv-_tdkg\" class=\"lightbox\" rel=\"nofollow noopener\" target=\"_blank\"><img decoding=\"async\" src=\"https:\/\/www.elha.de\/wp-content\/uploads\/Thumbnail-Additive-Fertigung.jpg\" alt=\"\"><\/a><span>Accettare la trasmissione dei dati a YouTube e riprodurre il video. <a href=\"https:\/\/www.elha.de\/it\/dichiarazione-sulla-protezione-dei-dati\/\">Informativa sulla privacy<\/a><\/span><\/div>\n\n\n\n<div style=\"height:50px\" aria-hidden=\"true\" class=\"wp-block-spacer\"><\/div>\n\n\n\n<h2 class=\"wp-block-heading\">Produzione additiva ibrida mobile come soluzione chiavi in mano<\/h2>\n\n\n\n<p>Inoltre, una versione pi\u00f9 compatta del PKM \u00e8 stata progettata per entrare in un container standard da 40 piedi e offre un'area di lavoro di 1,2 x 1,2 x 2,5 metri. Questo design consente un facile trasporto e supporta la produzione additiva e la lavorazione in un'unica struttura. Offre la versatilit\u00e0 necessaria per gestire sia la produzione che le riparazioni, sia interne che in loco. Inoltre, un sistema di calibrazione avanzato ripristina rapidamente la precisione dopo il trasporto, garantendo un'accuratezza costante in qualsiasi ambiente.<\/p>\n\n\n\n<div class=\"elha-youtube-lightbox\"><a href=\"https:\/\/www.youtube-nocookie.com\/embed\/xCw57h0mDZU\" class=\"lightbox\" rel=\"nofollow noopener\" target=\"_blank\"><img decoding=\"async\" src=\"https:\/\/www.elha.de\/wp-content\/uploads\/Screenshot-2024-11-06-143623.png\" alt=\"\"><\/a><span>Accettare la trasmissione dei dati a YouTube e riprodurre il video. <a href=\"https:\/\/www.elha.de\/it\/dichiarazione-sulla-protezione-dei-dati\/\">Informativa sulla privacy<\/a><\/span><\/div>\n\n\n\n<div style=\"height:50px\" aria-hidden=\"true\" class=\"wp-block-spacer\"><\/div>\n\n\n\n<div class=\"wp-block-group is-layout-constrained wp-block-group-is-layout-constrained\">\n<div class=\"wp-block-group is-layout-constrained wp-block-group-is-layout-constrained\">\n<div class=\"wp-block-group is-layout-constrained wp-block-group-is-layout-constrained\">\n<div class=\"wp-block-group is-layout-constrained wp-block-group-is-layout-constrained\">\n<div class=\"wp-block-group is-layout-constrained wp-block-group-is-layout-constrained\">\n<div class=\"wp-block-group is-layout-constrained wp-block-group-is-layout-constrained\">\n<h2 class=\"wp-block-heading\">Informazioni generali sul processo 3DMD<\/h2>\n<\/div>\n\n\n\n<p>In collaborazione con Ponticon, ci siamo concentrati sul cosiddetto processo 3DMD che, in combinazione con il modulo di cinematica parallela, garantisce ritmi di produzione estremamente rapidi e precisi. L'area di lavoro del PKM, che misura fino a 4.000 x 3.000 x 2.000 mm e offre la possibilit\u00e0 di lavorare a 3 e 5 assi, apre nuove dimensioni alla produzione additiva.<\/p>\n<\/div>\n\n\n\n<p><strong>Veloce<\/strong><br>La cinematica altamente dinamica della PKM consente di ottenere produzioni di superficie fino a 1.000 cm\u00b2\/min e tassi di produzione fino a 600 cm\u00b3\/h.<\/p>\n<\/div>\n\n\n\n<p><strong>Preciso<\/strong><br>La cinematica altamente dinamica consente produzioni di superficie fino a 1.000 cm\u00b2\/min e tassi di accumulo fino a 600 cm\u00b3\/h.<\/p>\n<\/div>\n\n\n\n<p><strong>Flessibile<\/strong><br>Combinazione di diversi sistemi di leghe e metalli elementari con alimentazione della polvere tramite ugello.<\/p>\n<\/div>\n\n\n\n<figure class=\"wp-block-image size-large is-resized\"><img loading=\"lazy\" decoding=\"async\" width=\"940\" height=\"203\" src=\"https:\/\/www.elha.de\/wp-content\/uploads\/ELHAxPonticon-banner-940x203.png\" alt=\"\" class=\"wp-image-12060\" style=\"width:940px;height:auto\" srcset=\"https:\/\/www.elha.de\/wp-content\/uploads\/ELHAxPonticon-banner-940x203.png 940w, https:\/\/www.elha.de\/wp-content\/uploads\/ELHAxPonticon-banner-460x100.png 460w, https:\/\/www.elha.de\/wp-content\/uploads\/ELHAxPonticon-banner.png 980w\" sizes=\"auto, (max-width: 940px) 100vw, 940px\" \/><\/figure>\n<\/div>\n\n\n\n<div class=\"wp-block-columns is-layout-flex wp-container-core-columns-is-layout-28f84493 wp-block-columns-is-layout-flex\">\n<div class=\"wp-block-column is-layout-flow wp-block-column-is-layout-flow\">\n<h3 class=\"wp-block-heading\">Rivestimento laser<\/h3>\n\n\n\n<figure class=\"wp-block-image size-large\"><img loading=\"lazy\" decoding=\"async\" width=\"940\" height=\"529\" src=\"https:\/\/www.elha.de\/wp-content\/uploads\/3dmd-laser-cladding-940x529.png\" alt=\"\" class=\"wp-image-12053\" srcset=\"https:\/\/www.elha.de\/wp-content\/uploads\/3dmd-laser-cladding-940x529.png 940w, https:\/\/www.elha.de\/wp-content\/uploads\/3dmd-laser-cladding-460x259.png 460w, https:\/\/www.elha.de\/wp-content\/uploads\/3dmd-laser-cladding.png 1280w\" sizes=\"auto, (max-width: 940px) 100vw, 940px\" \/><\/figure>\n<\/div>\n\n\n\n<div class=\"wp-block-column is-layout-flow wp-block-column-is-layout-flow\">\n<h3 class=\"wp-block-heading\">Rivestimento laser<\/h3>\n\n\n\n<figure class=\"wp-block-image size-large\"><img loading=\"lazy\" decoding=\"async\" width=\"940\" height=\"516\" src=\"https:\/\/www.elha.de\/wp-content\/uploads\/3dmd-laser-coating-940x516.jpg\" alt=\"\" class=\"wp-image-12054\" srcset=\"https:\/\/www.elha.de\/wp-content\/uploads\/3dmd-laser-coating-940x516.jpg 940w, https:\/\/www.elha.de\/wp-content\/uploads\/3dmd-laser-coating-460x252.jpg 460w, https:\/\/www.elha.de\/wp-content\/uploads\/3dmd-laser-coating.jpg 1280w\" sizes=\"auto, (max-width: 940px) 100vw, 940px\" \/><\/figure>\n<\/div>\n<\/div>\n\n\n\n<div style=\"height:50px\" aria-hidden=\"true\" class=\"wp-block-spacer\"><\/div>\n\n\n\n<hr class=\"wp-block-separator has-alpha-channel-opacity is-style-wide\"\/>\n\n\n\n<div class=\"wp-block-columns is-layout-flex wp-container-core-columns-is-layout-28f84493 wp-block-columns-is-layout-flex\">\n<div class=\"wp-block-column is-layout-flow wp-block-column-is-layout-flow\" style=\"flex-basis:70%\">\n<p><strong>Per saperne di pi\u00f9 sul PKM:<\/strong><br>Fare clic qui per la pagina di riepilogo<\/p>\n\n\n\n<div class=\"wp-block-buttons is-layout-flex wp-block-buttons-is-layout-flex\">\n<div class=\"wp-block-button\"><a class=\"wp-block-button__link wp-element-button\" href=\"https:\/\/www.elha.de\/it\/macchine\/moduli-di-cinematica-parallela\/\">Per saperne di pi\u00f9<\/a><\/div>\n<\/div>\n<\/div>\n\n\n\n<div class=\"wp-block-column is-layout-flow wp-block-column-is-layout-flow\" style=\"flex-basis:66.66%\">\n<figure class=\"wp-block-image size-full is-resized has-custom-border\"><img loading=\"lazy\" decoding=\"async\" width=\"915\" height=\"600\" src=\"https:\/\/www.elha.de\/wp-content\/uploads\/ELHA-PKM-Frontansicht-1.jpg\" alt=\"\" class=\"wp-image-11573\" style=\"border-style:none;border-width:0px;border-radius:0px;width:278px;height:auto\" srcset=\"https:\/\/www.elha.de\/wp-content\/uploads\/ELHA-PKM-Frontansicht-1.jpg 915w, https:\/\/www.elha.de\/wp-content\/uploads\/ELHA-PKM-Frontansicht-1-460x302.jpg 460w\" sizes=\"auto, (max-width: 915px) 100vw, 915px\" \/><\/figure>\n<\/div>\n<\/div>\n\n\n\n<div class=\"wp-block-group is-layout-constrained wp-block-group-is-layout-constrained\">\n<div class=\"wp-block-columns is-layout-flex wp-container-core-columns-is-layout-28f84493 wp-block-columns-is-layout-flex\">\n<div class=\"wp-block-column is-layout-flow wp-block-column-is-layout-flow\" style=\"flex-basis:50%\">\n<p><strong>Contattateci:<\/strong><br>Volete saperne di pi\u00f9 sul PKM?<\/p>\n\n\n\n<div class=\"wp-block-buttons is-layout-flex wp-block-buttons-is-layout-flex\">\n<div class=\"wp-block-button\"><a class=\"wp-block-button__link wp-element-button\" href=\"https:\/\/www.elha.de\/it\/contatto\/\">Al modulo<\/a><\/div>\n<\/div>\n<\/div>\n\n\n\n<div class=\"wp-block-column is-layout-flow wp-block-column-is-layout-flow\" style=\"flex-basis:33.33%\">\n<figure class=\"wp-block-image size-full is-resized\"><img loading=\"lazy\" decoding=\"async\" width=\"940\" height=\"627\" src=\"https:\/\/www.elha.de\/wp-content\/uploads\/elha-maschinenbau-werk2.jpg\" alt=\"\" class=\"wp-image-981\" style=\"width:281px;height:auto\" srcset=\"https:\/\/www.elha.de\/wp-content\/uploads\/elha-maschinenbau-werk2.jpg 940w, https:\/\/www.elha.de\/wp-content\/uploads\/elha-maschinenbau-werk2-460x307.jpg 460w\" sizes=\"auto, (max-width: 940px) 100vw, 940px\" \/><\/figure>\n<\/div>\n<\/div>\n<\/div>","protected":false},"excerpt":{"rendered":"<p>Che cos'\u00e8 il processo 3DMD?<\/p>\n<p>La deposizione dinamica di materiale (3DMD) combina la saldatura a deposizione laser di polveri con la produzione additiva di componenti metallici. In questo processo, un laser fonde il materiale,<\/p>","protected":false},"author":26,"featured_media":12054,"parent":11617,"menu_order":2,"comment_status":"closed","ping_status":"closed","template":"","meta":{"footnotes":""},"class_list":["post-12074","page","type-page","status-publish","has-post-thumbnail","hentry"],"blocksy_meta":[],"_links":{"self":[{"href":"https:\/\/www.elha.de\/it\/wp-json\/wp\/v2\/pages\/12074","targetHints":{"allow":["GET"]}}],"collection":[{"href":"https:\/\/www.elha.de\/it\/wp-json\/wp\/v2\/pages"}],"about":[{"href":"https:\/\/www.elha.de\/it\/wp-json\/wp\/v2\/types\/page"}],"author":[{"embeddable":true,"href":"https:\/\/www.elha.de\/it\/wp-json\/wp\/v2\/users\/26"}],"replies":[{"embeddable":true,"href":"https:\/\/www.elha.de\/it\/wp-json\/wp\/v2\/comments?post=12074"}],"version-history":[{"count":0,"href":"https:\/\/www.elha.de\/it\/wp-json\/wp\/v2\/pages\/12074\/revisions"}],"up":[{"embeddable":true,"href":"https:\/\/www.elha.de\/it\/wp-json\/wp\/v2\/pages\/11617"}],"wp:featuredmedia":[{"embeddable":true,"href":"https:\/\/www.elha.de\/it\/wp-json\/wp\/v2\/media\/12054"}],"wp:attachment":[{"href":"https:\/\/www.elha.de\/it\/wp-json\/wp\/v2\/media?parent=12074"}],"curies":[{"name":"wp","href":"https:\/\/api.w.org\/{rel}","templated":true}]}}