{"id":12076,"date":"2024-06-04T14:06:05","date_gmt":"2024-06-04T12:06:05","guid":{"rendered":"https:\/\/www.elha.de\/?page_id=12076"},"modified":"2025-05-23T08:56:28","modified_gmt":"2025-05-23T06:56:28","slug":"taglio-ad-alta-velocita","status":"publish","type":"page","link":"https:\/\/www.elha.de\/it\/maschinen\/parallelkinematik-module\/high-speed-cutting\/","title":{"rendered":"Taglio ad alta velocit\u00e0 (HSC)"},"content":{"rendered":"<h2 class=\"wp-block-heading\">Taglio ad alta velocit\u00e0 di eliche di grandi navi: sfide da superare con moduli a cinematica parallela<\/h2>\n\n\n\n<figure class=\"wp-block-image size-full\"><img loading=\"lazy\" decoding=\"async\" width=\"940\" height=\"529\" src=\"https:\/\/www.elha.de\/wp-content\/uploads\/SigmaTau-pkm-HSC-application-MMG-propeller.jpg\" alt=\"SigmaTau \/ PKM per applicazioni di taglio ad alta velocit\u00e0 come un&#039;elica di MMG.\" class=\"wp-image-12215\" srcset=\"https:\/\/www.elha.de\/wp-content\/uploads\/SigmaTau-pkm-HSC-application-MMG-propeller.jpg 940w, https:\/\/www.elha.de\/wp-content\/uploads\/SigmaTau-pkm-HSC-application-MMG-propeller-460x259.jpg 460w\" sizes=\"auto, (max-width: 940px) 100vw, 940px\" \/><\/figure>\n\n\n\n<h2 class=\"wp-block-heading\">Sfide attuali nella fresatura ad alta velocit\u00e0 di eliche di grandi navi<\/h2>\n\n\n\n<p>La lavorazione delle eliche di grandi navi presenta diverse sfide. A causa delle dimensioni di questi componenti, sono necessarie macchine avanzate che consentano una lavorazione veloce, affidabile e precisa. Gli aspetti importanti sono:<\/p>\n\n\n\n<ul class=\"wp-block-list\">\n<li><strong>Tempo di elaborazione:<\/strong> Elevate velocit\u00e0 di asportazione dei trucioli sono fondamentali per rispettare le scadenze di produzione.<\/li>\n\n\n\n<li><strong>Qualit\u00e0 della superficie:<\/strong> Una finitura superficiale di alta qualit\u00e0 \u00e8 fondamentale per le prestazioni ottimali di un'elica. L'ottenimento di una qualit\u00e0 superficiale eccellente durante il processo di lavorazione pu\u00f2 ridurre significativamente i costi operativi, in quanto \u00e8 possibile ridurre al minimo le fasi di finitura aggiuntive, come i tempi di lucidatura prolungati.<\/li>\n<\/ul>\n\n\n\n<h2 class=\"wp-block-heading\">Come i moduli a cinematica parallela (PKM) padroneggiano la lavorazione ad alta velocit\u00e0 di grandi fusioni<\/h2>\n\n\n\n<p>Grazie alle sue propriet\u00e0 uniche, il PKM ha dimostrato la sua efficienza nella fresatura ad alta velocit\u00e0:<\/p>\n\n\n\n<ul class=\"wp-block-list\">\n<li><strong>Elaborazione rapida e precisa:<\/strong> La combinazione di una struttura rigida e leggera garantisce prestazioni costanti anche a velocit\u00e0 di avanzamento elevate, riducendo i tempi di lavorazione e aumentando l'affidabilit\u00e0.<\/li>\n\n\n\n<li><strong>Ampio spazio di lavoro:<\/strong> Il PKM \u00e8 progettato per componenti di grandi dimensioni e offre spazio sufficiente per componenti massicci.<\/li>\n\n\n\n<li><strong>Design compatto:<\/strong> Il design riduce al minimo l'investimento iniziale in fondazioni e offre flessibilit\u00e0 nell'adattamento ai sistemi esistenti. Inoltre, la struttura modulare leggera comporta un consumo energetico significativamente inferiore rispetto alle soluzioni convenzionali.<\/li>\n\n\n\n<li><strong>Fissazione una tantum:<\/strong> L'ampio volume di lavoro e lo sbraccio della macchina consentono di lavorare un lato completo dell'elica senza doverlo ricampare.<\/li>\n<\/ul>\n\n\n\n<div class=\"elha-youtube-lightbox\"><a href=\"https:\/\/www.youtube-nocookie.com\/embed\/NcHrPPTe8sc\" class=\"lightbox\" rel=\"nofollow noopener\" target=\"_blank\"><img decoding=\"async\" src=\"https:\/\/www.elha.de\/wp-content\/uploads\/Thumbnail-MMG-Propeller.png\" alt=\"\"><\/a><span>Accettare la trasmissione dei dati a YouTube e riprodurre il video. <a href=\"https:\/\/www.elha.de\/it\/dichiarazione-sulla-protezione-dei-dati\/\">Informativa sulla privacy<\/a><\/span><\/div>\n\n\n\n<h2 class=\"wp-block-heading\">Eccezionale qualit\u00e0 della superficie con moduli a cinematica parallela<\/h2>\n\n\n\n<p>Il PKM utilizza tecniche avanzate per ottenere superfici eccezionali:<\/p>\n\n\n\n<ul class=\"wp-block-list\">\n<li><strong>Simulazione di processo:<\/strong> Pianificazione precisa di percorsi e utensili grazie al gemello digitale<\/li>\n\n\n\n<li><strong>Movimento a 5 assi:<\/strong> La capacit\u00e0 del PKM di muoversi liberamente intorno all'elica, senza singolarit\u00e0, garantisce una precisione costante dei contorni.<\/li>\n\n\n\n<li><strong>Riallineamento rapido degli utensili:<\/strong> Riallineamento degli utensili 5 volte pi\u00f9 veloce grazie all'elevata accelerazione e alla cinematica parallela.<\/li>\n\n\n\n<li><strong>Calibrazione e compensazione:<\/strong> Aumenta la precisione della macchina e compensa le influenze esterne.<\/li>\n<\/ul>\n\n\n\n<div class=\"wp-block-media-text is-stacked-on-mobile\" style=\"grid-template-columns:49% auto\"><figure class=\"wp-block-media-text__media\"><img loading=\"lazy\" decoding=\"async\" width=\"940\" height=\"529\" src=\"https:\/\/www.elha.de\/wp-content\/uploads\/SigmaTau-pkm-HSC-application-MMG-propeller-team.jpg\" alt=\"SigmaTau \/ PKM per il taglio ad alta velocit\u00e0 Applicazioni come una grande elica di MMG. Il team che sta lavorando sul SigmaTau presenta il risultato del taglio ad alta velocit\u00e0 sull&#039;elica.\" class=\"wp-image-12217 size-full\" srcset=\"https:\/\/www.elha.de\/wp-content\/uploads\/SigmaTau-pkm-HSC-application-MMG-propeller-team.jpg 940w, https:\/\/www.elha.de\/wp-content\/uploads\/SigmaTau-pkm-HSC-application-MMG-propeller-team-460x259.jpg 460w\" sizes=\"auto, (max-width: 940px) 100vw, 940px\" \/><\/figure><div class=\"wp-block-media-text__content\">\n<p style=\"padding-top:0;padding-right:0;padding-bottom:0;padding-left:0\">Dimostrazione congiunta e validazione del processo di ELHA-MASCHINENBAU e Cognibotics a Lund, in Svezia, insieme al produttore di eliche MMG e al produttore di utensili Pokolm.<\/p>\n<\/div><\/div>\n\n\n\n<p><strong><strong>Klaus Saffian - Direttore di produzione presso MMG:<\/strong><\/strong><\/p>\n\n\n\n<p>\"In qualit\u00e0 di produttore di eliche navali di grandi dimensioni, abbiamo dovuto affrontare numerose sfide legate ai costi della lavorazione ad alta velocit\u00e0 dei nostri componenti di grandi dimensioni.<br>Per questo motivo abbiamo testato il robot SigmaTau ST 3000 e siamo rimasti estremamente colpiti dalle sue prestazioni. L'ST 3000 lavora fusioni di diverse dimensioni con notevole efficienza e i tempi di lavorazione competitivi ci aiutano a soddisfare i nostri requisiti di produzione. L'eccezionale qualit\u00e0 della superficie riduce le successive fasi di lucidatura, rendendo il nostro processo pi\u00f9 rapido ed economico.\"<\/p>\n\n\n\n<h2 class=\"wp-block-heading\">Informazioni generali sulla lavorazione dei metalli<\/h2>\n\n\n\n<p><strong>Veloce<\/strong><br>Velocit\u00e0 del mandrino fino a 80.000 giri\/min, velocit\u00e0 di avanzamento fino a 50 m\/min. <br>Rapida deflessione dell'utensile grazie alla cinematica a scatti e parallela.<\/p>\n\n\n\n<p><strong>Preciso<\/strong><br>Elevata precisione dei contorni ed elevata ripetibilit\u00e0.<\/p>\n\n\n\n<div class=\"elha-youtube-lightbox\"><a href=\"https:\/\/www.youtube-nocookie.com\/embed\/wiarOrI8ncI\" class=\"lightbox\" rel=\"nofollow noopener\" target=\"_blank\"><img decoding=\"async\" src=\"https:\/\/www.elha.de\/wp-content\/uploads\/thumbnail-pkm-machining-examples.jpg\" alt=\"\"><\/a><span>Accettare la trasmissione dei dati a YouTube e riprodurre il video. <a href=\"https:\/\/www.elha.de\/it\/dichiarazione-sulla-protezione-dei-dati\/\">Informativa sulla privacy<\/a><\/span><\/div>\n\n\n\n<div style=\"height:50px\" aria-hidden=\"true\" class=\"wp-block-spacer\"><\/div>\n\n\n\n<div class=\"wp-block-columns is-layout-flex wp-container-core-columns-is-layout-28f84493 wp-block-columns-is-layout-flex\">\n<div class=\"wp-block-column is-layout-flow wp-block-column-is-layout-flow\">\n<p><strong>Visitate MMG:<\/strong><br>Clicca qui per il sito web<\/p>\n\n\n\n<div class=\"wp-block-buttons is-layout-flex wp-container-core-buttons-is-layout-6f59021e wp-block-buttons-is-layout-flex\" style=\"margin-top:0;margin-bottom:0\">\n<div class=\"wp-block-button\"><a class=\"wp-block-button__link wp-element-button\" href=\"https:\/\/mecklenburger-metallguss.com\/\" rel=\"nofollow noopener\" target=\"_blank\">Per saperne di pi\u00f9<\/a><\/div>\n<\/div>\n<\/div>\n\n\n\n<div class=\"wp-block-column is-layout-flow wp-block-column-is-layout-flow\">\n<p><strong>Per saperne di pi\u00f9 sul PKM:<\/strong><br>Fare clic qui per tornare alla pagina di riepilogo<\/p>\n\n\n\n<div class=\"wp-block-buttons is-layout-flex wp-block-buttons-is-layout-flex\">\n<div class=\"wp-block-button\"><a class=\"wp-block-button__link wp-element-button\" href=\"https:\/\/www.elha.de\/it\/macchine\/moduli-di-cinematica-parallela\/\">Per saperne di pi\u00f9<\/a><\/div>\n<\/div>\n<\/div>\n\n\n\n<div class=\"wp-block-column is-layout-flow wp-block-column-is-layout-flow\">\n<p><strong><strong>Contattateci:<\/strong><\/strong><br>Avete domande sul PKM?<\/p>\n\n\n\n<div class=\"wp-block-buttons is-layout-flex wp-block-buttons-is-layout-flex\">\n<div class=\"wp-block-button\"><a class=\"wp-block-button__link wp-element-button\" href=\"https:\/\/www.elha.de\/it\/contatto\/\">Al modulo<\/a><\/div>\n<\/div>\n<\/div>\n<\/div>","protected":false},"excerpt":{"rendered":"<p>Taglio ad alta velocit\u00e0 di eliche di grandi navi: sfide da superare con moduli a cinematica parallela<\/p>\n<p>Sfide attuali nella fresatura ad alta velocit\u00e0 di eliche di grandi navi<\/p>\n<p>La lavorazione di eliche navali di grandi dimensioni presenta diverse sfide. A causa delle dimensioni<\/p>","protected":false},"author":26,"featured_media":0,"parent":11617,"menu_order":4,"comment_status":"closed","ping_status":"closed","template":"","meta":{"footnotes":""},"class_list":["post-12076","page","type-page","status-publish","hentry"],"blocksy_meta":[],"_links":{"self":[{"href":"https:\/\/www.elha.de\/it\/wp-json\/wp\/v2\/pages\/12076","targetHints":{"allow":["GET"]}}],"collection":[{"href":"https:\/\/www.elha.de\/it\/wp-json\/wp\/v2\/pages"}],"about":[{"href":"https:\/\/www.elha.de\/it\/wp-json\/wp\/v2\/types\/page"}],"author":[{"embeddable":true,"href":"https:\/\/www.elha.de\/it\/wp-json\/wp\/v2\/users\/26"}],"replies":[{"embeddable":true,"href":"https:\/\/www.elha.de\/it\/wp-json\/wp\/v2\/comments?post=12076"}],"version-history":[{"count":0,"href":"https:\/\/www.elha.de\/it\/wp-json\/wp\/v2\/pages\/12076\/revisions"}],"up":[{"embeddable":true,"href":"https:\/\/www.elha.de\/it\/wp-json\/wp\/v2\/pages\/11617"}],"wp:attachment":[{"href":"https:\/\/www.elha.de\/it\/wp-json\/wp\/v2\/media?parent=12076"}],"curies":[{"name":"wp","href":"https:\/\/api.w.org\/{rel}","templated":true}]}}