{"id":12079,"date":"2024-06-04T14:09:42","date_gmt":"2024-06-04T12:09:42","guid":{"rendered":"https:\/\/www.elha.de\/?page_id=12079"},"modified":"2025-10-10T11:03:52","modified_gmt":"2025-10-10T09:03:52","slug":"perforazione-a-vibrazione","status":"publish","type":"page","link":"https:\/\/www.elha.de\/it\/maschinen\/parallelkinematik-module\/vibration-drilling\/","title":{"rendered":"Perforazione vibrante nella produzione su larga scala"},"content":{"rendered":"<p>Nella produzione di grandi volumi, dove la foratura di diverse pile di materiale \u00e8 una routine, il PKM offre la precisione e la rigidit\u00e0 necessarie per un processo sicuro ed efficiente. La possibilit\u00e0 di utilizzare lo stesso mandrino per la foratura e la rifilatura all'interno della stessa configurazione aumenta l'efficienza operativa e riduce i tempi di fermo.&nbsp;<\/p>\n\n\n\n<div class=\"elha-youtube-lightbox\"><a href=\"https:\/\/www.youtube-nocookie.com\/embed\/XexKRja5yss\" class=\"lightbox\" rel=\"nofollow noopener\" target=\"_blank\"><img decoding=\"async\" src=\"https:\/\/www.elha.de\/wp-content\/uploads\/thumbnail-vibration-drilling-play.jpg\" alt=\"\"><\/a><span>Accettare la trasmissione dei dati a YouTube e riprodurre il video. <a href=\"https:\/\/www.elha.de\/it\/dichiarazione-sulla-protezione-dei-dati\/\">Informativa sulla privacy<\/a><\/span><\/div>\n\n\n\n<h2 class=\"wp-block-heading\">Modulo di cinematica parallela per la perforazione vibrante&nbsp;<\/h2>\n\n\n\n<p>Il PKM offre soluzioni trasformative alle sfide della perforazione vibrante in progetti di produzione su larga scala, come quelli presenti nelle costruzioni aerospaziali. In questo ambiente esigente, il PKM si distingue per le seguenti caratteristiche:&nbsp;<\/p>\n\n\n\n<p>\u25cf <strong>Design modulare<\/strong>Il design modulare del PKM consente una facile configurazione in diversi orientamenti e lo rende estremamente adattabile a diverse esigenze di produzione e spazi di lavoro.&nbsp;<\/p>\n\n\n\n<p><strong>Controllo e software:<\/strong> La completa integrazione del controllo del mandrino con il controllo della macchina garantisce un funzionamento preciso e funzionale, aumentando l'efficienza e la qualit\u00e0 delle operazioni di foratura.&nbsp;<\/p>\n\n\n\n<p><strong>Integrazione perfetta:<\/strong> Il PKM presenta una configurazione semplificata dell'effettore finale del mandrino, resa possibile dalla sua tecnologia robotica completamente parallela. Questa perfetta integrazione consente di adattarsi facilmente a diverse applicazioni di foratura senza la necessit\u00e0 di un'ampia riconfigurazione.&nbsp;<\/p>\n\n\n\n<p>\u25cf <strong>Tecnologia delle vibrazioni:<\/strong> Il PKM \u00e8 dotato di un'avanzata tecnologia di vibrazione che supporta il processo di foratura. Questo approccio innovativo garantisce che i trucioli vengano scomposti in piccoli frammenti, riducendo il rischio di grovigli che possono influire sulla qualit\u00e0 del foro e sull'efficienza del processo di foratura.&nbsp;<\/p>\n\n\n\n<p><\/p>\n\n\n\n<div style=\"height:17px\" aria-hidden=\"true\" class=\"wp-block-spacer\"><\/div>\n\n\n\n<div class=\"wp-block-media-text is-stacked-on-mobile\"><figure class=\"wp-block-media-text__media\"><img loading=\"lazy\" decoding=\"async\" width=\"940\" height=\"529\" src=\"https:\/\/www.elha.de\/wp-content\/uploads\/Vibi-core-pkm-940x529.png\" alt=\"\" class=\"wp-image-12333 size-full\" srcset=\"https:\/\/www.elha.de\/wp-content\/uploads\/Vibi-core-pkm-940x529.png 940w, https:\/\/www.elha.de\/wp-content\/uploads\/Vibi-core-pkm-460x259.png 460w, https:\/\/www.elha.de\/wp-content\/uploads\/Vibi-core-pkm.png 1200w\" sizes=\"auto, (max-width: 940px) 100vw, 940px\" \/><\/figure><div class=\"wp-block-media-text__content\">\n<h3 class=\"wp-block-heading text-size4\">PKM con mandrino Vibicore e utensili da taglio Seco&nbsp;<\/h3>\n\n\n\n<p>Il PKM, dotato di mandrino a vibrazione VibiCore e di utensili da taglio Seco, offre all'operatore un maggiore controllo sul processo di foratura. Nei test, questo mandrino ha dimostrato schemi di foratura ottimizzati e controllati dal CN, che si adattano a ogni strato di materiale e producono fori precisi e puliti.&nbsp;<\/p>\n<\/div><\/div>\n\n\n\n<h2 class=\"wp-block-heading\">Simulazione del processo di perforazione PKM per i fori dei rivetti delle ali degli aerei&nbsp;<\/h2>\n\n\n\n<div class=\"elha-youtube-lightbox\"><a href=\"https:\/\/www.youtube-nocookie.com\/embed\/pAFHwYID5uY\" class=\"lightbox\" rel=\"nofollow noopener\" target=\"_blank\"><img decoding=\"async\" src=\"https:\/\/www.elha.de\/wp-content\/uploads\/YouTube_Thumbnail_small.png\" alt=\"\"><\/a><span>Accettare la trasmissione dei dati a YouTube e riprodurre il video. <a href=\"https:\/\/www.elha.de\/it\/dichiarazione-sulla-protezione-dei-dati\/\">Informativa sulla privacy<\/a><\/span><\/div>\n\n\n\n<p>Un piedino a pressione controllata aiuta a stabilizzare gli strati di materiale durante le prove di foratura, riducendo il rischio di distacco e consentendo una rimozione efficiente dei trucioli taglienti, contribuendo a mantenere la pulizia e l'integrit\u00e0 del pezzo. Il piedino di pressione \u00e8 inoltre dotato di un encoder lineare integrato che consente un controllo preciso della profondit\u00e0 assiale e della svasatura: risultati che promettono fori di qualit\u00e0 costante.&nbsp;<\/p>\n\n\n\n<div style=\"height:17px\" aria-hidden=\"true\" class=\"wp-block-spacer\"><\/div>\n\n\n\n<div class=\"wp-block-media-text is-stacked-on-mobile\"><figure class=\"wp-block-media-text__media\"><img loading=\"lazy\" decoding=\"async\" width=\"1422\" height=\"794\" src=\"https:\/\/www.elha.de\/wp-content\/uploads\/vibicores-oscillation-movement.avif\" alt=\"\" class=\"wp-image-12334 size-full\"\/><\/figure><div class=\"wp-block-media-text__content\">\n<h3 class=\"wp-block-heading\">Il movimento oscillante di Vibicore&nbsp;<\/h3>\n\n\n\n<p>La curva di oscillazione di un tipico trapano a vibrazione con mandrino Vibicore mostra come il movimento di vibrazione si sovrapponga al movimento di avanzamento del trapano. Questo modello di movimento \u00e8 visibile nell'illustrazione precedente. Si differenzia dai precedenti approcci di mercato e ottimizza il tempo di taglio grazie a uno spessore del truciolo uniforme e controllato.&nbsp;<\/p>\n<\/div><\/div>\n\n\n\n<div class=\"wp-block-columns is-layout-flex wp-container-core-columns-is-layout-28f84493 wp-block-columns-is-layout-flex\">\n<div class=\"wp-block-column is-layout-flow wp-block-column-is-layout-flow\">\n<h3 class=\"wp-block-heading\">Il risultato: trucioli corti e risultati di perforazione eccezionali&nbsp;<\/h3>\n\n\n\n<p>Il processo facilita la foratura a secco e consente di produrre fori perfetti in un'unica operazione di serraggio, eliminando la necessit\u00e0 di rilavorazione o pulizia. Questo metodo supporta un efficiente assemblaggio unidirezionale.&nbsp;<\/p>\n<\/div>\n\n\n\n<div class=\"wp-block-column is-layout-flow wp-block-column-is-layout-flow\">\n<figure class=\"wp-block-image size-large\"><img loading=\"lazy\" decoding=\"async\" width=\"940\" height=\"411\" src=\"https:\/\/www.elha.de\/wp-content\/uploads\/vibidrill-spanor-940x411.png\" alt=\"\" class=\"wp-image-12335\" srcset=\"https:\/\/www.elha.de\/wp-content\/uploads\/vibidrill-spanor-940x411.png 940w, https:\/\/www.elha.de\/wp-content\/uploads\/vibidrill-spanor-460x201.png 460w, https:\/\/www.elha.de\/wp-content\/uploads\/vibidrill-spanor.png 1276w\" sizes=\"auto, (max-width: 940px) 100vw, 940px\" \/><\/figure>\n<\/div>\n<\/div>\n\n\n\n<div style=\"height:50px\" aria-hidden=\"true\" class=\"wp-block-spacer\"><\/div>\n\n\n\n<p><strong><em>Progetto finanziato da Vinnova: <\/em><\/strong><em>Il progetto VIBIDRILL, finanziato da Vinnova e frutto della collaborazione tra Cognibotics, VibiCore e RISE, si concentra sul miglioramento della precisione e dell'efficienza della perforazione attraverso un'integrazione tecnologica avanzata. Questa iniziativa utilizza la tecnologia di perforazione vibrante di VibiCore gestita con i sistemi robotici di SigmaTau. L'obiettivo del progetto \u00e8 aumentare l'efficacia della tecnologia di perforazione vibratoria robotizzata per migliorare la qualit\u00e0 dei fori e accelerare i processi di produzione in ambienti produttivi di grandi dimensioni. Il progetto VIBIDRILL mira a sviluppare e convalidare questa tecnologia per soddisfare i requisiti di precisione ed efficienza del settore.<\/em>&nbsp;<\/p>","protected":false},"excerpt":{"rendered":"<p>Nella produzione di grandi volumi, dove la foratura di pile di materiali diversi \u00e8 una routine, il PKM offre la precisione e la rigidit\u00e0 necessarie per un processo sicuro ed efficiente.<\/p>","protected":false},"author":26,"featured_media":12332,"parent":11617,"menu_order":5,"comment_status":"closed","ping_status":"closed","template":"","meta":{"footnotes":""},"class_list":["post-12079","page","type-page","status-publish","has-post-thumbnail","hentry"],"blocksy_meta":{"disable_featured_image":"yes","styles_descriptor":{"styles":{"desktop":"","tablet":"","mobile":""},"google_fonts":[],"version":6}},"_links":{"self":[{"href":"https:\/\/www.elha.de\/it\/wp-json\/wp\/v2\/pages\/12079","targetHints":{"allow":["GET"]}}],"collection":[{"href":"https:\/\/www.elha.de\/it\/wp-json\/wp\/v2\/pages"}],"about":[{"href":"https:\/\/www.elha.de\/it\/wp-json\/wp\/v2\/types\/page"}],"author":[{"embeddable":true,"href":"https:\/\/www.elha.de\/it\/wp-json\/wp\/v2\/users\/26"}],"replies":[{"embeddable":true,"href":"https:\/\/www.elha.de\/it\/wp-json\/wp\/v2\/comments?post=12079"}],"version-history":[{"count":0,"href":"https:\/\/www.elha.de\/it\/wp-json\/wp\/v2\/pages\/12079\/revisions"}],"up":[{"embeddable":true,"href":"https:\/\/www.elha.de\/it\/wp-json\/wp\/v2\/pages\/11617"}],"wp:featuredmedia":[{"embeddable":true,"href":"https:\/\/www.elha.de\/it\/wp-json\/wp\/v2\/media\/12332"}],"wp:attachment":[{"href":"https:\/\/www.elha.de\/it\/wp-json\/wp\/v2\/media?parent=12079"}],"curies":[{"name":"wp","href":"https:\/\/api.w.org\/{rel}","templated":true}]}}