{"id":1647,"date":"2016-05-13T14:43:37","date_gmt":"2016-05-13T12:43:37","guid":{"rendered":"https:\/\/www.elha.de\/?page_id=1647"},"modified":"2026-01-22T08:46:49","modified_gmt":"2026-01-22T07:46:49","slug":"centri-di-fresatura-verticale-per-la-tornitura","status":"publish","type":"page","link":"https:\/\/www.elha.de\/it\/maschinen\/vertikale-dreh-fraeszentren\/","title":{"rendered":"Centri di tornitura verticali"},"content":{"rendered":"<p class=\"mb-5\">\r\nCon i centri di tornitura verticali della serie VTM, ELHA stabilisce nuovi standard nella lavorazione verticale multitasking di componenti rotanti e cubici di grandi dimensioni grazie all'impiego di tecnologie innovative. Massima precisione, dinamica, flessibilit\u00e0, efficienza energetica e di spazio fanno del VTM la soluzione ideale per compiti di produzione molto impegnativi in un'ampia gamma di applicazioni. Questa macchina \u00e8 quindi altrettanto interessante per il settore della produzione per conto terzi che per gli utenti OEM. Le pagine seguenti vi convinceranno della nuova dimensione della lavorazione altamente produttiva di pezzi di grandi dimensioni.\r\n<\/p>\r\n\r\n<div class=\"columns\"><div class=\"column mb-3 col-4 col-md-6\"><a href=\"https:\/\/www.elha.de\/it\/maschinen\/vertikale-dreh-fraeszentren\/highlights\/\" class=\"elha-image-link border\"><img loading=\"lazy\" decoding=\"async\" width=\"460\" height=\"171\" src=\"https:\/\/www.elha.de\/wp-content\/uploads\/vtm-drehmaschine-banner.jpg\" class=\"attachment-cropimage size-cropimage wp-post-image\" alt=\"Serie VTM\" \/><\/a><div class=\"text-bold mt-1 mb-1\" style=\"font-size:20px;\"><a href=\"https:\/\/www.elha.de\/it\/maschinen\/vertikale-dreh-fraeszentren\/highlights\/\">Punti salienti<\/a><\/div><div>\n\r\n\t\r\n\t\tLa serie VTM offre un'ampia gamma di caratteristiche che favoriscono la vostra produzione grazie alla produttivit\u00e0, alla flessibilit\u00e0 e all'affidabilit\u00e0:\r\n\t\t\r\n\t\t\tELHA<\/div><\/div><div class=\"column mb-3 col-4 col-md-6\"><a href=\"https:\/\/www.elha.de\/it\/maschinen\/vertikale-dreh-fraeszentren\/baukastensystem\/\" class=\"elha-image-link border\"><img loading=\"lazy\" decoding=\"async\" width=\"460\" height=\"171\" src=\"https:\/\/www.elha.de\/wp-content\/uploads\/vtm-baukasten-banner.jpg\" class=\"attachment-cropimage size-cropimage wp-post-image\" alt=\"Kit di costruzione banner\" \/><\/a><div class=\"text-bold mt-1 mb-1\" style=\"font-size:20px;\"><a href=\"https:\/\/www.elha.de\/it\/maschinen\/vertikale-dreh-fraeszentren\/baukastensystem\/\">Il sistema modulare VTM<\/a><\/div><div>\n\r\n\tIl sistema modulare VTM consente di configurare le macchine come centri di tornitura\/fresatura multifunzionali per una lavorazione completa ed economica in una gamma di diametri delle tavole compresa tra 2.500 e 8.000 mm e altezze dei componenti fino a<\/div><\/div><div class=\"column mb-3 col-4 col-md-6\"><a href=\"https:\/\/www.elha.de\/it\/maschinen\/vertikale-dreh-fraeszentren\/elha-sdd-segment-direct-drive\/\" class=\"elha-image-link border\"><img loading=\"lazy\" decoding=\"async\" width=\"460\" height=\"171\" src=\"https:\/\/www.elha.de\/wp-content\/uploads\/sdd-banner.jpg\" class=\"attachment-cropimage size-cropimage wp-post-image\" alt=\"Banner ELHA SDD\" \/><\/a><div class=\"text-bold mt-1 mb-1\" style=\"font-size:20px;\"><a href=\"https:\/\/www.elha.de\/it\/maschinen\/vertikale-dreh-fraeszentren\/elha-sdd-segment-direct-drive\/\">ELHA SDD - Segmento ad azionamento diretto<\/a><\/div><div>\n\r\n\r\n\r\n\r\n\r\nL'azionamento della tavola costituisce il fulcro di una macchina verticale multitasking e, con le sue prestazioni in termini di precisione di lavorazione e dinamica, \u00e8 decisivo per la qualit\u00e0 del pezzo ottenibile e l'economicit\u00e0 della macchina.<\/div><\/div><div class=\"column mb-3 col-4 col-md-6\"><a href=\"https:\/\/www.elha.de\/it\/maschinen\/vertikale-dreh-fraeszentren\/5-seiten-5-achs-simultanbearbeitung\/\" class=\"elha-image-link border\"><img loading=\"lazy\" decoding=\"async\" width=\"460\" height=\"307\" src=\"https:\/\/www.elha.de\/wp-content\/uploads\/vtm-5-achs-simultanbearbeitung-video.jpg\" class=\"attachment-cropimage size-cropimage wp-post-image\" alt=\"\" \/><\/a><div class=\"text-bold mt-1 mb-1\" style=\"font-size:20px;\"><a href=\"https:\/\/www.elha.de\/it\/maschinen\/vertikale-dreh-fraeszentren\/5-seiten-5-achs-simultanbearbeitung\/\">Lavorazione simultanea su 5 lati\/5 assi<\/a><\/div><div>\n\r\n\t\r\n\t\t\r\n\t\t\tLa macchina VTM \u00e8 caratterizzata da un'altra tecnologia unica: La doppia interpolazione dell'asse C. Grazie a questa tecnologia, viene creato un asse Y lineare interpolando contemporaneamente la tavola rotante<\/div><\/div><div class=\"column mb-3 col-4 col-md-6\"><a href=\"https:\/\/www.elha.de\/it\/maschinen\/vertikale-dreh-fraeszentren\/vtm-ht-hartdrehausfuehrung\/\" class=\"elha-image-link border\"><img loading=\"lazy\" decoding=\"async\" width=\"460\" height=\"171\" src=\"https:\/\/www.elha.de\/wp-content\/uploads\/vtm-ht-banner.jpg\" class=\"attachment-cropimage size-cropimage wp-post-image\" alt=\"Variante VTM ht Banner\" \/><\/a><div class=\"text-bold mt-1 mb-1\" style=\"font-size:20px;\"><a href=\"https:\/\/www.elha.de\/it\/maschinen\/vertikale-dreh-fraeszentren\/vtm-ht-hartdrehausfuehrung\/\">VTM ht - Tour della casa che gira forte<\/a><\/div><div>\n\r\n\t\r\n\t\t\r\n\t\t\tCon il VTM ht, ELHA offre una versione ottimizzata dal punto di vista tecnico e dei costi del VTM. Il VTM ht \u00e8 stato progettato appositamente per l'impiego nei settori<\/div><\/div><\/div>\r\n\r\n<p class=\"text-center\">\r\n\t\r\n\t\r\n\t\t<a href=\"https:\/\/www.elha.de\/wp-content\/uploads\/VTM-EN-01-2026.pdf\" target=\"_blank\" class=\"btn btn-primary btn-lg mr-4\" rel=\"noopener\">Scarica l'opuscolo<\/a>\r\n\t\r\n\t<a href=\"https:\/\/www.elha.de\/it\/contatto\/\"  class=\"btn btn-primary btn-lg\">Contattateci<\/a>\r\n<\/p>","protected":false},"excerpt":{"rendered":"<p>\t\t\tCon il VTM ht, ELHA offre una versione ottimizzata dal punto di vista tecnico e dei costi del VTM. Il VTM ht \u00e8 stato progettato appositamente per l'impiego nei settori<\/p>","protected":false},"author":1,"featured_media":4058,"parent":1416,"menu_order":3,"comment_status":"closed","ping_status":"closed","template":"","meta":{"footnotes":""},"class_list":["post-1647","page","type-page","status-publish","has-post-thumbnail","hentry"],"blocksy_meta":{"styles_descriptor":{"styles":{"desktop":"","tablet":"","mobile":""},"google_fonts":[],"version":6},"page_title_panel":"","has_hero_section":"default","f8560840a87cb465cf7a5ef96bd6d918":"","hero_section":"type-1","hero_elements":[{"id":"custom_title","enabled":true,"heading_tag":"h1","title":"Pagina iniziale"},{"id":"custom_description","enabled":true,"description_visibility":{"desktop":true,"tablet":true,"mobile":false}},{"id":"custom_meta","enabled":false,"meta_elements":[{"id":"author","enabled":true,"label":"Von","has_author_avatar":"yes","avatar_size":25},{"id":"post_date","enabled":true,"label":"Am","date_format_source":"default","date_format":"M j, Y"},{"id":"comments","enabled":true}],"page_meta_elements":{"joined":true,"articles_count":true,"comments":true}},{"id":"breadcrumbs","enabled":false}],"0e30847c3d8a22870278094e9df061b4":"","hero_alignment1":"CT_CSS_SKIP_RULE","hero_margin":40,"hero_alignment2":"center","hero_vertical_alignment":"center","ea236ebba776b6a32b1fa386cade7721":"","hero_structure":"narrow","7e2eb53a225b9e3e65c6b97a12ae16f5":"","page_title_bg_type":"featured_image","custom_hero_background":{"attachment_id":null},"parallax":{"desktop":false,"tablet":false,"mobile":false},"1b4bff2386f502a36e49649d4c9a94d8":"","hero_height":"250px","pageTitleFont":{"family":"Default","variation":"Default","size":{"desktop":"32px","tablet":"30px","mobile":"25px"},"line-height":"CT_CSS_SKIP_RULE","letter-spacing":"CT_CSS_SKIP_RULE","text-transform":"CT_CSS_SKIP_RULE","text-decoration":"CT_CSS_SKIP_RULE"},"pageTitleFontColor":{"default":{"color":"CT_CSS_SKIP_RULEDEFAULT"}},"pageMetaFont":{"family":"Default","variation":"n6","size":"12px","line-height":"1.3","letter-spacing":"CT_CSS_SKIP_RULE","text-transform":"uppercase","text-decoration":"CT_CSS_SKIP_RULE"},"pageMetaFontColor":{"default":{"color":"CT_CSS_SKIP_RULEDEFAULT"},"hover":{"color":"CT_CSS_SKIP_RULEDEFAULT"}},"page_meta_button_type_font_colors":{"default":{"color":"CT_CSS_SKIP_RULEDEFAULT"},"hover":{"color":"CT_CSS_SKIP_RULEDEFAULT"}},"page_meta_button_type_background_colors":{"default":{"color":"CT_CSS_SKIP_RULEDEFAULT"},"hover":{"color":"CT_CSS_SKIP_RULEDEFAULT"}},"pageExcerptFont":{"family":"Default","variation":"Default","size":"CT_CSS_SKIP_RULE","line-height":"CT_CSS_SKIP_RULE","letter-spacing":"CT_CSS_SKIP_RULE","text-transform":"CT_CSS_SKIP_RULE","text-decoration":"CT_CSS_SKIP_RULE"},"pageExcerptColor":{"default":{"color":"CT_CSS_SKIP_RULEDEFAULT"}},"breadcrumbsFont":{"family":"Default","variation":"Default","size":"CT_CSS_SKIP_RULE","line-height":"CT_CSS_SKIP_RULE","letter-spacing":"CT_CSS_SKIP_RULE","text-transform":"CT_CSS_SKIP_RULE","text-decoration":"CT_CSS_SKIP_RULE"},"breadcrumbsFontColor":{"default":{"color":"CT_CSS_SKIP_RULEDEFAULT"},"initial":{"color":"CT_CSS_SKIP_RULEDEFAULT"},"hover":{"color":"CT_CSS_SKIP_RULEDEFAULT"}},"pageTitleOverlay":{"default":{"color":"CT_CSS_SKIP_RULE"}},"pageTitleBackground":{"background_type":"color","background_pattern":"type-1","background_image":{"attachment_id":null,"x":0,"y":0},"gradient":"linear-gradient(135deg,rgba(6,147,227,1) 0%,rgb(155,81,224) 100%)","background_repeat":"no-repeat","background_size":"auto","background_attachment":"scroll","patternColor":{"default":{"color":"#e5e7ea"}},"overlayColor":{"default":{"color":"CT_CSS_SKIP_RULE"}},"backgroundColor":{"default":{"color":"var(--theme-palette-color-6)"}}},"pageTitlePadding":{"top":"50px","bottom":"50px","left":"auto","right":"auto","linked":true},"931fd6a32b1202f3353d841870b0e2c6":"","page_structure_type":"default","40d5f6db7f8209331348dd3b549ef2e2":"","content_style_source":"inherit","content_style":"wide","vertical_spacing_source":"inherit","content_area_spacing":"both","background":{"background_type":"color","background_pattern":"type-1","background_image":{"attachment_id":null,"x":0,"y":0},"gradient":"linear-gradient(135deg,rgba(6,147,227,1) 0%,rgb(155,81,224) 100%)","background_repeat":"no-repeat","background_size":"auto","background_attachment":"scroll","patternColor":{"default":{"color":"#e5e7ea"}},"overlayColor":{"default":{"color":"CT_CSS_SKIP_RULE"}},"backgroundColor":{"default":{"color":"CT_CSS_SKIP_RULE"}}},"content_background":{"background_type":"color","background_pattern":"type-1","background_image":{"attachment_id":null,"x":0,"y":0},"gradient":"linear-gradient(135deg,rgba(6,147,227,1) 0%,rgb(155,81,224) 100%)","background_repeat":"no-repeat","background_size":"auto","background_attachment":"scroll","patternColor":{"default":{"color":"#e5e7ea"}},"overlayColor":{"default":{"color":"CT_CSS_SKIP_RULE"}},"backgroundColor":{"default":{"color":"var(--theme-palette-color-8)"}}},"content_boxed_shadow":{"inherit":false,"blur":18,"spread":-6,"v_offset":12,"h_offset":0,"inset":false,"enable":true,"color":{"color":"rgba(34, 56, 101, 0.04)"}},"boxed_content_spacing":{"desktop":{"top":"40px","bottom":"40px","left":"40px","right":"40px","linked":true},"tablet":{"top":"35px","bottom":"35px","left":"35px","right":"35px","linked":true},"mobile":{"top":"20px","bottom":"20px","left":"20px","right":"20px","linked":true}},"content_boxed_radius":{"top":"3px","bottom":"3px","left":"3px","right":"3px","linked":true},"dc688e8b5615db8e06a1dc9ae491f7e1":"","disable_featured_image":"yes","disable_header":"no","disable_footer":"no"},"_links":{"self":[{"href":"https:\/\/www.elha.de\/it\/wp-json\/wp\/v2\/pages\/1647","targetHints":{"allow":["GET"]}}],"collection":[{"href":"https:\/\/www.elha.de\/it\/wp-json\/wp\/v2\/pages"}],"about":[{"href":"https:\/\/www.elha.de\/it\/wp-json\/wp\/v2\/types\/page"}],"author":[{"embeddable":true,"href":"https:\/\/www.elha.de\/it\/wp-json\/wp\/v2\/users\/1"}],"replies":[{"embeddable":true,"href":"https:\/\/www.elha.de\/it\/wp-json\/wp\/v2\/comments?post=1647"}],"version-history":[{"count":0,"href":"https:\/\/www.elha.de\/it\/wp-json\/wp\/v2\/pages\/1647\/revisions"}],"up":[{"embeddable":true,"href":"https:\/\/www.elha.de\/it\/wp-json\/wp\/v2\/pages\/1416"}],"wp:featuredmedia":[{"embeddable":true,"href":"https:\/\/www.elha.de\/it\/wp-json\/wp\/v2\/media\/4058"}],"wp:attachment":[{"href":"https:\/\/www.elha.de\/it\/wp-json\/wp\/v2\/media?parent=1647"}],"curies":[{"name":"wp","href":"https:\/\/api.w.org\/{rel}","templated":true}]}}