{"id":1651,"date":"2016-05-13T14:48:21","date_gmt":"2016-05-13T12:48:21","guid":{"rendered":"https:\/\/www.elha.de\/?page_id=1651"},"modified":"2026-01-22T08:53:00","modified_gmt":"2026-01-22T07:53:00","slug":"centri-di-lavoro-speciali","status":"publish","type":"page","link":"https:\/\/www.elha.de\/it\/maschinen\/spezial-bearbeitungszentren\/","title":{"rendered":"Centri di lavoro speciali"},"content":{"rendered":"<p>\r\nLe macchine ELHA SMX rappresentano la gamma di centri di lavoro speciali. Le macchine SMX presentano configurazioni di assi, mandrini e tavole spesso familiari ai centri di lavoro standard. In termini di dimensionamento, progettazione\/specificazione e dotazione dei componenti funzionali, tuttavia, queste macchine sono completamente personalizzate in base alle esigenze del cliente. Di conseguenza, i nostri clienti beneficiano di soluzioni di produzione personalizzate che offrono una produttivit\u00e0 significativamente superiore rispetto alle macchine standard, ma anche una maggiore disponibilit\u00e0, processi pi\u00f9 stabili e flessibilit\u00e0 individuale.\t\r\n<\/p>\r\n\r\n<h2>Esempi di riferimento<\/h2>\r\n\r\n<div class=\"columns\"><div class=\"column mb-3 col-4 col-md-6\"><a href=\"https:\/\/www.elha.de\/it\/maschinen\/spezial-bearbeitungszentren\/smx-5239-6-achsen-horizontal-grossbearbeitungszentrum\/\" class=\"elha-image-link border\"><img loading=\"lazy\" decoding=\"async\" width=\"460\" height=\"307\" src=\"https:\/\/www.elha.de\/wp-content\/uploads\/smx-5239-ohne-verkleidung.jpg\" class=\"attachment-cropimage size-cropimage wp-post-image\" alt=\"\" srcset=\"https:\/\/www.elha.de\/wp-content\/uploads\/smx-5239-ohne-verkleidung.jpg 1280w, https:\/\/www.elha.de\/wp-content\/uploads\/smx-5239-ohne-verkleidung-460x307.jpg 460w, https:\/\/www.elha.de\/wp-content\/uploads\/smx-5239-ohne-verkleidung-940x626.jpg 940w\" sizes=\"auto, (max-width: 460px) 100vw, 460px\" \/><\/a><div class=\"text-bold mt-1 mb-1\" style=\"font-size:20px;\"><a href=\"https:\/\/www.elha.de\/it\/maschinen\/spezial-bearbeitungszentren\/smx-5239-6-achsen-horizontal-grossbearbeitungszentrum\/\">SMX 5239 - Centro di lavoro orizzontale a 6 assi di grandi dimensioni<\/a><\/div><div>\n\r\n\t\r\n\t\t\r\n\t\t\tQuesta macchina segna una nuova pietra miliare per i grandi centri di lavoro orizzontali in termini di dimensioni, stabilit\u00e0 e flessibilit\u00e0. La SMX 5239 \u00e8 stata progettata per la lavorazione di componenti di telai di macchine utensili.<\/div><\/div><div class=\"column mb-3 col-4 col-md-6\"><a href=\"https:\/\/www.elha.de\/it\/maschinen\/spezial-bearbeitungszentren\/smx-5181-horizontales-spezial-bearbeitungszentrum-mit-hv-fraeskopf\/\" class=\"elha-image-link border\"><img loading=\"lazy\" decoding=\"async\" width=\"460\" height=\"171\" src=\"https:\/\/www.elha.de\/wp-content\/uploads\/smx-5181-banner.jpg\" class=\"attachment-cropimage size-cropimage wp-post-image\" alt=\"\" \/><\/a><div class=\"text-bold mt-1 mb-1\" style=\"font-size:20px;\"><a href=\"https:\/\/www.elha.de\/it\/maschinen\/spezial-bearbeitungszentren\/smx-5181-horizontales-spezial-bearbeitungszentrum-mit-hv-fraeskopf\/\">SMX 5181 - Centro di lavoro speciale orizzontale con testa di fresatura HV<\/a><\/div><div>\n\r\n\t\r\n\t\t\r\n\t\t\tQuesto centro di lavoro \u00e8 stato progettato per la lavorazione completa di componenti laser flatbed di TRUMPF. I gruppi macchina sono progettati per una lavorazione dinamica, di alta precisione e flessibile di componenti di grandi dimensioni.<\/div><\/div><div class=\"column mb-3 col-4 col-md-6\"><a href=\"https:\/\/www.elha.de\/it\/maschinen\/spezial-bearbeitungszentren\/smx-5189-2-spindel-horizontal-bearbeitungszentrum\/\" class=\"elha-image-link border\"><img loading=\"lazy\" decoding=\"async\" width=\"460\" height=\"171\" src=\"https:\/\/www.elha.de\/wp-content\/uploads\/smx-5189-banner.jpg\" class=\"attachment-cropimage size-cropimage wp-post-image\" alt=\"\" \/><\/a><div class=\"text-bold mt-1 mb-1\" style=\"font-size:20px;\"><a href=\"https:\/\/www.elha.de\/it\/maschinen\/spezial-bearbeitungszentren\/smx-5189-2-spindel-horizontal-bearbeitungszentrum\/\">SMX 5189 - Centro di lavoro orizzontale a 2 mandrini<\/a><\/div><div>\n\r\n\t\r\n\t\t\r\n\t\t\tQuesta macchina \u00e8 stata progettata per la lavorazione delle sedi delle pinze dei freni dei camion in un'unica posizione di serraggio. \u00c8 possibile lavorare diverse varianti di pezzi sulle stesse attrezzature di serraggio, in quanto i punti di serraggio sono<\/div><\/div><div class=\"column mb-3 col-4 col-md-6\"><a href=\"https:\/\/www.elha.de\/it\/maschinen\/spezial-bearbeitungszentren\/smx-5224-horizontales-5-achsen-spezial-bearbeitungszentrum-fuer-titanzerspanung\/\" class=\"elha-image-link border\"><img loading=\"lazy\" decoding=\"async\" width=\"460\" height=\"171\" src=\"https:\/\/www.elha.de\/wp-content\/uploads\/smx-5224-banner.jpg\" class=\"attachment-cropimage size-cropimage wp-post-image\" alt=\"\" \/><\/a><div class=\"text-bold mt-1 mb-1\" style=\"font-size:20px;\"><a href=\"https:\/\/www.elha.de\/it\/maschinen\/spezial-bearbeitungszentren\/smx-5224-horizontales-5-achsen-spezial-bearbeitungszentrum-fuer-titanzerspanung\/\">SMX 5224 - Centro di lavoro orizzontale a 5 assi speciali<\/a><\/div><div>\n\r\n\t\r\n\t\t\r\n\t\t\tQuesto nuovo centro di lavoro orizzontale speciale a 5 assi rappresenta una nuova generazione di macchine ultra-stabili e potenti, con propriet\u00e0 eccezionali per la lavorazione dei materiali pi\u00f9 difficili da tagliare come il titanio, l'Inconel e il ferro.<\/div><\/div><\/div>\r\n\r\n<p class=\"text-center\">\r\n\t\r\n\t\r\n\t\t<a href=\"https:\/\/www.elha.de\/wp-content\/uploads\/FS-EN-012026.pdf\" target=\"_blank\" class=\"btn btn-primary btn-lg mr-4\" rel=\"noopener\">Scarica l'opuscolo<\/a>\r\n\t\r\n\t<a href=\"https:\/\/www.elha.de\/it\/contatto\/\"  class=\"btn btn-primary btn-lg mr-4\">Contattateci<\/a>\r\n<\/p>\n\n\n\n<p><\/p>","protected":false},"excerpt":{"rendered":"<p>\t\t\tQuesto nuovo centro di lavoro orizzontale speciale a 5 assi rappresenta una nuova generazione di macchine ultra-stabili e potenti, con propriet\u00e0 eccezionali per la lavorazione dei materiali pi\u00f9 difficili da tagliare come il titanio, l'Inconel e il ferro.<\/p>","protected":false},"author":1,"featured_media":4069,"parent":1416,"menu_order":5,"comment_status":"closed","ping_status":"closed","template":"","meta":{"footnotes":""},"class_list":["post-1651","page","type-page","status-publish","has-post-thumbnail","hentry"],"blocksy_meta":{"page_title_panel":"","has_hero_section":"default","b7f349f4438e230ef72feff3198e3d39":"","hero_section":"type-1","hero_elements":[{"id":"custom_title","enabled":true,"heading_tag":"h1","title":"Pagina iniziale"},{"id":"custom_description","enabled":true,"description_visibility":{"desktop":true,"tablet":true,"mobile":false}},{"id":"custom_meta","enabled":false,"meta_elements":[{"id":"author","enabled":true,"label":"Von","has_author_avatar":"yes","avatar_size":25},{"id":"post_date","enabled":true,"label":"Am","date_format_source":"default","date_format":"M j, Y"},{"id":"comments","enabled":true}],"page_meta_elements":{"joined":true,"articles_count":true,"comments":true}},{"id":"breadcrumbs","enabled":false}],"1f5425206e1daf10fa28715bc391e564":"","hero_alignment1":"CT_CSS_SKIP_RULE","hero_margin":40,"hero_alignment2":"center","hero_vertical_alignment":"center","6ffa1840468390149ed389e5e670588b":"","hero_structure":"narrow","ec2abe7d2e9d792186ee8d7f6ecfd448":"","page_title_bg_type":"featured_image","custom_hero_background":{"attachment_id":null},"parallax":{"desktop":false,"tablet":false,"mobile":false},"e8ae49f8732a0838f8b7fe1cfecffa9c":"","hero_height":"250px","pageTitleFont":{"family":"Default","variation":"Default","size":{"desktop":"32px","tablet":"30px","mobile":"25px"},"line-height":"CT_CSS_SKIP_RULE","letter-spacing":"CT_CSS_SKIP_RULE","text-transform":"CT_CSS_SKIP_RULE","text-decoration":"CT_CSS_SKIP_RULE"},"pageTitleFontColor":{"default":{"color":"CT_CSS_SKIP_RULEDEFAULT"}},"pageMetaFont":{"family":"Default","variation":"n6","size":"12px","line-height":"1.3","letter-spacing":"CT_CSS_SKIP_RULE","text-transform":"uppercase","text-decoration":"CT_CSS_SKIP_RULE"},"pageMetaFontColor":{"default":{"color":"CT_CSS_SKIP_RULEDEFAULT"},"hover":{"color":"CT_CSS_SKIP_RULEDEFAULT"}},"page_meta_button_type_font_colors":{"default":{"color":"CT_CSS_SKIP_RULEDEFAULT"},"hover":{"color":"CT_CSS_SKIP_RULEDEFAULT"}},"page_meta_button_type_background_colors":{"default":{"color":"CT_CSS_SKIP_RULEDEFAULT"},"hover":{"color":"CT_CSS_SKIP_RULEDEFAULT"}},"pageExcerptFont":{"family":"Default","variation":"Default","size":"CT_CSS_SKIP_RULE","line-height":"CT_CSS_SKIP_RULE","letter-spacing":"CT_CSS_SKIP_RULE","text-transform":"CT_CSS_SKIP_RULE","text-decoration":"CT_CSS_SKIP_RULE"},"pageExcerptColor":{"default":{"color":"CT_CSS_SKIP_RULEDEFAULT"}},"breadcrumbsFont":{"family":"Default","variation":"Default","size":"CT_CSS_SKIP_RULE","line-height":"CT_CSS_SKIP_RULE","letter-spacing":"CT_CSS_SKIP_RULE","text-transform":"CT_CSS_SKIP_RULE","text-decoration":"CT_CSS_SKIP_RULE"},"breadcrumbsFontColor":{"default":{"color":"CT_CSS_SKIP_RULEDEFAULT"},"initial":{"color":"CT_CSS_SKIP_RULEDEFAULT"},"hover":{"color":"CT_CSS_SKIP_RULEDEFAULT"}},"pageTitleOverlay":{"default":{"color":"CT_CSS_SKIP_RULE"}},"pageTitleBackground":{"background_type":"color","background_pattern":"type-1","background_image":{"attachment_id":null,"x":0,"y":0},"gradient":"linear-gradient(135deg,rgba(6,147,227,1) 0%,rgb(155,81,224) 100%)","background_repeat":"no-repeat","background_size":"auto","background_attachment":"scroll","patternColor":{"default":{"color":"#e5e7ea"}},"overlayColor":{"default":{"color":"CT_CSS_SKIP_RULE"}},"backgroundColor":{"default":{"color":"var(--theme-palette-color-6)"}}},"pageTitlePadding":{"top":"50px","bottom":"50px","left":"auto","right":"auto","linked":true},"8a77aadaea6635e3eb66fbe1d704bd35":"","page_structure_type":"default","ba9191f93bb7b70bcef185ed6719f5f1":"","content_style_source":"inherit","content_style":"wide","vertical_spacing_source":"inherit","content_area_spacing":"both","background":{"background_type":"color","background_pattern":"type-1","background_image":{"attachment_id":null,"x":0,"y":0},"gradient":"linear-gradient(135deg,rgba(6,147,227,1) 0%,rgb(155,81,224) 100%)","background_repeat":"no-repeat","background_size":"auto","background_attachment":"scroll","patternColor":{"default":{"color":"#e5e7ea"}},"overlayColor":{"default":{"color":"CT_CSS_SKIP_RULE"}},"backgroundColor":{"default":{"color":"CT_CSS_SKIP_RULE"}}},"content_background":{"background_type":"color","background_pattern":"type-1","background_image":{"attachment_id":null,"x":0,"y":0},"gradient":"linear-gradient(135deg,rgba(6,147,227,1) 0%,rgb(155,81,224) 100%)","background_repeat":"no-repeat","background_size":"auto","background_attachment":"scroll","patternColor":{"default":{"color":"#e5e7ea"}},"overlayColor":{"default":{"color":"CT_CSS_SKIP_RULE"}},"backgroundColor":{"default":{"color":"var(--theme-palette-color-8)"}}},"content_boxed_shadow":{"inherit":false,"blur":18,"spread":-6,"v_offset":12,"h_offset":0,"inset":false,"enable":true,"color":{"color":"rgba(34, 56, 101, 0.04)"}},"boxed_content_spacing":{"desktop":{"top":"40px","bottom":"40px","left":"40px","right":"40px","linked":true},"tablet":{"top":"35px","bottom":"35px","left":"35px","right":"35px","linked":true},"mobile":{"top":"20px","bottom":"20px","left":"20px","right":"20px","linked":true}},"content_boxed_radius":{"top":"3px","bottom":"3px","left":"3px","right":"3px","linked":true},"6f6ed70b3e110d50611eb3023e4cae4c":"","disable_featured_image":"yes","disable_header":"no","disable_footer":"no","styles_descriptor":{"styles":{"desktop":"","tablet":"","mobile":""},"google_fonts":[],"version":6}},"_links":{"self":[{"href":"https:\/\/www.elha.de\/it\/wp-json\/wp\/v2\/pages\/1651","targetHints":{"allow":["GET"]}}],"collection":[{"href":"https:\/\/www.elha.de\/it\/wp-json\/wp\/v2\/pages"}],"about":[{"href":"https:\/\/www.elha.de\/it\/wp-json\/wp\/v2\/types\/page"}],"author":[{"embeddable":true,"href":"https:\/\/www.elha.de\/it\/wp-json\/wp\/v2\/users\/1"}],"replies":[{"embeddable":true,"href":"https:\/\/www.elha.de\/it\/wp-json\/wp\/v2\/comments?post=1651"}],"version-history":[{"count":0,"href":"https:\/\/www.elha.de\/it\/wp-json\/wp\/v2\/pages\/1651\/revisions"}],"up":[{"embeddable":true,"href":"https:\/\/www.elha.de\/it\/wp-json\/wp\/v2\/pages\/1416"}],"wp:featuredmedia":[{"embeddable":true,"href":"https:\/\/www.elha.de\/it\/wp-json\/wp\/v2\/media\/4069"}],"wp:attachment":[{"href":"https:\/\/www.elha.de\/it\/wp-json\/wp\/v2\/media?parent=1651"}],"curies":[{"name":"wp","href":"https:\/\/api.w.org\/{rel}","templated":true}]}}