{"id":1653,"date":"2016-05-13T14:48:43","date_gmt":"2016-05-13T12:48:43","guid":{"rendered":"https:\/\/www.elha.de\/?page_id=1653"},"modified":"2026-01-22T08:58:12","modified_gmt":"2026-01-22T07:58:12","slug":"macchine-speciali","status":"publish","type":"page","link":"https:\/\/www.elha.de\/it\/maschinen\/sondermaschinen\/","title":{"rendered":"Macchine speciali"},"content":{"rendered":"<p>\r\nSPX - La classica macchina ELHA personalizzata. Quando i concetti o i sistemi standard raggiungono i loro limiti in termini di produttivit\u00e0, flessibilit\u00e0 o stabilit\u00e0 e disponibilit\u00e0 del processo a lungo termine, una macchina ELHA SPX \u00e8 la soluzione giusta! Approfittate dell'esperienza decennale di ELHA nelle macchine speciali per il taglio dei metalli, in particolare per le applicazioni di foratura, filettatura e fresatura.\r\n<\/p>\r\n\r\n<h2>Esempi di riferimento<\/h2>\r\n\r\n<div class=\"columns\"><div class=\"column mb-3 col-4 col-md-6\"><a href=\"https:\/\/www.elha.de\/it\/maschinen\/sondermaschinen\/spx-5207-6-spindel-tiefloch-bohr-bearbeitungszentrum\/\" class=\"elha-image-link border\"><img loading=\"lazy\" decoding=\"async\" width=\"460\" height=\"171\" src=\"https:\/\/www.elha.de\/wp-content\/uploads\/spx-5207-banner.jpg\" class=\"attachment-cropimage size-cropimage wp-post-image\" alt=\"Centro di foratura e lavorazione profonda a 6 mandrini SPX 5207\" \/><\/a><div class=\"text-bold mt-1 mb-1\" style=\"font-size:20px;\"><a href=\"https:\/\/www.elha.de\/it\/maschinen\/sondermaschinen\/spx-5207-6-spindel-tiefloch-bohr-bearbeitungszentrum\/\">SPX 5207 - Centro di foratura e lavorazione a 6 mandrini per fori profondi<\/a><\/div><div>\n\r\n\t\r\n\t\tLa macchina \u00e8 adatta alla foratura profonda orizzontale a 6 mandrini di fori situati su cerchi di bulloni. Le unit\u00e0 di lavoro motorizzate dei mandrini sono disposte a 6x 60\u00b0 su un'apposita piastra di base e<\/div><\/div><div class=\"column mb-3 col-4 col-md-6\"><a href=\"https:\/\/www.elha.de\/it\/maschinen\/sondermaschinen\/spx-5111-horizontales-2-spindel-drehfraes-bearbeitungszentrum\/\" class=\"elha-image-link border\"><img loading=\"lazy\" decoding=\"async\" width=\"460\" height=\"171\" src=\"https:\/\/www.elha.de\/wp-content\/uploads\/spx-5111-banner.jpg\" class=\"attachment-cropimage size-cropimage wp-post-image\" alt=\"\" \/><\/a><div class=\"text-bold mt-1 mb-1\" style=\"font-size:20px;\"><a href=\"https:\/\/www.elha.de\/it\/maschinen\/sondermaschinen\/spx-5111-horizontales-2-spindel-drehfraes-bearbeitungszentrum\/\">SPX 5111 - Centro di lavoro orizzontale a 2 mandrini per fresatura rotante<\/a><\/div><div>\n\r\n\t\r\n\t\tQuesta macchina \u00e8 stata progettata appositamente per la lavorazione di cilindri a impressione (\u00d8 max. 800 mm; lunghezza max. 2.000 mm). L'ambito di lavorazione comprende la tornitura della superficie laterale,<\/div><\/div><div class=\"column mb-3 col-4 col-md-6\"><a href=\"https:\/\/www.elha.de\/it\/maschinen\/sondermaschinen\/spx-5176-2-spindel-horizontal-bearbeitungszentrum\/\" class=\"elha-image-link border\"><img loading=\"lazy\" decoding=\"async\" width=\"460\" height=\"171\" src=\"https:\/\/www.elha.de\/wp-content\/uploads\/spx-5176-banner.jpg\" class=\"attachment-cropimage size-cropimage wp-post-image\" alt=\"\" \/><\/a><div class=\"text-bold mt-1 mb-1\" style=\"font-size:20px;\"><a href=\"https:\/\/www.elha.de\/it\/maschinen\/sondermaschinen\/spx-5176-2-spindel-horizontal-bearbeitungszentrum\/\">SPX 5176 - Centro di lavorazione orizzontale a 2 mandrini<\/a><\/div><div>\n\r\n\t\r\n\t\tQuesta macchina \u00e8 stata progettata principalmente per la foratura e la fresatura orizzontale multimandrino di rulli pesanti. Per poter lavorare anche altri pezzi, la prima macchina<\/div><\/div><div class=\"column mb-3 col-4 col-md-6\"><a href=\"https:\/\/www.elha.de\/it\/maschinen\/sondermaschinen\/spx-5134-schienenbohranlage\/\" class=\"elha-image-link border\"><img loading=\"lazy\" decoding=\"async\" width=\"460\" height=\"171\" src=\"https:\/\/www.elha.de\/wp-content\/uploads\/spx-5134-banner.jpg\" class=\"attachment-cropimage size-cropimage wp-post-image\" alt=\"SPX 5134 Banner\" \/><\/a><div class=\"text-bold mt-1 mb-1\" style=\"font-size:20px;\"><a href=\"https:\/\/www.elha.de\/it\/maschinen\/sondermaschinen\/spx-5134-schienenbohranlage\/\">SPX 5134 - Macchina per la foratura delle rotaie<\/a><\/div><div>\n\r\n\t\r\n\t\tQuesta macchina \u00e8 adatta alla foratura e alla smussatura bilaterale di profili ferroviari di varie forme e dimensioni. La foratura viene eseguita con un'unit\u00e0 a 2 assi orientabile di \u00b115\u00b0.<\/div><\/div><div class=\"column mb-3 col-4 col-md-6\"><a href=\"https:\/\/www.elha.de\/it\/maschinen\/sondermaschinen\/spx-4979-planetentisch-bearbeitungszentrum\/\" class=\"elha-image-link border\"><img loading=\"lazy\" decoding=\"async\" width=\"460\" height=\"171\" src=\"https:\/\/www.elha.de\/wp-content\/uploads\/spx-4979-banner.jpg\" class=\"attachment-cropimage size-cropimage wp-post-image\" alt=\"\" \/><\/a><div class=\"text-bold mt-1 mb-1\" style=\"font-size:20px;\"><a href=\"https:\/\/www.elha.de\/it\/maschinen\/sondermaschinen\/spx-4979-planetentisch-bearbeitungszentrum\/\">SPX 4979 - Centro di lavoro a tavola planetaria<\/a><\/div><div>\n\r\n\t\r\n\t\tLa macchina \u00e8 adatta alla lavorazione di console sottocarro destre o sinistre in fusione a freddo di alluminio in un'unica operazione di serraggio. Lavorazione su 5 lati tenendo i pezzi su tavole planetarie CNC. Caricamento automatico<\/div><\/div><\/div>\r\n\r\n<p class=\"text-center\">\r\n\t\r\n\t\r\n\t\t<a href=\"https:\/\/www.elha.de\/wp-content\/uploads\/FS-EN-012026.pdf\" target=\"_blank\" class=\"btn btn-primary btn-lg mr-4\" rel=\"noopener\">Scarica l'opuscolo<\/a>\r\n\t\r\n\t<a href=\"https:\/\/www.elha.de\/it\/contatto\/\"  class=\"btn btn-primary btn-lg mr-4\">Contattateci<\/a>\r\n<\/p>","protected":false},"excerpt":{"rendered":"<p>\t\tLa macchina \u00e8 adatta alla lavorazione di console sottocarro destre o sinistre in fusione a freddo di alluminio in un'unica operazione di serraggio. Lavorazione su 5 lati tenendo i pezzi su tavole planetarie CNC. Caricamento automatico<\/p>","protected":false},"author":1,"featured_media":4078,"parent":1416,"menu_order":6,"comment_status":"closed","ping_status":"closed","template":"","meta":{"footnotes":""},"class_list":["post-1653","page","type-page","status-publish","has-post-thumbnail","hentry"],"blocksy_meta":{"styles_descriptor":{"styles":{"desktop":"","tablet":"","mobile":""},"google_fonts":[],"version":6},"page_title_panel":"","has_hero_section":"default","c15ce041b8ea8c79736482f38761ecfa":"","hero_section":"type-1","hero_elements":[{"id":"custom_title","enabled":true,"heading_tag":"h1","title":"Pagina iniziale"},{"id":"custom_description","enabled":true,"description_visibility":{"desktop":true,"tablet":true,"mobile":false}},{"id":"custom_meta","enabled":false,"meta_elements":[{"id":"author","enabled":true,"label":"Von","has_author_avatar":"yes","avatar_size":25},{"id":"post_date","enabled":true,"label":"Am","date_format_source":"default","date_format":"M j, Y"},{"id":"comments","enabled":true}],"page_meta_elements":{"joined":true,"articles_count":true,"comments":true}},{"id":"breadcrumbs","enabled":false}],"b62addcac89a9ffed509f8f479dafe67":"","hero_alignment1":"CT_CSS_SKIP_RULE","hero_margin":40,"hero_alignment2":"center","hero_vertical_alignment":"center","15476ddcfc2db09e9f906e6efed33d53":"","hero_structure":"narrow","db62cb0e95f5dfe82707268b6f4f6f5c":"","page_title_bg_type":"featured_image","custom_hero_background":{"attachment_id":null},"parallax":{"desktop":false,"tablet":false,"mobile":false},"aaa76436a2f7d916e3b1679dcefe5f22":"","hero_height":"250px","pageTitleFont":{"family":"Default","variation":"Default","size":{"desktop":"32px","tablet":"30px","mobile":"25px"},"line-height":"CT_CSS_SKIP_RULE","letter-spacing":"CT_CSS_SKIP_RULE","text-transform":"CT_CSS_SKIP_RULE","text-decoration":"CT_CSS_SKIP_RULE"},"pageTitleFontColor":{"default":{"color":"CT_CSS_SKIP_RULEDEFAULT"}},"pageMetaFont":{"family":"Default","variation":"n6","size":"12px","line-height":"1.3","letter-spacing":"CT_CSS_SKIP_RULE","text-transform":"uppercase","text-decoration":"CT_CSS_SKIP_RULE"},"pageMetaFontColor":{"default":{"color":"CT_CSS_SKIP_RULEDEFAULT"},"hover":{"color":"CT_CSS_SKIP_RULEDEFAULT"}},"page_meta_button_type_font_colors":{"default":{"color":"CT_CSS_SKIP_RULEDEFAULT"},"hover":{"color":"CT_CSS_SKIP_RULEDEFAULT"}},"page_meta_button_type_background_colors":{"default":{"color":"CT_CSS_SKIP_RULEDEFAULT"},"hover":{"color":"CT_CSS_SKIP_RULEDEFAULT"}},"pageExcerptFont":{"family":"Default","variation":"Default","size":"CT_CSS_SKIP_RULE","line-height":"CT_CSS_SKIP_RULE","letter-spacing":"CT_CSS_SKIP_RULE","text-transform":"CT_CSS_SKIP_RULE","text-decoration":"CT_CSS_SKIP_RULE"},"pageExcerptColor":{"default":{"color":"CT_CSS_SKIP_RULEDEFAULT"}},"breadcrumbsFont":{"family":"Default","variation":"Default","size":"CT_CSS_SKIP_RULE","line-height":"CT_CSS_SKIP_RULE","letter-spacing":"CT_CSS_SKIP_RULE","text-transform":"CT_CSS_SKIP_RULE","text-decoration":"CT_CSS_SKIP_RULE"},"breadcrumbsFontColor":{"default":{"color":"CT_CSS_SKIP_RULEDEFAULT"},"initial":{"color":"CT_CSS_SKIP_RULEDEFAULT"},"hover":{"color":"CT_CSS_SKIP_RULEDEFAULT"}},"pageTitleOverlay":{"default":{"color":"CT_CSS_SKIP_RULE"}},"pageTitleBackground":{"background_type":"color","background_pattern":"type-1","background_image":{"attachment_id":null,"x":0,"y":0},"gradient":"linear-gradient(135deg,rgba(6,147,227,1) 0%,rgb(155,81,224) 100%)","background_repeat":"no-repeat","background_size":"auto","background_attachment":"scroll","patternColor":{"default":{"color":"#e5e7ea"}},"overlayColor":{"default":{"color":"CT_CSS_SKIP_RULE"}},"backgroundColor":{"default":{"color":"var(--theme-palette-color-6)"}}},"pageTitlePadding":{"top":"50px","bottom":"50px","left":"auto","right":"auto","linked":true},"7e7cdfebba93188b487b3b06ed73245f":"","page_structure_type":"default","3aa8c666cfcf40d1c155409033ad86fb":"","content_style_source":"inherit","content_style":"wide","vertical_spacing_source":"inherit","content_area_spacing":"both","background":{"background_type":"color","background_pattern":"type-1","background_image":{"attachment_id":null,"x":0,"y":0},"gradient":"linear-gradient(135deg,rgba(6,147,227,1) 0%,rgb(155,81,224) 100%)","background_repeat":"no-repeat","background_size":"auto","background_attachment":"scroll","patternColor":{"default":{"color":"#e5e7ea"}},"overlayColor":{"default":{"color":"CT_CSS_SKIP_RULE"}},"backgroundColor":{"default":{"color":"CT_CSS_SKIP_RULE"}}},"content_background":{"background_type":"color","background_pattern":"type-1","background_image":{"attachment_id":null,"x":0,"y":0},"gradient":"linear-gradient(135deg,rgba(6,147,227,1) 0%,rgb(155,81,224) 100%)","background_repeat":"no-repeat","background_size":"auto","background_attachment":"scroll","patternColor":{"default":{"color":"#e5e7ea"}},"overlayColor":{"default":{"color":"CT_CSS_SKIP_RULE"}},"backgroundColor":{"default":{"color":"var(--theme-palette-color-8)"}}},"content_boxed_shadow":{"inherit":false,"blur":18,"spread":-6,"v_offset":12,"h_offset":0,"inset":false,"enable":true,"color":{"color":"rgba(34, 56, 101, 0.04)"}},"boxed_content_spacing":{"desktop":{"top":"40px","bottom":"40px","left":"40px","right":"40px","linked":true},"tablet":{"top":"35px","bottom":"35px","left":"35px","right":"35px","linked":true},"mobile":{"top":"20px","bottom":"20px","left":"20px","right":"20px","linked":true}},"content_boxed_radius":{"top":"3px","bottom":"3px","left":"3px","right":"3px","linked":true},"c42a64023d49bfbb47c75dad353dde25":"","disable_featured_image":"yes","disable_header":"no","disable_footer":"no"},"_links":{"self":[{"href":"https:\/\/www.elha.de\/it\/wp-json\/wp\/v2\/pages\/1653","targetHints":{"allow":["GET"]}}],"collection":[{"href":"https:\/\/www.elha.de\/it\/wp-json\/wp\/v2\/pages"}],"about":[{"href":"https:\/\/www.elha.de\/it\/wp-json\/wp\/v2\/types\/page"}],"author":[{"embeddable":true,"href":"https:\/\/www.elha.de\/it\/wp-json\/wp\/v2\/users\/1"}],"replies":[{"embeddable":true,"href":"https:\/\/www.elha.de\/it\/wp-json\/wp\/v2\/comments?post=1653"}],"version-history":[{"count":0,"href":"https:\/\/www.elha.de\/it\/wp-json\/wp\/v2\/pages\/1653\/revisions"}],"up":[{"embeddable":true,"href":"https:\/\/www.elha.de\/it\/wp-json\/wp\/v2\/pages\/1416"}],"wp:featuredmedia":[{"embeddable":true,"href":"https:\/\/www.elha.de\/it\/wp-json\/wp\/v2\/media\/4078"}],"wp:attachment":[{"href":"https:\/\/www.elha.de\/it\/wp-json\/wp\/v2\/media?parent=1653"}],"curies":[{"name":"wp","href":"https:\/\/api.w.org\/{rel}","templated":true}]}}