{"id":24,"date":"2015-11-08T00:29:08","date_gmt":"2015-11-07T23:29:08","guid":{"rendered":"https:\/\/www.elha.de\/?page_id=24"},"modified":"2025-04-07T12:10:08","modified_gmt":"2025-04-07T10:10:08","slug":"azienda","status":"publish","type":"page","link":"https:\/\/www.elha.de\/it\/unternehmen\/","title":{"rendered":"L'azienda"},"content":{"rendered":"<p>\nELHA-MASCHINENBAU Liemke GmbH &amp; Co. KG \u00e8 un'azienda familiare ricca di tradizione che da oltre 90 anni si distingue per la competenza e il know-how completo nel settore delle macchine utensili per la lavorazione ad asportazione di trucioli. Massima produttivit\u00e0, concetti innovativi ed economicit\u00e0 sono le caratteristiche dei nostri prodotti.\n<\/p>\n\n\n\n<div style=\"height:40px\" aria-hidden=\"true\" class=\"wp-block-spacer\"><\/div>\n\n\n<div class=\"columns\"><div class=\"column mb-3 col-4 col-md-6\"><a href=\"https:\/\/www.elha.de\/it\/unternehmen\/ueber-uns\/\" class=\"elha-image-link border\"><img loading=\"lazy\" decoding=\"async\" width=\"460\" height=\"171\" src=\"https:\/\/www.elha.de\/wp-content\/uploads\/werk2-montagehalle.jpg\" class=\"attachment-cropimage size-cropimage wp-post-image\" alt=\"\" \/><\/a><div class=\"text-bold mt-1 mb-1\" style=\"font-size:20px;\"><a href=\"https:\/\/www.elha.de\/it\/unternehmen\/ueber-uns\/\">Chi siamo<\/a><\/div><div>\n\n\tCon il nome LH (poi ELHA), abbreviazione di \"Liemke H\u00f6velhof\", \u00e8 nata un'azienda di commercio elettrico intorno al 1930.<\/div><\/div><div class=\"column mb-3 col-4 col-md-6\"><a href=\"https:\/\/www.elha.de\/it\/unternehmen\/das-elha-team\/\" class=\"elha-image-link border\"><img loading=\"lazy\" decoding=\"async\" width=\"460\" height=\"307\" src=\"https:\/\/www.elha.de\/wp-content\/uploads\/GF-Shooting-Gruppe-EDIT-460x307.webp\" class=\"attachment-cropimage size-cropimage wp-post-image\" alt=\"Immagine di gruppo della gestione dell&#039;ELHA\" srcset=\"https:\/\/www.elha.de\/wp-content\/uploads\/GF-Shooting-Gruppe-EDIT-460x307.webp 460w, https:\/\/www.elha.de\/wp-content\/uploads\/GF-Shooting-Gruppe-EDIT-940x626.webp 940w, https:\/\/www.elha.de\/wp-content\/uploads\/GF-Shooting-Gruppe-EDIT-18x12.webp 18w, https:\/\/www.elha.de\/wp-content\/uploads\/GF-Shooting-Gruppe-EDIT-200x133.webp 200w, https:\/\/www.elha.de\/wp-content\/uploads\/GF-Shooting-Gruppe-EDIT.webp 1280w\" sizes=\"auto, (max-width: 460px) 100vw, 460px\" \/><\/a><div class=\"text-bold mt-1 mb-1\" style=\"font-size:20px;\"><a href=\"https:\/\/www.elha.de\/it\/unternehmen\/das-elha-team\/\">Il team ELHA<\/a><\/div><div>\nELHA-MASCHINENBAU si avvale di un team di dipendenti altamente qualificati e motivati che contribuiscono in modo significativo al successo a lungo termine dell'azienda. Il forte spirito di squadra, l'approccio pragmatico e il<\/div><\/div><div class=\"column mb-3 col-4 col-md-6\"><a href=\"https:\/\/www.elha.de\/it\/unternehmen\/historie\/\" class=\"elha-image-link border\"><img loading=\"lazy\" decoding=\"async\" width=\"460\" height=\"171\" src=\"https:\/\/www.elha.de\/wp-content\/uploads\/staenderbohrmaschine-banner.jpg\" class=\"attachment-cropimage size-cropimage wp-post-image\" alt=\"\" \/><\/a><div class=\"text-bold mt-1 mb-1\" style=\"font-size:20px;\"><a href=\"https:\/\/www.elha.de\/it\/unternehmen\/historie\/\">La storia<\/a><\/div><div>\n\r\n\tELHA-MASCHINENBAU \u00e8 un'azienda tradizionale a conduzione familiare che si afferma da oltre 90 anni grazie alla competenza e al know-how completo nella tecnologia di lavorazione e nella progettazione di macchine.\r\n\tELHA \u00e8 sinonimo di<\/div><\/div><div class=\"column mb-3 col-4 col-md-6\"><a href=\"https:\/\/www.elha.de\/it\/unternehmen\/qualitaet-und-umwelt\/\" class=\"elha-image-link border\"><img loading=\"lazy\" decoding=\"async\" width=\"460\" height=\"171\" src=\"https:\/\/www.elha.de\/wp-content\/uploads\/qualitaet-und-umwelt-banner.jpg\" class=\"attachment-cropimage size-cropimage wp-post-image\" alt=\"\" \/><\/a><div class=\"text-bold mt-1 mb-1\" style=\"font-size:20px;\"><a href=\"https:\/\/www.elha.de\/it\/unternehmen\/qualitaet-und-umwelt\/\">Qualit\u00e0 e ambiente<\/a><\/div><div>\nUno dei nostri principali obiettivi aziendali \u00e8 quello di raggiungere i pi\u00f9 alti standard di qualit\u00e0 per i nostri prodotti e servizi. Altrettanto importante \u00e8 la nostra responsabilit\u00e0 ecologica nei confronti delle generazioni attuali e future.<\/div><\/div><div class=\"column mb-3 col-4 col-md-6\"><a href=\"https:\/\/www.elha.de\/it\/unternehmen\/einkauf\/\" class=\"elha-image-link border\"><img loading=\"lazy\" decoding=\"async\" width=\"460\" height=\"171\" src=\"https:\/\/www.elha.de\/wp-content\/uploads\/einkauf-banner.jpg\" class=\"attachment-cropimage size-cropimage wp-post-image\" alt=\"Acquisto banner\" \/><\/a><div class=\"text-bold mt-1 mb-1\" style=\"font-size:20px;\"><a href=\"https:\/\/www.elha.de\/it\/unternehmen\/einkauf\/\">Acquisto<\/a><\/div><div>\n\n  Anche nella vita privata chiedete ai prodotti che acquistate una buona qualit\u00e0 a un prezzo competitivo. Abbiamo le stesse aspettative<\/div><\/div><div class=\"column mb-3 col-4 col-md-6\"><a href=\"https:\/\/www.elha.de\/it\/unternehmen\/informationsmaterial\/\" class=\"elha-image-link border\"><img loading=\"lazy\" decoding=\"async\" width=\"460\" height=\"171\" src=\"https:\/\/www.elha.de\/wp-content\/uploads\/elha-prospekte-banner.jpg\" class=\"attachment-cropimage size-cropimage wp-post-image\" alt=\"\" \/><\/a><div class=\"text-bold mt-1 mb-1\" style=\"font-size:20px;\"><a href=\"https:\/\/www.elha.de\/it\/unternehmen\/informationsmaterial\/\">Materiale informativo<\/a><\/div><div>\n\u00c8 possibile scaricare le nostre brochure attuali qui. Per visualizzare gli opuscoli potrebbe essere necessario Adobe Reader. Se non si dispone di Reader<\/div><\/div><div class=\"column mb-3 col-4 col-md-6\"><a href=\"https:\/\/www.elha.de\/it\/unternehmen\/videos\/\" class=\"elha-image-link border\"><img decoding=\"async\" src=\"https:\/\/www.elha.de\/wp-content\/uploads\/elha-standard.jpg\"><\/a><div class=\"text-bold mt-1 mb-1\" style=\"font-size:20px;\"><a href=\"https:\/\/www.elha.de\/it\/unternehmen\/videos\/\">Video<\/a><\/div><div>\n\n\n\r\n\r\n\t\r\n\t\t\r\n\t\tFilm d'immagine\r\n\t\r\n\r\n\t\r\n\t\t\r\n\t\tModuli di produzione\r\n\t\r\n\r\n\t\r\n\t\t\r\n\t\tFM SMART\r\n\t\r\n\r\n\t\r\n\t\t\r\n\t\tVTM Centri di tornitura verticali\r\n\t\r\n\r\n\t\r\n\t\t\r\n\t\tStoria dell'utente VTM\r\n\t\r\n\r\n\t\r\n\t\t\r\n\t\tVTM Time-lapse\r\n\t\r\n\r\n\t\r\n\t\t\r\n\t\tTime-lapse VTM ht\r\n\t\r\n\r\n\t\r\n\t\t\r\n\t\tCentro di lavoro di grandi dimensioni\r\n\t\r\n\n<\/div><\/div><div class=\"column mb-3 col-4 col-md-6\"><a href=\"https:\/\/www.elha.de\/it\/unternehmen\/vertriebspartner\/\" class=\"elha-image-link border\"><img loading=\"lazy\" decoding=\"async\" width=\"460\" height=\"307\" src=\"https:\/\/www.elha.de\/wp-content\/uploads\/vertriebspartner.jpg\" class=\"attachment-cropimage size-cropimage wp-post-image\" alt=\"\" \/><\/a><div class=\"text-bold mt-1 mb-1\" style=\"font-size:20px;\"><a href=\"https:\/\/www.elha.de\/it\/unternehmen\/vertriebspartner\/\">Partner di vendita<\/a><\/div><div>\n<\/div><\/div><\/div>\n\n\n\n<p><\/p>","protected":false},"excerpt":{"rendered":"","protected":false},"author":1,"featured_media":0,"parent":0,"menu_order":3,"comment_status":"closed","ping_status":"closed","template":"","meta":{"footnotes":""},"class_list":["post-24","page","type-page","status-publish","hentry"],"blocksy_meta":{"styles_descriptor":{"styles":{"desktop":"","tablet":"","mobile":""},"google_fonts":[],"version":6}},"_links":{"self":[{"href":"https:\/\/www.elha.de\/it\/wp-json\/wp\/v2\/pages\/24","targetHints":{"allow":["GET"]}}],"collection":[{"href":"https:\/\/www.elha.de\/it\/wp-json\/wp\/v2\/pages"}],"about":[{"href":"https:\/\/www.elha.de\/it\/wp-json\/wp\/v2\/types\/page"}],"author":[{"embeddable":true,"href":"https:\/\/www.elha.de\/it\/wp-json\/wp\/v2\/users\/1"}],"replies":[{"embeddable":true,"href":"https:\/\/www.elha.de\/it\/wp-json\/wp\/v2\/comments?post=24"}],"version-history":[{"count":0,"href":"https:\/\/www.elha.de\/it\/wp-json\/wp\/v2\/pages\/24\/revisions"}],"wp:attachment":[{"href":"https:\/\/www.elha.de\/it\/wp-json\/wp\/v2\/media?parent=24"}],"curies":[{"name":"wp","href":"https:\/\/api.w.org\/{rel}","templated":true}]}}