{"id":2662,"date":"2016-05-31T10:13:05","date_gmt":"2016-05-31T08:13:05","guid":{"rendered":"https:\/\/www.elha.de\/?page_id=2662"},"modified":"2026-01-22T09:03:40","modified_gmt":"2026-01-22T08:03:40","slug":"dopo-le-vendite","status":"publish","type":"page","link":"https:\/\/www.elha.de\/it\/after-sales\/","title":{"rendered":"Dopo le vendite"},"content":{"rendered":"<h1 class=\"wp-block-heading\">Retrofit, ricambi, manutenzione e altro ancora<\/h1>\n\n\n\n<p>Per noi l'assistenza alle macchine non finisce con la consegna. Con una gamma completa di servizi post-vendita, garantiamo che la vostra produzione funzioni in modo affidabile per gli anni a venire. Che si tratti di retrofit, ricambi, manutenzione preventiva o assistenza clienti a breve termine: il nostro team di assistenza \u00e8 al vostro fianco, anche per le macchine di altri produttori.<\/p>\n\n\n\n\n\n\n\n<div class=\"wp-block-group is-nowrap is-layout-flex wp-container-core-group-is-layout-6c531013 wp-block-group-is-layout-flex\">\n<h2 class=\"wp-block-heading\">Retrofit e modernizzazione di macchine utensili<\/h2>\n<\/div>\n\n\n\n<div class=\"wp-block-columns is-layout-flex wp-container-core-columns-is-layout-d2da2050 wp-block-columns-is-layout-flex\" style=\"margin-bottom:0\">\n<div class=\"wp-block-column has-background is-layout-flow wp-container-core-column-is-layout-92d440f1 wp-block-column-is-layout-flow\" style=\"background-color:#0085ba12;padding-top:0;padding-bottom:0\">\n<h3 class=\"wp-block-heading has-text-align-center has-medium-font-size\" style=\"margin-top:var(--wp--preset--spacing--50);margin-bottom:var(--wp--preset--spacing--50)\">Conversioni<\/h3>\n<\/div>\n\n\n\n<div class=\"wp-block-column has-background is-layout-flow wp-container-core-column-is-layout-0fe4df0b wp-block-column-is-layout-flow\" style=\"background-color:#0085ba12;padding-top:var(--wp--preset--spacing--50);padding-bottom:var(--wp--preset--spacing--50)\">\n<h3 class=\"wp-block-heading has-text-align-center has-medium-font-size\" style=\"padding-right:0;padding-left:0\">Modernizzazione<\/h3>\n<\/div>\n\n\n\n<div class=\"wp-block-column is-layout-flow wp-block-column-is-layout-flow\">\n<h2 class=\"wp-block-heading has-text-align-center has-background has-medium-font-size\" style=\"border-style:none;border-width:0px;background-color:#0085ba12;padding-right:var(--wp--preset--spacing--50);padding-left:var(--wp--preset--spacing--50)\">Revisione generale<\/h2>\n<\/div>\n<\/div>\n\n\n\n<div style=\"height:8px\" aria-hidden=\"true\" class=\"wp-block-spacer\"><\/div>\n\n\n\n<p>I pezzi cambiano, ma le macchine restano le stesse. Quando i prodotti vengono rilavorati o i componenti sostituiti, spesso non vale la pena investire in un sistema completamente nuovo. Un retrofit offre invece l'opportunit\u00e0 di adattare in modo specifico i sistemi di produzione esistenti ai nuovi requisiti.<\/p>\n\n\n\n<p>Con l'esperienza di oltre 100 conversioni di macchine e revisioni generali di successo, noi di ELHA-MASCHINENBAU siamo il vostro partner affidabile per il retrofitting tecnico e la modernizzazione. La nostra gamma di servizi spazia da ampliamenti mirati a revisioni parziali meccaniche ed elettriche fino alla conversione completa di intere linee di produzione.<\/p>\n\n\n\n<div class=\"wp-block-columns is-layout-flex wp-container-core-columns-is-layout-28f84493 wp-block-columns-is-layout-flex\">\n<div class=\"wp-block-column is-layout-flow wp-block-column-is-layout-flow\">\n<figure class=\"wp-block-image size-large\"><img loading=\"lazy\" decoding=\"async\" width=\"627\" height=\"940\" src=\"https:\/\/www.elha.de\/wp-content\/uploads\/fm4x-vor-ueberholung-627x940.jpg\" alt=\"\" class=\"wp-image-6439\" srcset=\"https:\/\/www.elha.de\/wp-content\/uploads\/fm4x-vor-ueberholung-627x940.jpg 627w, https:\/\/www.elha.de\/wp-content\/uploads\/fm4x-vor-ueberholung.jpg 800w\" sizes=\"auto, (max-width: 627px) 100vw, 627px\" \/><figcaption class=\"wp-element-caption\"><strong>Prima<\/strong><\/figcaption><\/figure>\n\n\n\n<p><\/p>\n<\/div>\n\n\n\n<div class=\"wp-block-column is-layout-flow wp-block-column-is-layout-flow\">\n<figure class=\"wp-block-image size-large\"><img loading=\"lazy\" decoding=\"async\" width=\"627\" height=\"940\" src=\"https:\/\/www.elha.de\/wp-content\/uploads\/fm4x-nach-ueberholung-627x940.jpg\" alt=\"\" class=\"wp-image-6445\" srcset=\"https:\/\/www.elha.de\/wp-content\/uploads\/fm4x-nach-ueberholung-627x940.jpg 627w, https:\/\/www.elha.de\/wp-content\/uploads\/fm4x-nach-ueberholung.jpg 800w\" sizes=\"auto, (max-width: 627px) 100vw, 627px\" \/><figcaption class=\"wp-element-caption\"><strong>In seguito<\/strong><\/figcaption><\/figure>\n<\/div>\n\n\n\n<div class=\"wp-block-column is-layout-flow wp-block-column-is-layout-flow\">\n<div class=\"wp-block-group is-nowrap is-layout-flex wp-container-core-group-is-layout-6c531013 wp-block-group-is-layout-flex\">\n<figure class=\"wp-block-image size-full is-resized wp-container-content-9cfa9a5a\"><img loading=\"lazy\" decoding=\"async\" width=\"260\" height=\"120\" src=\"https:\/\/www.elha.de\/wp-content\/uploads\/2025-Logo-ELHA-Retrofit-ELHA-Retrofit-Black-Blue.webp\" alt=\"\" class=\"wp-image-12765\" style=\"width:184px;height:auto\" srcset=\"https:\/\/www.elha.de\/wp-content\/uploads\/2025-Logo-ELHA-Retrofit-ELHA-Retrofit-Black-Blue.webp 260w, https:\/\/www.elha.de\/wp-content\/uploads\/2025-Logo-ELHA-Retrofit-ELHA-Retrofit-Black-Blue-18x8.webp 18w, https:\/\/www.elha.de\/wp-content\/uploads\/2025-Logo-ELHA-Retrofit-ELHA-Retrofit-Black-Blue-200x92.webp 200w\" sizes=\"auto, (max-width: 260px) 100vw, 260px\" \/><\/figure>\n<\/div>\n\n\n\n<p><strong>Panoramica delle prestazioni:<\/strong><\/p>\n\n\n\n<ul class=\"wp-block-list\">\n<li>Consulenza e ingegneria di processo<\/li>\n\n\n\n<li>Revisioni meccaniche e\/o elettriche complete o parziali<\/li>\n\n\n\n<li>Riavvio di sistemi convertiti, compreso il processo<\/li>\n\n\n\n<li>Conversione\/riattrezzaggio per nuovi\/altri pezzi<\/li>\n\n\n\n<li>Assistenza tecnica durante l'intera fase del progetto<\/li>\n<\/ul>\n<\/div>\n<\/div>\n\n\n\n<div class=\"wp-block-columns is-layout-flex wp-container-core-columns-is-layout-28f84493 wp-block-columns-is-layout-flex\">\n<div class=\"wp-block-column is-layout-flow wp-block-column-is-layout-flow\">\n<h2 class=\"wp-block-heading\">Servizio<\/h2>\n\n\n\n<figure class=\"wp-block-image size-large\"><img loading=\"lazy\" decoding=\"async\" width=\"627\" height=\"940\" src=\"https:\/\/www.elha.de\/wp-content\/uploads\/after-sales-service-627x940.jpg\" alt=\"\" class=\"wp-image-6435\" style=\"aspect-ratio:3\/2;object-fit:cover\" srcset=\"https:\/\/www.elha.de\/wp-content\/uploads\/after-sales-service-627x940.jpg 627w, https:\/\/www.elha.de\/wp-content\/uploads\/after-sales-service.jpg 800w\" sizes=\"auto, (max-width: 627px) 100vw, 627px\" \/><\/figure>\n\n\n\n<h3 class=\"wp-block-heading has-text-align-left has-background has-medium-font-size\" style=\"background-color:#0085ba12\">altamente qualificati e impegnati<\/h3>\n\n\n\n<p>Il team di assistenza ELHA in ufficio e sul campo vi offre i tempi di risposta pi\u00f9 brevi per evitare o ridurre al minimo i tempi di fermo macchina.<\/p>\n\n\n\n<details class=\"wp-block-details has-palette-color-1-color has-text-color has-link-color has-medium-font-size wp-elements-e3babf3674d1f5c768bc72c05069d7ca is-layout-flow wp-block-details-is-layout-flow\"><summary><strong>I nostri servizi includono<\/strong><\/summary>\n<ul class=\"wp-block-list\">\n<li style=\"font-size:clamp(14px, 0.875rem + ((1vw - 3.2px) * 0.078), 15px);\">Assistenza telefonica internazionale tramite la hotline con personale specializzato<\/li>\n\n\n\n<li style=\"font-size:clamp(14px, 0.875rem + ((1vw - 3.2px) * 0.078), 15px);\">Ispezione, manutenzione e riparazione<\/li>\n\n\n\n<li style=\"font-size:clamp(14px, 0.875rem + ((1vw - 3.2px) * 0.078), 15px);\">Riparazioni effettuate da tecnici competenti<\/li>\n\n\n\n<li style=\"font-size:clamp(14px, 0.875rem + ((1vw - 3.2px) * 0.078), 15px);\">Servizio remoto<\/li>\n\n\n\n<li style=\"font-size:clamp(14px, 0.875rem + ((1vw - 3.2px) * 0.078), 15px);\">Contratti di manutenzione\/assistenza individuali<\/li>\n\n\n\n<li style=\"font-size:clamp(14px, 0.875rem + ((1vw - 3.2px) * 0.078), 15px);\">Pacchetti di manutenzione<\/li>\n\n\n\n<li style=\"font-size:clamp(14px, 0.875rem + ((1vw - 3.2px) * 0.078), 15px);\">Tempi di risposta rapidi e affidabili<\/li>\n\n\n\n<li style=\"font-size:clamp(14px, 0.875rem + ((1vw - 3.2px) * 0.078), 15px);\">Forti partner di cooperazione negli Stati Uniti e in Asia<\/li>\n<\/ul>\n<\/details>\n<\/div>\n\n\n\n<div class=\"wp-block-column is-layout-flow wp-block-column-is-layout-flow\">\n<h2 class=\"wp-block-heading\">Ricambi originali<\/h2>\n\n\n\n<figure class=\"wp-block-image size-large\"><img loading=\"lazy\" decoding=\"async\" width=\"940\" height=\"595\" src=\"https:\/\/www.elha.de\/wp-content\/uploads\/elha-original-ersatzteile-940x595.jpg\" alt=\"\" class=\"wp-image-6437\" style=\"aspect-ratio:3\/2;object-fit:cover\" srcset=\"https:\/\/www.elha.de\/wp-content\/uploads\/elha-original-ersatzteile-940x595.jpg 940w, https:\/\/www.elha.de\/wp-content\/uploads\/elha-original-ersatzteile.jpg 1200w\" sizes=\"auto, (max-width: 940px) 100vw, 940px\" \/><\/figure>\n\n\n\n<h3 class=\"wp-block-heading has-background has-medium-font-size\" style=\"background-color:#0085ba12\">veloce e preciso<\/h3>\n\n\n\n<p>Forniamo ricambi originali in modo rapido e preciso, sia che si tratti di singoli pezzi, di pacchetti di ricambi o di una strategia di magazzino lungimirante: garantiamo che la vostra produzione funzioni senza problemi.<\/p>\n\n\n\n<details class=\"wp-block-details has-palette-color-1-color has-text-color has-link-color has-medium-font-size wp-elements-537bb9af085ea1b28c036d5b494cf33f is-layout-flow wp-block-details-is-layout-flow\"><summary><strong>I vantaggi in sintesi:<\/strong><\/summary>\n<ul class=\"wp-block-list\">\n<li style=\"font-size:clamp(14px, 0.875rem + ((1vw - 3.2px) * 0.078), 15px);\">Tempi di risposta rapidi<\/li>\n\n\n\n<li style=\"font-size:clamp(14px, 0.875rem + ((1vw - 3.2px) * 0.078), 15px);\">Elevata disponibilit\u00e0 di ricambi<\/li>\n\n\n\n<li style=\"font-size:clamp(14px, 0.875rem + ((1vw - 3.2px) * 0.078), 15px);\">Spedizione in tutto il mondo<\/li>\n\n\n\n<li style=\"font-size:clamp(14px, 0.875rem + ((1vw - 3.2px) * 0.078), 15px);\">Gestione dei magazzini di spedizione<\/li>\n\n\n\n<li style=\"font-size:clamp(14px, 0.875rem + ((1vw - 3.2px) * 0.078), 15px);\">Raccomandazioni personalizzate sui ricambi<\/li>\n\n\n\n<li style=\"font-size:clamp(14px, 0.875rem + ((1vw - 3.2px) * 0.078), 15px);\">Pacchetti di ricambi<\/li>\n<\/ul>\n<\/details>\n<\/div>\n<\/div>\n\n\n\n<div class=\"wp-block-columns is-layout-flex wp-container-core-columns-is-layout-28f84493 wp-block-columns-is-layout-flex\">\n<div class=\"wp-block-column is-layout-flow wp-block-column-is-layout-flow\">\n<h2 class=\"wp-block-heading\">Formazione<\/h2>\n\n\n\n<figure class=\"wp-block-image size-large\"><img loading=\"lazy\" decoding=\"async\" width=\"940\" height=\"627\" src=\"https:\/\/www.elha.de\/wp-content\/uploads\/after-sales-training-940x627.jpg\" alt=\"\" class=\"wp-image-6436\" style=\"aspect-ratio:3\/2;object-fit:cover\" srcset=\"https:\/\/www.elha.de\/wp-content\/uploads\/after-sales-training-940x627.jpg 940w, https:\/\/www.elha.de\/wp-content\/uploads\/after-sales-training-460x307.jpg 460w, https:\/\/www.elha.de\/wp-content\/uploads\/after-sales-training.jpg 1200w\" sizes=\"auto, (max-width: 940px) 100vw, 940px\" \/><\/figure>\n\n\n\n<h3 class=\"wp-block-heading has-text-align-left has-background has-medium-font-size\" style=\"background-color:#0085ba12\">completo e chiaramente strutturato<\/h3>\n\n\n\n<p>ELHA-Maschinenbau offre corsi di formazione e programmi di addestramento qualificati per consentirvi di programmare, rodare, utilizzare e monitorare le vostre macchine ELHA in modo sicuro ed efficiente. Abbiamo anche servizi di formazione corrispondenti nel nostro programma per la manutenzione preventiva dei componenti meccanici ed elettrici.<\/p>\n<\/div>\n\n\n\n<div class=\"wp-block-column is-layout-flow wp-block-column-is-layout-flow\">\n<h2 class=\"wp-block-heading\">Macchine usate<\/h2>\n\n\n\n<figure class=\"wp-block-image size-large\"><img loading=\"lazy\" decoding=\"async\" width=\"940\" height=\"627\" src=\"https:\/\/www.elha.de\/wp-content\/uploads\/after-sales-gebrauchtmaschinen-940x627.jpg\" alt=\"\" class=\"wp-image-6434\" style=\"aspect-ratio:3\/2;object-fit:cover\" srcset=\"https:\/\/www.elha.de\/wp-content\/uploads\/after-sales-gebrauchtmaschinen-940x627.jpg 940w, https:\/\/www.elha.de\/wp-content\/uploads\/after-sales-gebrauchtmaschinen-460x307.jpg 460w, https:\/\/www.elha.de\/wp-content\/uploads\/after-sales-gebrauchtmaschinen.jpg 1200w\" sizes=\"auto, (max-width: 940px) 100vw, 940px\" \/><\/figure>\n\n\n\n<h3 class=\"wp-block-heading has-background has-medium-font-size\" style=\"background-color:#0085ba12\">preparato e personalizzato<\/h3>\n\n\n\n<p>Decidete a favore di una macchina usata revisionata da noi. Siamo in grado di offrirvi diverse macchine usate attraverso permute o riacquisti mirati di progetti dei clienti. Eseguiamo revisioni e trasformazioni di queste macchine secondo i vostri desideri.<\/p>\n<\/div>\n<\/div>\n\n\n\n<div style=\"height:39px\" aria-hidden=\"true\" class=\"wp-block-spacer\"><\/div>\n\n\n\n<hr class=\"wp-block-separator has-alpha-channel-opacity is-style-wide\"\/>\n\n\n\n<div class=\"wp-block-columns is-layout-flex wp-container-core-columns-is-layout-28f84493 wp-block-columns-is-layout-flex\">\n<div class=\"wp-block-column is-layout-flow wp-block-column-is-layout-flow\" style=\"flex-basis:50%\">\n<p>Per maggiori informazioni, scaricate il nostro volantino.<\/p>\n\n\n\n<div class=\"wp-block-buttons is-layout-flex wp-block-buttons-is-layout-flex\"><\/div>\n\n\n\n<div class=\"wp-block-buttons is-layout-flex wp-block-buttons-is-layout-flex\">\n<div class=\"wp-block-button\"><a class=\"wp-block-button__link wp-element-button\" href=\"https:\/\/www.elha.de\/wp-content\/uploads\/after-sales-en-2026.pdf\" target=\"_blank\" rel=\"noreferrer noopener\"><strong>scaricare<\/strong><\/a><\/div>\n<\/div>\n<\/div>\n\n\n\n<div class=\"wp-block-column is-layout-flow wp-block-column-is-layout-flow\" style=\"flex-basis:50%\"><\/div>\n<\/div>\n\n\n\n<hr class=\"wp-block-separator has-alpha-channel-opacity is-style-wide\"\/>\n\n\n\n<div class=\"wp-block-contact-form-7-contact-form-selector\">\n<div class=\"wpcf7 no-js\" id=\"wpcf7-f12124-o1\" lang=\"de-DE\" dir=\"ltr\" data-wpcf7-id=\"12124\">\n<div class=\"screen-reader-response\"><p role=\"status\" aria-live=\"polite\" aria-atomic=\"true\"><\/p> <ul><\/ul><\/div>\n<form action=\"\/it\/wp-json\/wp\/v2\/pages\/2662#wpcf7-f12124-o1\" method=\"post\" class=\"wpcf7-form init\" aria-label=\"Modulo di contatto\" enctype=\"multipart\/form-data\" novalidate=\"novalidate\" data-status=\"init\" data-trp-original-action=\"\/it\/wp-json\/wp\/v2\/pages\/2662#wpcf7-f12124-o1\">\n<fieldset class=\"hidden-fields-container\"><input type=\"hidden\" name=\"_wpcf7\" value=\"12124\" \/><input type=\"hidden\" name=\"_wpcf7_version\" value=\"6.1.5\" \/><input type=\"hidden\" name=\"_wpcf7_locale\" value=\"de_DE\" \/><input type=\"hidden\" name=\"_wpcf7_unit_tag\" value=\"wpcf7-f12124-o1\" \/><input type=\"hidden\" name=\"_wpcf7_container_post\" value=\"0\" \/><input type=\"hidden\" name=\"_wpcf7_posted_data_hash\" value=\"\" \/>\n<\/fieldset>\n<div class=\"columns\">\n\t<div class=\"column col-6\">\n\t\t<p>\n\t\t\tSelezione*\n\t\t\t<span class=\"wpcf7-form-control-wrap\" data-name=\"auswahl\"><select class=\"wpcf7-form-control wpcf7-select wpcf7-validates-as-required\" aria-required=\"true\" aria-invalid=\"false\" name=\"auswahl\"><option value=\"Technisches Problem\">Problema tecnico<\/option><option value=\"Servicekontaktliste anfordern\">Richiedere l'elenco dei contatti del servizio<\/option><option value=\"sonstiges\">altro<\/option><\/select><\/span>\n\t\t<\/p>\n\n\t\t<p>\n\t\t\tNome*\n\t\t\t<span class=\"wpcf7-form-control-wrap\" data-name=\"name1\"><input size=\"40\" maxlength=\"400\" class=\"wpcf7-form-control wpcf7-text wpcf7-validates-as-required\" aria-required=\"true\" aria-invalid=\"false\" value=\"\" type=\"text\" name=\"name1\" \/><\/span>\n\t\t<\/p>\n\n\t\t<p>\n\t\t\tE-mail*\n\t\t\t<span class=\"wpcf7-form-control-wrap\" data-name=\"mail\"><input size=\"40\" maxlength=\"400\" class=\"wpcf7-form-control wpcf7-email wpcf7-validates-as-required wpcf7-text wpcf7-validates-as-email\" aria-required=\"true\" aria-invalid=\"false\" value=\"\" type=\"email\" name=\"mail\" \/><\/span>\n\t\t<\/p>\n\n\t\t<p>\n\t\t\tTelefono*\n\t\t\t<span class=\"wpcf7-form-control-wrap\" data-name=\"telefon\"><input size=\"40\" maxlength=\"400\" class=\"wpcf7-form-control wpcf7-text wpcf7-validates-as-required\" aria-required=\"true\" aria-invalid=\"false\" value=\"\" type=\"text\" name=\"telefon\" \/><\/span>\n\t\t<\/p>\n\n\t\t<p>\n\t\t\tAzienda*\n\t\t\t<span class=\"wpcf7-form-control-wrap\" data-name=\"unternehmen\"><input size=\"40\" maxlength=\"400\" class=\"wpcf7-form-control wpcf7-text wpcf7-validates-as-required\" aria-required=\"true\" aria-invalid=\"false\" value=\"\" type=\"text\" name=\"unternehmen\" \/><\/span>\n\t\t<\/p>\n\n\t\t<p>\n\t\t\tNumero della macchina\n\t\t\t<span class=\"wpcf7-form-control-wrap\" data-name=\"maschinennummer\"><input size=\"40\" maxlength=\"400\" class=\"wpcf7-form-control wpcf7-text\" aria-invalid=\"false\" value=\"\" type=\"text\" name=\"maschinennummer\" \/><\/span>\n\t\t<\/p>\n\t<\/div>\n\n\t<div class=\"column col-6\">\n\t\t<p>\n\t\t\tDescrizione*\n\t\t\t<span class=\"wpcf7-form-control-wrap\" data-name=\"beschreibung\"><textarea cols=\"40\" rows=\"10\" maxlength=\"2000\" class=\"wpcf7-form-control wpcf7-textarea wpcf7-validates-as-required\" aria-required=\"true\" aria-invalid=\"false\" name=\"beschreibung\"><\/textarea><\/span>\n\t\t<\/p>\n\n\t\t<p>\n\t\t\tFile max. 10 MB; Formato: PDF, JPG<br>\n\t\t\t<span class=\"wpcf7-form-control-wrap\" data-name=\"anhang\"><input size=\"40\" class=\"wpcf7-form-control wpcf7-file\" accept=\".pdf,.jpg,.jpeg\" aria-invalid=\"false\" type=\"file\" name=\"anhang\" \/><\/span>\n\t\t<\/p>\n\n\t\t<p>\n\t\t\tConfermare l'immagine captcha*<br>\n\t\t\t<input type=\"hidden\" name=\"_wpcf7_captcha_challenge_captcha-1\" value=\"1966576230\" \/><img loading=\"lazy\" decoding=\"async\" class=\"wpcf7-form-control wpcf7-captchac wpcf7-captcha-captcha-1\" width=\"72\" height=\"24\" alt=\"captcha\" src=\"https:\/\/www.elha.de\/wp-content\/uploads\/wpcf7_captcha\/1966576230.png\" \/>\n\t\t\t<span class=\"wpcf7-form-control-wrap\" data-name=\"captcha-1\"><input size=\"40\" class=\"wpcf7-form-control wpcf7-captchar\" autocomplete=\"off\" aria-invalid=\"false\" value=\"\" type=\"text\" name=\"captcha-1\" \/><\/span>\n\t\t<\/p>\n\n\n\t\t<p>\n\t\t\t<span class=\"wpcf7-form-control-wrap\" data-name=\"accept\"><span class=\"wpcf7-form-control wpcf7-acceptance\"><span class=\"wpcf7-list-item\"><input type=\"checkbox\" name=\"accept\" value=\"1\" aria-invalid=\"false\" \/><\/span><\/span><\/span> Acconsento al trattamento\/conservazione dei dati da parte di ELHA e ho letto l'informativa sulla privacy. <a href=\"https:\/\/www.elha.de\/it\/dichiarazione-sulla-protezione-dei-dati\/\" target=\"_blank\">LINK<\/a>\n\t\t<\/p>\n\n\t\t<input class=\"wpcf7-form-control wpcf7-submit has-spinner btn btn-primary mt-4\" type=\"submit\" value=\"Inviare\" \/>\n\t<\/div>\n<\/div><div class=\"wpcf7-response-output\" aria-hidden=\"true\"><\/div>\n<input type=\"hidden\" name=\"trp-form-language\" value=\"it\"\/><\/form>\n<\/div>\n<\/div>\n\n\n\n<p><\/p>","protected":false},"excerpt":{"rendered":"<p>Retrofit, ricambi, manutenzione e altro ancora<\/p>\n<p>Maschinenservice endet bei uns nicht mit der Auslieferung. Mit einem umfassenden After-Sales-Angebot sorgen wir daf\u00fcr, dass Ihre Produktion zuverl\u00e4ssig l\u00e4uft und<\/p>","protected":false},"author":1,"featured_media":6404,"parent":0,"menu_order":7,"comment_status":"closed","ping_status":"closed","template":"","meta":{"footnotes":""},"class_list":["post-2662","page","type-page","status-publish","has-post-thumbnail","hentry"],"blocksy_meta":{"styles_descriptor":{"styles":{"desktop":"","tablet":"","mobile":""},"google_fonts":[],"version":6},"page_title_panel":"","has_hero_section":"default","f054e8cc3e5d37d141a1d0e2e0575dbf":"","hero_section":"type-1","hero_elements":[{"id":"custom_title","enabled":true,"heading_tag":"h1","title":"Pagina iniziale"},{"id":"custom_description","enabled":true,"description_visibility":{"desktop":true,"tablet":true,"mobile":false}},{"id":"custom_meta","enabled":false,"meta_elements":[{"id":"author","enabled":true,"label":"Von","has_author_avatar":"yes","avatar_size":25},{"id":"post_date","enabled":true,"label":"Am","date_format_source":"default","date_format":"M j, Y"},{"id":"updated_date","enabled":false,"label":"Am","date_format_source":"default","date_format":"M j, Y"},{"id":"categories","enabled":false,"label":"In","style":"simple"},{"id":"comments","enabled":true}],"page_meta_elements":{"joined":true,"articles_count":true,"comments":true}},{"id":"breadcrumbs","enabled":false}],"9a9143fc6951f3b644d5a788639a2330":"","hero_alignment1":"CT_CSS_SKIP_RULE","hero_margin":40,"hero_alignment2":"center","hero_vertical_alignment":"center","c229aa3e86a19c578fd55875a52fc3da":"","hero_structure":"narrow","5c53784f9efe0e46ef6b994bc62694a7":"","page_title_bg_type":"featured_image","custom_hero_background":{"attachment_id":null},"parallax":{"desktop":false,"tablet":false,"mobile":false},"6efd0cb035611539b524cb54e143d66d":"","hero_height":"250px","pageTitleFont":{"family":"Default","variation":"Default","size":{"desktop":"32px","tablet":"30px","mobile":"25px"},"line-height":"CT_CSS_SKIP_RULE","letter-spacing":"CT_CSS_SKIP_RULE","text-transform":"CT_CSS_SKIP_RULE","text-decoration":"CT_CSS_SKIP_RULE"},"pageTitleFontColor":{"default":{"color":"CT_CSS_SKIP_RULEDEFAULT"}},"pageMetaFont":{"family":"Default","variation":"n6","size":"12px","line-height":"1.3","letter-spacing":"CT_CSS_SKIP_RULE","text-transform":"uppercase","text-decoration":"CT_CSS_SKIP_RULE"},"pageMetaFontColor":{"default":{"color":"CT_CSS_SKIP_RULEDEFAULT"},"hover":{"color":"CT_CSS_SKIP_RULEDEFAULT"}},"page_meta_button_type_font_colors":{"default":{"color":"CT_CSS_SKIP_RULEDEFAULT"},"hover":{"color":"CT_CSS_SKIP_RULEDEFAULT"}},"page_meta_button_type_background_colors":{"default":{"color":"CT_CSS_SKIP_RULEDEFAULT"},"hover":{"color":"CT_CSS_SKIP_RULEDEFAULT"}},"pageExcerptFont":{"family":"Default","variation":"Default","size":"CT_CSS_SKIP_RULE","line-height":"CT_CSS_SKIP_RULE","letter-spacing":"CT_CSS_SKIP_RULE","text-transform":"CT_CSS_SKIP_RULE","text-decoration":"CT_CSS_SKIP_RULE"},"pageExcerptColor":{"default":{"color":"CT_CSS_SKIP_RULEDEFAULT"}},"breadcrumbsFont":{"family":"Default","variation":"Default","size":"CT_CSS_SKIP_RULE","line-height":"CT_CSS_SKIP_RULE","letter-spacing":"CT_CSS_SKIP_RULE","text-transform":"CT_CSS_SKIP_RULE","text-decoration":"CT_CSS_SKIP_RULE"},"breadcrumbsFontColor":{"default":{"color":"CT_CSS_SKIP_RULEDEFAULT"},"initial":{"color":"CT_CSS_SKIP_RULEDEFAULT"},"hover":{"color":"CT_CSS_SKIP_RULEDEFAULT"}},"pageTitleOverlay":{"default":{"color":"CT_CSS_SKIP_RULE"}},"pageTitleBackground":{"background_type":"color","background_pattern":"type-1","background_image":{"attachment_id":null,"x":0,"y":0},"gradient":"linear-gradient(135deg,rgba(6,147,227,1) 0%,rgb(155,81,224) 100%)","background_repeat":"no-repeat","background_size":"auto","background_attachment":"scroll","patternColor":{"default":{"color":"#e5e7ea"}},"overlayColor":{"default":{"color":"CT_CSS_SKIP_RULE"}},"backgroundColor":{"default":{"color":"var(--theme-palette-color-6)"}}},"pageTitlePadding":{"top":"50px","bottom":"50px","left":"auto","right":"auto","linked":true},"973959ae7180c8614d82f4dbcf45e234":"","page_structure_type":"default","9b3d94d5ff24107669d7fb57a17b474c":"","content_style_source":"inherit","content_style":"wide","vertical_spacing_source":"inherit","content_area_spacing":"both","background":{"background_type":"color","background_pattern":"type-1","background_image":{"attachment_id":null,"x":0,"y":0},"gradient":"linear-gradient(135deg,rgba(6,147,227,1) 0%,rgb(155,81,224) 100%)","background_repeat":"no-repeat","background_size":"auto","background_attachment":"scroll","patternColor":{"default":{"color":"#e5e7ea"}},"overlayColor":{"default":{"color":"CT_CSS_SKIP_RULE"}},"backgroundColor":{"default":{"color":"CT_CSS_SKIP_RULE"}}},"content_background":{"background_type":"color","background_pattern":"type-1","background_image":{"attachment_id":null,"x":0,"y":0},"gradient":"linear-gradient(135deg,rgba(6,147,227,1) 0%,rgb(155,81,224) 100%)","background_repeat":"no-repeat","background_size":"auto","background_attachment":"scroll","patternColor":{"default":{"color":"#e5e7ea"}},"overlayColor":{"default":{"color":"CT_CSS_SKIP_RULE"}},"backgroundColor":{"default":{"color":"var(--theme-palette-color-8)"}}},"content_boxed_shadow":{"inherit":false,"blur":18,"spread":-6,"v_offset":12,"h_offset":0,"inset":false,"enable":true,"color":{"color":"rgba(34, 56, 101, 0.04)"}},"boxed_content_spacing":{"desktop":{"top":"40px","bottom":"40px","left":"40px","right":"40px","linked":true},"tablet":{"top":"35px","bottom":"35px","left":"35px","right":"35px","linked":true},"mobile":{"top":"20px","bottom":"20px","left":"20px","right":"20px","linked":true}},"content_boxed_radius":{"top":"3px","bottom":"3px","left":"3px","right":"3px","linked":true},"16aaa6d7fcbfcb110d45cbb6004753d7":"","disable_featured_image":"yes","disable_header":"no","disable_footer":"no"},"_links":{"self":[{"href":"https:\/\/www.elha.de\/it\/wp-json\/wp\/v2\/pages\/2662","targetHints":{"allow":["GET"]}}],"collection":[{"href":"https:\/\/www.elha.de\/it\/wp-json\/wp\/v2\/pages"}],"about":[{"href":"https:\/\/www.elha.de\/it\/wp-json\/wp\/v2\/types\/page"}],"author":[{"embeddable":true,"href":"https:\/\/www.elha.de\/it\/wp-json\/wp\/v2\/users\/1"}],"replies":[{"embeddable":true,"href":"https:\/\/www.elha.de\/it\/wp-json\/wp\/v2\/comments?post=2662"}],"version-history":[{"count":0,"href":"https:\/\/www.elha.de\/it\/wp-json\/wp\/v2\/pages\/2662\/revisions"}],"wp:featuredmedia":[{"embeddable":true,"href":"https:\/\/www.elha.de\/it\/wp-json\/wp\/v2\/media\/6404"}],"wp:attachment":[{"href":"https:\/\/www.elha.de\/it\/wp-json\/wp\/v2\/media?parent=2662"}],"curies":[{"name":"wp","href":"https:\/\/api.w.org\/{rel}","templated":true}]}}