{"id":327,"date":"2016-01-16T17:39:38","date_gmt":"2016-01-16T16:39:38","guid":{"rendered":"https:\/\/www.elha.de\/?page_id=327"},"modified":"2025-09-17T15:51:11","modified_gmt":"2025-09-17T13:51:11","slug":"chi-siamo","status":"publish","type":"page","link":"https:\/\/www.elha.de\/it\/unternehmen\/ueber-uns\/","title":{"rendered":"Chi siamo"},"content":{"rendered":"<p>\n\tCon il nome LH (poi ELHA), abbreviazione di \"Liemke H\u00f6velhof\", intorno al 1930 \u00e8 nata da un'azienda elettrica una societ\u00e0 per la produzione di macchine utensili per l'industria della lavorazione del legno e dei metalli.\n<\/p>\n\n\n\n<p>\n\tOggi siamo conosciuti per i centri di lavorazione personalizzati, le macchine speciali e i moduli di produzione. Molte industrie, tra cui i produttori di cuscinetti di grande diametro, le case automobilistiche e i loro fornitori, si affidano alla nostra esperienza e competenza nello sviluppo e nella realizzazione di processi di lavorazione altamente produttivi, nonch\u00e9 nella progettazione e nella produzione di macchine utensili per il taglio dei metalli e di soluzioni chiavi in mano.\n<\/p>\n\n\n\n<p>\n    I nostri 240 dipendenti lavorano responsabilmente per migliorare continuamente la qualit\u00e0 dei prodotti e dei servizi, al fine di garantire affidabilit\u00e0 e manutenibilit\u00e0. La soddisfazione dei nostri clienti e dei nostri dipendenti \u00e8 al centro della nostra politica aziendale.\n<\/p>\n\n\n\n<p>\n\tLe macchine e le soluzioni di produzione ELHA sono altamente produttive, affidabili, di alta qualit\u00e0 e durevoli. I nostri dipendenti sono professionisti entusiasti che accompagnano ogni fase del vostro investimento pianificato fino a ben oltre la messa in funzione. Vi forniamo l'entusiasmo per la soluzione.\n<\/p>","protected":false},"excerpt":{"rendered":"<p>\tCon il nome LH (poi ELHA), abbreviazione di \"Liemke H\u00f6velhof\", \u00e8 nata un'azienda di commercio elettrico intorno al 1930.<\/p>","protected":false},"author":1,"featured_media":598,"parent":24,"menu_order":1,"comment_status":"closed","ping_status":"closed","template":"","meta":{"footnotes":""},"class_list":["post-327","page","type-page","status-publish","has-post-thumbnail","hentry"],"blocksy_meta":{"styles_descriptor":{"styles":{"desktop":"","tablet":"","mobile":""},"google_fonts":[],"version":6}},"_links":{"self":[{"href":"https:\/\/www.elha.de\/it\/wp-json\/wp\/v2\/pages\/327","targetHints":{"allow":["GET"]}}],"collection":[{"href":"https:\/\/www.elha.de\/it\/wp-json\/wp\/v2\/pages"}],"about":[{"href":"https:\/\/www.elha.de\/it\/wp-json\/wp\/v2\/types\/page"}],"author":[{"embeddable":true,"href":"https:\/\/www.elha.de\/it\/wp-json\/wp\/v2\/users\/1"}],"replies":[{"embeddable":true,"href":"https:\/\/www.elha.de\/it\/wp-json\/wp\/v2\/comments?post=327"}],"version-history":[{"count":0,"href":"https:\/\/www.elha.de\/it\/wp-json\/wp\/v2\/pages\/327\/revisions"}],"up":[{"embeddable":true,"href":"https:\/\/www.elha.de\/it\/wp-json\/wp\/v2\/pages\/24"}],"wp:featuredmedia":[{"embeddable":true,"href":"https:\/\/www.elha.de\/it\/wp-json\/wp\/v2\/media\/598"}],"wp:attachment":[{"href":"https:\/\/www.elha.de\/it\/wp-json\/wp\/v2\/media?parent=327"}],"curies":[{"name":"wp","href":"https:\/\/api.w.org\/{rel}","templated":true}]}}