{"id":37,"date":"2015-11-08T00:30:21","date_gmt":"2015-11-07T23:30:21","guid":{"rendered":"https:\/\/www.elha.de\/?page_id=37"},"modified":"2025-03-03T11:35:11","modified_gmt":"2025-03-03T10:35:11","slug":"storia","status":"publish","type":"page","link":"https:\/\/www.elha.de\/it\/unternehmen\/historie\/","title":{"rendered":"La storia"},"content":{"rendered":"<p>\r\n\tELHA-MASCHINENBAU \u00e8 un'azienda tradizionale a conduzione familiare che si afferma da oltre 90 anni grazie alla competenza e al know-how completo nella tecnologia di lavorazione e nella progettazione di macchine.\r\n\tELHA \u00e8 sinonimo di soluzioni economiche nel campo delle lavorazioni pi\u00f9 impegnative.\r\n\tELHA \u00e8 in costante evoluzione per soddisfare le nuove esigenze dei clienti.\r\n<\/p>\r\n\r\n\r\n\r\n<h2>ELHA nel corso del tempo<\/h2>\r\n\r\n<div class=\"columns mb-5\">\r\n\t<div class=\"column col-6\">\r\n\t\t<a href=\"https:\/\/www.elha.de\/wp-content\/uploads\/staenderbohrmaschine-1930er.jpg\" class=\"lightbox elha-image-lightbox\">\r\n\t\t\t<img decoding=\"async\" src=\"https:\/\/www.elha.de\/wp-content\/uploads\/staenderbohrmaschine-1930er-460x460.jpg\" alt=\"Trapano a colonna ELHA 1930\">\r\n\t\t<\/a>\r\n\t<\/div>\r\n\r\n\t<div class=\"column col-6\">\r\n\t\t<h3>1930-1960<\/h3>\r\n\t\t<p>L'azienda ELHA nasce da un'azienda elettrica nel 1930. Con il marchio LH, Liemke H\u00f6velhof, vengono inizialmente prodotte macchine utensili per l'industria locale della lavorazione del legno e dei metalli. <\/p>\r\n\t\t<p> Dopo la seconda guerra mondiale, l'azienda si specializz\u00f2 in macchine per la perforazione, commercializzate con il nome ELHA. <\/p>\r\n\t<\/div>\r\n<\/div>\r\n\r\n\r\n\r\n\r\n\r\n<div class=\"columns mb-5\">\r\n\t<div class=\"column col-6\">\r\n\t\t<a href=\"https:\/\/www.elha.de\/wp-content\/uploads\/radialbohrmaschine-mehrspindeleinheit-1960er.jpg\" class=\"lightbox elha-image-lightbox\">\r\n\t\t\t<img decoding=\"async\" src=\"https:\/\/www.elha.de\/wp-content\/uploads\/radialbohrmaschine-mehrspindeleinheit-1960er-460x307.jpg\" alt=\"elha-radiale-foratrice-multi-mandrino-unit\u00e0-1960\">\r\n\t\t<\/a>\r\n\t<\/div>\r\n\r\n\t<div class=\"column col-6\">\r\n\t\t<h3>1960-1970<\/h3>\r\n\t\t<p> Gli anni '60 sono caratterizzati dall'espansione dell'azienda: lo stabilimento principale nel centro di H\u00f6velhof viene ampliato con un nuovo edificio amministrativo e ulteriori capannoni di produzione. <\/p>\r\n\t\t<p> Nello sviluppo delle macchine, ELHA si concentra sulle foratrici radiali e lancia sul mercato le prime unit\u00e0 multimandrino in una fase iniziale. <\/p>\r\n\t<\/div>\r\n<\/div>\r\n\r\n\r\n\r\n\r\n\r\n<div class=\"columns mb-5\">\r\n\t<div class=\"column col-6\">\r\n\t\t<a href=\"https:\/\/www.elha.de\/wp-content\/uploads\/mehrspindelbohrmaschine-1970er.jpg\" class=\"lightbox elha-image-lightbox\">\r\n\t\t\t<img decoding=\"async\" src=\"https:\/\/www.elha.de\/wp-content\/uploads\/mehrspindelbohrmaschine-1970er-460x307.jpg\" alt=\"foratrice multimandrino elha-1970\">\r\n\t\t<\/a>\r\n\t<\/div>\r\n\r\n\t<div class=\"column col-6\">\r\n\t\t<h3>1970-1980<\/h3>\r\n\t\t<p> L'idea della perforatrice multimandrino viene costantemente sviluppata e il concetto viene continuamente migliorato grazie all'uso di unit\u00e0 ad albero cardanico. <\/p>\r\n\t\t<p> Inoltre, l'ELHA amplia la sua gamma di prodotti e costruisce con successo le sue prime macchine a trasferimento rotativo. <\/p>\r\n\t<\/div>\r\n<\/div>\r\n\r\n\r\n\r\n\r\n\r\n<div class=\"columns mb-5\">\r\n\t<div class=\"column col-6\">\r\n\t\t<a href=\"https:\/\/www.elha.de\/wp-content\/uploads\/sondermaschine-1980er.jpg\" class=\"lightbox elha-image-lightbox\">\r\n\t\t\t<img decoding=\"async\" src=\"https:\/\/www.elha.de\/wp-content\/uploads\/sondermaschine-1980er-460x307.jpg\" alt=\"elha-speciale-macchina-1980\">\r\n\t\t<\/a>\r\n\t<\/div>\r\n\r\n\t<div class=\"column col-6\">\r\n\t\t<h3>1980-1990<\/h3>\r\n\t\t<p> L'ELHA continua a espandersi e vengono costruiti l'attuale edificio amministrativo e una grande sala per le assemblee. <\/p>\r\n\t\t<p> L'ELHA sta quindi affrontando nuove sfide e dagli anni '80 produce sempre pi\u00f9 macchine speciali di grandi dimensioni: dalle linee di trasferimento alle macchine speciali utilizzate, ad esempio, per la lavorazione dei booster dell'Ariane 5. <\/p>\r\n\t<\/div>\r\n<\/div>\r\n\r\n\r\n\r\n\r\n\r\n<div class=\"columns mb-5\">\r\n\t<div class=\"column col-6\">\r\n\t\t<a href=\"https:\/\/www.elha.de\/wp-content\/uploads\/fertigungsmodul-fm3x-1990er.jpg\" class=\"lightbox elha-image-lightbox\">\r\n\t\t\t<img decoding=\"async\" src=\"https:\/\/www.elha.de\/wp-content\/uploads\/fertigungsmodul-fm3x-1990er-460x307.jpg\" alt=\"elha-fm3+x-1990\">\r\n\t\t<\/a>\r\n\t<\/div>\r\n\r\n\t<div class=\"column col-6\">\r\n\t\t<h3>1990-2000<\/h3>\r\n\t\t<p> Il concetto del modulo di produzione FM 3+X nasce da un'intensa collaborazione con un cliente alla fine degli anni Novanta. Questa macchina viene presentata al pubblico per la prima volta alla EMO 1997.\r\n\t\t<\/p>\r\n\t\t<p> Il continuo successo di questo concetto di macchina conferma la decisione della direzione di ELHA-MASCHINENBAU di creare una nuova area di business per i moduli di produzione negli ultimi anni. <\/p>\r\n\t<\/div>\r\n<\/div>\r\n\r\n\r\n\r\n\r\n\r\n<div class=\"columns mb-5\">\r\n\t<div class=\"column col-6\">\r\n\t\t<a href=\"https:\/\/www.elha.de\/wp-content\/uploads\/fertigungsmodul-fm4x-2000er.jpg\" class=\"lightbox elha-image-lightbox mb-3\">\r\n\t\t\t<img decoding=\"async\" src=\"https:\/\/www.elha.de\/wp-content\/uploads\/fertigungsmodul-fm4x-2000er-460x307.jpg\" alt=\"elha-fm4+x-2000\">\r\n\t\t<\/a>\r\n\t\t<a href=\"https:\/\/www.elha.de\/wp-content\/uploads\/spezial-bearbeitungszentrum-2000er.jpg\" class=\"lightbox elha-image-lightbox\">\r\n\t\t\t<img decoding=\"async\" src=\"https:\/\/www.elha.de\/wp-content\/uploads\/spezial-bearbeitungszentrum-2000er-460x307.jpg\" alt=\"elha-spezial-baz-2000\">\r\n\t\t<\/a>\r\n\t<\/div>\r\n\r\n\t<div class=\"column col-6\">\r\n\t\t<h3>2000-2010<\/h3>\r\n\t\t<p> Gli anni 2000 sono stati nuovamente caratterizzati dall'espansione e dall'ulteriore sviluppo dell'ELHA. <\/p>\r\n\t\t<p> Nel 2002, la divisione moduli di produzione ottiene un proprio stabilimento di assemblaggio alla periferia di H\u00f6velhof, che viene nuovamente ampliato nel 2009 per un totale di 4000 m\u00b2 di uffici e spazi produttivi. <\/p>\r\n\t\t<p> La serie di moduli di produzione viene ampliata con il modulo grande FM4+X hd e l'FM3+X hd. Il 200\u00b0 modulo lascia la fabbrica nel 2009. <\/p>\r\n\t\t<p> Nella divisione XL Manufacturing Systems, ELHA fornisce un gran numero di macchine speciali e centri di lavoro speciali a un'ampia gamma di industrie, con particolare attenzione alla tecnologia energetica e ai cuscinetti rotanti. <\/p>\r\n\t<\/div>\r\n<\/div>\r\n\r\n\r\n\r\n\r\n\r\n<div class=\"columns mb-5\">\r\n\t<div class=\"column col-6\">\r\n\t\t<a href=\"https:\/\/www.elha.de\/wp-content\/uploads\/vertikaldrehmaschine-2010er.jpg\" class=\"lightbox elha-image-lightbox mb-3\">\r\n\t\t\t<img decoding=\"async\" src=\"https:\/\/www.elha.de\/wp-content\/uploads\/vertikaldrehmaschine-2010er-460x307.jpg\" alt=\"Tornio verticale\">\r\n\t\t<\/a>\r\n\t\t<a href=\"https:\/\/www.elha.de\/wp-content\/uploads\/elha-team-2018-slide.jpg\" class=\"lightbox elha-image-lightbox\">\r\n\t\t\t<img decoding=\"async\" src=\" https:\/\/www.elha.de\/wp-content\/uploads\/elha-team-2018-slide.jpg\" alt=\" Il team ELHA\">\r\n\t\t<\/a>\r\n\t<\/div>\r\n\r\n\t<div class=\"column col-6\">\r\n\t\t<h3>2010-2020<\/h3>\r\n\t\t<p> La divisione XL Manufacturing Systems sta ampliando la propria gamma di prodotti con centri di tornitura\/fresatura verticale (VTM) di grandi dimensioni, dotati di un azionamento diretto della tavola ELHA SDD brevettato e basato sulla tecnologia dei motori lineari.<\/p>\r\n\t\t<p> La divisione moduli di produzione FM lancia la serie FM SMART. Questa si basa sulla nostra serie FM e utilizza la tecnologia delle file di mandrini per una lavorazione multimandrino flessibile.<\/p>\r\n\t\t<p> Semplificazione delle strutture attraverso la fusione delle due divisioni XL Manufacturing Systems e Manufacturing Modules, per rispondere in modo pi\u00f9 efficiente e agile alle esigenze dei clienti.<\/p>\r\n\t\t<p> Sviluppo di iDPS, la soluzione di sistema di ELHA per una maggiore produttivit\u00e0, efficienza e trasparenza. L'accesso alle applicazioni pu\u00f2 avvenire tramite dispositivi finali nella rete aziendale o, con l'approvazione del cliente, in tutto il mondo tramite il portale di assistenza alle macchine ELHA. Come opzione \u00e8 disponibile anche l'accesso da dispositivi mobili. <\/p>\r\n\t\t<p> Ulteriore sviluppo significativo del caricatore di file di mandrini (SRM) per la serie FM SMART. Azionamento della tavola rotante tecnologicamente migliorato Segment Direct Drive (SDD) per la serie VTx.<\/p>\r\n\t<\/div>\r\n<\/div>\r\n\r\n\r\n\r\n\r\n\r\n<div class=\"columns mb-5\">\r\n\t<div class=\"column col-6\">\r\n\t\t<a href=\" https:\/\/www.elha.de\/wp-content\/uploads\/business-hands-check.jpg\" class=\"lightbox elha-image-lightbox\">\r\n\t\t\t<img decoding=\"async\" src=\" https:\/\/www.elha.de\/wp-content\/uploads\/business-hands-check.jpg \" alt=\" Il team ELHA\">\r\n\t\t<\/a>\r\n\t<\/div>\r\n\r\n\t<div class=\"column col-6\">\r\n\t\t<h3>2021<\/h3>\r\n\t\t<p>ELHA sta cambiando la sua struttura di vendita passando dalla protezione territoriale a quella del progetto. Ci\u00f2 significa che le agenzie in Germania possono ora acquisire clienti in tutti i territori.<\/p>\r\n\t\t<p> Nuova serie di macchine VTG: si tratta di torni e rettificatrici verticali di grandi dimensioni. Sono utilizzate per la finitura di pezzi di grande formato mediante rettifica, tornitura e foratura. <\/p>\r\n\t\t<p> Con l'etichetta \"Retrofit by ELHA\", vantiamo un'esperienza pluriennale nel campo delle conversioni di macchine, delle modernizzazioni e delle revisioni generali. Utilizziamo questa competenza non solo per il ricondizionamento dei nostri sistemi di produzione, ma anche per i sistemi di tutti i produttori pi\u00f9 noti. <\/p>\r\n\t<\/div>\r\n<\/div>\r\n\r\n\r\n\r\n\r\n\r\n<div class=\"columns mb-5\">\r\n\t<div class=\"column col-6\">\r\n\t\t<a href=\" https:\/\/www.elha.de\/wp-content\/uploads\/ELHA-PKM-Frontansicht-1.jpg\" class=\"lightbox elha-image-lightbox\">\r\n\t\t\t<img decoding=\"async\" src=\" https:\/\/www.elha.de\/wp-content\/uploads\/ELHA-PKM-Frontansicht-1.jpg\" alt=\" ELHA PKM\">\r\n\t\t<\/a>\r\n\t<\/div>\r\n\r\n\t<div class=\"column col-6\">\r\n\t\t<h3>2022<\/h3>\r\n\t\t<p> Il modulo di cinematica parallela (PKM) \u00e8 stato sviluppato insieme al nostro partner Cognibotics. Il PKM \u00e8 una macchina modulare con una struttura innovativa che offre un'elevata dinamica e velocit\u00e0 di percorso con posizionamento ripetibile. Combina i vantaggi delle macchine utensili e della lavorazione robotica flessibile, consente la lavorazione precisa di componenti di grandi dimensioni e funge da ponte tecnologico nella produzione.<\/p>\r\n\t<\/div>\r\n<\/div>\r\n\r\n\r\n\r\n\r\n\r\n<div class=\"columns mb-5\">\r\n\t<div class=\"column col-6\">\r\n\t\t<a href=\" https:\/\/www.elha.de\/wp-content\/uploads\/PowerSkiving_ELHA.jpg\" class=\"lightbox elha-image-lightbox\">\r\n\t\t\t<img decoding=\"async\" src=\" https:\/\/www.elha.de\/wp-content\/uploads\/PowerSkiving_ELHA.jpg\" alt=\" ELHA Power Skiving\">\r\n\t\t<\/a>\r\n\t<\/div>\r\n\r\n\t<div class=\"column col-6\">\r\n\t\t<h3>2023<\/h3>\r\n\t\t<p> Ampliamento dei processi di lavorazione del modulo per includere la tornitura interna ed esterna e il taglio degli ingranaggi (power skiving).<\/p>\r\n\t<\/div>\r\n<\/div>","protected":false},"excerpt":{"rendered":"<p>\tELHA-MASCHINENBAU \u00e8 un'azienda tradizionale a conduzione familiare che si afferma da oltre 90 anni grazie alla competenza e al know-how completo nella tecnologia di lavorazione e nella progettazione di macchine.<br \/>\n\tQui ELHA sta per<\/p>","protected":false},"author":1,"featured_media":586,"parent":24,"menu_order":3,"comment_status":"closed","ping_status":"closed","template":"","meta":{"footnotes":""},"class_list":["post-37","page","type-page","status-publish","has-post-thumbnail","hentry"],"blocksy_meta":{"styles_descriptor":{"styles":{"desktop":"","tablet":"","mobile":""},"google_fonts":[],"version":6}},"_links":{"self":[{"href":"https:\/\/www.elha.de\/it\/wp-json\/wp\/v2\/pages\/37","targetHints":{"allow":["GET"]}}],"collection":[{"href":"https:\/\/www.elha.de\/it\/wp-json\/wp\/v2\/pages"}],"about":[{"href":"https:\/\/www.elha.de\/it\/wp-json\/wp\/v2\/types\/page"}],"author":[{"embeddable":true,"href":"https:\/\/www.elha.de\/it\/wp-json\/wp\/v2\/users\/1"}],"replies":[{"embeddable":true,"href":"https:\/\/www.elha.de\/it\/wp-json\/wp\/v2\/comments?post=37"}],"version-history":[{"count":0,"href":"https:\/\/www.elha.de\/it\/wp-json\/wp\/v2\/pages\/37\/revisions"}],"up":[{"embeddable":true,"href":"https:\/\/www.elha.de\/it\/wp-json\/wp\/v2\/pages\/24"}],"wp:featuredmedia":[{"embeddable":true,"href":"https:\/\/www.elha.de\/it\/wp-json\/wp\/v2\/media\/586"}],"wp:attachment":[{"href":"https:\/\/www.elha.de\/it\/wp-json\/wp\/v2\/media?parent=37"}],"curies":[{"name":"wp","href":"https:\/\/api.w.org\/{rel}","templated":true}]}}