{"id":41,"date":"2015-11-08T00:31:09","date_gmt":"2015-11-07T23:31:09","guid":{"rendered":"https:\/\/www.elha.de\/?page_id=41"},"modified":"2025-05-22T16:03:36","modified_gmt":"2025-05-22T14:03:36","slug":"qualita-e-ambiente","status":"publish","type":"page","link":"https:\/\/www.elha.de\/it\/unternehmen\/qualitaet-und-umwelt\/","title":{"rendered":"Qualit\u00e0 e ambiente"},"content":{"rendered":"<p>Uno dei nostri principali obiettivi aziendali \u00e8 quello di raggiungere i pi\u00f9 alti standard di qualit\u00e0 per i nostri prodotti e servizi. Altrettanto importante \u00e8 la nostra responsabilit\u00e0 ecologica nei confronti delle generazioni presenti e future, in particolare nell'utilizzo delle risorse naturali.<\/p>\n\n\n\n<p>Per poter fornire ai nostri clienti macchine di alta qualit\u00e0 anche in futuro, i nostri prodotti e processi sono sottoposti a fasi di processo e di prova definite con precisione, con l'obiettivo di un processo di miglioramento continuo (CIP). Il processo di miglioramento dell'ELHA \u00e8 supportato da vari metodi, come l'ottimizzazione dei processi, la pianificazione preventiva della qualit\u00e0, la gestione della qualit\u00e0 e dell'ambiente e gli audit interni, solo per citarne alcuni.<\/p>\n\n\n\n<p>Abbiamo fatto della realizzazione dei contenuti di questa politica aziendale e del processo di miglioramento continuo il nostro motto. Ci impegniamo quindi a rispettare tutti i requisiti del sistema interno di gestione della qualit\u00e0 e dell'ambiente per aumentare la soddisfazione dei clienti e ottimizzare i nostri servizi.<\/p>\n\n\n\n<h2 class=\"wp-block-heading\">Certificati<\/h2>\n\n\n\n\n\n<!-- ENGLISCH (NUR LINKS!) -->\r\n<div class=\"columns\">\r\n\t<div class=\"column col-4\">\r\n\t\t<h5>DIN EN ISO 9001:2015<\/h5>\r\n\t\t<a href=\"https:\/\/www.elha.de\/wp-content\/uploads\/certificate-9001.pdf\" target=\"_blank\" rel=\"noopener noreferrer\" class=\"elha-document-link\">\r\n\t\t\t<img decoding=\"async\" src=\"https:\/\/www.elha.de\/wp-content\/uploads\/certificate-9001-preview.png\" alt=\"Certificato - DIN EN ISO 9001:2015\">\r\n\t\t<\/a>\r\n\t<\/div>\r\n\r\n\t<div class=\"column col-4\">\r\n\t\t<h5>DIN EN ISO 14001:2015<\/h5>\r\n\t\t<a href=\"https:\/\/www.elha.de\/wp-content\/uploads\/certificate-14001.pdf\" target=\"_blank\" rel=\"noopener noreferrer\" class=\"elha-document-link\">\r\n\t\t\t<img decoding=\"async\" src=\"https:\/\/www.elha.de\/wp-content\/uploads\/certificate-14001-preview.png\" alt=\"Certificato - DIN EN ISO 14001:2015\">\r\n\t\t<\/a>\r\n\t<\/div>\r\n<\/div>\n\n\n\n<h2 class=\"wp-block-heading\">Iniziativa per il clima<\/h2>\n\n\n\n<p id=\"block-e3def1bf-2383-40f1-a895-5d53f95d83a5\">L'efficienza energetica nella produzione e l'uso economico delle materie prime non sono solo obiettivi strategici per l'ELHA-MASCHINENBAU, ma anche un obbligo sociale per noi. Siamo quindi lieti di annunciare che in futuro l'ELHA-MASCHINENBAU parteciper\u00e0 all'iniziativa per il clima dell'economia OWL e si impegner\u00e0 quindi per l'uso sostenibile delle materie prime e l'efficienza energetica ben oltre le norme di legge.<\/p>\n\n\n\n<p>In quanto partecipante all'iniziativa per il clima, \u00e8 nostra intenzione essere completamente neutrali dal punto di vista delle emissioni di CO2 entro il 2030. I progetti comprendono, ad esempio, opzioni alternative al riscaldamento a gas attraverso il teleriscaldamento, l'energia geotermica o gli impianti fotovoltaici, ma anche la conversione a lungo termine del parco veicoli, che \u00e8 gi\u00e0 in corso. E anche i nostri prodotti, come il modulo a cinematica parallela di nuova concezione, che rappresenta un ottimo esempio in termini di efficienza energetica: massa mobile ridotta, componenti leggeri e solo una frazione dell'energia richiesta rispetto alle macchine utensili convenzionali.<\/p>\n\n\n\n<figure class=\"wp-block-image aligncenter size-medium is-resized\"><a href=\"https:\/\/www.ostwestfalen.ihk.de\/unternehmen-entwickeln\/umwelt\/klimainitiative-owl\/\" target=\"_blank\" rel=\" noreferrer noopener nofollow\"><img loading=\"lazy\" decoding=\"async\" width=\"460\" height=\"388\" src=\"https:\/\/www.elha.de\/wp-content\/uploads\/05-BP-Klima-Initiative-Teilnehmer-blau-pos-460x388.jpg\" alt=\"\" class=\"wp-image-11510\" style=\"aspect-ratio:16\/9;object-fit:cover;width:460px\" srcset=\"https:\/\/www.elha.de\/wp-content\/uploads\/05-BP-Klima-Initiative-Teilnehmer-blau-pos-460x388.jpg 460w, https:\/\/www.elha.de\/wp-content\/uploads\/05-BP-Klima-Initiative-Teilnehmer-blau-pos-940x793.jpg 940w, https:\/\/www.elha.de\/wp-content\/uploads\/05-BP-Klima-Initiative-Teilnehmer-blau-pos.jpg 980w\" sizes=\"auto, (max-width: 460px) 100vw, 460px\" \/><\/a><\/figure>","protected":false},"excerpt":{"rendered":"<p>Uno dei nostri principali obiettivi aziendali \u00e8 quello di raggiungere i pi\u00f9 alti standard di qualit\u00e0 per i nostri prodotti e servizi. Altrettanto importante \u00e8 la nostra responsabilit\u00e0 ecologica nei confronti delle generazioni attuali e future.<\/p>","protected":false},"author":1,"featured_media":7372,"parent":24,"menu_order":4,"comment_status":"closed","ping_status":"closed","template":"","meta":{"footnotes":""},"class_list":["post-41","page","type-page","status-publish","has-post-thumbnail","hentry"],"blocksy_meta":{"styles_descriptor":{"styles":{"desktop":"","tablet":"","mobile":""},"google_fonts":[],"version":6}},"_links":{"self":[{"href":"https:\/\/www.elha.de\/it\/wp-json\/wp\/v2\/pages\/41","targetHints":{"allow":["GET"]}}],"collection":[{"href":"https:\/\/www.elha.de\/it\/wp-json\/wp\/v2\/pages"}],"about":[{"href":"https:\/\/www.elha.de\/it\/wp-json\/wp\/v2\/types\/page"}],"author":[{"embeddable":true,"href":"https:\/\/www.elha.de\/it\/wp-json\/wp\/v2\/users\/1"}],"replies":[{"embeddable":true,"href":"https:\/\/www.elha.de\/it\/wp-json\/wp\/v2\/comments?post=41"}],"version-history":[{"count":0,"href":"https:\/\/www.elha.de\/it\/wp-json\/wp\/v2\/pages\/41\/revisions"}],"up":[{"embeddable":true,"href":"https:\/\/www.elha.de\/it\/wp-json\/wp\/v2\/pages\/24"}],"wp:featuredmedia":[{"embeddable":true,"href":"https:\/\/www.elha.de\/it\/wp-json\/wp\/v2\/media\/7372"}],"wp:attachment":[{"href":"https:\/\/www.elha.de\/it\/wp-json\/wp\/v2\/media?parent=41"}],"curies":[{"name":"wp","href":"https:\/\/api.w.org\/{rel}","templated":true}]}}