{"id":4669,"date":"2016-06-18T19:12:53","date_gmt":"2016-06-18T17:12:53","guid":{"rendered":"https:\/\/www.elha.de\/?page_id=4669"},"modified":"2025-02-28T10:03:58","modified_gmt":"2025-02-28T09:03:58","slug":"punti-salienti","status":"publish","type":"page","link":"https:\/\/www.elha.de\/it\/maschinen\/vertikale-dreh-fraeszentren\/highlights\/","title":{"rendered":"Punti salienti"},"content":{"rendered":"<div class=\"columns\">\r\n\t<div class=\"column col-6 col-md-12\">\r\n\t\t<p>La serie VTM offre un'ampia gamma di caratteristiche che favoriscono la vostra produzione grazie alla produttivit\u00e0, alla flessibilit\u00e0 e all'affidabilit\u00e0:<\/p>\r\n\t\t<ul>\r\n\t\t\t<li>ELHA SDD - l'azionamento diretto della tavola rotante con motore a segmenti brevettato con massima precisione di posizionamento e dinamica<\/li>\r\n\t\t\t<li>Base macchina solida, calcolata con FEM e di minimo ingombro, realizzata con componenti compositi<\/li>\r\n\t\t\t<li>Guida idrostatica e supporto dei cuscinetti per tutti gli assi lineari e rotativi<\/li>\r\n\t\t\t<li>Sofisticato principio modulare con opzioni di equipaggiamento flessibili e personalizzate<\/li>\r\n\t\t\t<li>Concetto di RAM stabile e potente con tecnologia innovativa di azionamento e fissaggio<\/li>\r\n\t\t\t<li>Ampia gamma di varianti per i magazzini degli utensili e degli accessori<\/li>\r\n\t\t\t<li>Lavorazione simultanea su 5 lati\/5 assi ad alta precisione grazie alla funzione del doppio asse C<\/li>\r\n\t\t\t<li>Elevata stabilit\u00e0 termica ed efficienza energetica grazie a un efficace concetto di raffreddamento con dissipazione controllata del calore e opzioni di recupero energetico<\/li>\r\n\t\t<\/ul>\r\n\t<\/div>\r\n\r\n\t<div class=\"column col-6 col-md-12\">\r\n\t\t<a href=\"https:\/\/www.elha.de\/wp-content\/uploads\/vtm-werkstuecke-beispiele.jpg\"  class=\"lightbox elha-image-lightbox border\">\r\n\t\t\t<img decoding=\"async\" src=\"https:\/\/www.elha.de\/wp-content\/uploads\/vtm-werkstuecke-beispiele-460x307.jpg\" alt=\"Pezzi VTM\">\r\n\t\t<\/a>\r\n\t\t<p>Possibili applicazioni<\/p>\r\n\t<\/div>\r\n<\/div>\r\n\r\n\r\n\r\n<div class=\"columns\">\r\n\t<div class=\"column col-6 col-md-12\">\r\n\t\t\r\n\t\t\r\n\t\t\t<div class=\"elha-youtube-lightbox\"><a href=\"https:\/\/www.youtube-nocookie.com\/embed\/aAjBPTVPuVY\" class=\"lightbox\" rel=\"nofollow noopener\" target=\"_blank\"><img decoding=\"async\" src=\"https:\/\/www.elha.de\/wp-content\/uploads\/vtm-anwenderstory-video.jpg\" alt=\"\"><\/a><span>Accettare la trasmissione dei dati a YouTube e riprodurre il video. <a href=\"https:\/\/www.elha.de\/it\/dichiarazione-sulla-protezione-dei-dati\/\">Informativa sulla privacy<\/a><\/span><\/div>\r\n\t\t\r\n\t\t<p>Storia utente VTM<\/p>\r\n\t<\/div>\r\n\r\n\t<div class=\"column col-6 col-md-12\">\r\n\t\t\r\n\t\t\r\n\t\t\t<div class=\"elha-youtube-lightbox\"><a href=\"https:\/\/www.youtube-nocookie.com\/embed\/reehd_bjUx8\" class=\"lightbox\" rel=\"nofollow noopener\" target=\"_blank\"><img decoding=\"async\" src=\"https:\/\/www.elha.de\/wp-content\/uploads\/vtm-vertikale-dreh-fraeszentren-video.jpg\" alt=\"\"><\/a><span>Accettare la trasmissione dei dati a YouTube e riprodurre il video. <a href=\"https:\/\/www.elha.de\/it\/dichiarazione-sulla-protezione-dei-dati\/\">Informativa sulla privacy<\/a><\/span><\/div>\r\n\t\t\r\n\t\t<p>VTM Centri di tornitura verticali<\/p>\r\n\t<\/div>\r\n<\/div>\r\n\r\n\r\n\r\n<div class=\"clearfix\">\r\n\t<a href=\"https:\/\/www.elha.de\/it\/macchine\/centri-di-fresatura-verticale-per-la-tornitura\/sistema-modulare\/\" class=\"btn float-right\">pagina successiva<\/a>\r\n<\/div>","protected":false},"excerpt":{"rendered":"<p>\t\tLa serie VTM offre un'ampia gamma di caratteristiche che favoriscono la vostra produzione grazie alla produttivit\u00e0, alla flessibilit\u00e0 e all'affidabilit\u00e0:<\/p>\n<p>\t\t\tELHA<\/p>","protected":false},"author":1,"featured_media":4781,"parent":1647,"menu_order":1,"comment_status":"closed","ping_status":"closed","template":"","meta":{"footnotes":""},"class_list":["post-4669","page","type-page","status-publish","has-post-thumbnail","hentry"],"blocksy_meta":{"styles_descriptor":{"styles":{"desktop":"","tablet":"","mobile":""},"google_fonts":[],"version":6}},"_links":{"self":[{"href":"https:\/\/www.elha.de\/it\/wp-json\/wp\/v2\/pages\/4669","targetHints":{"allow":["GET"]}}],"collection":[{"href":"https:\/\/www.elha.de\/it\/wp-json\/wp\/v2\/pages"}],"about":[{"href":"https:\/\/www.elha.de\/it\/wp-json\/wp\/v2\/types\/page"}],"author":[{"embeddable":true,"href":"https:\/\/www.elha.de\/it\/wp-json\/wp\/v2\/users\/1"}],"replies":[{"embeddable":true,"href":"https:\/\/www.elha.de\/it\/wp-json\/wp\/v2\/comments?post=4669"}],"version-history":[{"count":0,"href":"https:\/\/www.elha.de\/it\/wp-json\/wp\/v2\/pages\/4669\/revisions"}],"up":[{"embeddable":true,"href":"https:\/\/www.elha.de\/it\/wp-json\/wp\/v2\/pages\/1647"}],"wp:featuredmedia":[{"embeddable":true,"href":"https:\/\/www.elha.de\/it\/wp-json\/wp\/v2\/media\/4781"}],"wp:attachment":[{"href":"https:\/\/www.elha.de\/it\/wp-json\/wp\/v2\/media?parent=4669"}],"curies":[{"name":"wp","href":"https:\/\/api.w.org\/{rel}","templated":true}]}}