{"id":4688,"date":"2016-06-18T20:13:03","date_gmt":"2016-06-18T18:13:03","guid":{"rendered":"https:\/\/www.elha.de\/?page_id=4688"},"modified":"2025-05-22T16:50:47","modified_gmt":"2025-05-22T14:50:47","slug":"sistema-modulare","status":"publish","type":"page","link":"https:\/\/www.elha.de\/it\/maschinen\/vertikale-dreh-fraeszentren\/baukastensystem\/","title":{"rendered":"Il sistema modulare VTM"},"content":{"rendered":"<p>\r\n\tIl sistema modulare VTM consente di configurare le macchine come centri multifunzionali di tornitura\/fresatura per una lavorazione completa ed economica in una gamma di diametri della tavola compresa tra 2.500 e 8.000 mm e altezze dei componenti fino a 5.150 mm. Tutte le macchine sono dotate di due colonne e di una o due unit\u00e0 di lavoro RAM. Tutte le varianti sono disponibili anche con una traversa regolabile (asse W). Ulteriori vantaggi di questo concetto sono l'elevata affidabilit\u00e0 e disponibilit\u00e0, nonch\u00e9 i vantaggi in termini di costi grazie a componenti della macchina collaudati e standardizzati.\r\n<\/p>\r\n<div>\r\n\t\r\n\t\r\n\t\t<img decoding=\"async\" src=\"https:\/\/www.elha.de\/wp-content\/uploads\/vtm-turning-milling-variants.jpg\" alt=\"Varianti VTM\">\r\n\t\r\n<\/div>\r\n\r\n\r\n\r\n<table>\r\n\t<thead>\r\n\t\t<tr>\r\n\t\t\t<th><\/th>\r\n\t\t\t<th><\/th>\r\n\t\t\t<th>25<\/th>\r\n\t\t\t<th>30<\/th>\r\n\t\t\t<th>35<\/th>\r\n\t\t\t<th>40<\/th>\r\n\t\t\t<th>45<\/th>\r\n\t\t\t<th>50<\/th>\r\n\t\t\t<th>55<\/th>\r\n\t\t\t<th>60<\/th>\r\n\t\t\t<th>70<\/th>\r\n\t\t\t<th>80<\/th>\r\n\t\t<\/tr>\r\n\t<\/thead>\r\n\r\n\t<tbody>\r\n\t\t<tr>\r\n\t\t\t<td>Diametro della tabella<\/td>\r\n\t\t\t<td>mm<\/td>\r\n\t\t\t<td>2.500<\/td>\r\n\t\t\t<td>3.000<\/td>\r\n\t\t\t<td>3.500<\/td>\r\n\t\t\t<td>4.000<\/td>\r\n\t\t\t<td>4.500<\/td>\r\n\t\t\t<td>5.000<\/td>\r\n\t\t\t<td>5.500<\/td>\r\n\t\t\t<td>6.000<\/td>\r\n\t\t\t<td>7.000<\/td>\r\n\t\t\t<td>8.000<\/td>\r\n\t\t<\/tr>\r\n\t\t<tr>\r\n\t\t\t<td>Diametro circonferenziale<\/td>\r\n\t\t\t<td>mm<\/td>\r\n\t\t\t<td>2.800<\/td>\r\n\t\t\t<td>3.300<\/td>\r\n\t\t\t<td>3.800<\/td>\r\n\t\t\t<td>4.300<\/td>\r\n\t\t\t<td>4.800<\/td>\r\n\t\t\t<td>5.500<\/td>\r\n\t\t\t<td>6.000<\/td>\r\n\t\t\t<td>6.500<\/td>\r\n\t\t\t<td>7.500<\/td>\r\n\t\t\t<td>8.500<\/td>\r\n\t\t<\/tr>\r\n\t\t<tr>\r\n\t\t\t<td>Max. Peso del pezzo in lavorazione<\/td>\r\n\t\t\t<td>t<\/td>\r\n\t\t\t<td>15<\/td>\r\n\t\t\t<td>20<\/td>\r\n\t\t\t<td>30<\/td>\r\n\t\t\t<td>40<\/td>\r\n\t\t\t<td>50<\/td>\r\n\t\t\t<td>60<\/td>\r\n\t\t\t<td>70<\/td>\r\n\t\t\t<td>85<\/td>\r\n\t\t\t<td>110<\/td>\r\n\t\t\t<td>140<\/td>\r\n\t\t<\/tr>\r\n\t\t<tr>\r\n\t\t\t<td>Max. Altezza di rotazione<\/td>\r\n\t\t\t<td>mm<\/td>\r\n\t\t\t<td colspan=\"10\" class=\"text-center\">5000<\/td>\r\n\t\t<\/tr>\r\n\t\t<tr>\r\n\t\t\t<td>Mandrino di azionamento<\/td>\r\n\t\t\t<td>kW<\/td>\r\n\t\t\t<td colspan=\"10\" class=\"text-center\">37 \/ 60 \/ 70<\/td>\r\n\t\t<\/tr>\r\n\t\t<tr>\r\n\t\t\t<td>Sezione trasversale della RAM<\/td>\r\n\t\t\t<td>mm<\/td>\r\n\t\t\t<td colspan=\"10\" class=\"text-center\">360\u00d7400 \/ 500\u00d7500 \/ 600\u00d7600 <\/td>\r\n\t\t<\/tr>\r\n\t\t<tr>\r\n\t\t\t<td>Potenza di azionamento del tavolo (S1)<\/td>\r\n\t\t\t<td>kW<\/td>\r\n\t\t\t<td colspan=\"10\" class=\"text-center\">Scalabile<\/td>\r\n\t\t<\/tr>\r\n\t\t<tr>\r\n\t\t\t<td>Coppia di tavole (S1)<\/td>\r\n\t\t\t<td>kNm<\/td>\r\n\t\t\t<td colspan=\"10\" class=\"text-center\">Scalabile<\/td>\r\n\t\t<\/tr>\r\n\t\t<tr>\r\n\t\t\t<td>Max. Velocit\u00e0 del tavolo<\/td>\r\n\t\t\t<td>min<sup>-1<\/sup><\/td>\r\n\t\t\t<td colspan=\"10\" class=\"text-center\">Scalabile<\/td>\r\n\t\t<\/tr>\r\n\t<\/tbody>\r\n<\/table>\r\n\r\n\r\n\r\n<h2>Potente concetto di RAM<\/h2>\r\n\r\n<div class=\"columns\">\r\n\t<div class=\"column col-8\">\r\n\t\t<p>\r\n\t\t\tLe unit\u00e0 di lavoro RAM della serie VTM offrono una gamma di tecnologie innovative per una lavorazione stabile e precisa ad alta precisione, nonch\u00e9 opzioni estremamente flessibili per le pi\u00f9 svariate esigenze di tornitura, foratura e fresatura.\r\n\t\t<\/p>\r\n\r\n\t\t<ul>\r\n\t\t\t<li>Ampia gamma di configurazioni per potenza, sezione e lunghezza dei giunti<\/li>\r\n\t\t\t<li>Azionamento del mandrino portautensili con riduttore a 2 stadi integrato nel RAM<\/li>\r\n\t\t\t<li>Albero di trasmissione in CFRP per proteggere la trasmissione e garantire una dinamica elevata<\/li>\r\n\t\t\t<li>Azionamento a pignone e cremagliera master-slave a serraggio elettrico per la massima dinamica e precisione di posizionamento sull'asse X per processi di foratura e maschiatura rapidi<\/li>\r\n\t\t\t<li>Robusto supporto con attacco Hirth e alimentatore per il collegamento di un'ampia gamma di unit\u00e0 di fissaggio, anche auto-riconosciute<\/li>\r\n\t\t<\/ul>\r\n\r\n\t\t<table>\r\n\t\t\t<thead>\r\n\t\t\t\t<tr>\r\n\t\t\t\t\t<th><\/th>\r\n\t\t\t\t\t<th colspan=\"3\" scope=\"col\">Potenza \/ kW (S1)<\/th>\r\n\t\t\t\t\t<th colspan=\"5\" scope=\"col\">Corsa del pistone \/ mm<\/th>\r\n\t\t\t\t<\/tr>\r\n\r\n\t\t\t\t<tr>\r\n\t\t\t\t\t<th>Pistone mm<\/th>\r\n\t\t\t\t\t<th>37<\/th>\r\n\t\t\t\t\t<th>60<\/th>\r\n\t\t\t\t\t<th>70<\/th>\r\n\t\t\t\t\t<th>1250<\/th>\r\n\t\t\t\t\t<th>1600<\/th>\r\n\t\t\t\t\t<th>2000<\/th>\r\n\t\t\t\t\t<th>2500<\/th>\r\n\t\t\t\t\t<th>3000<\/th>\r\n\t\t\t\t<\/tr>\r\n\t\t\t<\/thead>\r\n\r\n\t\t\t<tbody>\r\n\t\t\t\t<tr>\r\n\t\t\t\t\t<td>360 x 400<\/td>\r\n\t\t\t\t\t<td>\u25a0<\/td>\r\n\t\t\t\t\t<td>\u25a1<\/td>\r\n\t\t\t\t\t<td><\/td>\r\n\t\t\t\t\t<td>\u25a0<\/td>\r\n\t\t\t\t\t<td>\u25a1<\/td>\r\n\t\t\t\t\t<td>\u25a1<\/td>\r\n\t\t\t\t\t<td><\/td>\r\n\t\t\t\t\t<td><\/td>\r\n\t\t\t\t<\/tr>\r\n\r\n\t\t\t\t<tr>\r\n\t\t\t\t\t<td>500 x 500<\/td>\r\n\t\t\t\t\t<td>\u25a0<\/td>\r\n\t\t\t\t\t<td>\u25a1<\/td>\r\n\t\t\t\t\t<td><\/td>\r\n\t\t\t\t\t<td>\u25a0<\/td>\r\n\t\t\t\t\t<td>\u25a1<\/td>\r\n\t\t\t\t\t<td>\u25a1<\/td>\r\n\t\t\t\t\t<td>\u25a1<\/td>\r\n\t\t\t\t\t<td><\/td>\r\n\t\t\t\t<\/tr>\r\n\r\n\t\t\t\t<tr>\r\n\t\t\t\t\t<td>600 x 600<\/td>\r\n\t\t\t\t\t<td>\u25a0<\/td>\r\n\t\t\t\t\t<td>\u25a1<\/td>\r\n\t\t\t\t\t<td>\u25a1<\/td>\r\n\t\t\t\t\t<td><\/td>\r\n\t\t\t\t\t<td>\u25a0<\/td>\r\n\t\t\t\t\t<td>\u25a1<\/td>\r\n\t\t\t\t\t<td>\u25a1<\/td>\r\n\t\t\t\t\t<td>\u25a1<\/td>\r\n\t\t\t\t<\/tr>\r\n\t\t\t<\/tbody>\r\n\t\t<\/table>\r\n\t<\/div>\r\n\r\n\t<div class=\"column col-4\">\r\n\t\t<a href=\"https:\/\/www.elha.de\/wp-content\/uploads\/vtm-arbeitseinheit.jpg\" class=\"lightbox elha-image-lightbox\">\r\n\t\t\t\r\n\t\t\t\r\n\t\t\t\t<img decoding=\"async\" src=\"https:\/\/www.elha.de\/wp-content\/uploads\/vtm-working-unit.gif\">\r\n\t\t\t\r\n\t\t<\/a>\r\n\t<\/div>\r\n<\/div>\r\n\r\n\r\n\r\n<h2>Processi e unit\u00e0 di attacco<\/h2>\r\n\r\n<div class=\"columns\">\r\n\t<div class=\"column col-3 col-sm-6\">\r\n\t\t<p class=\"mb-1 text-size5\">Trasformazione<\/p>\r\n\t\t<a href=\"https:\/\/www.elha.de\/wp-content\/uploads\/vtm-drehrevolver.jpg\" class=\"lightbox elha-image-lightbox\"><img decoding=\"async\" src=\"https:\/\/www.elha.de\/wp-content\/uploads\/vtm-drehrevolver.jpg\" alt=\"Testa - Ruota\"><\/a>\r\n\t<\/div>\r\n\r\n\t<div class=\"column col-3 col-sm-6\">\r\n\t\t<p class=\"mb-1 text-size5\">Foratura e filettatura<\/p>\r\n\t\t<a href=\"https:\/\/www.elha.de\/wp-content\/uploads\/vtm-vertikalkopf.jpg\" class=\"lightbox elha-image-lightbox\"><img decoding=\"async\" src=\"https:\/\/www.elha.de\/wp-content\/uploads\/vtm-vertikalkopf.jpg\" alt=\"Testa - Foratura e maschiatura\"><\/a>\r\n\t<\/div>\r\n\r\n\t<div class=\"column col-3 col-sm-6\">\r\n\t\t<p class=\"mb-1 text-size5\">Fresatura | Taglio di ingranaggi<\/p>\r\n\t\t<a href=\"https:\/\/www.elha.de\/wp-content\/uploads\/vtm-schraegachsenkopf.jpg\" class=\"lightbox elha-image-lightbox\"><img decoding=\"async\" src=\"https:\/\/www.elha.de\/wp-content\/uploads\/vtm-schraegachsenkopf.jpg\" alt=\"Testa - Fresatura | Taglio di ingranaggi\"><\/a>\r\n\t<\/div>\r\n\r\n\t<div class=\"column col-3 col-sm-6\">\r\n\t\t<p class=\"mb-1 text-size5\">Anelli<\/p>\r\n\t\t<a href=\"https:\/\/www.elha.de\/wp-content\/uploads\/vtm-schleifkopf.jpg\" class=\"lightbox elha-image-lightbox\"><img decoding=\"async\" src=\"https:\/\/www.elha.de\/wp-content\/uploads\/vtm-schleifkopf.jpg\" alt=\"Testa - Rettifica\"><\/a>\r\n\t<\/div>\r\n<\/div>\r\n\r\n\r\n\r\n<h2>Magazzini per utensili e accessori<\/h2>\r\n\r\n<p>Oltre ai sistemi di magazzino standard per utensili e unit\u00e0 di attacco, ELHA offre anche soluzioni personalizzate per le vostre esigenze di produzione in un'ampia gamma di dimensioni. \u00c8 inoltre disponibile un'ampia gamma di unit\u00e0 di aggancio compatibili per un'ampia variet\u00e0 di applicazioni.<\/p>\r\n\r\n<div class=\"columns\">\r\n\t<div class=\"column col-6 col-md-12\">\r\n\t\t<a href=\"https:\/\/www.elha.de\/wp-content\/uploads\/tool-arena-roboter.jpg\" class=\"lightbox elha-image-lightbox\"><img decoding=\"async\" src=\"https:\/\/www.elha.de\/wp-content\/uploads\/tool-arena-roboter-460x307.jpg\" alt=\"Arena utensili con robot di cambio utensili\"><\/a>\r\n\t\t<p>Arena utensili con robot di cambio utensili<\/p>\r\n\t<\/div>\r\n\r\n\t<div class=\"column col-6 col-md-12\">\r\n\t\t<a href=\"https:\/\/www.elha.de\/wp-content\/uploads\/vtm-standardmagazin.jpg\" class=\"lightbox elha-image-lightbox border\"><img decoding=\"async\" src=\"https:\/\/www.elha.de\/wp-content\/uploads\/vtm-standardmagazin-460x307.jpg\" alt=\"ELHA Caricatore standard\"><\/a>\r\n\t\t<p>ELHA Caricatore standard<\/p>\r\n\t<\/div>\r\n<\/div>\r\n\r\n\r\n\r\n<div class=\"clearfix\">\r\n\t<a href=\"https:\/\/www.elha.de\/it\/macchine\/centri-di-fresatura-verticale-per-la-tornitura\/punti-salienti\/\" class=\"btn\">&lt; pagina precedente<\/a>\r\n\t<a href=\"https:\/\/www.elha.de\/it\/macchine\/centri-di-fresatura-verticale-per-la-tornitura\/elha-sdd-segmento-azionamento-diretto\/\" class=\"btn float-right\">pagina successiva &gt;<\/a>\r\n<\/div>","protected":false},"excerpt":{"rendered":"<p>\tIl sistema modulare VTM consente di configurare le macchine come centri di tornitura\/fresatura multifunzionali per una lavorazione completa ed economica in una gamma di diametri delle tavole compresa tra 2.500 e 8.000 mm e altezze dei componenti fino a<\/p>","protected":false},"author":1,"featured_media":4714,"parent":1647,"menu_order":2,"comment_status":"closed","ping_status":"closed","template":"","meta":{"footnotes":""},"class_list":["post-4688","page","type-page","status-publish","has-post-thumbnail","hentry"],"blocksy_meta":{"styles_descriptor":{"styles":{"desktop":"","tablet":"","mobile":""},"google_fonts":[],"version":6}},"_links":{"self":[{"href":"https:\/\/www.elha.de\/it\/wp-json\/wp\/v2\/pages\/4688","targetHints":{"allow":["GET"]}}],"collection":[{"href":"https:\/\/www.elha.de\/it\/wp-json\/wp\/v2\/pages"}],"about":[{"href":"https:\/\/www.elha.de\/it\/wp-json\/wp\/v2\/types\/page"}],"author":[{"embeddable":true,"href":"https:\/\/www.elha.de\/it\/wp-json\/wp\/v2\/users\/1"}],"replies":[{"embeddable":true,"href":"https:\/\/www.elha.de\/it\/wp-json\/wp\/v2\/comments?post=4688"}],"version-history":[{"count":0,"href":"https:\/\/www.elha.de\/it\/wp-json\/wp\/v2\/pages\/4688\/revisions"}],"up":[{"embeddable":true,"href":"https:\/\/www.elha.de\/it\/wp-json\/wp\/v2\/pages\/1647"}],"wp:featuredmedia":[{"embeddable":true,"href":"https:\/\/www.elha.de\/it\/wp-json\/wp\/v2\/media\/4714"}],"wp:attachment":[{"href":"https:\/\/www.elha.de\/it\/wp-json\/wp\/v2\/media?parent=4688"}],"curies":[{"name":"wp","href":"https:\/\/api.w.org\/{rel}","templated":true}]}}