{"id":4691,"date":"2016-06-18T20:16:48","date_gmt":"2016-06-18T18:16:48","guid":{"rendered":"https:\/\/www.elha.de\/?page_id=4691"},"modified":"2025-03-27T13:33:53","modified_gmt":"2025-03-27T12:33:53","slug":"elha-sdd-segmento-azionamento-diretto","status":"publish","type":"page","link":"https:\/\/www.elha.de\/it\/maschinen\/vertikale-dreh-fraeszentren\/elha-sdd-segment-direct-drive\/","title":{"rendered":"ELHA SDD - Segmento ad azionamento diretto"},"content":{"rendered":"<div class=\"elha-youtube-lightbox\"><a href=\"https:\/\/www.youtube-nocookie.com\/embed\/_WZ7gorxb6A\" class=\"lightbox\" rel=\"nofollow noopener\" target=\"_blank\"><img decoding=\"async\" src=\"https:\/\/www.elha.de\/wp-content\/uploads\/sdd-video-vorschau.jpg\" alt=\"\"><\/a><span>Accettare la trasmissione dei dati a YouTube e riprodurre il video. <a href=\"https:\/\/www.elha.de\/it\/dichiarazione-sulla-protezione-dei-dati\/\">Informativa sulla privacy<\/a><\/span><\/div>\r\n\r\n\r\n\r\n\r\n<p class=\"mt-4\">L'azionamento della tavola costituisce il fulcro di una macchina verticale multitasking e le sue prestazioni in termini di precisione di lavorazione e dinamica sono decisive per le qualit\u00e0 dei pezzi ottenibili e l'efficienza economica della macchina. La ELHA stabilisce nuovi standard in questo senso con l'azionamento diretto della tavola rotante brevettato SDD (Segment Direct Drive) con le seguenti caratteristiche:<\/p>\r\n\r\n<div class=\"columns\">\r\n\t<div class=\"column col-4 col-md-12\">\r\n\t\t<ul>\r\n\t\t\t<li>Dinamica eccezionale: fattore di scuotimento significativamente maggiore (&gt;100) rispetto agli azionamenti convenzionali<\/li>\r\n\t\t\t<li>Precisione di posizionamento estremamente elevata, &lt;1\u2033.<\/li>\r\n\t\t\t<li>Eccellenti propriet\u00e0 di interpolazione (trasmissione, doppia trasmissione)<\/li>\r\n\t\t\t<li>Qualit\u00e0 di lavorazione ottimale, poich\u00e9 le frequenze di ingranamento dei denti non influiscono.<\/li>\r\n\t\t\t<li>Emissione di rumore molto bassa<\/li>\r\n\t\t<\/ul>\r\n\t<\/div>\r\n\r\n\t<div class=\"column col-4 col-md-12\">\r\n\t\t<ul>\r\n\t\t\t<li>Potenza, coppia e velocit\u00e0 sono liberamente scalabili utilizzando componenti standard<\/li>\r\n\t\t\t<li>Concentricit\u00e0 ottimale grazie all'eliminazione delle forze radiali di azionamento e dei cuscinetti radiali idrostatici<\/li>\r\n\t\t\t<li>Nessun componente meccanico soggetto a usura: propriet\u00e0 di posizionamento e interpolazione stabili a lungo termine<\/li>\r\n\t\t<\/ul>\r\n\t<\/div>\r\n\r\n\t<div class=\"column col-4 col-md-12\">\r\n\t\t<ul>\r\n\t\t\t<li>Il funzionamento \u00e8 ancora possibile se i singoli segmenti del motore si guastano<\/li>\r\n\t\t\t<li>Eccellente controllo della temperatura termosimmetrica dell'intera base del tavolo per ridurre al minimo le deformazioni<\/li>\r\n\t\t\t<li> Le perdite termiche possono essere sfruttate secondo il principio della pompa di calore<\/li>\r\n\t\t<\/ul>\r\n\t<\/div>\r\n<\/div>\r\n\r\n\r\n\r\n<div class=\"columns\">\r\n\t<div class=\"column col-8 col-md-12\">\r\n\t\t<a href=\"https:\/\/www.elha.de\/wp-content\/uploads\/segment-direct-drive-rundtisch.jpg\" class=\"lightbox elha-image-lightbox\"><img decoding=\"async\" src=\"https:\/\/www.elha.de\/wp-content\/uploads\/segment-direct-drive-rundtisch.jpg\" alt=\"Tabella VTM\"><\/a>\r\n\t<\/div>\r\n\r\n\t<div class=\"column col-4 col-md-6\">\r\n\t\t\r\n\t\t\r\n\t\t\t<a href=\"https:\/\/www.elha.de\/wp-content\/uploads\/sdd-segmented-direct-drive-graph.png\" class=\"lightbox elha-image-lightbox\"><img decoding=\"async\" src=\"https:\/\/www.elha.de\/wp-content\/uploads\/sdd-segmented-direct-drive-graph.png\" alt=\"Diagramma - ELHA SDD\"><\/a>\r\n\t\t\r\n\t<\/div>\r\n<\/div>\r\n\r\n\r\n\r\n<h2>Giradischi ELHA SDD come set retrofit<\/h2>\r\n<p>\r\n\tGrazie alle propriet\u00e0 modulari del VTM, la tavola rotante ELHA SDD pu\u00f2 essere utilizzata anche come unit\u00e0 indipendente, ad esempio nell'ambito di retrofit o revisioni di macchine esistenti. Ci\u00f2 vi offre l'opportunit\u00e0 di utilizzare le eccezionali propriet\u00e0 di precisione, dinamiche e tecnologiche di questa tavola rotante nei vostri macchinari esistenti per ottenere significativi vantaggi in termini di qualit\u00e0 e produttivit\u00e0.\r\n<\/p>\r\n\r\n\r\n\r\n<h2>Cuscinetti e guide idrostatiche<\/h2>\r\n<div class=\"columns\">\r\n\t<div class=\"column col-6 col-md-12\">\r\n\t\t<img decoding=\"async\" src=\"https:\/\/www.elha.de\/wp-content\/uploads\/rundtisch-radiallager-460x307.jpg\" alt=\"Cuscinetto radiale della tavola rotante\">\r\n\t\t<p>Cuscinetto radiale della tavola rotante<\/p>\r\n\t<\/div>\r\n\r\n\t<div class=\"column col-6 col-md-12\">\r\n\t\t<img decoding=\"async\" src=\"https:\/\/www.elha.de\/wp-content\/uploads\/rundtisch-axiallager-460x307.jpg\" alt=\"Cuscinetto reggispinta della tavola rotante\">\r\n\t\t<p>Cuscinetto reggispinta della tavola rotante<\/p>\r\n\t<\/div>\r\n<\/div>\r\n\r\n\r\n\r\n<div class=\"clearfix\">\r\n\t<a href=\"https:\/\/www.elha.de\/it\/macchine\/centri-di-fresatura-verticale-per-la-tornitura\/sistema-modulare\/\" class=\"btn\">&lt; pagina precedente<\/a>\r\n\t<a href=\"https:\/\/www.elha.de\/it\/macchine\/centri-di-fresatura-verticale-per-la-tornitura\/5-lati-lavorazione-simultanea-a-5-assi\/\" class=\"btn float-right\">pagina successiva &gt;<\/a>\r\n<\/div>","protected":false},"excerpt":{"rendered":"<p>L'azionamento della tavola costituisce il fulcro di una macchina verticale multitasking e, con le sue prestazioni in termini di precisione di lavorazione e dinamica, \u00e8 decisivo per la qualit\u00e0 del pezzo ottenibile e l'economicit\u00e0 della macchina.<\/p>","protected":false},"author":1,"featured_media":4723,"parent":1647,"menu_order":3,"comment_status":"closed","ping_status":"closed","template":"","meta":{"footnotes":""},"class_list":["post-4691","page","type-page","status-publish","has-post-thumbnail","hentry"],"blocksy_meta":{"styles_descriptor":{"styles":{"desktop":"","tablet":"","mobile":""},"google_fonts":[],"version":6},"page_title_panel":"","has_hero_section":"default","c5766ddfacde69e730970977ca61f8c4":"","hero_section":"type-1","hero_elements":[{"id":"custom_title","enabled":true,"heading_tag":"h1","title":"Pagina iniziale"},{"id":"custom_description","enabled":true,"description_visibility":{"desktop":true,"tablet":true,"mobile":false}},{"id":"custom_meta","enabled":false,"meta_elements":[{"id":"author","enabled":true,"label":"Von","has_author_avatar":"yes","avatar_size":25},{"id":"post_date","enabled":true,"label":"Am","date_format_source":"default","date_format":"M j, Y"},{"id":"updated_date","enabled":false,"label":"Am","date_format_source":"default","date_format":"M j, Y"},{"id":"categories","enabled":false,"label":"In","style":"simple"},{"id":"comments","enabled":true}],"page_meta_elements":{"joined":true,"articles_count":true,"comments":true}},{"id":"breadcrumbs","enabled":false}],"d9071d5d3e61a4dc4b0f03a848658b08":"","hero_alignment1":"CT_CSS_SKIP_RULE","hero_margin":40,"hero_alignment2":"center","hero_vertical_alignment":"center","d0514da81e790f6de8e53c7e3673b5c6":"","hero_structure":"narrow","8a948fea95dda184c33964bce6a5c543":"","page_title_bg_type":"featured_image","custom_hero_background":{"attachment_id":null},"parallax":{"desktop":false,"tablet":false,"mobile":false},"e69753d9942f36b766cd3f108e087e93":"","hero_height":"250px","pageTitleFont":{"family":"Default","variation":"Default","size":{"desktop":"32px","tablet":"30px","mobile":"25px"},"line-height":"CT_CSS_SKIP_RULE","letter-spacing":"CT_CSS_SKIP_RULE","text-transform":"CT_CSS_SKIP_RULE","text-decoration":"CT_CSS_SKIP_RULE"},"pageTitleFontColor":{"default":{"color":"CT_CSS_SKIP_RULEDEFAULT"}},"pageMetaFont":{"family":"Default","variation":"n6","size":"12px","line-height":"1.3","letter-spacing":"CT_CSS_SKIP_RULE","text-transform":"uppercase","text-decoration":"CT_CSS_SKIP_RULE"},"pageMetaFontColor":{"default":{"color":"CT_CSS_SKIP_RULEDEFAULT"},"hover":{"color":"CT_CSS_SKIP_RULEDEFAULT"}},"page_meta_button_type_font_colors":{"default":{"color":"CT_CSS_SKIP_RULEDEFAULT"},"hover":{"color":"CT_CSS_SKIP_RULEDEFAULT"}},"page_meta_button_type_background_colors":{"default":{"color":"CT_CSS_SKIP_RULEDEFAULT"},"hover":{"color":"CT_CSS_SKIP_RULEDEFAULT"}},"pageExcerptFont":{"family":"Default","variation":"Default","size":"CT_CSS_SKIP_RULE","line-height":"CT_CSS_SKIP_RULE","letter-spacing":"CT_CSS_SKIP_RULE","text-transform":"CT_CSS_SKIP_RULE","text-decoration":"CT_CSS_SKIP_RULE"},"pageExcerptColor":{"default":{"color":"CT_CSS_SKIP_RULEDEFAULT"}},"breadcrumbsFont":{"family":"Default","variation":"Default","size":"CT_CSS_SKIP_RULE","line-height":"CT_CSS_SKIP_RULE","letter-spacing":"CT_CSS_SKIP_RULE","text-transform":"CT_CSS_SKIP_RULE","text-decoration":"CT_CSS_SKIP_RULE"},"breadcrumbsFontColor":{"default":{"color":"CT_CSS_SKIP_RULEDEFAULT"},"initial":{"color":"CT_CSS_SKIP_RULEDEFAULT"},"hover":{"color":"CT_CSS_SKIP_RULEDEFAULT"}},"pageTitleOverlay":{"default":{"color":"CT_CSS_SKIP_RULE"}},"pageTitleBackground":{"background_type":"color","background_pattern":"type-1","background_image":{"attachment_id":null,"x":0,"y":0},"gradient":"linear-gradient(135deg,rgba(6,147,227,1) 0%,rgb(155,81,224) 100%)","background_repeat":"no-repeat","background_size":"auto","background_attachment":"scroll","patternColor":{"default":{"color":"#e5e7ea"}},"overlayColor":{"default":{"color":"CT_CSS_SKIP_RULE"}},"backgroundColor":{"default":{"color":"var(--theme-palette-color-6)"}}},"pageTitlePadding":{"top":"50px","bottom":"50px","left":"auto","right":"auto","linked":true},"c9c34be8adb5e1a5e8e697639d7c80aa":"","page_structure_type":"default","cbeb301a0540a2228ec2de4984e70e1c":"","content_style_source":"inherit","content_style":"wide","vertical_spacing_source":"inherit","content_area_spacing":"both","background":{"background_type":"color","background_pattern":"type-1","background_image":{"attachment_id":null,"x":0,"y":0},"gradient":"linear-gradient(135deg,rgba(6,147,227,1) 0%,rgb(155,81,224) 100%)","background_repeat":"no-repeat","background_size":"auto","background_attachment":"scroll","patternColor":{"default":{"color":"#e5e7ea"}},"overlayColor":{"default":{"color":"CT_CSS_SKIP_RULE"}},"backgroundColor":{"default":{"color":"CT_CSS_SKIP_RULE"}}},"content_background":{"background_type":"color","background_pattern":"type-1","background_image":{"attachment_id":null,"x":0,"y":0},"gradient":"linear-gradient(135deg,rgba(6,147,227,1) 0%,rgb(155,81,224) 100%)","background_repeat":"no-repeat","background_size":"auto","background_attachment":"scroll","patternColor":{"default":{"color":"#e5e7ea"}},"overlayColor":{"default":{"color":"CT_CSS_SKIP_RULE"}},"backgroundColor":{"default":{"color":"var(--theme-palette-color-8)"}}},"content_boxed_shadow":{"inherit":false,"blur":18,"spread":-6,"v_offset":12,"h_offset":0,"inset":false,"enable":true,"color":{"color":"rgba(34, 56, 101, 0.04)"}},"boxed_content_spacing":{"desktop":{"top":"40px","bottom":"40px","left":"40px","right":"40px","linked":true},"tablet":{"top":"35px","bottom":"35px","left":"35px","right":"35px","linked":true},"mobile":{"top":"20px","bottom":"20px","left":"20px","right":"20px","linked":true}},"content_boxed_radius":{"top":"3px","bottom":"3px","left":"3px","right":"3px","linked":true},"0cf2274f296c041e454f91da5b11e22f":"","disable_featured_image":"yes","disable_header":"no","disable_footer":"no"},"_links":{"self":[{"href":"https:\/\/www.elha.de\/it\/wp-json\/wp\/v2\/pages\/4691","targetHints":{"allow":["GET"]}}],"collection":[{"href":"https:\/\/www.elha.de\/it\/wp-json\/wp\/v2\/pages"}],"about":[{"href":"https:\/\/www.elha.de\/it\/wp-json\/wp\/v2\/types\/page"}],"author":[{"embeddable":true,"href":"https:\/\/www.elha.de\/it\/wp-json\/wp\/v2\/users\/1"}],"replies":[{"embeddable":true,"href":"https:\/\/www.elha.de\/it\/wp-json\/wp\/v2\/comments?post=4691"}],"version-history":[{"count":0,"href":"https:\/\/www.elha.de\/it\/wp-json\/wp\/v2\/pages\/4691\/revisions"}],"up":[{"embeddable":true,"href":"https:\/\/www.elha.de\/it\/wp-json\/wp\/v2\/pages\/1647"}],"wp:featuredmedia":[{"embeddable":true,"href":"https:\/\/www.elha.de\/it\/wp-json\/wp\/v2\/media\/4723"}],"wp:attachment":[{"href":"https:\/\/www.elha.de\/it\/wp-json\/wp\/v2\/media?parent=4691"}],"curies":[{"name":"wp","href":"https:\/\/api.w.org\/{rel}","templated":true}]}}